{"id":2040,"date":"2024-05-16T17:38:14","date_gmt":"2024-05-16T09:38:14","guid":{"rendered":"https:\/\/purecook.com\/?post_type=product&#038;p=2040"},"modified":"2025-11-24T15:39:18","modified_gmt":"2025-11-24T07:39:18","slug":"wholesale-hot-dog-pan","status":"publish","type":"product","link":"https:\/\/www.purecook.com\/pt\/product\/wholesale-hot-dog-pan\/","title":{"rendered":"Panela para cachorro-quente de a\u00e7o inoxid\u00e1vel de qualidade alimentar por atacado Adequado para fazer comida DIY"},"content":{"rendered":"<div class=\"wp-block-columns is-layout-flex wp-container-core-columns-is-layout-9d6595d7 wp-block-columns-is-layout-flex\">\n<div class=\"wp-block-column is-layout-flow wp-block-column-is-layout-flow\">\n<h3 class=\"wp-block-heading\">Par\u00e2metros da frigideira para cachorro-quente<\/h3>\n\n\n\n<p>Modelo: Panela de cachorro-quente<br>Material: a\u00e7o inoxid\u00e1vel (SUS#304)<br>Tamanho do produto: 19\u00d711 cm <br>Tamanho da embalagem: 19,5\u00d711,5\u00d73,5 cm<br>Acabamento: Mate<br>Peso: 154g\/pcs<br>Embalagem: caixa de cor<br>MOQ: 120 pcs<\/p>\n<\/div>\n\n\n\n<div class=\"wp-block-column is-layout-flow wp-block-column-is-layout-flow\">\n<h3 class=\"wp-block-heading\">Bandeja de cachorro-quente personalizada<\/h3>\n\n\n\n<p>Log\u00f3tipo: personalizar o log\u00f3tipo da sua marca.<br><strong><a href=\"https:\/\/www.purecook.com\/pt\/custom-solution\/\" target=\"_blank\" rel=\"noreferrer noopener\">Solu\u00e7\u00f5es personalizadas OEM e ODM<\/a><\/strong><\/p>\n<\/div>\n<\/div>\n\n\n\n<div class=\"wp-block-columns is-layout-flex wp-container-core-columns-is-layout-9d6595d7 wp-block-columns-is-layout-flex\">\n<div class=\"wp-block-column is-layout-flow wp-block-column-is-layout-flow\">\n<figure class=\"wp-block-image size-full\"><img decoding=\"async\" width=\"800\" height=\"800\" src=\"https:\/\/purecook.com\/wp-content\/uploads\/2024\/05\/wholesale-hot-dog-pan-5.webp\" alt=\"panela de cachorro-quente por atacado\" class=\"wp-image-2045\" srcset=\"https:\/\/www.purecook.com\/wp-content\/uploads\/2024\/05\/wholesale-hot-dog-pan-5.webp 800w, https:\/\/www.purecook.com\/wp-content\/uploads\/2024\/05\/wholesale-hot-dog-pan-5-300x300.webp 300w, https:\/\/www.purecook.com\/wp-content\/uploads\/2024\/05\/wholesale-hot-dog-pan-5-150x150.webp 150w, https:\/\/www.purecook.com\/wp-content\/uploads\/2024\/05\/wholesale-hot-dog-pan-5-768x768.webp 768w, https:\/\/www.purecook.com\/wp-content\/uploads\/2024\/05\/wholesale-hot-dog-pan-5-600x600.webp 600w, https:\/\/www.purecook.com\/wp-content\/uploads\/2024\/05\/wholesale-hot-dog-pan-5-100x100.webp 100w\" sizes=\"(max-width: 800px) 100vw, 800px\" \/><\/figure>\n<\/div>\n\n\n\n<div class=\"wp-block-column is-layout-flow wp-block-column-is-layout-flow\">\n<figure class=\"wp-block-image size-full\"><img decoding=\"async\" width=\"800\" height=\"800\" src=\"https:\/\/purecook.com\/wp-content\/uploads\/2024\/05\/wholesale-hot-dog-pan-2.webp\" alt=\"panela de cachorro-quente por atacado\" class=\"wp-image-2042\" srcset=\"https:\/\/www.purecook.com\/wp-content\/uploads\/2024\/05\/wholesale-hot-dog-pan-2.webp 800w, https:\/\/www.purecook.com\/wp-content\/uploads\/2024\/05\/wholesale-hot-dog-pan-2-300x300.webp 300w, https:\/\/www.purecook.com\/wp-content\/uploads\/2024\/05\/wholesale-hot-dog-pan-2-150x150.webp 150w, https:\/\/www.purecook.com\/wp-content\/uploads\/2024\/05\/wholesale-hot-dog-pan-2-768x768.webp 768w, https:\/\/www.purecook.com\/wp-content\/uploads\/2024\/05\/wholesale-hot-dog-pan-2-600x600.webp 600w, https:\/\/www.purecook.com\/wp-content\/uploads\/2024\/05\/wholesale-hot-dog-pan-2-100x100.webp 100w\" sizes=\"(max-width: 800px) 100vw, 800px\" \/><\/figure>\n<\/div>\n<\/div>","protected":false},"excerpt":{"rendered":"<p>Esta panela de cachorro-quente para uso dom\u00e9stico \u00e9 feita de a\u00e7o inoxid\u00e1vel de qualidade alimentar e \u00e9 adequada para fazer bolos e cachorros-quentes ao vapor. O design de camada dupla facilita o encaixe da tampa e do fundo para facilitar a modela\u00e7\u00e3o dos alimentos.<\/p>\n<h2>Carater\u00edsticas e vantagens da frigideira para cachorros-quentes<\/h2>\n<p>Material de alta qualidade: Feito de a\u00e7o inoxid\u00e1vel de alta qualidade, dur\u00e1vel e resistente \u00e0 corros\u00e3o.<\/p>\n<p>Design de camada dupla: A assadeira adopta um design de camada dupla e as partes superior e inferior s\u00e3o mais f\u00e1ceis de encaixar, o que \u00e9 ben\u00e9fico para a modela\u00e7\u00e3o dos alimentos e melhora a efici\u00eancia da produ\u00e7\u00e3o.<\/p>\n<p>Utiliza\u00e7\u00e3o multifuncional: adequada para cozer bolos, cachorros-quentes e outros alimentos.<\/p>\n<p>F\u00e1cil de utilizar: A parede interior \u00e9 polida e os alimentos n\u00e3o se partem quando saem do molde, o que facilita a sua utiliza\u00e7\u00e3o.<\/p>","protected":false},"featured_media":2044,"comment_status":"closed","ping_status":"closed","template":"","meta":{"_acf_changed":false},"product_brand":[],"product_cat":[27,107],"product_tag":[],"class_list":{"0":"post-2040","1":"product","2":"type-product","3":"status-publish","4":"has-post-thumbnail","6":"product_cat-bakeware","7":"product_cat-baking-sheet","9":"first","10":"instock","11":"shipping-taxable","12":"product-type-simple"},"acf":[],"_links":{"self":[{"href":"https:\/\/www.purecook.com\/pt\/wp-json\/wp\/v2\/product\/2040","targetHints":{"allow":["GET"]}}],"collection":[{"href":"https:\/\/www.purecook.com\/pt\/wp-json\/wp\/v2\/product"}],"about":[{"href":"https:\/\/www.purecook.com\/pt\/wp-json\/wp\/v2\/types\/product"}],"replies":[{"embeddable":true,"href":"https:\/\/www.purecook.com\/pt\/wp-json\/wp\/v2\/comments?post=2040"}],"wp:featuredmedia":[{"embeddable":true,"href":"https:\/\/www.purecook.com\/pt\/wp-json\/wp\/v2\/media\/2044"}],"wp:attachment":[{"href":"https:\/\/www.purecook.com\/pt\/wp-json\/wp\/v2\/media?parent=2040"}],"wp:term":[{"taxonomy":"product_brand","embeddable":true,"href":"https:\/\/www.purecook.com\/pt\/wp-json\/wp\/v2\/product_brand?post=2040"},{"taxonomy":"product_cat","embeddable":true,"href":"https:\/\/www.purecook.com\/pt\/wp-json\/wp\/v2\/product_cat?post=2040"},{"taxonomy":"product_tag","embeddable":true,"href":"https:\/\/www.purecook.com\/pt\/wp-json\/wp\/v2\/product_tag?post=2040"}],"curies":[{"name":"wp","href":"https:\/\/api.w.org\/{rel}","templated":true}]}}