{"id":2047,"date":"2024-05-16T21:46:07","date_gmt":"2024-05-16T13:46:07","guid":{"rendered":"https:\/\/purecook.com\/?post_type=product&#038;p=2047"},"modified":"2026-03-12T09:39:21","modified_gmt":"2026-03-12T01:39:21","slug":"wholesale-baking-pan","status":"publish","type":"product","link":"https:\/\/www.purecook.com\/pt\/product\/wholesale-baking-pan\/","title":{"rendered":"Assadeiras, Formas de Cozimento Uso Atacadista para Fog\u00e3o a G\u00e1s e de Indu\u00e7\u00e3o"},"content":{"rendered":"<div class=\"wp-block-columns is-layout-flex wp-container-core-columns-is-layout-9d6595d7 wp-block-columns-is-layout-flex\">\n<div class=\"wp-block-column is-layout-flow wp-block-column-is-layout-flow\">\n<h3 class=\"wp-block-heading\">Par\u00e2metros dos tabuleiros<\/h3>\n\n\n\n<p><strong>Nome do modelo:Assadeira de a\u00e7o de tr\u00eas camadas<\/strong><br>Utilizar o fog\u00e3o: Universal<br>Interior: Sem revestimento<br>Material: A\u00e7o de camada tripla (SUS304+ ALU+SUS430)<br>Tamanho: 45\u00d724,5\u00d75,5cm<br>Cor: cor de a\u00e7o<br>Capacidade: 5L<br>Peso: 3,0kg\/pcs<br>Espessura: 2,0 mm<br>Embalagem: Caixa de cor + Caixa de cart\u00e3o<br>MOQ: 500 pcs<\/p>\n<\/div>\n\n\n\n<div class=\"wp-block-column is-layout-flow wp-block-column-is-layout-flow\">\n<h3 class=\"wp-block-heading\">Formas personalizadas<\/h3>\n\n\n\n<p>Log\u00f3tipo: personalizar o log\u00f3tipo da sua marca<br>embalagem: caixa de cor\/caixa de cart\u00e3o, etc<br>Padr\u00e3o: Personalize o seu padr\u00e3o<br><strong><a href=\"https:\/\/www.purecook.com\/pt\/custom-solution\/\" target=\"_blank\" rel=\"noreferrer noopener\">Solu\u00e7\u00f5es personalizadas OEM e ODM<\/a><\/strong><\/p>\n<\/div>\n<\/div>\n\n\n\n<div class=\"wp-block-columns is-layout-flex wp-container-core-columns-is-layout-9d6595d7 wp-block-columns-is-layout-flex\">\n<div class=\"wp-block-column is-layout-flow wp-block-column-is-layout-flow\">\n<figure class=\"wp-block-image size-full\"><img decoding=\"async\" width=\"800\" height=\"800\" src=\"https:\/\/purecook.com\/wp-content\/uploads\/2024\/05\/custom-baking-pans-wholesale-5.webp\" alt=\"formas personalizadas por atacado\" class=\"wp-image-2052\" srcset=\"https:\/\/www.purecook.com\/wp-content\/uploads\/2024\/05\/custom-baking-pans-wholesale-5.webp 800w, https:\/\/www.purecook.com\/wp-content\/uploads\/2024\/05\/custom-baking-pans-wholesale-5-300x300.webp 300w, https:\/\/www.purecook.com\/wp-content\/uploads\/2024\/05\/custom-baking-pans-wholesale-5-150x150.webp 150w, https:\/\/www.purecook.com\/wp-content\/uploads\/2024\/05\/custom-baking-pans-wholesale-5-768x768.webp 768w, https:\/\/www.purecook.com\/wp-content\/uploads\/2024\/05\/custom-baking-pans-wholesale-5-600x600.webp 600w, https:\/\/www.purecook.com\/wp-content\/uploads\/2024\/05\/custom-baking-pans-wholesale-5-100x100.webp 100w\" sizes=\"(max-width: 800px) 100vw, 800px\" \/><\/figure>\n<\/div>\n\n\n\n<div class=\"wp-block-column is-layout-flow wp-block-column-is-layout-flow\">\n<figure class=\"wp-block-image size-full\"><img decoding=\"async\" width=\"800\" height=\"800\" src=\"https:\/\/purecook.com\/wp-content\/uploads\/2024\/05\/custom-baking-pans-wholesale-1.webp\" alt=\"formas personalizadas por atacado\" class=\"wp-image-2048\" srcset=\"https:\/\/www.purecook.com\/wp-content\/uploads\/2024\/05\/custom-baking-pans-wholesale-1.webp 800w, https:\/\/www.purecook.com\/wp-content\/uploads\/2024\/05\/custom-baking-pans-wholesale-1-300x300.webp 300w, https:\/\/www.purecook.com\/wp-content\/uploads\/2024\/05\/custom-baking-pans-wholesale-1-150x150.webp 150w, https:\/\/www.purecook.com\/wp-content\/uploads\/2024\/05\/custom-baking-pans-wholesale-1-768x768.webp 768w, https:\/\/www.purecook.com\/wp-content\/uploads\/2024\/05\/custom-baking-pans-wholesale-1-600x600.webp 600w, https:\/\/www.purecook.com\/wp-content\/uploads\/2024\/05\/custom-baking-pans-wholesale-1-100x100.webp 100w\" sizes=\"(max-width: 800px) 100vw, 800px\" \/><\/figure>\n<\/div>\n<\/div>","protected":false},"excerpt":{"rendered":"<p>A assadeira \u00e9 feita de a\u00e7o de tr\u00eas camadas de alta qualidade, que pode aquecer os alimentos de forma r\u00e1pida e uniforme. Al\u00e9m disso, tem as vantagens de durabilidade e resist\u00eancia \u00e0 corros\u00e3o, satisfazendo as necessidades das cozinhas dom\u00e9sticas e dos restaurantes comerciais profissionais.\u00a0<\/p>\n<h2>Carater\u00edsticas e vantagens da assadeira<\/h2>\n<p><strong>A\u00e7o inoxid\u00e1vel de alta qualidade<\/strong>: A panela \u00e9 feita de material multicamada (sus304+ alu+sus430) para garantir durabilidade, resist\u00eancia \u00e0 corros\u00e3o e excelente transfer\u00eancia de calor para um aquecimento r\u00e1pido e resultados de cozedura consistentes.<\/p>\n<p><strong>Pega refor\u00e7ada<\/strong>: A pega \u00e9 fixada com rebites para maior conforto e seguran\u00e7a, \u00e9 robusta e duradoura, n\u00e3o se solta facilmente.<\/p>\n<p><strong>Adequado para v\u00e1rios cen\u00e1rios<\/strong>: Esta chapa \u00e9 feita de tr\u00eas camadas de material espesso, perfeita para restaurantes e para uso dom\u00e9stico, ideal para cozinhar alimentos gourmet, quer esteja a desfrutar de uma refei\u00e7\u00e3o acolhedora em casa ou a cozinhar numa cozinha comercial, pode satisfazer as suas necessidades.<\/p>\n<p><strong>Grande capacidade<\/strong>: Com uma capacidade at\u00e9 5 l, este grelhador \u00e9 adequado para uma variedade de cen\u00e1rios de festas, desde interiores a parques de campismo ao ar livre, permitindo-lhe cozinhar a sua comida a qualquer hora, em qualquer lugar e de qualquer forma.<\/p>\n<p>\n<script src=\"chrome-extension:\/\/fpelahbljekknahkcaegamhcndkfpfnc\/iFrame.js\" type=\"text\/javascript\"><\/script><\/p>","protected":false},"featured_media":2048,"comment_status":"closed","ping_status":"closed","template":"","meta":{"_acf_changed":false},"product_brand":[],"product_cat":[27,106],"product_tag":[],"class_list":{"0":"post-2047","1":"product","2":"type-product","3":"status-publish","4":"has-post-thumbnail","6":"product_cat-bakeware","7":"product_cat-roasting-pan","9":"first","10":"instock","11":"shipping-taxable","12":"product-type-simple"},"acf":[],"_links":{"self":[{"href":"https:\/\/www.purecook.com\/pt\/wp-json\/wp\/v2\/product\/2047","targetHints":{"allow":["GET"]}}],"collection":[{"href":"https:\/\/www.purecook.com\/pt\/wp-json\/wp\/v2\/product"}],"about":[{"href":"https:\/\/www.purecook.com\/pt\/wp-json\/wp\/v2\/types\/product"}],"replies":[{"embeddable":true,"href":"https:\/\/www.purecook.com\/pt\/wp-json\/wp\/v2\/comments?post=2047"}],"wp:featuredmedia":[{"embeddable":true,"href":"https:\/\/www.purecook.com\/pt\/wp-json\/wp\/v2\/media\/2048"}],"wp:attachment":[{"href":"https:\/\/www.purecook.com\/pt\/wp-json\/wp\/v2\/media?parent=2047"}],"wp:term":[{"taxonomy":"product_brand","embeddable":true,"href":"https:\/\/www.purecook.com\/pt\/wp-json\/wp\/v2\/product_brand?post=2047"},{"taxonomy":"product_cat","embeddable":true,"href":"https:\/\/www.purecook.com\/pt\/wp-json\/wp\/v2\/product_cat?post=2047"},{"taxonomy":"product_tag","embeddable":true,"href":"https:\/\/www.purecook.com\/pt\/wp-json\/wp\/v2\/product_tag?post=2047"}],"curies":[{"name":"wp","href":"https:\/\/api.w.org\/{rel}","templated":true}]}}