{"id":2054,"date":"2024-05-16T23:23:35","date_gmt":"2024-05-16T15:23:35","guid":{"rendered":"https:\/\/purecook.com\/?post_type=product&#038;p=2054"},"modified":"2025-08-14T16:55:53","modified_gmt":"2025-08-14T08:55:53","slug":"wholesale-lunch-box-multi-compartment","status":"publish","type":"product","link":"https:\/\/www.purecook.com\/pt\/product\/wholesale-lunch-box-multi-compartment\/","title":{"rendered":"Lancheira personalizada por atacado com aspeto colorido e design com v\u00e1rios compartimentos"},"content":{"rendered":"<div class=\"wp-block-columns is-layout-flex wp-container-core-columns-is-layout-9d6595d7 wp-block-columns-is-layout-flex\">\n<div class=\"wp-block-column is-layout-flow wp-block-column-is-layout-flow\">\n<h3 class=\"wp-block-heading\">Par\u00e2metros da lancheira<\/h3>\n\n\n\n<p>N\u00famero do modelo: 6639 e 6641<br>Material: A\u00e7o inoxid\u00e1vel 304 + pp \/ colher: sus401 \/ pauzinhos: sus201<br>Cor: azul\/verde\/rosa<br>Especifica\u00e7\u00e3o: 1500ml\/2000ml<br>Tamanho da embalagem: 27,8\u00d77,8\u00d720,5cm \/ 31,8\u00d723,8\u00d78,3cm<br>Peso: 1kg\/pcs<br>MOQ: 1000pcs<\/p>\n<\/div>\n\n\n\n<div class=\"wp-block-column is-layout-flow wp-block-column-is-layout-flow\">\n<h3 class=\"wp-block-heading\">Lancheira personalizada<\/h3>\n\n\n\n<p>embalagem: caixa de cor\/caixa de cart\u00e3o, etc<br>MOQ: 1000 pcs<br><strong><a href=\"https:\/\/www.purecook.com\/pt\/custom-solution\/\" target=\"_blank\" rel=\"noreferrer noopener\">Solu\u00e7\u00f5es personalizadas OEM e ODM<\/a><\/strong><\/p>\n<\/div>\n<\/div>\n\n\n\n<div class=\"wp-block-columns is-layout-flex wp-container-core-columns-is-layout-9d6595d7 wp-block-columns-is-layout-flex\">\n<div class=\"wp-block-column is-layout-flow wp-block-column-is-layout-flow\">\n<figure class=\"wp-block-image size-full\"><img decoding=\"async\" width=\"800\" height=\"800\" src=\"https:\/\/purecook.com\/wp-content\/uploads\/2024\/05\/custom-lunch-box-wholesale-4.webp\" alt=\"lancheira personalizada por atacado\" class=\"wp-image-2058\" srcset=\"https:\/\/www.purecook.com\/wp-content\/uploads\/2024\/05\/custom-lunch-box-wholesale-4.webp 800w, https:\/\/www.purecook.com\/wp-content\/uploads\/2024\/05\/custom-lunch-box-wholesale-4-300x300.webp 300w, https:\/\/www.purecook.com\/wp-content\/uploads\/2024\/05\/custom-lunch-box-wholesale-4-150x150.webp 150w, https:\/\/www.purecook.com\/wp-content\/uploads\/2024\/05\/custom-lunch-box-wholesale-4-768x768.webp 768w, https:\/\/www.purecook.com\/wp-content\/uploads\/2024\/05\/custom-lunch-box-wholesale-4-600x600.webp 600w, https:\/\/www.purecook.com\/wp-content\/uploads\/2024\/05\/custom-lunch-box-wholesale-4-100x100.webp 100w\" sizes=\"(max-width: 800px) 100vw, 800px\" \/><\/figure>\n<\/div>\n\n\n\n<div class=\"wp-block-column is-layout-flow wp-block-column-is-layout-flow\">\n<figure class=\"wp-block-image size-full\"><img decoding=\"async\" width=\"800\" height=\"800\" src=\"https:\/\/purecook.com\/wp-content\/uploads\/2024\/05\/custom-lunch-box-wholesale-6.webp\" alt=\"lancheira personalizada por atacado\" class=\"wp-image-2060\" srcset=\"https:\/\/www.purecook.com\/wp-content\/uploads\/2024\/05\/custom-lunch-box-wholesale-6.webp 800w, https:\/\/www.purecook.com\/wp-content\/uploads\/2024\/05\/custom-lunch-box-wholesale-6-300x300.webp 300w, https:\/\/www.purecook.com\/wp-content\/uploads\/2024\/05\/custom-lunch-box-wholesale-6-150x150.webp 150w, https:\/\/www.purecook.com\/wp-content\/uploads\/2024\/05\/custom-lunch-box-wholesale-6-768x768.webp 768w, https:\/\/www.purecook.com\/wp-content\/uploads\/2024\/05\/custom-lunch-box-wholesale-6-600x600.webp 600w, https:\/\/www.purecook.com\/wp-content\/uploads\/2024\/05\/custom-lunch-box-wholesale-6-100x100.webp 100w\" sizes=\"(max-width: 800px) 100vw, 800px\" \/><\/figure>\n<\/div>\n<\/div>","protected":false},"excerpt":{"rendered":"<p>A lancheira \u00e9 feita de a\u00e7o inoxid\u00e1vel de alta qualidade de qualidade alimentar e de uma concha pp amiga do ambiente, sendo mais segura, saud\u00e1vel e higi\u00e9nica de utilizar. O design multi-compartimentos permite-lhe distribuir perfeitamente as suas refei\u00e7\u00f5es, e a parte superior e inferior est\u00e3o bem apertadas para que n\u00e3o tenha de se preocupar com fugas.<\/p>\n<h2>Carater\u00edsticas e vantagens da lancheira<\/h2>\n<p><strong>Design colorido<\/strong>: uma variedade de cores \u00e0 escolha para mostrar a sua personalidade.<\/p>\n<p><strong>Materiais de alta qualidade<\/strong>: Material de a\u00e7o inoxid\u00e1vel 304, anti-corros\u00e3o e ferrugem, prote\u00e7\u00e3o de grau alimentar\/concha pp ambiental, bom desempenho de isolamento.<\/p>\n<p><strong>V\u00e1rias cenas<\/strong>: aplic\u00e1vel a estudantes, trabalhadores de escrit\u00f3rio e outras pessoas, grande capacidade, sem preocupa\u00e7\u00f5es, a vida j\u00e1 n\u00e3o \u00e9 casual.<\/p>\n<p><strong>Design com v\u00e1rios compartimentos<\/strong>: v\u00e1rios compartimentos, os alimentos deliciosos j\u00e1 n\u00e3o se misturam, com uma caixa de sopa independente e selada, o arroz e a sopa s\u00e3o separados dos inc\u00f3modos.<\/p>\n<p><strong>Traga os seus pr\u00f3prios utens\u00edlios de mesa<\/strong>: talheres a condizer, um degrau, compartimento de arruma\u00e7\u00e3o independente<\/p>","protected":false},"featured_media":2057,"comment_status":"closed","ping_status":"closed","template":"","meta":{"_acf_changed":false},"product_brand":[],"product_cat":[102],"product_tag":[],"class_list":{"0":"post-2054","1":"product","2":"type-product","3":"status-publish","4":"has-post-thumbnail","6":"product_cat-lunch-boxes","8":"first","9":"instock","10":"shipping-taxable","11":"product-type-simple"},"acf":[],"_links":{"self":[{"href":"https:\/\/www.purecook.com\/pt\/wp-json\/wp\/v2\/product\/2054","targetHints":{"allow":["GET"]}}],"collection":[{"href":"https:\/\/www.purecook.com\/pt\/wp-json\/wp\/v2\/product"}],"about":[{"href":"https:\/\/www.purecook.com\/pt\/wp-json\/wp\/v2\/types\/product"}],"replies":[{"embeddable":true,"href":"https:\/\/www.purecook.com\/pt\/wp-json\/wp\/v2\/comments?post=2054"}],"wp:featuredmedia":[{"embeddable":true,"href":"https:\/\/www.purecook.com\/pt\/wp-json\/wp\/v2\/media\/2057"}],"wp:attachment":[{"href":"https:\/\/www.purecook.com\/pt\/wp-json\/wp\/v2\/media?parent=2054"}],"wp:term":[{"taxonomy":"product_brand","embeddable":true,"href":"https:\/\/www.purecook.com\/pt\/wp-json\/wp\/v2\/product_brand?post=2054"},{"taxonomy":"product_cat","embeddable":true,"href":"https:\/\/www.purecook.com\/pt\/wp-json\/wp\/v2\/product_cat?post=2054"},{"taxonomy":"product_tag","embeddable":true,"href":"https:\/\/www.purecook.com\/pt\/wp-json\/wp\/v2\/product_tag?post=2054"}],"curies":[{"name":"wp","href":"https:\/\/api.w.org\/{rel}","templated":true}]}}