{"id":2063,"date":"2024-05-17T08:47:50","date_gmt":"2024-05-17T00:47:50","guid":{"rendered":"https:\/\/purecook.com\/?post_type=product&#038;p=2063"},"modified":"2024-06-12T09:58:25","modified_gmt":"2024-06-12T01:58:25","slug":"wholesale-vintage-coffee-pot","status":"publish","type":"product","link":"https:\/\/www.purecook.com\/pt\/product\/wholesale-vintage-coffee-pot\/","title":{"rendered":"Cafeteira vintage de a\u00e7o inoxid\u00e1vel por grosso com pega de madeira de qualidade"},"content":{"rendered":"<div class=\"wp-block-columns is-layout-flex wp-container-core-columns-is-layout-9d6595d7 wp-block-columns-is-layout-flex\">\n<div class=\"wp-block-column is-layout-flow wp-block-column-is-layout-flow\">\n<h3 class=\"wp-block-heading\">Par\u00e2metros da cafeteira Vintage  <\/h3>\n\n\n\n<p>Modelo: b0csk4mdsz<br>Material: A\u00e7o inoxid\u00e1vel 304<br>Capacidade: 650ml<br>Peso bruto: 350g\/pcs<br>Tamanho: 60\u00d758\u00d745cm<br>Embalagem: caixa branca<br>Log\u00f3tipo personaliz\u00e1vel<br>Cor: vintage<br>MOQ: 240 pcs<\/p>\n<\/div>\n\n\n\n<div class=\"wp-block-column is-layout-flow wp-block-column-is-layout-flow\">\n<h3 class=\"wp-block-heading\">Cafeteira vintage personalizada  <\/h3>\n\n\n\n<p>Log\u00f3tipo: personalizar o log\u00f3tipo da sua marca<br>embalagem: caixa de cor\/caixa de cart\u00e3o, etc<br>Padr\u00e3o: Personalize o seu padr\u00e3o<br>MOQ: 2000 pcs<br><strong><a href=\"https:\/\/www.purecook.com\/pt\/custom-solution\/\" target=\"_blank\" rel=\"noreferrer noopener\">Solu\u00e7\u00f5es personalizadas OEM e ODM<\/a><\/strong><\/p>\n<\/div>\n<\/div>\n\n\n\n<div class=\"wp-block-columns is-layout-flex wp-container-core-columns-is-layout-9d6595d7 wp-block-columns-is-layout-flex\">\n<div class=\"wp-block-column is-layout-flow wp-block-column-is-layout-flow\">\n<figure class=\"wp-block-image size-full\"><img decoding=\"async\" width=\"800\" height=\"800\" src=\"https:\/\/purecook.com\/wp-content\/uploads\/2024\/05\/wholesale-vintage-coffee-pot-3.webp\" alt=\"cafeteira vintage por atacado\" class=\"wp-image-2066\" srcset=\"https:\/\/www.purecook.com\/wp-content\/uploads\/2024\/05\/wholesale-vintage-coffee-pot-3.webp 800w, https:\/\/www.purecook.com\/wp-content\/uploads\/2024\/05\/wholesale-vintage-coffee-pot-3-300x300.webp 300w, https:\/\/www.purecook.com\/wp-content\/uploads\/2024\/05\/wholesale-vintage-coffee-pot-3-150x150.webp 150w, https:\/\/www.purecook.com\/wp-content\/uploads\/2024\/05\/wholesale-vintage-coffee-pot-3-768x768.webp 768w, https:\/\/www.purecook.com\/wp-content\/uploads\/2024\/05\/wholesale-vintage-coffee-pot-3-600x600.webp 600w, https:\/\/www.purecook.com\/wp-content\/uploads\/2024\/05\/wholesale-vintage-coffee-pot-3-100x100.webp 100w\" sizes=\"(max-width: 800px) 100vw, 800px\" \/><\/figure>\n<\/div>\n\n\n\n<div class=\"wp-block-column is-layout-flow wp-block-column-is-layout-flow\">\n<figure class=\"wp-block-image size-full\"><img decoding=\"async\" width=\"800\" height=\"800\" src=\"https:\/\/purecook.com\/wp-content\/uploads\/2024\/05\/wholesale-vintage-coffee-pot-6.webp\" alt=\"cafeteira vintage personalizada por atacado\" class=\"wp-image-2069\" srcset=\"https:\/\/www.purecook.com\/wp-content\/uploads\/2024\/05\/wholesale-vintage-coffee-pot-6.webp 800w, https:\/\/www.purecook.com\/wp-content\/uploads\/2024\/05\/wholesale-vintage-coffee-pot-6-300x300.webp 300w, https:\/\/www.purecook.com\/wp-content\/uploads\/2024\/05\/wholesale-vintage-coffee-pot-6-150x150.webp 150w, https:\/\/www.purecook.com\/wp-content\/uploads\/2024\/05\/wholesale-vintage-coffee-pot-6-768x768.webp 768w, https:\/\/www.purecook.com\/wp-content\/uploads\/2024\/05\/wholesale-vintage-coffee-pot-6-600x600.webp 600w, https:\/\/www.purecook.com\/wp-content\/uploads\/2024\/05\/wholesale-vintage-coffee-pot-6-100x100.webp 100w\" sizes=\"(max-width: 800px) 100vw, 800px\" \/><\/figure>\n<\/div>\n<\/div>","protected":false},"excerpt":{"rendered":"<p>Cafeteira vintage por grosso. As cafeteiras vintage continuam a ser muito populares. O design elegante de estilo retro combina o artesanato moderno com o design tradicional. Cada vez que se prepara com cuidado, \u00e9 um passo atr\u00e1s no tempo. N\u00e3o \u00e9 apenas uma cafeteira pr\u00e1tica, mas tamb\u00e9m pode acrescentar divers\u00e3o \u00e0 sua vida. \u00c9 f\u00e1cil de operar e \u00e9 adequado para os amantes do caf\u00e9. N\u00f3s fornecemos servi\u00e7o por atacado de cafeteiras e solu\u00e7\u00f5es personalizadas de cafeteiras.<\/p>\n<h2>Carater\u00edsticas e vantagens da cafeteira Vintage<\/h2>\n<p><strong>Design retro<\/strong>: O design exclusivo de estilo retro n\u00e3o \u00e9 apenas uma cafeteira, mas tamb\u00e9m uma pe\u00e7a de arte decorativa que pode melhorar o estilo da sua casa ou do seu escrit\u00f3rio.<\/p>\n<p><strong>Feito \u00e0 m\u00e3o<\/strong>: Os cabos de b\u00e9tula cuidadosamente selecionados s\u00e3o feitos \u00e0 m\u00e3o atrav\u00e9s do artesanato tradicional, cada pe\u00e7a \u00e9 \u00fanica.<\/p>\n<p><strong>Bocal longo com pesco\u00e7o de ganso<\/strong>: A curvatura elegante e o controlo preciso do fluxo de \u00e1gua n\u00e3o s\u00f3 t\u00eam um aspeto atraente, como tamb\u00e9m a sua fun\u00e7\u00e3o de prepara\u00e7\u00e3o de caf\u00e9 n\u00e3o deve ser subestimada.<\/p>\n<p><strong>F\u00e1cil de utilizar<\/strong>: Design vintage, f\u00e1cil de utilizar, adequado para todos os n\u00edveis de apreciadores de caf\u00e9.<\/p>\n<p><strong>Durabilidade do material<\/strong>: Fabricado em material de a\u00e7o inoxid\u00e1vel 304 de alta qualidade, juntamente com o processo de tratamento de superf\u00edcie, \u00e9 dur\u00e1vel e garante que mant\u00e9m a sua beleza e funcionalidade ap\u00f3s uma utiliza\u00e7\u00e3o prolongada.<\/p>","protected":false},"featured_media":2067,"comment_status":"closed","ping_status":"closed","template":"","meta":{"_acf_changed":false},"product_brand":[],"product_cat":[53,26],"product_tag":[],"class_list":{"0":"post-2063","1":"product","2":"type-product","3":"status-publish","4":"has-post-thumbnail","6":"product_cat-retro-kitchenware-series","7":"product_cat-kettle","9":"first","10":"instock","11":"shipping-taxable","12":"product-type-simple"},"acf":[],"_links":{"self":[{"href":"https:\/\/www.purecook.com\/pt\/wp-json\/wp\/v2\/product\/2063","targetHints":{"allow":["GET"]}}],"collection":[{"href":"https:\/\/www.purecook.com\/pt\/wp-json\/wp\/v2\/product"}],"about":[{"href":"https:\/\/www.purecook.com\/pt\/wp-json\/wp\/v2\/types\/product"}],"replies":[{"embeddable":true,"href":"https:\/\/www.purecook.com\/pt\/wp-json\/wp\/v2\/comments?post=2063"}],"wp:featuredmedia":[{"embeddable":true,"href":"https:\/\/www.purecook.com\/pt\/wp-json\/wp\/v2\/media\/2067"}],"wp:attachment":[{"href":"https:\/\/www.purecook.com\/pt\/wp-json\/wp\/v2\/media?parent=2063"}],"wp:term":[{"taxonomy":"product_brand","embeddable":true,"href":"https:\/\/www.purecook.com\/pt\/wp-json\/wp\/v2\/product_brand?post=2063"},{"taxonomy":"product_cat","embeddable":true,"href":"https:\/\/www.purecook.com\/pt\/wp-json\/wp\/v2\/product_cat?post=2063"},{"taxonomy":"product_tag","embeddable":true,"href":"https:\/\/www.purecook.com\/pt\/wp-json\/wp\/v2\/product_tag?post=2063"}],"curies":[{"name":"wp","href":"https:\/\/api.w.org\/{rel}","templated":true}]}}