{"id":2070,"date":"2024-05-17T10:53:21","date_gmt":"2024-05-17T02:53:21","guid":{"rendered":"https:\/\/purecook.com\/?post_type=product&#038;p=2070"},"modified":"2024-06-03T17:59:29","modified_gmt":"2024-06-03T09:59:29","slug":"wholesale-vintage-dinner-plate","status":"publish","type":"product","link":"https:\/\/www.purecook.com\/pt\/product\/wholesale-vintage-dinner-plate\/","title":{"rendered":"Prato de jantar vintage cl\u00e1ssico de a\u00e7o inoxid\u00e1vel por atacado"},"content":{"rendered":"<div class=\"wp-block-columns is-layout-flex wp-container-core-columns-is-layout-9d6595d7 wp-block-columns-is-layout-flex\">\n<div class=\"wp-block-column is-layout-flow wp-block-column-is-layout-flow\">\n<h3 class=\"wp-block-heading\">Par\u00e2metros do prato de jantar vintage <\/h3>\n\n\n\n<p><strong>N\u00famero do modelo: EL04912<\/strong><br>Material: a\u00e7o inoxid\u00e1vel 201<br>Acabamento: metal polido<br>Cor: prata<br>Forma: retangular<br>Tamanho: 22 \u00d7 14cm<br>Peso bruto: 225g\/pcs<br>Todas as esta\u00e7\u00f5es Utiliza\u00e7\u00e3o.<br>Peso: 225g\/pcs<br>Tema: restaurante de festa ao ar livre<br>MOQ: 200 pcs<\/p>\n<\/div>\n\n\n\n<div class=\"wp-block-column is-layout-flow wp-block-column-is-layout-flow\">\n<h3 class=\"wp-block-heading\">Prato de jantar vintage personalizado <\/h3>\n\n\n\n<p>Log\u00f3tipo: personalizar o log\u00f3tipo da sua marca<br>embalagem:caixa de cor\/caixa de cart\u00e3o, etc<br>Padr\u00e3o: Personalize o seu padr\u00e3o<br>MOQ 1000 pcs<br><strong><a href=\"https:\/\/www.purecook.com\/pt\/custom-solution\/\" target=\"_blank\" rel=\"noreferrer noopener\">Solu\u00e7\u00f5es personalizadas OEM e ODM<\/a><\/strong><\/p>\n<\/div>\n<\/div>\n\n\n\n<div class=\"wp-block-columns is-layout-flex wp-container-core-columns-is-layout-9d6595d7 wp-block-columns-is-layout-flex\">\n<div class=\"wp-block-column is-layout-flow wp-block-column-is-layout-flow\">\n<figure class=\"wp-block-image size-full\"><img decoding=\"async\" width=\"750\" height=\"1125\" src=\"https:\/\/purecook.com\/wp-content\/uploads\/2024\/05\/wholesale-vintage-dinner-plate-4.webp\" alt=\"prato de jantar vintage por atacado\" class=\"wp-image-2074\" srcset=\"https:\/\/www.purecook.com\/wp-content\/uploads\/2024\/05\/wholesale-vintage-dinner-plate-4.webp 750w, https:\/\/www.purecook.com\/wp-content\/uploads\/2024\/05\/wholesale-vintage-dinner-plate-4-200x300.webp 200w, https:\/\/www.purecook.com\/wp-content\/uploads\/2024\/05\/wholesale-vintage-dinner-plate-4-600x900.webp 600w\" sizes=\"(max-width: 750px) 100vw, 750px\" \/><\/figure>\n<\/div>\n\n\n\n<div class=\"wp-block-column is-layout-flow wp-block-column-is-layout-flow\">\n<figure class=\"wp-block-image size-full\"><img decoding=\"async\" width=\"750\" height=\"1124\" src=\"https:\/\/purecook.com\/wp-content\/uploads\/2024\/05\/wholesale-vintage-dinner-plate-8.webp\" alt=\"prato de jantar vintage por atacado\" class=\"wp-image-2078\" srcset=\"https:\/\/www.purecook.com\/wp-content\/uploads\/2024\/05\/wholesale-vintage-dinner-plate-8.webp 750w, https:\/\/www.purecook.com\/wp-content\/uploads\/2024\/05\/wholesale-vintage-dinner-plate-8-200x300.webp 200w, https:\/\/www.purecook.com\/wp-content\/uploads\/2024\/05\/wholesale-vintage-dinner-plate-8-600x899.webp 600w\" sizes=\"(max-width: 750px) 100vw, 750px\" \/><\/figure>\n<\/div>\n<\/div>","protected":false},"excerpt":{"rendered":"<p>Os nossos pratos de jantar em a\u00e7o inoxid\u00e1vel de qualidade superior s\u00e3o fabricados com cuidado. Com um estilo retro \u00fanico, polimos cada detalhe do produto, e os materiais duradouros garantem um bom desempenho em v\u00e1rios ambientes e s\u00e3o adequados para piqueniques, festas e outras actividades.<\/p>\n<h2>Carater\u00edsticas e vantagens do prato de jantar vintage<\/h2>\n<p><strong>Design retro<\/strong>: O design exclusivo de estilo retro n\u00e3o \u00e9 apenas um prato de jantar, mas tamb\u00e9m uma pe\u00e7a de arte decorativa, que pode melhorar o estilo da sua casa ou ambiente de vida.<\/p>\n<p><strong>Material de qualidade<\/strong>: Fabricado em a\u00e7o inoxid\u00e1vel de qualidade alimentar, seguro e higi\u00e9nico, f\u00e1cil de limpar e resistente a riscos, adequado para utiliza\u00e7\u00e3o frequente.<\/p>\n<p><strong>Actividades ao ar livre<\/strong>: Adequado para campismo, piqueniques e outras actividades ao ar livre, o material dur\u00e1vel \u00e9 adequado para v\u00e1rios ambientes.<\/p>\n<p><strong>Utiliza\u00e7\u00e3o decorativa<\/strong>: N\u00e3o s\u00f3 pode ser utilizado para talheres, como o seu design retro \u00fanico tamb\u00e9m pode ser utilizado como parte da decora\u00e7\u00e3o da casa.<\/p>","protected":false},"featured_media":2073,"comment_status":"closed","ping_status":"closed","template":"","meta":{"_acf_changed":false},"product_brand":[],"product_cat":[51,55],"product_tag":[],"class_list":{"0":"post-2070","1":"product","2":"type-product","3":"status-publish","4":"has-post-thumbnail","6":"product_cat-dinnerware","7":"product_cat-dish-and-plate","9":"first","10":"instock","11":"shipping-taxable","12":"product-type-simple"},"acf":[],"_links":{"self":[{"href":"https:\/\/www.purecook.com\/pt\/wp-json\/wp\/v2\/product\/2070","targetHints":{"allow":["GET"]}}],"collection":[{"href":"https:\/\/www.purecook.com\/pt\/wp-json\/wp\/v2\/product"}],"about":[{"href":"https:\/\/www.purecook.com\/pt\/wp-json\/wp\/v2\/types\/product"}],"replies":[{"embeddable":true,"href":"https:\/\/www.purecook.com\/pt\/wp-json\/wp\/v2\/comments?post=2070"}],"wp:featuredmedia":[{"embeddable":true,"href":"https:\/\/www.purecook.com\/pt\/wp-json\/wp\/v2\/media\/2073"}],"wp:attachment":[{"href":"https:\/\/www.purecook.com\/pt\/wp-json\/wp\/v2\/media?parent=2070"}],"wp:term":[{"taxonomy":"product_brand","embeddable":true,"href":"https:\/\/www.purecook.com\/pt\/wp-json\/wp\/v2\/product_brand?post=2070"},{"taxonomy":"product_cat","embeddable":true,"href":"https:\/\/www.purecook.com\/pt\/wp-json\/wp\/v2\/product_cat?post=2070"},{"taxonomy":"product_tag","embeddable":true,"href":"https:\/\/www.purecook.com\/pt\/wp-json\/wp\/v2\/product_tag?post=2070"}],"curies":[{"name":"wp","href":"https:\/\/api.w.org\/{rel}","templated":true}]}}