{"id":2080,"date":"2024-05-17T11:21:45","date_gmt":"2024-05-17T03:21:45","guid":{"rendered":"https:\/\/purecook.com\/?post_type=product&#038;p=2080"},"modified":"2025-04-27T17:39:33","modified_gmt":"2025-04-27T09:39:33","slug":"wholesale-cooking-pot-set","status":"publish","type":"product","link":"https:\/\/www.purecook.com\/pt\/product\/wholesale-cooking-pot-set\/","title":{"rendered":"Conjunto de panelas de cozinha por atacado 3 pe\u00e7as de a\u00e7o inoxid\u00e1vel sem revestimento 1.8L+2.4L+3.8L"},"content":{"rendered":"<div class=\"wp-block-columns is-layout-flex wp-container-core-columns-is-layout-9d6595d7 wp-block-columns-is-layout-flex\">\n<div class=\"wp-block-column is-layout-flow wp-block-column-is-layout-flow\">\n<h3 class=\"wp-block-heading\">Par\u00e2metros do conjunto de panelas de cozinha<\/h3>\n\n\n\n<p><strong>N\u00famero do modelo: MLTG003P<\/strong><br>Material: a\u00e7o inoxid\u00e1vel<br>Tampa: tampa de vidro<br>Pega e puxador da tampa: a\u00e7o inoxid\u00e1vel pintado<br>tamanho\uff1a1.8L+2.4L+3.8L<br>Especifica\u00e7\u00f5es: Panela de barro de 16\u00d79 cm + pote de leite de 18\u00d710 cm + ca\u00e7arola de 24\u00d78 cm<br>Peso: 1,52-1,84 kg\/pc.<br>Base Base composta indutiva (SUS + alum\u00ednio de 2 mm + SUS)<br>peso: 2kg\/pcs 6kg\/conjunto<br>Log\u00f3tipo: Logotipo personalizado<br>Embalagem: caixa de cor<br>MOQ: 500 pcs<\/p>\n<\/div>\n\n\n\n<div class=\"wp-block-column is-layout-flow wp-block-column-is-layout-flow\">\n<h3 class=\"wp-block-heading\">Conjunto de panelas personalizadas<\/h3>\n\n\n\n<p>Log\u00f3tipo: log\u00f3tipo personalizado<br>embalagem: caixa de cor\/caixa de cart\u00e3o, etc<br>Cor: personaliz\u00e1vel<br>Material: personaliz\u00e1vel<br>MOQ: 1000 pcs<br><strong><a href=\"https:\/\/www.purecook.com\/pt\/custom-solution\/\" target=\"_blank\" rel=\"noreferrer noopener\">Solu\u00e7\u00f5es personalizadas OEM e ODM<\/a><\/strong><\/p>\n<\/div>\n<\/div>\n\n\n\n<div class=\"wp-block-columns is-layout-flex wp-container-core-columns-is-layout-9d6595d7 wp-block-columns-is-layout-flex\">\n<div class=\"wp-block-column is-layout-flow wp-block-column-is-layout-flow\">\n<figure class=\"wp-block-image size-full\"><img decoding=\"async\" width=\"1000\" height=\"1000\" src=\"https:\/\/purecook.com\/wp-content\/uploads\/2024\/05\/wholesale-cooking-pots-set-3.webp\" alt=\"conjunto de panelas por atacado\" class=\"wp-image-2083\" srcset=\"https:\/\/www.purecook.com\/wp-content\/uploads\/2024\/05\/wholesale-cooking-pots-set-3.webp 1000w, https:\/\/www.purecook.com\/wp-content\/uploads\/2024\/05\/wholesale-cooking-pots-set-3-300x300.webp 300w, https:\/\/www.purecook.com\/wp-content\/uploads\/2024\/05\/wholesale-cooking-pots-set-3-150x150.webp 150w, https:\/\/www.purecook.com\/wp-content\/uploads\/2024\/05\/wholesale-cooking-pots-set-3-768x768.webp 768w, https:\/\/www.purecook.com\/wp-content\/uploads\/2024\/05\/wholesale-cooking-pots-set-3-600x600.webp 600w, https:\/\/www.purecook.com\/wp-content\/uploads\/2024\/05\/wholesale-cooking-pots-set-3-100x100.webp 100w\" sizes=\"(max-width: 1000px) 100vw, 1000px\" \/><\/figure>\n<\/div>\n\n\n\n<div class=\"wp-block-column is-layout-flow wp-block-column-is-layout-flow\">\n<figure class=\"wp-block-image size-full\"><img decoding=\"async\" width=\"1000\" height=\"1000\" src=\"https:\/\/purecook.com\/wp-content\/uploads\/2024\/05\/wholesale-cooking-pots-set-4.webp\" alt=\"conjunto de panelas por atacado\" class=\"wp-image-2084\" srcset=\"https:\/\/www.purecook.com\/wp-content\/uploads\/2024\/05\/wholesale-cooking-pots-set-4.webp 1000w, https:\/\/www.purecook.com\/wp-content\/uploads\/2024\/05\/wholesale-cooking-pots-set-4-300x300.webp 300w, https:\/\/www.purecook.com\/wp-content\/uploads\/2024\/05\/wholesale-cooking-pots-set-4-150x150.webp 150w, https:\/\/www.purecook.com\/wp-content\/uploads\/2024\/05\/wholesale-cooking-pots-set-4-768x768.webp 768w, https:\/\/www.purecook.com\/wp-content\/uploads\/2024\/05\/wholesale-cooking-pots-set-4-600x600.webp 600w, https:\/\/www.purecook.com\/wp-content\/uploads\/2024\/05\/wholesale-cooking-pots-set-4-100x100.webp 100w\" sizes=\"(max-width: 1000px) 100vw, 1000px\" \/><\/figure>\n<\/div>\n<\/div>","protected":false},"excerpt":{"rendered":"<p>Tem um excelente desempenho, o fundo colado de triplo impacto de design exclusivo garante a uniformidade e a efici\u00eancia da cozedura, e a pega ergon\u00f3mica dos utens\u00edlios de cozinha torna-os mais confort\u00e1veis de segurar. Adequado para todos os tipos de fog\u00f5es.<\/p>\n<h2>Carater\u00edsticas e vantagens do conjunto de panelas para cozinhar<\/h2>\n<p>Os utens\u00edlios de cozinha do fabricante PURECOOK est\u00e3o dispon\u00edveis numa variedade de cores salpicadas para acrescentar um pouco de calor \u00e0 sua cozinha.<\/p>\n<p><strong>F\u00e1cil de manusear<\/strong>As pegas confort\u00e1veis e robustas com cores coordenadas e as tampas de vidro facilitam a desloca\u00e7\u00e3o destes utens\u00edlios de cozinha na sua cozinha.<\/p>\n<p><strong>A\u00e7o inoxid\u00e1vel duradouro<\/strong>As panelas e frigideiras em a\u00e7o inoxid\u00e1vel t\u00eam uma superf\u00edcie de cozedura polida como um espelho com um acabamento em forma de estrela que \u00e9 antiaderente e f\u00e1cil de manter e n\u00e3o reage com os alimentos.<\/p>\n<p><strong>Fundo colado de triplo impacto<\/strong>O utens\u00edlio de cozinha em a\u00e7o inoxid\u00e1vel \u00e9 infundido com alum\u00ednio ultra-resistente entre duas camadas de a\u00e7o inoxid\u00e1vel para garantir uma cozedura uniforme e r\u00e1pida ou a dissipa\u00e7\u00e3o do calor.<\/p>\n<p><strong>Pegas ergon\u00f3micas para utens\u00edlios de cozinha<\/strong>As pegas de design ergon\u00f3mico apresentam um acabamento acetinado antiderrapante com rebites de a\u00e7o inoxid\u00e1vel e uma carater\u00edstica anti-queimadura para uma ader\u00eancia confort\u00e1vel e uma tampa apertada.<\/p>\n<p><strong>Compat\u00edvel com todas as fontes de calor<\/strong>Adequado para todas as fontes de calor, incluindo indu\u00e7\u00e3o, g\u00e1s, eletricidade, vidro e cer\u00e2mica; pode ser lavado na m\u00e1quina de lavar lou\u00e7a.<\/p>","protected":false},"featured_media":2082,"comment_status":"closed","ping_status":"closed","template":"","meta":{"_acf_changed":false},"product_brand":[],"product_cat":[24,69],"product_tag":[98],"class_list":{"0":"post-2080","1":"product","2":"type-product","3":"status-publish","4":"has-post-thumbnail","6":"product_cat-cookware","7":"product_cat-cookware-sets","8":"product_tag-wholesale-home-cookware","10":"first","11":"instock","12":"shipping-taxable","13":"product-type-simple"},"acf":[],"_links":{"self":[{"href":"https:\/\/www.purecook.com\/pt\/wp-json\/wp\/v2\/product\/2080","targetHints":{"allow":["GET"]}}],"collection":[{"href":"https:\/\/www.purecook.com\/pt\/wp-json\/wp\/v2\/product"}],"about":[{"href":"https:\/\/www.purecook.com\/pt\/wp-json\/wp\/v2\/types\/product"}],"replies":[{"embeddable":true,"href":"https:\/\/www.purecook.com\/pt\/wp-json\/wp\/v2\/comments?post=2080"}],"wp:featuredmedia":[{"embeddable":true,"href":"https:\/\/www.purecook.com\/pt\/wp-json\/wp\/v2\/media\/2082"}],"wp:attachment":[{"href":"https:\/\/www.purecook.com\/pt\/wp-json\/wp\/v2\/media?parent=2080"}],"wp:term":[{"taxonomy":"product_brand","embeddable":true,"href":"https:\/\/www.purecook.com\/pt\/wp-json\/wp\/v2\/product_brand?post=2080"},{"taxonomy":"product_cat","embeddable":true,"href":"https:\/\/www.purecook.com\/pt\/wp-json\/wp\/v2\/product_cat?post=2080"},{"taxonomy":"product_tag","embeddable":true,"href":"https:\/\/www.purecook.com\/pt\/wp-json\/wp\/v2\/product_tag?post=2080"}],"curies":[{"name":"wp","href":"https:\/\/api.w.org\/{rel}","templated":true}]}}