{"id":2092,"date":"2024-05-17T12:34:32","date_gmt":"2024-05-17T04:34:32","guid":{"rendered":"https:\/\/purecook.com\/?post_type=product&#038;p=2092"},"modified":"2025-04-27T17:38:47","modified_gmt":"2025-04-27T09:38:47","slug":"wholesale-cookware-set-stainless-stee","status":"publish","type":"product","link":"https:\/\/www.purecook.com\/pt\/product\/wholesale-cookware-set-stainless-stee\/","title":{"rendered":"Conjunto de utens\u00edlios de cozinha personalizados por grosso Feito de a\u00e7o inoxid\u00e1vel de alta qualidade, ecol\u00f3gico e sem revestimento"},"content":{"rendered":"<div class=\"wp-block-columns is-layout-flex wp-container-core-columns-is-layout-9d6595d7 wp-block-columns-is-layout-flex\">\n<div class=\"wp-block-column is-layout-flow wp-block-column-is-layout-flow\">\n<h3 class=\"wp-block-heading\">Par\u00e2metros do conjunto de panelas<\/h3>\n\n\n\n<p><strong>N\u00famero do modelo:HH-191126<\/strong><br><strong>Nome:panela de fritar e de sopa<\/strong><br>Tipo: Panelas de caldo para sopa<br>Local de origem: Guangdong,China<br>Fog\u00e3o aplic\u00e1vel: Uso geral para fog\u00f5es a g\u00e1s e de indu\u00e7\u00e3o<br>Tampa:Tampa em a\u00e7o inoxid\u00e1vel<br>Peso: 3kg\/pcs<br>MOQ: 500Pcs<br>Material do cabo: A\u00e7o inoxid\u00e1vel<br>Utiliza\u00e7\u00e3o: Cozinhar alimentos<br>Fundo: Fundo de indu\u00e7\u00e3o em sandu\u00edche<br>A\u00e7o inoxid\u00e1vel: 201\/304<br>Log\u00f3tipo: Personalizar log\u00f3tipo<\/p>\n<\/div>\n\n\n\n<div class=\"wp-block-column is-layout-flow wp-block-column-is-layout-flow\">\n<h3 class=\"wp-block-heading\">Tamanho do conjunto de utens\u00edlios de cozinha<\/h3>\n\n\n\n<div class=\"wp-block-columns is-layout-flex wp-container-core-columns-is-layout-9d6595d7 wp-block-columns-is-layout-flex\">\n<div class=\"wp-block-column is-layout-flow wp-block-column-is-layout-flow\">\n<p><strong>di\u00e2metro\u00d7altura<\/strong>            <br>Ca\u00e7arola 16\u00d79cm   <br>Ca\u00e7arola 18\u00d710cm<br>Ca\u00e7arola 20\u00d711cm<br>Ca\u00e7arola baixa de 24\u00d78cm<br>Ca\u00e7arola 24\u00d713cm<br>Ca\u00e7arola 28\u00d715cm<br>Ca\u00e7arola 22\u00d712cm<br>Ca\u00e7arola 26\u00d714cm<br>Ca\u00e7arola baixa 26\u00d78cm<\/p>\n<\/div>\n\n\n\n<div class=\"wp-block-column is-layout-flow wp-block-column-is-layout-flow\">\n<p><strong>dimens\u00e3o exterior<\/strong><br>18\u00d79cm<br>20\u00d710cm<br>22\u00d711cm<br>26\u00d78cm<br>26\u00d713cm<br>30\u00d715cm<br>24\u00d712cm<br>28\u00d714cm<br>28\u00d78cm<\/p>\n<\/div>\n<\/div>\n<\/div>\n<\/div>\n\n\n\n<h3 class=\"wp-block-heading\">Conjunto de utens\u00edlios de cozinha personalizados<\/h3>\n\n\n\n<p>Material: a\u00e7o inoxid\u00e1vel 201\/304<br>Log\u00f3tipo: personalizar o log\u00f3tipo da sua marca<br>embalagem: caixa de cor\/caixa de cart\u00e3o, etc<br>Padr\u00e3o: Personalize o seu padr\u00e3o<br>MOQ: 2000 pcs<br><strong><a href=\"https:\/\/www.purecook.com\/pt\/custom-solution\/\" target=\"_blank\" rel=\"noreferrer noopener\">Solu\u00e7\u00f5es personalizadas OEM e ODM<\/a><\/strong><\/p>\n\n\n\n<div class=\"wp-block-columns is-layout-flex wp-container-core-columns-is-layout-9d6595d7 wp-block-columns-is-layout-flex\">\n<div class=\"wp-block-column is-layout-flow wp-block-column-is-layout-flow\">\n<figure class=\"wp-block-image size-full\"><img decoding=\"async\" width=\"1000\" height=\"1000\" src=\"https:\/\/purecook.com\/wp-content\/uploads\/2024\/05\/custom-cookware-sets-2.webp\" alt=\"conjuntos de utens\u00edlios de cozinha personalizados por atacado\" class=\"wp-image-2094\" srcset=\"https:\/\/www.purecook.com\/wp-content\/uploads\/2024\/05\/custom-cookware-sets-2.webp 1000w, https:\/\/www.purecook.com\/wp-content\/uploads\/2024\/05\/custom-cookware-sets-2-300x300.webp 300w, https:\/\/www.purecook.com\/wp-content\/uploads\/2024\/05\/custom-cookware-sets-2-150x150.webp 150w, https:\/\/www.purecook.com\/wp-content\/uploads\/2024\/05\/custom-cookware-sets-2-768x768.webp 768w, https:\/\/www.purecook.com\/wp-content\/uploads\/2024\/05\/custom-cookware-sets-2-600x600.webp 600w, https:\/\/www.purecook.com\/wp-content\/uploads\/2024\/05\/custom-cookware-sets-2-100x100.webp 100w\" sizes=\"(max-width: 1000px) 100vw, 1000px\" \/><\/figure>\n<\/div>\n\n\n\n<div class=\"wp-block-column is-layout-flow wp-block-column-is-layout-flow\">\n<figure class=\"wp-block-image size-full\"><img decoding=\"async\" width=\"1000\" height=\"1000\" src=\"https:\/\/purecook.com\/wp-content\/uploads\/2024\/05\/custom-cookware-sets-5.webp\" alt=\"conjuntos de utens\u00edlios de cozinha personalizados por atacado\" class=\"wp-image-2097\" srcset=\"https:\/\/www.purecook.com\/wp-content\/uploads\/2024\/05\/custom-cookware-sets-5.webp 1000w, https:\/\/www.purecook.com\/wp-content\/uploads\/2024\/05\/custom-cookware-sets-5-300x300.webp 300w, https:\/\/www.purecook.com\/wp-content\/uploads\/2024\/05\/custom-cookware-sets-5-150x150.webp 150w, https:\/\/www.purecook.com\/wp-content\/uploads\/2024\/05\/custom-cookware-sets-5-768x768.webp 768w, https:\/\/www.purecook.com\/wp-content\/uploads\/2024\/05\/custom-cookware-sets-5-600x600.webp 600w, https:\/\/www.purecook.com\/wp-content\/uploads\/2024\/05\/custom-cookware-sets-5-100x100.webp 100w\" sizes=\"(max-width: 1000px) 100vw, 1000px\" \/><\/figure>\n<\/div>\n<\/div>","protected":false},"excerpt":{"rendered":"<p>Feito de a\u00e7o inoxid\u00e1vel de alta qualidade, dur\u00e1vel e f\u00e1cil de limpar, com designs ergon\u00f3micos em v\u00e1rias \u00e1reas, tornando o processo de cozedura mais conveniente. Com um fundo adesivo de a\u00e7o de tr\u00eas camadas, \u00e9 eficiente e uniformemente aquecido ao cozinhar alimentos, tornando-o adequado tanto para cozinhas dom\u00e9sticas como para restaurantes comerciais.<\/p>\n<h2>Carater\u00edsticas e vantagens do conjunto de utens\u00edlios de cozinha<\/h2>\n<p>Os utens\u00edlios de cozinha PURECOOK est\u00e3o dispon\u00edveis numa variedade de cores salpicadas para acrescentar um pouco de calor \u00e0 sua cozinha.<\/p>\n<p><strong>F\u00e1cil de manusear<\/strong>As pegas confort\u00e1veis e robustas com cores coordenadas e as tampas de vidro facilitam a desloca\u00e7\u00e3o destes utens\u00edlios de cozinha na sua cozinha.<\/p>\n<p><strong>A\u00e7o inoxid\u00e1vel dur\u00e1vel<\/strong>As panelas e frigideiras de a\u00e7o inoxid\u00e1vel com superf\u00edcies de cozedura polidas com espelho e acabamento em estrela s\u00e3o antiaderentes e f\u00e1ceis de manter e n\u00e3o reagem com os alimentos.<\/p>\n<p><strong>Fundo colado de camada tripla resistente ao impacto: <\/strong>Os utens\u00edlios de cozinha em a\u00e7o inoxid\u00e1vel s\u00e3o infundidos com alum\u00ednio ultra-resistente entre duas camadas de a\u00e7o inoxid\u00e1vel para garantir uma cozedura uniforme.<\/p>","protected":false},"featured_media":2097,"comment_status":"closed","ping_status":"closed","template":"","meta":{"_acf_changed":false},"product_brand":[],"product_cat":[24,69],"product_tag":[98],"class_list":{"0":"post-2092","1":"product","2":"type-product","3":"status-publish","4":"has-post-thumbnail","6":"product_cat-cookware","7":"product_cat-cookware-sets","8":"product_tag-wholesale-home-cookware","10":"first","11":"instock","12":"shipping-taxable","13":"product-type-simple"},"acf":[],"_links":{"self":[{"href":"https:\/\/www.purecook.com\/pt\/wp-json\/wp\/v2\/product\/2092","targetHints":{"allow":["GET"]}}],"collection":[{"href":"https:\/\/www.purecook.com\/pt\/wp-json\/wp\/v2\/product"}],"about":[{"href":"https:\/\/www.purecook.com\/pt\/wp-json\/wp\/v2\/types\/product"}],"replies":[{"embeddable":true,"href":"https:\/\/www.purecook.com\/pt\/wp-json\/wp\/v2\/comments?post=2092"}],"wp:featuredmedia":[{"embeddable":true,"href":"https:\/\/www.purecook.com\/pt\/wp-json\/wp\/v2\/media\/2097"}],"wp:attachment":[{"href":"https:\/\/www.purecook.com\/pt\/wp-json\/wp\/v2\/media?parent=2092"}],"wp:term":[{"taxonomy":"product_brand","embeddable":true,"href":"https:\/\/www.purecook.com\/pt\/wp-json\/wp\/v2\/product_brand?post=2092"},{"taxonomy":"product_cat","embeddable":true,"href":"https:\/\/www.purecook.com\/pt\/wp-json\/wp\/v2\/product_cat?post=2092"},{"taxonomy":"product_tag","embeddable":true,"href":"https:\/\/www.purecook.com\/pt\/wp-json\/wp\/v2\/product_tag?post=2092"}],"curies":[{"name":"wp","href":"https:\/\/api.w.org\/{rel}","templated":true}]}}