{"id":2106,"date":"2024-05-18T09:09:06","date_gmt":"2024-05-18T01:09:06","guid":{"rendered":"https:\/\/purecook.com\/?post_type=product&#038;p=2106"},"modified":"2025-04-27T17:38:18","modified_gmt":"2025-04-27T09:38:18","slug":"custom-deep-fryer-with-thermometer-and-efficient-heating-system-wholesale","status":"publish","type":"product","link":"https:\/\/www.purecook.com\/pt\/product\/custom-deep-fryer-with-thermometer-and-efficient-heating-system-wholesale\/","title":{"rendered":"Fritadeira personalizada com term\u00f3metro e sistema de aquecimento eficiente Venda por atacado"},"content":{"rendered":"<div class=\"wp-block-columns is-layout-flex wp-container-core-columns-is-layout-9d6595d7 wp-block-columns-is-layout-flex\">\n<div class=\"wp-block-column is-layout-flow wp-block-column-is-layout-flow\">\n<h3 class=\"wp-block-heading\">Par\u00e2metros da fritadeira<\/h3>\n\n\n\n<p><strong>N\u00famero do modelo: Fritadeira-002<\/strong><br>Material do corpo principal: 0,5 mm SS201\/SS304<br>Material do anel de cobertura: 0,5 mm SS201<br>Tampa: 0,7 mm SS201<br>Fundo: SS201\/SS304 + 1mm Alu.+0.5mm SS430 Alto polimento espelhado no interior, pintado no exterior.<br>Fundo polido mate.<br>Log\u00f3tipo do cliente no corpo e na parte inferior.<br>Term\u00f3metro de \u00f3leo inclu\u00eddo<\/p>\n\n\n\n<h3 class=\"wp-block-heading\">Fritadeira personalizada<\/h3>\n\n\n\n<p>Embalagem: personalizar a sua embalagem<br>MOQ: 1000<br><strong><a href=\"https:\/\/www.purecook.com\/pt\/custom-solution\/\" target=\"_blank\" rel=\"noreferrer noopener\">Solu\u00e7\u00f5es personalizadas OEM e ODM<\/a><\/strong><\/p>\n<\/div>\n\n\n\n<div class=\"wp-block-column is-layout-flow wp-block-column-is-layout-flow\">\n<h3 class=\"wp-block-heading\">Tipo de fritadeira<\/h3>\n\n\n\n<p><strong>Tipo 1:<\/strong><br>Dimens\u00f5es: 20 cm, 2,2 litros<br>Tamanho da caixa de cor: 25 x 10,8 x 21,7 cm.<br>Peso l\u00edquido: 800g<br>Peso bruto: 1000g<br><strong>Tipo 2<\/strong><br>Tamanho: 24 cm, 3,4 litros<br>Tamanho da caixa de cor: 26,8 x 11,8 x 25,8 cm<br>Peso l\u00edquido:1040g<br>Peso bruto:1300g<br><strong>Tipo 3:<\/strong><br>Tamanho: 28 cm, 4,2 litros<br>Tamanho da caixa de cor: 29,3\u00d711,9\u00d729,4 cm<br>Peso l\u00edquido: 1380g<br>Peso bruto:1600g<\/p>\n<\/div>\n<\/div>\n\n\n\n<div class=\"wp-block-columns is-layout-flex wp-container-core-columns-is-layout-9d6595d7 wp-block-columns-is-layout-flex\">\n<div class=\"wp-block-column is-layout-flow wp-block-column-is-layout-flow\">\n<figure class=\"wp-block-image size-full\"><img decoding=\"async\" width=\"800\" height=\"800\" src=\"https:\/\/purecook.com\/wp-content\/uploads\/2024\/05\/custom-deep-fryer-wholesale-4.webp\" alt=\"fritadeira personalizada por atacado\" class=\"wp-image-2110\" srcset=\"https:\/\/www.purecook.com\/wp-content\/uploads\/2024\/05\/custom-deep-fryer-wholesale-4.webp 800w, https:\/\/www.purecook.com\/wp-content\/uploads\/2024\/05\/custom-deep-fryer-wholesale-4-300x300.webp 300w, https:\/\/www.purecook.com\/wp-content\/uploads\/2024\/05\/custom-deep-fryer-wholesale-4-150x150.webp 150w, https:\/\/www.purecook.com\/wp-content\/uploads\/2024\/05\/custom-deep-fryer-wholesale-4-768x768.webp 768w, https:\/\/www.purecook.com\/wp-content\/uploads\/2024\/05\/custom-deep-fryer-wholesale-4-600x600.webp 600w, https:\/\/www.purecook.com\/wp-content\/uploads\/2024\/05\/custom-deep-fryer-wholesale-4-100x100.webp 100w\" sizes=\"(max-width: 800px) 100vw, 800px\" \/><\/figure>\n<\/div>\n\n\n\n<div class=\"wp-block-column is-layout-flow wp-block-column-is-layout-flow\">\n<figure class=\"wp-block-image size-full\"><img decoding=\"async\" width=\"800\" height=\"800\" src=\"https:\/\/purecook.com\/wp-content\/uploads\/2024\/05\/custom-deep-fryer-wholesale-3.webp\" alt=\"fritadeira personalizada por atacado\" class=\"wp-image-2109\" srcset=\"https:\/\/www.purecook.com\/wp-content\/uploads\/2024\/05\/custom-deep-fryer-wholesale-3.webp 800w, https:\/\/www.purecook.com\/wp-content\/uploads\/2024\/05\/custom-deep-fryer-wholesale-3-300x300.webp 300w, https:\/\/www.purecook.com\/wp-content\/uploads\/2024\/05\/custom-deep-fryer-wholesale-3-150x150.webp 150w, https:\/\/www.purecook.com\/wp-content\/uploads\/2024\/05\/custom-deep-fryer-wholesale-3-768x768.webp 768w, https:\/\/www.purecook.com\/wp-content\/uploads\/2024\/05\/custom-deep-fryer-wholesale-3-600x600.webp 600w, https:\/\/www.purecook.com\/wp-content\/uploads\/2024\/05\/custom-deep-fryer-wholesale-3-100x100.webp 100w\" sizes=\"(max-width: 800px) 100vw, 800px\" \/><\/figure>\n<\/div>\n<\/div>","protected":false},"excerpt":{"rendered":"<p>Fritadeira personalizada com term\u00f3metro para venda por grossoAs nossas fritadeiras combinam carater\u00edsticas de primeira qualidade. Com um filtro de gordura integrado para drenar o excesso de gordura para refei\u00e7\u00f5es mais saud\u00e1veis. Disp\u00f5e de um sistema de aquecimento eficiente que aquece os alimentos de forma r\u00e1pida e uniforme. Satisfaz as necessidades culin\u00e1rias de cozinheiros dom\u00e9sticos e profissionais.<\/p>\n<h2>Carater\u00edsticas e vantagens da fritadeira<\/h2>\n<p>1) Op\u00e7\u00e3o de cozinha saud\u00e1vel: O lava-loi\u00e7a com filtro de \u00f3leo integrado drena o excesso de \u00f3leo dos alimentos e promove h\u00e1bitos de cozinha saud\u00e1veis.<\/p>\n<p>2) Revestimento antiaderente personaliz\u00e1vel: A superf\u00edcie antiaderente pode ser personalizada a seu gosto, garantindo uma f\u00e1cil liberta\u00e7\u00e3o dos alimentos e uma limpeza simples ap\u00f3s cada utiliza\u00e7\u00e3o.<\/p>\n<p>3) Constru\u00e7\u00e3o em a\u00e7o inoxid\u00e1vel de alta qualidade: A fritadeira \u00e9 feita de a\u00e7o inoxid\u00e1vel de alta qualidade para uma excelente durabilidade e resist\u00eancia ao desgaste, garantindo um companheiro de cozinha duradouro.<\/p>\n<p>4) Sistema de aquecimento eficiente: Concebido para um aquecimento r\u00e1pido e uniforme para reduzir o tempo de cozedura e real\u00e7ar o sabor.<\/p>\n<p>5) V\u00e1rios modos de cozedura: Quer lhe apete\u00e7a frango frito estaladi\u00e7o ou legumes assados, a nossa fritadeira satisfar\u00e1 todos os seus gostos.<\/p>\n<p>6) Design elegante: Com o seu aspeto elegante e colorido, esta panela n\u00e3o s\u00f3 \u00e9 uma excelente adi\u00e7\u00e3o \u00e0 sua cozinha, como tamb\u00e9m d\u00e1 um toque de sofistica\u00e7\u00e3o \u00e0 sua bancada.<\/p>\n<p>7) Adequada para uso dom\u00e9stico e profissional: Esta fritadeira \u00e9 adequada tanto para cozinheiros dom\u00e9sticos como para profissionais de culin\u00e1ria e foi concebida para satisfazer as necessidades de qualquer ambiente de cozinha.<\/p>\n<p><strong><a href=\"https:\/\/www.purecook.com\/pt\/categoria-produto\/kitchen-utensils\/oil-pot\/\" target=\"_blank\" rel=\"noopener\">Descubra produtos relacionados com fritadeiras - panelas de \u00f3leo filtr\u00e1vel<\/a><\/strong><\/p>","protected":false},"featured_media":2107,"comment_status":"closed","ping_status":"closed","template":"","meta":{"_acf_changed":false},"product_brand":[],"product_cat":[24,72],"product_tag":[98],"class_list":{"0":"post-2106","1":"product","2":"type-product","3":"status-publish","4":"has-post-thumbnail","6":"product_cat-cookware","7":"product_cat-fryer-pots","8":"product_tag-wholesale-home-cookware","10":"first","11":"instock","12":"shipping-taxable","13":"product-type-simple"},"acf":[],"_links":{"self":[{"href":"https:\/\/www.purecook.com\/pt\/wp-json\/wp\/v2\/product\/2106","targetHints":{"allow":["GET"]}}],"collection":[{"href":"https:\/\/www.purecook.com\/pt\/wp-json\/wp\/v2\/product"}],"about":[{"href":"https:\/\/www.purecook.com\/pt\/wp-json\/wp\/v2\/types\/product"}],"replies":[{"embeddable":true,"href":"https:\/\/www.purecook.com\/pt\/wp-json\/wp\/v2\/comments?post=2106"}],"wp:featuredmedia":[{"embeddable":true,"href":"https:\/\/www.purecook.com\/pt\/wp-json\/wp\/v2\/media\/2107"}],"wp:attachment":[{"href":"https:\/\/www.purecook.com\/pt\/wp-json\/wp\/v2\/media?parent=2106"}],"wp:term":[{"taxonomy":"product_brand","embeddable":true,"href":"https:\/\/www.purecook.com\/pt\/wp-json\/wp\/v2\/product_brand?post=2106"},{"taxonomy":"product_cat","embeddable":true,"href":"https:\/\/www.purecook.com\/pt\/wp-json\/wp\/v2\/product_cat?post=2106"},{"taxonomy":"product_tag","embeddable":true,"href":"https:\/\/www.purecook.com\/pt\/wp-json\/wp\/v2\/product_tag?post=2106"}],"curies":[{"name":"wp","href":"https:\/\/api.w.org\/{rel}","templated":true}]}}