{"id":2114,"date":"2024-05-18T09:56:47","date_gmt":"2024-05-18T01:56:47","guid":{"rendered":"https:\/\/purecook.com\/?post_type=product&#038;p=2114"},"modified":"2025-04-27T17:37:30","modified_gmt":"2025-04-27T09:37:30","slug":"wholesale-cooking-pots-pink","status":"publish","type":"product","link":"https:\/\/www.purecook.com\/pt\/product\/wholesale-cooking-pots-pink\/","title":{"rendered":"Tachos de cozinha por atacado a granel, ecol\u00f3gicos e duradouros"},"content":{"rendered":"<div class=\"wp-block-columns is-layout-flex wp-container-core-columns-is-layout-9d6595d7 wp-block-columns-is-layout-flex\">\n<div class=\"wp-block-column is-layout-flow wp-block-column-is-layout-flow\">\n<h3 class=\"wp-block-heading\">Par\u00e2metros dos tachos de cozinha<\/h3>\n\n\n\n<p>-N\u00famero do modelo:C1C1-rosa<br>-Material: a\u00e7o inoxid\u00e1vel<br>-Espessura normal: 0,5 mm<br>-Tampa: Tampas de vidro com anel de silicone<br>-Fundo:Fundo sandu\u00edche de indu\u00e7\u00e3o (SUS+2mm Alu+SUS)<br>-Logotipo: serigrafia\/grava\u00e7\u00e3o a laser\/estampagem em relevo<br>-Pega e puxador da tampa: a\u00e7o inoxid\u00e1vel<br><\/p>\n<\/div>\n\n\n\n<div class=\"wp-block-column is-layout-flow wp-block-column-is-layout-flow\">\n<h3 class=\"wp-block-heading\">Tachos de cozinha personalizados<\/h3>\n\n\n\n<p>-Cor:Bege\/Verde\/Rosa<br>-Material:A\u00e7o inoxid\u00e1vel SUS#201\/304\/410\/430<br>-Pega para se adaptar ao seu estilo<br>-Logotipo: personalizar o logotipo da sua marca<br>-embalagem:caixa de cor\/caixa de cart\u00e3o, etc<br><strong><a href=\"https:\/\/www.purecook.com\/pt\/custom-solution\/\" target=\"_blank\" rel=\"noreferrer noopener\">Solu\u00e7\u00f5es personalizadas OEM e ODM<\/a><\/strong><\/p>\n<\/div>\n<\/div>\n\n\n\n<div class=\"wp-block-columns is-layout-flex wp-container-core-columns-is-layout-9d6595d7 wp-block-columns-is-layout-flex\">\n<div class=\"wp-block-column is-layout-flow wp-block-column-is-layout-flow\">\n<figure class=\"wp-block-image size-full\"><img decoding=\"async\" width=\"790\" height=\"1149\" src=\"https:\/\/purecook.com\/wp-content\/uploads\/2024\/05\/wholesale-cooking-pots-4.webp\" alt=\"panelas de cozinha por atacado\" class=\"wp-image-2118\" srcset=\"https:\/\/www.purecook.com\/wp-content\/uploads\/2024\/05\/wholesale-cooking-pots-4.webp 790w, https:\/\/www.purecook.com\/wp-content\/uploads\/2024\/05\/wholesale-cooking-pots-4-206x300.webp 206w, https:\/\/www.purecook.com\/wp-content\/uploads\/2024\/05\/wholesale-cooking-pots-4-768x1117.webp 768w, https:\/\/www.purecook.com\/wp-content\/uploads\/2024\/05\/wholesale-cooking-pots-4-600x873.webp 600w\" sizes=\"(max-width: 790px) 100vw, 790px\" \/><\/figure>\n<\/div>\n\n\n\n<div class=\"wp-block-column is-layout-flow wp-block-column-is-layout-flow\">\n<figure class=\"wp-block-image size-full is-resized\"><img decoding=\"async\" width=\"790\" height=\"1404\" src=\"https:\/\/purecook.com\/wp-content\/uploads\/2024\/05\/wholesale-cooking-pots-5-edited.webp\" alt=\"panelas de cozinha por atacado\" class=\"wp-image-2124\" style=\"width:451px;height:auto\" srcset=\"https:\/\/www.purecook.com\/wp-content\/uploads\/2024\/05\/wholesale-cooking-pots-5-edited.webp 790w, https:\/\/www.purecook.com\/wp-content\/uploads\/2024\/05\/wholesale-cooking-pots-5-edited-169x300.webp 169w, https:\/\/www.purecook.com\/wp-content\/uploads\/2024\/05\/wholesale-cooking-pots-5-edited-768x1365.webp 768w, https:\/\/www.purecook.com\/wp-content\/uploads\/2024\/05\/wholesale-cooking-pots-5-edited-600x1066.webp 600w\" sizes=\"(max-width: 790px) 100vw, 790px\" \/><\/figure>\n<\/div>\n<\/div>","protected":false},"excerpt":{"rendered":"<p>Revolucion\u00e1rio revestimento exterior em cer\u00e2mica de alta temperatura, saud\u00e1vel, bonito e dur\u00e1vel. Apar\u00eancia requintada, adiciona cor \u00e0 cozinha. Suporta personaliza\u00e7\u00e3o dimensional rica, incluindo materiais, cores, tamanhos, al\u00e7as, etc. O nosso objetivo \u00e9 fornecer aos nossos clientes uma vasta gama de produtos e servi\u00e7os.<\/p>\n<h2>Carater\u00edsticas e vantagens dos tachos de cozinha<\/h2>\n<p>1) Materiais ecol\u00f3gicos e seguros, n\u00e3o t\u00f3xicos<\/p>\n<p>2)Condutividade t\u00e9rmica superior para uma cozedura perfeita<\/p>\n<p>3)Limpeza e manuten\u00e7\u00e3o sem esfor\u00e7o<\/p>\n<p>4)Resist\u00eancia avan\u00e7ada \u00e0 corros\u00e3o para uma cozedura higi\u00e9nica<\/p>\n<p>5) Revolucion\u00e1rio revestimento cer\u00e2mico de alta temperatura por pulveriza\u00e7\u00e3o, esteticamente agrad\u00e1vel e dur\u00e1vel<\/p>\n<p>6)Cores\/material\/tamanhos\/al\u00e7as personaliz\u00e1veis para se adaptarem ao seu estilo<\/p>\n<p>7)Sem PFOA<\/p>\n<p>Oferta de panelas de cozinha a granel por atacado<\/p>\n<p><strong><a href=\"https:\/\/www.purecook.com\/pt\/custom-solution\/\" target=\"_blank\" rel=\"noopener\">Suporte OEM&amp;ODM<\/a><\/strong><\/p>\n<p><\/p>","protected":false},"featured_media":2115,"comment_status":"closed","ping_status":"closed","template":"","meta":{"_acf_changed":false},"product_brand":[],"product_cat":[24,69],"product_tag":[98],"class_list":{"0":"post-2114","1":"product","2":"type-product","3":"status-publish","4":"has-post-thumbnail","6":"product_cat-cookware","7":"product_cat-cookware-sets","8":"product_tag-wholesale-home-cookware","10":"first","11":"instock","12":"shipping-taxable","13":"product-type-simple"},"acf":[],"_links":{"self":[{"href":"https:\/\/www.purecook.com\/pt\/wp-json\/wp\/v2\/product\/2114","targetHints":{"allow":["GET"]}}],"collection":[{"href":"https:\/\/www.purecook.com\/pt\/wp-json\/wp\/v2\/product"}],"about":[{"href":"https:\/\/www.purecook.com\/pt\/wp-json\/wp\/v2\/types\/product"}],"replies":[{"embeddable":true,"href":"https:\/\/www.purecook.com\/pt\/wp-json\/wp\/v2\/comments?post=2114"}],"wp:featuredmedia":[{"embeddable":true,"href":"https:\/\/www.purecook.com\/pt\/wp-json\/wp\/v2\/media\/2115"}],"wp:attachment":[{"href":"https:\/\/www.purecook.com\/pt\/wp-json\/wp\/v2\/media?parent=2114"}],"wp:term":[{"taxonomy":"product_brand","embeddable":true,"href":"https:\/\/www.purecook.com\/pt\/wp-json\/wp\/v2\/product_brand?post=2114"},{"taxonomy":"product_cat","embeddable":true,"href":"https:\/\/www.purecook.com\/pt\/wp-json\/wp\/v2\/product_cat?post=2114"},{"taxonomy":"product_tag","embeddable":true,"href":"https:\/\/www.purecook.com\/pt\/wp-json\/wp\/v2\/product_tag?post=2114"}],"curies":[{"name":"wp","href":"https:\/\/api.w.org\/{rel}","templated":true}]}}