{"id":2127,"date":"2024-05-18T11:09:46","date_gmt":"2024-05-18T03:09:46","guid":{"rendered":"https:\/\/purecook.com\/?post_type=product&#038;p=2127"},"modified":"2025-04-27T17:36:57","modified_gmt":"2025-04-27T09:36:57","slug":"custom-cooking-pots-wholesale-green","status":"publish","type":"product","link":"https:\/\/www.purecook.com\/pt\/product\/custom-cooking-pots-wholesale-green\/","title":{"rendered":"Panelas de cozinha personalizadas por atacado feitas de a\u00e7o inoxid\u00e1vel antiaderente de alta qualidade"},"content":{"rendered":"<div class=\"wp-block-columns is-layout-flex wp-container-core-columns-is-layout-9d6595d7 wp-block-columns-is-layout-flex\">\n<div class=\"wp-block-column is-layout-flow wp-block-column-is-layout-flow\">\n<h3 class=\"wp-block-heading\">Par\u00e2metros dos tachos de cozinha<\/h3>\n\n\n\n<p>-N\u00famero do modelo:C1C1-Verde<br>-Material: a\u00e7o inoxid\u00e1vel<br>-Espessura normal: 0,5 mm<br>-Tampa: Tampas de vidro com anel de silicone<br>-Fundo:Fundo sandu\u00edche de indu\u00e7\u00e3o (SUS+2mm Alu+SUS)<br>-Logotipo: serigrafia\/grava\u00e7\u00e3o a laser\/estampagem em relevo<br>-Pega e puxador da tampa: a\u00e7o inoxid\u00e1vel<\/p>\n<\/div>\n\n\n\n<div class=\"wp-block-column is-layout-flow wp-block-column-is-layout-flow\">\n<h3 class=\"wp-block-heading\">Tachos de cozinha personalizados<\/h3>\n\n\n\n<p>-Cor:Bege\/Verde\/Rosa<br>-Material:A\u00e7o inoxid\u00e1vel SUS#201\/304\/410\/430<br>-Pega para se adaptar ao seu estilo<br>-Logotipo: personalizar o logotipo da sua marca<br>-embalagem:caixa de cor\/caixa de cart\u00e3o, etc<br><strong><a href=\"https:\/\/www.purecook.com\/pt\/custom-solution\/\" target=\"_blank\" rel=\"noreferrer noopener\">Solu\u00e7\u00f5es personalizadas OEM e ODM<\/a><\/strong><\/p>\n<\/div>\n<\/div>\n\n\n\n<div class=\"wp-block-columns is-layout-flex wp-container-core-columns-is-layout-9d6595d7 wp-block-columns-is-layout-flex\">\n<div class=\"wp-block-column is-layout-flow wp-block-column-is-layout-flow\">\n<figure class=\"wp-block-image size-full\"><img decoding=\"async\" width=\"800\" height=\"800\" src=\"https:\/\/purecook.com\/wp-content\/uploads\/2024\/05\/custom-cooking-pots-wholesale-11.webp\" alt=\"panelas personalizadas por atacado\" class=\"wp-image-2134\" srcset=\"https:\/\/www.purecook.com\/wp-content\/uploads\/2024\/05\/custom-cooking-pots-wholesale-11.webp 800w, https:\/\/www.purecook.com\/wp-content\/uploads\/2024\/05\/custom-cooking-pots-wholesale-11-300x300.webp 300w, https:\/\/www.purecook.com\/wp-content\/uploads\/2024\/05\/custom-cooking-pots-wholesale-11-150x150.webp 150w, https:\/\/www.purecook.com\/wp-content\/uploads\/2024\/05\/custom-cooking-pots-wholesale-11-768x768.webp 768w, https:\/\/www.purecook.com\/wp-content\/uploads\/2024\/05\/custom-cooking-pots-wholesale-11-600x600.webp 600w, https:\/\/www.purecook.com\/wp-content\/uploads\/2024\/05\/custom-cooking-pots-wholesale-11-100x100.webp 100w\" sizes=\"(max-width: 800px) 100vw, 800px\" \/><\/figure>\n<\/div>\n\n\n\n<div class=\"wp-block-column is-layout-flow wp-block-column-is-layout-flow\">\n<figure class=\"wp-block-image size-full is-resized\"><img decoding=\"async\" width=\"446\" height=\"444\" src=\"https:\/\/purecook.com\/wp-content\/uploads\/2024\/05\/custom-cooking-pots-wholesale.webp\" alt=\"panelas personalizadas por atacado\" class=\"wp-image-2142\" style=\"width:567px;height:auto\" srcset=\"https:\/\/www.purecook.com\/wp-content\/uploads\/2024\/05\/custom-cooking-pots-wholesale.webp 446w, https:\/\/www.purecook.com\/wp-content\/uploads\/2024\/05\/custom-cooking-pots-wholesale-300x300.webp 300w, https:\/\/www.purecook.com\/wp-content\/uploads\/2024\/05\/custom-cooking-pots-wholesale-150x150.webp 150w, https:\/\/www.purecook.com\/wp-content\/uploads\/2024\/05\/custom-cooking-pots-wholesale-100x100.webp 100w\" sizes=\"(max-width: 446px) 100vw, 446px\" \/><\/figure>\n<\/div>\n<\/div>","protected":false},"excerpt":{"rendered":"<p>Panelas de cozinha de alta qualidade por atacado. Excelente condutividade t\u00e9rmica, aquece os alimentos rapidamente e de forma homog\u00e9nea. Feito de a\u00e7o inoxid\u00e1vel de alta qualidade, tem boas propriedades antiaderentes e \u00e9 f\u00e1cil de limpar e manter. Suporta personaliza\u00e7\u00e3o dimensional rica, incluindo materiais, cores, tamanhos, al\u00e7as, etc.<\/p>\n<h2>Carater\u00edsticas e vantagens dos tachos de cozinha<\/h2>\n<p>1) Materiais ecol\u00f3gicos e seguros, n\u00e3o t\u00f3xicos<\/p>\n<p>2)Condutividade t\u00e9rmica superior para uma cozedura perfeita<\/p>\n<p>3)Limpeza e manuten\u00e7\u00e3o sem esfor\u00e7o<\/p>\n<p>4)Resist\u00eancia avan\u00e7ada \u00e0 corros\u00e3o para uma cozedura higi\u00e9nica<\/p>\n<p>5) Revolucion\u00e1rio revestimento cer\u00e2mico de alta temperatura por pulveriza\u00e7\u00e3o, esteticamente agrad\u00e1vel e dur\u00e1vel<\/p>\n<p>6)Cores\/material\/tamanhos\/al\u00e7as personaliz\u00e1veis para se adaptarem ao seu estilo<\/p>\n<p>7)Sem PFOA<\/p>\n<p><strong><a href=\"https:\/\/www.purecook.com\/pt\/custom-solution\/\" target=\"_blank\" rel=\"noopener\">Suporte OEM&amp;ODM<\/a><\/strong><\/p>\n<p><\/p>","protected":false},"featured_media":2132,"comment_status":"closed","ping_status":"closed","template":"","meta":{"_acf_changed":false},"product_brand":[],"product_cat":[24,69],"product_tag":[98],"class_list":{"0":"post-2127","1":"product","2":"type-product","3":"status-publish","4":"has-post-thumbnail","6":"product_cat-cookware","7":"product_cat-cookware-sets","8":"product_tag-wholesale-home-cookware","10":"first","11":"instock","12":"shipping-taxable","13":"product-type-simple"},"acf":[],"_links":{"self":[{"href":"https:\/\/www.purecook.com\/pt\/wp-json\/wp\/v2\/product\/2127","targetHints":{"allow":["GET"]}}],"collection":[{"href":"https:\/\/www.purecook.com\/pt\/wp-json\/wp\/v2\/product"}],"about":[{"href":"https:\/\/www.purecook.com\/pt\/wp-json\/wp\/v2\/types\/product"}],"replies":[{"embeddable":true,"href":"https:\/\/www.purecook.com\/pt\/wp-json\/wp\/v2\/comments?post=2127"}],"wp:featuredmedia":[{"embeddable":true,"href":"https:\/\/www.purecook.com\/pt\/wp-json\/wp\/v2\/media\/2132"}],"wp:attachment":[{"href":"https:\/\/www.purecook.com\/pt\/wp-json\/wp\/v2\/media?parent=2127"}],"wp:term":[{"taxonomy":"product_brand","embeddable":true,"href":"https:\/\/www.purecook.com\/pt\/wp-json\/wp\/v2\/product_brand?post=2127"},{"taxonomy":"product_cat","embeddable":true,"href":"https:\/\/www.purecook.com\/pt\/wp-json\/wp\/v2\/product_cat?post=2127"},{"taxonomy":"product_tag","embeddable":true,"href":"https:\/\/www.purecook.com\/pt\/wp-json\/wp\/v2\/product_tag?post=2127"}],"curies":[{"name":"wp","href":"https:\/\/api.w.org\/{rel}","templated":true}]}}