{"id":2144,"date":"2024-05-18T15:08:56","date_gmt":"2024-05-18T07:08:56","guid":{"rendered":"https:\/\/purecook.com\/?post_type=product&#038;p=2144"},"modified":"2024-11-04T09:34:30","modified_gmt":"2024-11-04T01:34:30","slug":"multifunctional-rice-washing-bowl-wholesale-made-of-high-quality-stainless-steel","status":"publish","type":"product","link":"https:\/\/www.purecook.com\/pt\/product\/multifunctional-rice-washing-bowl-wholesale-made-of-high-quality-stainless-steel\/","title":{"rendered":"Tigela de lavagem de arroz multifuncional por atacado feita de a\u00e7o inoxid\u00e1vel de alta qualidade"},"content":{"rendered":"<div class=\"wp-block-columns is-layout-flex wp-container-core-columns-is-layout-9d6595d7 wp-block-columns-is-layout-flex\">\n<div class=\"wp-block-column is-layout-flow wp-block-column-is-layout-flow\">\n<h3 class=\"wp-block-heading\">Par\u00e2metros do lavat\u00f3rio de arroz<\/h3>\n\n\n\n<p><br><strong>N\u00famero do modelo:Bacia de lavagem-01<\/strong><br>Tipo de utens\u00edlios de mesa: Tigela\/Bacia<br>Material: A\u00e7o inoxid\u00e1vel SS304<br>Espessura: 045-05mm<br>Tampa:Tampas de vidro com anel de silicone<br>Fundo:Fundo sandu\u00edche de indu\u00e7\u00e3o (SUS+2mm Alu+SUS)<br>Cor: prata<br>OEM&amp;ODM: Dispon\u00edvel<br>Utiliza\u00e7\u00e3o: Casa\/Restaurante<br>Utiliza\u00e7\u00e3o sazonal: Toda a esta\u00e7\u00e3o<br>Espa\u00e7o de utiliza\u00e7\u00e3o: cozinha<br>Tamanho da embalagem: 65,5\u00d733,5\u00d752,5cm<br>Peso: 10kg\/caixa<br>MOQ: 100 pcs<br><\/p>\n\n\n\n<h3 class=\"wp-block-heading\">Tigela para lavar arroz personalizada<\/h3>\n\n\n\n<p>embalagem:caixa de cor\/caixa de cart\u00e3o, etc<br>MOQ: 1000<br><strong><a href=\"https:\/\/www.purecook.com\/pt\/custom-solution\/\" target=\"_blank\" rel=\"noreferrer noopener\">Solu\u00e7\u00f5es personalizadas OEM e ODM<\/a><\/strong><\/p>\n<\/div>\n\n\n\n<div class=\"wp-block-column is-layout-flow wp-block-column-is-layout-flow\">\n<h3 class=\"wp-block-heading\">Tipo de ta\u00e7a para lavar arroz<\/h3>\n\n\n\n<div class=\"wp-block-columns is-layout-flex wp-container-core-columns-is-layout-9d6595d7 wp-block-columns-is-layout-flex\">\n<div class=\"wp-block-column is-layout-flow wp-block-column-is-layout-flow\">\n<p><strong>Tipo1<\/strong><br>Tamanho:20cm<br>Di\u00e2metro interior:17cm<br>Altura:9cm<br>Di\u00e2metro do fundo: 11,5 cm<br>Peso:205g<br><strong>Tipo2<\/strong><br>Tamanho:22cm<br>Di\u00e2metro interior:19cm<br>Altura: 9,2 cm<br>Di\u00e2metro do fundo: 14 cm<br>Peso:240g<br><strong>Tipo3<\/strong><br>Tamanho:24cm<br>Di\u00e2metro interior:21cm<br>Altura: 9,8 cm<br>Di\u00e2metro do fundo: 15,5 cm<br>Peso:280g<br><strong>Tipo4<\/strong><br>Tamanho:26cm<br>Di\u00e2metro interior:23cm<br>Altura:10cm<br>Di\u00e2metro do fundo: 17 cm<br>Peso:330g<br><br><br><\/p>\n<\/div>\n\n\n\n<div class=\"wp-block-column is-layout-flow wp-block-column-is-layout-flow\">\n<p><strong>Tipo 5<\/strong><br>Tamanho:28cm<br>Di\u00e2metro interior:25cm<br>Altura:10,7cm<br>Di\u00e2metro do fundo: 18,5 cm<br>Peso:385g<br><strong>Tipo<\/strong>6<br>Tamanho:30cm<br>Di\u00e2metro interior:27cm<br>Altura: 11,2 cm<br>Di\u00e2metro do fundo: 19 cm<br>Peso:410g<br><strong>Tipo 7<\/strong><br>Tamanho:32cm<br>Di\u00e2metro interior: 29 cm<br>Altura:12cm<br>Di\u00e2metro do fundo: 20,5 cm<br>Peso:465g<br><\/p>\n<\/div>\n<\/div>\n<\/div>\n<\/div>\n\n\n\n<div class=\"wp-block-columns is-layout-flex wp-container-core-columns-is-layout-9d6595d7 wp-block-columns-is-layout-flex\">\n<div class=\"wp-block-column is-layout-flow wp-block-column-is-layout-flow\">\n<figure class=\"wp-block-image size-full\"><img decoding=\"async\" width=\"680\" height=\"774\" src=\"https:\/\/purecook.com\/wp-content\/uploads\/2024\/05\/Rice-Washing-Bowl-Wholesale-2.webp\" alt=\"Tigela de lavar arroz por atacado\" class=\"wp-image-2146\" srcset=\"https:\/\/www.purecook.com\/wp-content\/uploads\/2024\/05\/Rice-Washing-Bowl-Wholesale-2.webp 680w, https:\/\/www.purecook.com\/wp-content\/uploads\/2024\/05\/Rice-Washing-Bowl-Wholesale-2-264x300.webp 264w, https:\/\/www.purecook.com\/wp-content\/uploads\/2024\/05\/Rice-Washing-Bowl-Wholesale-2-600x683.webp 600w\" sizes=\"(max-width: 680px) 100vw, 680px\" \/><\/figure>\n<\/div>\n\n\n\n<div class=\"wp-block-column is-layout-flow wp-block-column-is-layout-flow\">\n<figure class=\"wp-block-image size-full is-resized\"><img decoding=\"async\" width=\"680\" height=\"765\" src=\"https:\/\/purecook.com\/wp-content\/uploads\/2024\/05\/Rice-Washing-Bowl-Wholesale-1.webp\" alt=\"Tigela de lavar arroz por atacado\" class=\"wp-image-2145\" style=\"width:561px;height:auto\" srcset=\"https:\/\/www.purecook.com\/wp-content\/uploads\/2024\/05\/Rice-Washing-Bowl-Wholesale-1.webp 680w, https:\/\/www.purecook.com\/wp-content\/uploads\/2024\/05\/Rice-Washing-Bowl-Wholesale-1-267x300.webp 267w, https:\/\/www.purecook.com\/wp-content\/uploads\/2024\/05\/Rice-Washing-Bowl-Wholesale-1-600x675.webp 600w\" sizes=\"(max-width: 680px) 100vw, 680px\" \/><\/figure>\n<\/div>\n<\/div>\n\n\n<div class=\"wp-block-image\">\n<figure class=\"alignleft size-full\"><img decoding=\"async\" width=\"680\" height=\"537\" src=\"https:\/\/purecook.com\/wp-content\/uploads\/2024\/05\/Rice-Washing-Bowl-Wholesale-4.webp\" alt=\"Tigela de lavar arroz por atacado\" class=\"wp-image-2148\" srcset=\"https:\/\/www.purecook.com\/wp-content\/uploads\/2024\/05\/Rice-Washing-Bowl-Wholesale-4.webp 680w, https:\/\/www.purecook.com\/wp-content\/uploads\/2024\/05\/Rice-Washing-Bowl-Wholesale-4-300x237.webp 300w, https:\/\/www.purecook.com\/wp-content\/uploads\/2024\/05\/Rice-Washing-Bowl-Wholesale-4-600x474.webp 600w\" sizes=\"(max-width: 680px) 100vw, 680px\" \/><\/figure>\n<\/div>\n\n<div class=\"wp-block-image\">\n<figure class=\"alignleft size-full is-resized\"><img decoding=\"async\" width=\"680\" height=\"777\" src=\"https:\/\/purecook.com\/wp-content\/uploads\/2024\/05\/Rice-Washing-Bowl-Wholesale-6.webp\" alt=\"Tigela de lavar arroz por atacado\" class=\"wp-image-2150\" style=\"width:355px;height:auto\" srcset=\"https:\/\/www.purecook.com\/wp-content\/uploads\/2024\/05\/Rice-Washing-Bowl-Wholesale-6.webp 680w, https:\/\/www.purecook.com\/wp-content\/uploads\/2024\/05\/Rice-Washing-Bowl-Wholesale-6-263x300.webp 263w, https:\/\/www.purecook.com\/wp-content\/uploads\/2024\/05\/Rice-Washing-Bowl-Wholesale-6-600x686.webp 600w\" sizes=\"(max-width: 680px) 100vw, 680px\" \/><\/figure>\n<\/div>","protected":false},"excerpt":{"rendered":"<p>Os nossos tachos e panelas personalizados em a\u00e7o inoxid\u00e1vel de primeira qualidade s\u00e3o constru\u00eddos para uma elevada qualidade e durabilidade. Fabricadas em a\u00e7o inoxid\u00e1vel de alta qualidade. N\u00e3o \u00e9 f\u00e1cil de deformar, superf\u00edcie lisa, f\u00e1cil de limpar, pode ser usado durante muito tempo.<\/p>\n<h2>Carater\u00edsticas e vantagens da ta\u00e7a de lavagem de arroz<\/h2>\n<p>- A\u00e7o inoxid\u00e1vel de alta qualidade, s\u00f3lido e duradouro, sem deforma\u00e7\u00e3o;<\/p>\n<p>- Acabamentos de superf\u00edcie, brilhantes e bonitos;<\/p>\n<p>- F\u00e1cil de limpar, n\u00e3o magn\u00e9tico;<\/p>\n<p>- Multiusos, c\u00f3modo e pr\u00e1tico;<\/p>\n<p>- Adequado para uso dom\u00e9stico, restaurante, hotel;<\/p>\n<p>- Polimento espelhado \/ Polimento espelhado no interior, polimento acetinado no exterior;<\/p>\n<p>- Adequado para placas de fog\u00e3o el\u00e9ctricas, de cer\u00e2mica, a g\u00e1s e de indu\u00e7\u00e3o<\/p>\n<p>- Pode ser lavado na m\u00e1quina de lavar lou\u00e7a;<\/p>\n<p>- Log\u00f3tipo: impress\u00e3o serigr\u00e1fica\/grava\u00e7\u00e3o a laser\/grava\u00e7\u00e3o em relevo;<\/p>\n<p>- OEM&amp;ODM: Dispon\u00edvel;<\/p>\n<p>- Com v\u00e1rios tamanhos e cores de acordo com a sua necessidade<\/p>\n<p><strong><a href=\"https:\/\/www.purecook.com\/pt\/custom-solution\/\" target=\"_blank\" rel=\"noopener\">Suporte OEM&amp;ODM<\/a><\/strong><\/p>\n<p><\/p>","protected":false},"featured_media":2152,"comment_status":"closed","ping_status":"closed","template":"","meta":{"_acf_changed":false},"product_brand":[],"product_cat":[52,65],"product_tag":[],"class_list":{"0":"post-2144","1":"product","2":"type-product","3":"status-publish","4":"has-post-thumbnail","6":"product_cat-kitchen-utensils","7":"product_cat-kitchen-strainer-and-colander","9":"first","10":"instock","11":"shipping-taxable","12":"product-type-simple"},"acf":[],"_links":{"self":[{"href":"https:\/\/www.purecook.com\/pt\/wp-json\/wp\/v2\/product\/2144","targetHints":{"allow":["GET"]}}],"collection":[{"href":"https:\/\/www.purecook.com\/pt\/wp-json\/wp\/v2\/product"}],"about":[{"href":"https:\/\/www.purecook.com\/pt\/wp-json\/wp\/v2\/types\/product"}],"replies":[{"embeddable":true,"href":"https:\/\/www.purecook.com\/pt\/wp-json\/wp\/v2\/comments?post=2144"}],"wp:featuredmedia":[{"embeddable":true,"href":"https:\/\/www.purecook.com\/pt\/wp-json\/wp\/v2\/media\/2152"}],"wp:attachment":[{"href":"https:\/\/www.purecook.com\/pt\/wp-json\/wp\/v2\/media?parent=2144"}],"wp:term":[{"taxonomy":"product_brand","embeddable":true,"href":"https:\/\/www.purecook.com\/pt\/wp-json\/wp\/v2\/product_brand?post=2144"},{"taxonomy":"product_cat","embeddable":true,"href":"https:\/\/www.purecook.com\/pt\/wp-json\/wp\/v2\/product_cat?post=2144"},{"taxonomy":"product_tag","embeddable":true,"href":"https:\/\/www.purecook.com\/pt\/wp-json\/wp\/v2\/product_tag?post=2144"}],"curies":[{"name":"wp","href":"https:\/\/api.w.org\/{rel}","templated":true}]}}