{"id":2160,"date":"2025-07-26T18:29:43","date_gmt":"2024-05-18T09:22:09","guid":{"rendered":"https:\/\/purecook.com\/?post_type=product&#038;p=2160"},"modified":"2025-11-24T15:03:47","modified_gmt":"2025-11-24T07:03:47","slug":"wholesale-baking-trays-with-grill-rack","status":"publish","type":"product","link":"https:\/\/www.purecook.com\/pt\/product\/wholesale-baking-trays-with-grill-rack\/","title":{"rendered":"Venda direta da f\u00e1brica de tabuleiros empilh\u00e1veis por atacado com grelha em v\u00e1rios tamanhos, assadeiras a granel"},"content":{"rendered":"<div class=\"wp-block-columns is-layout-flex wp-container-core-columns-is-layout-9d6595d7 wp-block-columns-is-layout-flex\">\n<div class=\"wp-block-column is-layout-flow wp-block-column-is-layout-flow\">\n<h3 class=\"wp-block-heading\">Par\u00e2metros dos tabuleiros de cozedura<\/h3>\n\n\n\n<p><strong>N\u00famero do modelo: tabuleiro-01<\/strong><br><strong>Tipo: <\/strong>Tabuleiro de cozedura<br><strong>Nome do produto:<\/strong> Assadeira com grelha para grelhar<br><strong>Material:<\/strong> A\u00e7o inoxid\u00e1vel 201<br><strong>Espessura: <\/strong>50\/70mm<br>Utiliza\u00e7\u00e3o em casa, hotel, restaurante<br><strong>MOQ: <\/strong>100 unidades<br><strong>tamanho do tipo1: <\/strong>270 x 200 x 50 mm<br><strong>tamanho do tipo2:<\/strong> 270\u00d7200\u00d770mm<br><strong>tamanho do tipo3:<\/strong> 320\u00d7220\u00d750mm<br><strong>tamanho do tipo4:<\/strong> 320\u00d7220\u00d770mm<br><strong>tamanho do tipo5:<\/strong> 355 x 265 x 50 mm<br><strong>tamanho do tipo6:<\/strong> 355\u00d7265\u00d770mm<br><strong>tamanho do tipo7:<\/strong> 395\u00d7295\u00d750mm<br><strong>tamanho do tipo8:<\/strong> 395 x 295 x 70mm<\/p>\n<\/div>\n\n\n\n<div class=\"wp-block-column is-layout-flow wp-block-column-is-layout-flow\">\n<h3 class=\"wp-block-heading\">Solu\u00e7\u00f5es personalizadas para pastelaria<\/h3>\n\n\n\n<p><strong>Log\u00f3tipo: <\/strong>Personaliz\u00e1vel com o log\u00f3tipo da sua marca<br><strong>Embalagem: <\/strong>cor da caixa\/caixa de cart\u00e3o, etc.<br><strong>Padr\u00f5es:<\/strong> Padr\u00e3o personaliz\u00e1vel<br><strong>MOQ:<\/strong> 1000<br><strong><a href=\"https:\/\/www.purecook.com\/pt\/custom-solution\/\" target=\"_blank\" rel=\"noreferrer noopener\">Solu\u00e7\u00f5es de pastelaria personalizadas OEM e ODM<\/a><\/strong><\/p>\n<\/div>\n<\/div>\n\n\n\n<div class=\"wp-block-columns is-layout-flex wp-container-core-columns-is-layout-9d6595d7 wp-block-columns-is-layout-flex\">\n<div class=\"wp-block-column is-layout-flow wp-block-column-is-layout-flow\">\n<figure class=\"wp-block-image size-full\"><img decoding=\"async\" width=\"492\" height=\"492\" src=\"https:\/\/purecook.com\/wp-content\/uploads\/2024\/05\/custom-baking-trays-with-rack-7.webp\" alt=\"tabuleiros personalizados com grelha\" class=\"wp-image-2163\" srcset=\"https:\/\/www.purecook.com\/wp-content\/uploads\/2024\/05\/custom-baking-trays-with-rack-7.webp 492w, https:\/\/www.purecook.com\/wp-content\/uploads\/2024\/05\/custom-baking-trays-with-rack-7-300x300.webp 300w, https:\/\/www.purecook.com\/wp-content\/uploads\/2024\/05\/custom-baking-trays-with-rack-7-150x150.webp 150w, https:\/\/www.purecook.com\/wp-content\/uploads\/2024\/05\/custom-baking-trays-with-rack-7-100x100.webp 100w\" sizes=\"(max-width: 492px) 100vw, 492px\" \/><\/figure>\n<\/div>\n\n\n\n<div class=\"wp-block-column is-layout-flow wp-block-column-is-layout-flow\">\n<figure class=\"wp-block-image size-full\"><img decoding=\"async\" width=\"492\" height=\"492\" src=\"https:\/\/purecook.com\/wp-content\/uploads\/2024\/05\/custom-baking-trays-with-rack-6.webp\" alt=\"tabuleiros personalizados com grelha\" class=\"wp-image-2162\" srcset=\"https:\/\/www.purecook.com\/wp-content\/uploads\/2024\/05\/custom-baking-trays-with-rack-6.webp 492w, https:\/\/www.purecook.com\/wp-content\/uploads\/2024\/05\/custom-baking-trays-with-rack-6-300x300.webp 300w, https:\/\/www.purecook.com\/wp-content\/uploads\/2024\/05\/custom-baking-trays-with-rack-6-150x150.webp 150w, https:\/\/www.purecook.com\/wp-content\/uploads\/2024\/05\/custom-baking-trays-with-rack-6-100x100.webp 100w\" sizes=\"(max-width: 492px) 100vw, 492px\" \/><\/figure>\n<\/div>\n<\/div>","protected":false},"excerpt":{"rendered":"<p>Tabuleiros de cozedura por grosso. Os tabuleiros de cozedura s\u00e3o feitos de a\u00e7o inoxid\u00e1vel 304 de qualidade alimentar, com um design modular de tr\u00eas pe\u00e7as, incluindo um tabuleiro raso, uma grelha de cozedura e um tabuleiro fundo, adequado para tarefas de cozedura como grelhar, assar, cozer, etc. Est\u00e3o dispon\u00edveis op\u00e7\u00f5es de personaliza\u00e7\u00e3o OEM e ODM para encomendas em massa. Contacte a Purecook para obter o melhor or\u00e7amento dos profissionais de a\u00e7o inoxid\u00e1vel <a href=\"https:\/\/www.purecook.com\/pt\/categoria-produto\/panificacao\/\" target=\"_blank\" rel=\"noopener\"><strong>fabricante de pastelaria<\/strong><\/a>.<\/p>\n<h2>Carater\u00edsticas e vantagens dos tabuleiros para bolos.<\/h2>\n<p><strong>Design espessado:<\/strong> Os tabuleiros de cozedura adoptam uma estrutura espessa com uma forte capacidade de carga e elevada resist\u00eancia. Pode acomodar mais alimentos e prevenir eficazmente o empeno e a deforma\u00e7\u00e3o a altas temperaturas.<\/p>\n<p><strong>Conjunto de tr\u00eas pe\u00e7as com m\u00faltiplas fun\u00e7\u00f5es:<\/strong> O conjunto cont\u00e9m tr\u00eas pe\u00e7as multifuncionais, um tabuleiro raso para grelhar e fritar, uma grelha para escorrer o \u00f3leo e circula\u00e7\u00e3o de ar e um tabuleiro fundo para cozer ou reter l\u00edquidos. Adequado para fritar, cozer, assar e estufar, permitindo-lhe cozinhar uma variedade de alimentos com um \u00fanico conjunto de utens\u00edlios de cozinha.<\/p>\n<p><strong>Design empilh\u00e1vel que poupa espa\u00e7o:<\/strong> Os componentes foram concebidos para serem empilhados verticalmente, ocupando menos espa\u00e7o, o que os torna convenientes para serem guardados numa cozinha pequena ou em acampamentos.<\/p>\n<p><strong>8 tamanhos \u00e0 escolha:<\/strong> O nosso conjunto de tabuleiros de a\u00e7o inoxid\u00e1vel com v\u00e1rias camadas oferece oito tamanhos diferentes, adequados para tarefas culin\u00e1rias espec\u00edficas, indo ao encontro de v\u00e1rias actividades na cozinha ou no exterior.<\/p>\n<p><strong>Suporte \u00e0 personaliza\u00e7\u00e3o OEM e ODM:<\/strong> Como fabricante profissional de artigos para pastelaria, apoiamos o tamanho, a embalagem e o design funcional dos tabuleiros de a\u00e7o inoxid\u00e1vel para pastelaria de v\u00e1rias camadas para satisfazer as necessidades da sua marca ou do mercado.<\/p>\n<p><strong><a href=\"https:\/\/www.purecook.com\/pt\/custom-solution\/\">Solu\u00e7\u00f5es de pastelaria personalizadas OEM&amp;ODM \u2192<\/a><\/strong><\/p>","protected":false},"featured_media":4211,"comment_status":"closed","ping_status":"closed","template":"","meta":{"_acf_changed":false},"product_brand":[],"product_cat":[27,107],"product_tag":[],"class_list":{"0":"post-2160","1":"product","2":"type-product","3":"status-publish","4":"has-post-thumbnail","6":"product_cat-bakeware","7":"product_cat-baking-sheet","9":"first","10":"instock","11":"shipping-taxable","12":"product-type-simple"},"acf":[],"_links":{"self":[{"href":"https:\/\/www.purecook.com\/pt\/wp-json\/wp\/v2\/product\/2160","targetHints":{"allow":["GET"]}}],"collection":[{"href":"https:\/\/www.purecook.com\/pt\/wp-json\/wp\/v2\/product"}],"about":[{"href":"https:\/\/www.purecook.com\/pt\/wp-json\/wp\/v2\/types\/product"}],"replies":[{"embeddable":true,"href":"https:\/\/www.purecook.com\/pt\/wp-json\/wp\/v2\/comments?post=2160"}],"wp:featuredmedia":[{"embeddable":true,"href":"https:\/\/www.purecook.com\/pt\/wp-json\/wp\/v2\/media\/4211"}],"wp:attachment":[{"href":"https:\/\/www.purecook.com\/pt\/wp-json\/wp\/v2\/media?parent=2160"}],"wp:term":[{"taxonomy":"product_brand","embeddable":true,"href":"https:\/\/www.purecook.com\/pt\/wp-json\/wp\/v2\/product_brand?post=2160"},{"taxonomy":"product_cat","embeddable":true,"href":"https:\/\/www.purecook.com\/pt\/wp-json\/wp\/v2\/product_cat?post=2160"},{"taxonomy":"product_tag","embeddable":true,"href":"https:\/\/www.purecook.com\/pt\/wp-json\/wp\/v2\/product_tag?post=2160"}],"curies":[{"name":"wp","href":"https:\/\/api.w.org\/{rel}","templated":true}]}}