{"id":2168,"date":"2024-05-19T14:21:29","date_gmt":"2024-05-19T06:21:29","guid":{"rendered":"https:\/\/purecook.com\/?post_type=product&#038;p=2168"},"modified":"2024-06-03T17:46:26","modified_gmt":"2024-06-03T09:46:26","slug":"small-sauce-dishes-wholesale-made-of-premium-stainless-steel","status":"publish","type":"product","link":"https:\/\/www.purecook.com\/pt\/product\/small-sauce-dishes-wholesale-made-of-premium-stainless-steel\/","title":{"rendered":"Pratos para molhos pequenos Wholesale feitos de a\u00e7o inoxid\u00e1vel de qualidade superior"},"content":{"rendered":"<div class=\"wp-block-columns is-layout-flex wp-container-core-columns-is-layout-9d6595d7 wp-block-columns-is-layout-flex\">\n<div class=\"wp-block-column is-layout-flow wp-block-column-is-layout-flow\">\n<h3 class=\"wp-block-heading\">Par\u00e2metros dos pratos de molho por atacado<\/h3>\n\n\n\n<p><strong>N\u00famero do modelo:Prato redondo-1<\/strong><br>Material: A\u00e7o inoxid\u00e1vel 304<br>Tratamento de superf\u00edcie: galvanizado \/ mate<br>Espessura: 0,9 mm<br>Tamanho: 7,5\/9,7 cm<br>Cor: prata<br>dimens\u00e3o da embalagem:40\u00d740\u00d730 \/caixas<br>Peso bruto:20kg\/caixa<br>Log\u00f3tipo: aceita log\u00f3tipo personalizado<br>MOQ 360 pcs<\/p>\n<\/div>\n\n\n\n<div class=\"wp-block-column is-layout-flow wp-block-column-is-layout-flow\">\n<h3 class=\"wp-block-heading\">Pratos de molho personalizados <\/h3>\n\n\n\n<p>Log\u00f3tipo: personalizar o log\u00f3tipo da sua marca<br>Embalagem: caixa de cor\/caixa de cart\u00e3o, etc.<br>Padr\u00f5es: personalizar os padr\u00f5es pretendidos<br>MOQ: 1000<br><strong><a href=\"https:\/\/www.purecook.com\/pt\/custom-solution\/\" target=\"_blank\" rel=\"noreferrer noopener\">Solu\u00e7\u00f5es personalizadas OEM e ODM<\/a><\/strong><\/p>\n<\/div>\n<\/div>\n\n\n\n<div class=\"wp-block-columns is-layout-flex wp-container-core-columns-is-layout-9d6595d7 wp-block-columns-is-layout-flex\">\n<div class=\"wp-block-column is-layout-flow wp-block-column-is-layout-flow\">\n<figure class=\"wp-block-image size-full\"><img decoding=\"async\" width=\"800\" height=\"800\" src=\"https:\/\/purecook.com\/wp-content\/uploads\/2024\/05\/sauce-dish-wholesle3.webp\" alt=\"prato de molho por atacado\" class=\"wp-image-2171\" srcset=\"https:\/\/www.purecook.com\/wp-content\/uploads\/2024\/05\/sauce-dish-wholesle3.webp 800w, https:\/\/www.purecook.com\/wp-content\/uploads\/2024\/05\/sauce-dish-wholesle3-300x300.webp 300w, https:\/\/www.purecook.com\/wp-content\/uploads\/2024\/05\/sauce-dish-wholesle3-150x150.webp 150w, https:\/\/www.purecook.com\/wp-content\/uploads\/2024\/05\/sauce-dish-wholesle3-768x768.webp 768w, https:\/\/www.purecook.com\/wp-content\/uploads\/2024\/05\/sauce-dish-wholesle3-600x600.webp 600w, https:\/\/www.purecook.com\/wp-content\/uploads\/2024\/05\/sauce-dish-wholesle3-100x100.webp 100w\" sizes=\"(max-width: 800px) 100vw, 800px\" \/><\/figure>\n<\/div>\n\n\n\n<div class=\"wp-block-column is-layout-flow wp-block-column-is-layout-flow\">\n<figure class=\"wp-block-image size-full\"><img decoding=\"async\" width=\"800\" height=\"800\" src=\"https:\/\/purecook.com\/wp-content\/uploads\/2024\/05\/sauce-dish-wholesle5.webp\" alt=\"prato de molho por atacado\" class=\"wp-image-2173\" srcset=\"https:\/\/www.purecook.com\/wp-content\/uploads\/2024\/05\/sauce-dish-wholesle5.webp 800w, https:\/\/www.purecook.com\/wp-content\/uploads\/2024\/05\/sauce-dish-wholesle5-300x300.webp 300w, https:\/\/www.purecook.com\/wp-content\/uploads\/2024\/05\/sauce-dish-wholesle5-150x150.webp 150w, https:\/\/www.purecook.com\/wp-content\/uploads\/2024\/05\/sauce-dish-wholesle5-768x768.webp 768w, https:\/\/www.purecook.com\/wp-content\/uploads\/2024\/05\/sauce-dish-wholesle5-600x600.webp 600w, https:\/\/www.purecook.com\/wp-content\/uploads\/2024\/05\/sauce-dish-wholesle5-100x100.webp 100w\" sizes=\"(max-width: 800px) 100vw, 800px\" \/><\/figure>\n<\/div>\n<\/div>","protected":false},"excerpt":{"rendered":"<p>Feito de material de a\u00e7o inoxid\u00e1vel de alta qualidade, n\u00e3o h\u00e1 necessidade de se preocupar com ferrugem ou mudan\u00e7a de cor ap\u00f3s o uso a longo prazo. \u00c9 adequado para uso em resid\u00eancias, restaurantes e hot\u00e9is. Pode conter condimentos, acompanhamentos, lanches, etc. O design da superf\u00edcie lisa e sem falhas \u00e9 bonito e f\u00e1cil de limpar. Suporta log\u00f3tipos e padr\u00f5es personalizados.<\/p>\n<h2>Carater\u00edsticas e vantagens dos pequenos pratos de molho<\/h2>\n<p><strong>Design retro<\/strong>: O design exclusivo de estilo retro n\u00e3o \u00e9 apenas um utens\u00edlio de mesa, mas tamb\u00e9m uma obra de arte decorativa que pode melhorar o estilo da sua casa ou do seu escrit\u00f3rio.<\/p>\n<p><strong>Durabilidade do material<\/strong>: Feito de material de a\u00e7o inoxid\u00e1vel 304 de alta qualidade, juntamente com o processo de tratamento de superf\u00edcie, \u00e9 dur\u00e1vel e garante que mant\u00e9m a sua beleza e funcionalidade mesmo ap\u00f3s uma utiliza\u00e7\u00e3o prolongada.<\/p>\n<p><strong>Polivalente<\/strong>: Pode ser utilizado para cozer, sobremesas, snacks, condimentos e outros produtos alimentares.<\/p>","protected":false},"featured_media":2171,"comment_status":"closed","ping_status":"closed","template":"","meta":{"_acf_changed":false},"product_brand":[],"product_cat":[55,51],"product_tag":[],"class_list":{"0":"post-2168","1":"product","2":"type-product","3":"status-publish","4":"has-post-thumbnail","6":"product_cat-dish-and-plate","7":"product_cat-dinnerware","9":"first","10":"instock","11":"shipping-taxable","12":"product-type-simple"},"acf":[],"_links":{"self":[{"href":"https:\/\/www.purecook.com\/pt\/wp-json\/wp\/v2\/product\/2168","targetHints":{"allow":["GET"]}}],"collection":[{"href":"https:\/\/www.purecook.com\/pt\/wp-json\/wp\/v2\/product"}],"about":[{"href":"https:\/\/www.purecook.com\/pt\/wp-json\/wp\/v2\/types\/product"}],"replies":[{"embeddable":true,"href":"https:\/\/www.purecook.com\/pt\/wp-json\/wp\/v2\/comments?post=2168"}],"wp:featuredmedia":[{"embeddable":true,"href":"https:\/\/www.purecook.com\/pt\/wp-json\/wp\/v2\/media\/2171"}],"wp:attachment":[{"href":"https:\/\/www.purecook.com\/pt\/wp-json\/wp\/v2\/media?parent=2168"}],"wp:term":[{"taxonomy":"product_brand","embeddable":true,"href":"https:\/\/www.purecook.com\/pt\/wp-json\/wp\/v2\/product_brand?post=2168"},{"taxonomy":"product_cat","embeddable":true,"href":"https:\/\/www.purecook.com\/pt\/wp-json\/wp\/v2\/product_cat?post=2168"},{"taxonomy":"product_tag","embeddable":true,"href":"https:\/\/www.purecook.com\/pt\/wp-json\/wp\/v2\/product_tag?post=2168"}],"curies":[{"name":"wp","href":"https:\/\/api.w.org\/{rel}","templated":true}]}}