{"id":2174,"date":"2024-05-19T19:14:33","date_gmt":"2024-05-19T11:14:33","guid":{"rendered":"https:\/\/purecook.com\/?post_type=product&#038;p=2174"},"modified":"2025-04-27T17:36:19","modified_gmt":"2025-04-27T09:36:19","slug":"wholesale-frying-pans","status":"publish","type":"product","link":"https:\/\/www.purecook.com\/pt\/product\/wholesale-frying-pans\/","title":{"rendered":"Frigideiras por atacado Fabricadas em a\u00e7o de tr\u00eas camadas"},"content":{"rendered":"<div class=\"wp-block-columns is-layout-flex wp-container-core-columns-is-layout-9d6595d7 wp-block-columns-is-layout-flex\">\n<div class=\"wp-block-column is-layout-flow wp-block-column-is-layout-flow\">\n<h3 class=\"wp-block-heading\">Par\u00e2metros das frigideiras<\/h3>\n\n\n\n<p><strong>N\u00famero do modelo: CG0032<\/strong><br>Material do recipiente: tr\u00eas camadas de a\u00e7o inoxid\u00e1vel (SS304 + ALU + SS430)<br>Material da pega da panela: SUS201 (rebitado\/soldado por pontos)<br>Espessura: 2 mm<br><strong>Tamanho1:<\/strong><br>com tampa de vidro\/a\u00e7o 30 cm<br>Di\u00e2metro 30 cm. Altura 8,5 cm.<br>Com tampa de vidro (peso l\u00edquido: 2,1 kg\/conjunto)<br>com tampa de a\u00e7o (peso l\u00edquido: 2 kg\/conjunto)<br>sem tampa de vidro (peso l\u00edquido: 1,35 kg\/conjunto)<\/p>\n<\/div>\n\n\n\n<div class=\"wp-block-column is-layout-flow wp-block-column-is-layout-flow\">\n<h2 class=\"wp-block-heading\"> <\/h2>\n\n\n\n<p><strong>tamanho2:<\/strong><br>com tampa de vidro\/forro de a\u00e7o 32cm<br>Di\u00e2metro 32 cm, altura 9 cm<br>Com tampa de vidro (NW:2,45kg\/conjunto)<br>Com inserto de a\u00e7o (NW:2,3 kg\/conjunto)<br>Sem tampa (Peso l\u00edquido: 1,56 kg\/conjunto)<br><strong>tamanho3:<\/strong><br>com tampa de vidro\/a\u00e7o 34 cm<br>Di\u00e2metro 34 cm, altura 9,5 cm<br>Com tampa de vidro (peso l\u00edquido: 2,75 kg\/conjunto)<br>com tampa de a\u00e7o (peso l\u00edquido: 2,58 kg\/conjunto)<br>sem tampa (peso l\u00edquido: 1,75 kg\/conjunto)<br>MOQ 360 pcs<\/p>\n<\/div>\n<\/div>\n\n\n\n<h3 class=\"wp-block-heading\">Frigideiras personalizadas<\/h3>\n\n\n\n<p>Embalagem: caixa de cor\/caixa de cart\u00e3o, etc.<br>MOQ: 1000<br><strong><a href=\"https:\/\/www.purecook.com\/pt\/custom-solution\/\" target=\"_blank\" rel=\"noreferrer noopener\">Solu\u00e7\u00f5es personalizadas OEM e ODM<\/a><\/strong><\/p>\n\n\n\n<div class=\"wp-block-columns is-layout-flex wp-container-core-columns-is-layout-9d6595d7 wp-block-columns-is-layout-flex\">\n<div class=\"wp-block-column is-layout-flow wp-block-column-is-layout-flow\">\n<figure class=\"wp-block-image size-full\"><img decoding=\"async\" width=\"800\" height=\"800\" src=\"https:\/\/purecook.com\/wp-content\/uploads\/2024\/05\/Wholesale-Frying-Pans-Three-layer-steel-5.webp\" alt=\"Frigideiras por atacado Fabricadas em a\u00e7o de tr\u00eas camadas\" class=\"wp-image-2179\" srcset=\"https:\/\/www.purecook.com\/wp-content\/uploads\/2024\/05\/Wholesale-Frying-Pans-Three-layer-steel-5.webp 800w, https:\/\/www.purecook.com\/wp-content\/uploads\/2024\/05\/Wholesale-Frying-Pans-Three-layer-steel-5-300x300.webp 300w, https:\/\/www.purecook.com\/wp-content\/uploads\/2024\/05\/Wholesale-Frying-Pans-Three-layer-steel-5-150x150.webp 150w, https:\/\/www.purecook.com\/wp-content\/uploads\/2024\/05\/Wholesale-Frying-Pans-Three-layer-steel-5-768x768.webp 768w, https:\/\/www.purecook.com\/wp-content\/uploads\/2024\/05\/Wholesale-Frying-Pans-Three-layer-steel-5-600x600.webp 600w, https:\/\/www.purecook.com\/wp-content\/uploads\/2024\/05\/Wholesale-Frying-Pans-Three-layer-steel-5-100x100.webp 100w\" sizes=\"(max-width: 800px) 100vw, 800px\" \/><\/figure>\n<\/div>\n\n\n\n<div class=\"wp-block-column is-layout-flow wp-block-column-is-layout-flow\">\n<figure class=\"wp-block-image size-full\"><img decoding=\"async\" width=\"800\" height=\"800\" src=\"https:\/\/purecook.com\/wp-content\/uploads\/2024\/05\/Wholesale-Frying-Pans-Three-layer-steel-4.webp\" alt=\"Frigideiras por atacado Fabricadas em a\u00e7o de tr\u00eas camadas\" class=\"wp-image-2178\" srcset=\"https:\/\/www.purecook.com\/wp-content\/uploads\/2024\/05\/Wholesale-Frying-Pans-Three-layer-steel-4.webp 800w, https:\/\/www.purecook.com\/wp-content\/uploads\/2024\/05\/Wholesale-Frying-Pans-Three-layer-steel-4-300x300.webp 300w, https:\/\/www.purecook.com\/wp-content\/uploads\/2024\/05\/Wholesale-Frying-Pans-Three-layer-steel-4-150x150.webp 150w, https:\/\/www.purecook.com\/wp-content\/uploads\/2024\/05\/Wholesale-Frying-Pans-Three-layer-steel-4-768x768.webp 768w, https:\/\/www.purecook.com\/wp-content\/uploads\/2024\/05\/Wholesale-Frying-Pans-Three-layer-steel-4-600x600.webp 600w, https:\/\/www.purecook.com\/wp-content\/uploads\/2024\/05\/Wholesale-Frying-Pans-Three-layer-steel-4-100x100.webp 100w\" sizes=\"(max-width: 800px) 100vw, 800px\" \/><\/figure>\n<\/div>\n<\/div>","protected":false},"excerpt":{"rendered":"<p>Estrutura de a\u00e7o composto de tr\u00eas camadas, a camada interm\u00e9dia \u00e9 um n\u00facleo de alum\u00ednio, e as camadas exterior e interior s\u00e3o feitas de a\u00e7o inoxid\u00e1vel de alta qualidade para garantir uma condu\u00e7\u00e3o de calor uniforme e um aumento r\u00e1pido da temperatura. Pode ser utilizada para cozinhar, fazer sopa e fritar. H\u00e1 uma variedade de especifica\u00e7\u00f5es \u00e0 escolha para satisfazer as suas necessidades de compra. \u00c9 muito adequada para uso dom\u00e9stico ou para cozinheiros profissionais em restaurantes.<\/p>\n<h2>Carater\u00edsticas e vantagens das frigideiras<\/h2>\n<p>Fritura r\u00e1pida, fritura pequena, saltear r\u00e1pido! A frigideira ideal para todos os tipos de alimentos.<\/p>\n<p>Design composto de v\u00e1rias camadas:<\/p>\n<p>1: Revestimento de a\u00e7o inoxid\u00e1vel 18\/10(304) de qualidade alimentar<\/p>\n<p>2: Alum\u00ednio espesso - Excelente condutividade t\u00e9rmica;<\/p>\n<p>3: A\u00e7o inoxid\u00e1vel 18\/0 (430) de elevada condutividade magn\u00e9tica, compat\u00edvel com placas de indu\u00e7\u00e3o;<\/p>\n<p><\/p>","protected":false},"featured_media":2177,"comment_status":"closed","ping_status":"closed","template":"","meta":{"_acf_changed":false},"product_brand":[],"product_cat":[24,71],"product_tag":[97,98],"class_list":{"0":"post-2174","1":"product","2":"type-product","3":"status-publish","4":"has-post-thumbnail","6":"product_cat-cookware","7":"product_cat-frying-pan","8":"product_tag-wholesale-commercial-cookware","9":"product_tag-wholesale-home-cookware","11":"first","12":"instock","13":"shipping-taxable","14":"product-type-simple"},"acf":[],"_links":{"self":[{"href":"https:\/\/www.purecook.com\/pt\/wp-json\/wp\/v2\/product\/2174","targetHints":{"allow":["GET"]}}],"collection":[{"href":"https:\/\/www.purecook.com\/pt\/wp-json\/wp\/v2\/product"}],"about":[{"href":"https:\/\/www.purecook.com\/pt\/wp-json\/wp\/v2\/types\/product"}],"replies":[{"embeddable":true,"href":"https:\/\/www.purecook.com\/pt\/wp-json\/wp\/v2\/comments?post=2174"}],"wp:featuredmedia":[{"embeddable":true,"href":"https:\/\/www.purecook.com\/pt\/wp-json\/wp\/v2\/media\/2177"}],"wp:attachment":[{"href":"https:\/\/www.purecook.com\/pt\/wp-json\/wp\/v2\/media?parent=2174"}],"wp:term":[{"taxonomy":"product_brand","embeddable":true,"href":"https:\/\/www.purecook.com\/pt\/wp-json\/wp\/v2\/product_brand?post=2174"},{"taxonomy":"product_cat","embeddable":true,"href":"https:\/\/www.purecook.com\/pt\/wp-json\/wp\/v2\/product_cat?post=2174"},{"taxonomy":"product_tag","embeddable":true,"href":"https:\/\/www.purecook.com\/pt\/wp-json\/wp\/v2\/product_tag?post=2174"}],"curies":[{"name":"wp","href":"https:\/\/api.w.org\/{rel}","templated":true}]}}