{"id":2188,"date":"2024-05-19T20:24:53","date_gmt":"2024-05-19T12:24:53","guid":{"rendered":"https:\/\/purecook.com\/?post_type=product&#038;p=2188"},"modified":"2024-11-04T10:33:13","modified_gmt":"2024-11-04T02:33:13","slug":"wholesale-salad-bowls-boat-shape","status":"publish","type":"product","link":"https:\/\/www.purecook.com\/pt\/product\/wholesale-salad-bowls-boat-shape\/","title":{"rendered":"Saladeiras por grosso com bonita forma de barco"},"content":{"rendered":"<div class=\"wp-block-columns is-layout-flex wp-container-core-columns-is-layout-9d6595d7 wp-block-columns-is-layout-flex\">\n<div class=\"wp-block-column is-layout-flow wp-block-column-is-layout-flow\">\n<h3 class=\"wp-block-heading\">Par\u00e2metros das saladeiras<\/h3>\n\n\n\n<p><strong>N\u00famero do modelo:bowl-005<\/strong><br>Nome do produto\uff1aBandeja de salada em forma de barco<br>Nome da marca Purecook<br>Material: a\u00e7o inoxid\u00e1vel<br>Carater\u00edsticas: Isolamento t\u00e9rmico, \u00e0 prova de ferrugem, forma oval Isolamento t\u00e9rmico, \u00e0 prova de ferrugem, forma oval<br>Cor prata\/ouro<br>Detalhes do tamanho:<br>Pequeno: 16 cm x 11 cm x 5 cm\/6,3 polegadas x 4,33 polegadas x 1,97 polegadas (aprox.)<br>M\u00e9dio: 20 cm x 13 cm x 6,5 cm\/7,87 polegadas x 5,12 polegadas x 2,56 polegadas (aprox.)<br>Comprimento: 24,5 cm x 16 cm x 7 cm \/ 9,65 polegadas x 6,3 polegadas x 2,76 polegadas (aprox.)<br>Log\u00f3tipo Log\u00f3tipo personaliz\u00e1vel<br>Quantidade de encomenda 120 unidades<br>Utiliza\u00e7\u00e3o Hotel Restaurante Casa<br>Quantidade por caixa:200<br>Peso bruto:20kg\/pcs<\/p>\n<\/div>\n\n\n\n<div class=\"wp-block-column is-layout-flow wp-block-column-is-layout-flow\">\n<h3 class=\"wp-block-heading\">Saladeiras personalizadas<\/h3>\n\n\n\n<p>Log\u00f3tipo: personalizar o log\u00f3tipo da sua marca<br>MOQ: 6000<br><strong><a href=\"https:\/\/www.purecook.com\/pt\/custom-solution\/\" target=\"_blank\" rel=\"noreferrer noopener\">Solu\u00e7\u00f5es personalizadas OEM e ODM<\/a><\/strong><\/p>\n<\/div>\n<\/div>\n\n\n\n<div class=\"wp-block-columns is-layout-flex wp-container-core-columns-is-layout-9d6595d7 wp-block-columns-is-layout-flex\">\n<div class=\"wp-block-column is-layout-flow wp-block-column-is-layout-flow\">\n<figure class=\"wp-block-image size-full\"><img decoding=\"async\" width=\"720\" height=\"720\" src=\"https:\/\/purecook.com\/wp-content\/uploads\/2024\/05\/Boat-Salad-Bowl-wholesale-3.webp\" alt=\"Saladeira de barco por atacado\" class=\"wp-image-2191\" srcset=\"https:\/\/www.purecook.com\/wp-content\/uploads\/2024\/05\/Boat-Salad-Bowl-wholesale-3.webp 720w, https:\/\/www.purecook.com\/wp-content\/uploads\/2024\/05\/Boat-Salad-Bowl-wholesale-3-300x300.webp 300w, https:\/\/www.purecook.com\/wp-content\/uploads\/2024\/05\/Boat-Salad-Bowl-wholesale-3-150x150.webp 150w, https:\/\/www.purecook.com\/wp-content\/uploads\/2024\/05\/Boat-Salad-Bowl-wholesale-3-600x600.webp 600w, https:\/\/www.purecook.com\/wp-content\/uploads\/2024\/05\/Boat-Salad-Bowl-wholesale-3-100x100.webp 100w\" sizes=\"(max-width: 720px) 100vw, 720px\" \/><\/figure>\n<\/div>\n\n\n\n<div class=\"wp-block-column is-layout-flow wp-block-column-is-layout-flow\">\n<figure class=\"wp-block-image size-full\"><img decoding=\"async\" width=\"720\" height=\"720\" src=\"https:\/\/purecook.com\/wp-content\/uploads\/2024\/05\/Boat-Salad-Bowl-wholesale-1.webp\" alt=\"Saladeira de barco por atacado \" class=\"wp-image-2189\" srcset=\"https:\/\/www.purecook.com\/wp-content\/uploads\/2024\/05\/Boat-Salad-Bowl-wholesale-1.webp 720w, https:\/\/www.purecook.com\/wp-content\/uploads\/2024\/05\/Boat-Salad-Bowl-wholesale-1-300x300.webp 300w, https:\/\/www.purecook.com\/wp-content\/uploads\/2024\/05\/Boat-Salad-Bowl-wholesale-1-150x150.webp 150w, https:\/\/www.purecook.com\/wp-content\/uploads\/2024\/05\/Boat-Salad-Bowl-wholesale-1-600x600.webp 600w, https:\/\/www.purecook.com\/wp-content\/uploads\/2024\/05\/Boat-Salad-Bowl-wholesale-1-100x100.webp 100w\" sizes=\"(max-width: 720px) 100vw, 720px\" \/><\/figure>\n<\/div>\n<\/div>","protected":false},"excerpt":{"rendered":"<p>Bem-vindo \u00e0 compra de saladeiras por grosso. Esta saladeira em forma de barco \u00e9 simultaneamente bonita e pr\u00e1tica. Pode ser utilizada para segurar e mexer saladas, snacks, massas e outros alimentos. Desde refei\u00e7\u00f5es em fam\u00edlia a banquetes de neg\u00f3cios, esta saladeira pode ser utilizada numa variedade de ocasi\u00f5es. Contacte-nos para obter um servi\u00e7o personalizado de saladeiras e pre\u00e7os de f\u00e1brica.<\/p>\n<h2>Carater\u00edsticas e vantagens das ta\u00e7as para salada em forma de barco<\/h2>\n<p>A ta\u00e7a de a\u00e7o inoxid\u00e1vel com grande capacidade e superf\u00edcie lisa pode ser utilizada para servir frutas, sobremesas, saladas, doces ou snacks.<\/p>\n<p>A ta\u00e7a de a\u00e7o inoxid\u00e1vel n\u00e3o enferruja, \u00e9 resistente ao calor, antiaderente e pode ser facilmente limpa para utiliza\u00e7\u00e3o di\u00e1ria.<\/p>\n<p>\u00c9 feito de material de a\u00e7o inoxid\u00e1vel.<\/p>\n<p>As ta\u00e7as para sopa est\u00e3o dispon\u00edveis em 2 cores e 3 tamanhos.<\/p>\n<p>Adequado para restaurantes, cozinhas, salas de estar, banquetes, lares, cafetarias, etc.<\/p>","protected":false},"featured_media":2189,"comment_status":"closed","ping_status":"closed","template":"","meta":{"_acf_changed":false},"product_brand":[],"product_cat":[51,54],"product_tag":[],"class_list":{"0":"post-2188","1":"product","2":"type-product","3":"status-publish","4":"has-post-thumbnail","6":"product_cat-dinnerware","7":"product_cat-stainless-steel-bowl","9":"first","10":"instock","11":"shipping-taxable","12":"product-type-simple"},"acf":[],"_links":{"self":[{"href":"https:\/\/www.purecook.com\/pt\/wp-json\/wp\/v2\/product\/2188","targetHints":{"allow":["GET"]}}],"collection":[{"href":"https:\/\/www.purecook.com\/pt\/wp-json\/wp\/v2\/product"}],"about":[{"href":"https:\/\/www.purecook.com\/pt\/wp-json\/wp\/v2\/types\/product"}],"replies":[{"embeddable":true,"href":"https:\/\/www.purecook.com\/pt\/wp-json\/wp\/v2\/comments?post=2188"}],"wp:featuredmedia":[{"embeddable":true,"href":"https:\/\/www.purecook.com\/pt\/wp-json\/wp\/v2\/media\/2189"}],"wp:attachment":[{"href":"https:\/\/www.purecook.com\/pt\/wp-json\/wp\/v2\/media?parent=2188"}],"wp:term":[{"taxonomy":"product_brand","embeddable":true,"href":"https:\/\/www.purecook.com\/pt\/wp-json\/wp\/v2\/product_brand?post=2188"},{"taxonomy":"product_cat","embeddable":true,"href":"https:\/\/www.purecook.com\/pt\/wp-json\/wp\/v2\/product_cat?post=2188"},{"taxonomy":"product_tag","embeddable":true,"href":"https:\/\/www.purecook.com\/pt\/wp-json\/wp\/v2\/product_tag?post=2188"}],"curies":[{"name":"wp","href":"https:\/\/api.w.org\/{rel}","templated":true}]}}