{"id":2195,"date":"2024-05-19T21:21:00","date_gmt":"2024-05-19T13:21:00","guid":{"rendered":"https:\/\/purecook.com\/?post_type=product&#038;p=2195"},"modified":"2024-06-03T17:42:15","modified_gmt":"2024-06-03T09:42:15","slug":"round-sauce-dishes-wholesale","status":"publish","type":"product","link":"https:\/\/www.purecook.com\/pt\/product\/round-sauce-dishes-wholesale\/","title":{"rendered":"Pratos de molho redondos por atacado feitos de a\u00e7o inoxid\u00e1vel de alta qualidade"},"content":{"rendered":"<div class=\"wp-block-columns is-layout-flex wp-container-core-columns-is-layout-9d6595d7 wp-block-columns-is-layout-flex\">\n<div class=\"wp-block-column is-layout-flow wp-block-column-is-layout-flow\">\n<h3 class=\"wp-block-heading\">Par\u00e2metros dos pratos de molho redondos<\/h3>\n\n\n\n<p><strong>N\u00famero do modelo:bowl-006<\/strong><br>Nome do produto: Pratos de molho redondos<br>Cor: prateado<br>Material: A\u00e7o inoxid\u00e1vel 304 A\u00e7o inoxid\u00e1vel 304<br>Di\u00e2metro: 10\/12\/14 cm<br>Log\u00f3tipo: Log\u00f3tipo personaliz\u00e1vel<br>Estilo: Vintage Vintage<br>Quantidade de encomenda 200 pcs<br>Quantidade por caixa: 200<br>Peso bruto:20kg\/caixa<\/p>\n<\/div>\n\n\n\n<div class=\"wp-block-column is-layout-flow wp-block-column-is-layout-flow\">\n<h3 class=\"wp-block-heading\">Molheiras redondas personalizadas<\/h3>\n\n\n\n<p>Log\u00f3tipo: personalizar o log\u00f3tipo da sua marca<br>Embalagem: caixa de cor\/caixa de cart\u00e3o, etc.<br>Padr\u00f5es: personalizar os padr\u00f5es pretendidos<br>MOQ: 1000<br><strong><a href=\"https:\/\/www.purecook.com\/pt\/custom-solution\/\" target=\"_blank\" rel=\"noreferrer noopener\">Solu\u00e7\u00f5es personalizadas OEM e ODM<\/a><\/strong><\/p>\n<\/div>\n<\/div>\n\n\n\n<div class=\"wp-block-columns is-layout-flex wp-container-core-columns-is-layout-9d6595d7 wp-block-columns-is-layout-flex\">\n<div class=\"wp-block-column is-layout-flow wp-block-column-is-layout-flow\">\n<figure class=\"wp-block-image size-full\"><img decoding=\"async\" width=\"800\" height=\"800\" src=\"https:\/\/purecook.com\/wp-content\/uploads\/2024\/05\/sauce-dishes-wholesale-4.webp\" alt=\"pratos de molho por atacado\" class=\"wp-image-2199\" srcset=\"https:\/\/www.purecook.com\/wp-content\/uploads\/2024\/05\/sauce-dishes-wholesale-4.webp 800w, https:\/\/www.purecook.com\/wp-content\/uploads\/2024\/05\/sauce-dishes-wholesale-4-300x300.webp 300w, https:\/\/www.purecook.com\/wp-content\/uploads\/2024\/05\/sauce-dishes-wholesale-4-150x150.webp 150w, https:\/\/www.purecook.com\/wp-content\/uploads\/2024\/05\/sauce-dishes-wholesale-4-768x768.webp 768w, https:\/\/www.purecook.com\/wp-content\/uploads\/2024\/05\/sauce-dishes-wholesale-4-600x600.webp 600w, https:\/\/www.purecook.com\/wp-content\/uploads\/2024\/05\/sauce-dishes-wholesale-4-100x100.webp 100w\" sizes=\"(max-width: 800px) 100vw, 800px\" \/><\/figure>\n<\/div>\n\n\n\n<div class=\"wp-block-column is-layout-flow wp-block-column-is-layout-flow\">\n<figure class=\"wp-block-image size-full\"><img decoding=\"async\" width=\"800\" height=\"800\" src=\"https:\/\/purecook.com\/wp-content\/uploads\/2024\/05\/sauce-dishes-wholesale-5.webp\" alt=\"pratos de molho por atacado\" class=\"wp-image-2200\" srcset=\"https:\/\/www.purecook.com\/wp-content\/uploads\/2024\/05\/sauce-dishes-wholesale-5.webp 800w, https:\/\/www.purecook.com\/wp-content\/uploads\/2024\/05\/sauce-dishes-wholesale-5-300x300.webp 300w, https:\/\/www.purecook.com\/wp-content\/uploads\/2024\/05\/sauce-dishes-wholesale-5-150x150.webp 150w, https:\/\/www.purecook.com\/wp-content\/uploads\/2024\/05\/sauce-dishes-wholesale-5-768x768.webp 768w, https:\/\/www.purecook.com\/wp-content\/uploads\/2024\/05\/sauce-dishes-wholesale-5-600x600.webp 600w, https:\/\/www.purecook.com\/wp-content\/uploads\/2024\/05\/sauce-dishes-wholesale-5-100x100.webp 100w\" sizes=\"(max-width: 800px) 100vw, 800px\" \/><\/figure>\n<\/div>\n<\/div>","protected":false},"excerpt":{"rendered":"<p>Cada prato de molho \u00e9 feito de a\u00e7o inoxid\u00e1vel de alta qualidade e \u00e9 adequado para guardar v\u00e1rios molhos, condimentos e snacks. Pode ser usado em reuni\u00f5es familiares, hot\u00e9is, restaurantes e outros locais. V\u00e1rias especifica\u00e7\u00f5es est\u00e3o dispon\u00edveis. N\u00f3s fornecemos servi\u00e7os personalizados de pratos de molho para atender \u00e0s necessidades dos clientes.<\/p>\n<h2>Carater\u00edsticas e vantagens dos pratos de molho redondos<\/h2>\n<p>Os pratos de molho redondos s\u00e3o feitos de material de a\u00e7o inoxid\u00e1vel. \u00d3ptimos para qualquer evento, podem ser utilizados para guardar condimentos, alimentos, molhos para mergulhar alimentos e muito mais. \u00d3timo para qualquer ocasi\u00e3o, reuni\u00f5es familiares, anivers\u00e1rios, noivados, festas de anivers\u00e1rio.<\/p>\n<p>Resistente ao desgaste, resistente \u00e0s quedas, muito pr\u00e1tico, excelente textura.<\/p>\n<p>Adequado ao seu tamanho, pode conter todos os seus snacks e alimentos favoritos.<\/p>\n<p>O acabamento requintado e os pormenores maravilhosos garantem o seu car\u00e1cter pr\u00e1tico e a sua durabilidade em casa.<\/p>\n<p>Adequado para reuni\u00f5es familiares, festas, casamentos, bares e restaurantes, lojas de sobremesas e muito mais.<\/p>\n<p>Pode ser utilizada para servir frutas, pequenos-almo\u00e7os, lanches, molhos e outras sobremesas.<\/p>","protected":false},"featured_media":2199,"comment_status":"closed","ping_status":"closed","template":"","meta":{"_acf_changed":false},"product_brand":[],"product_cat":[55,51],"product_tag":[],"class_list":{"0":"post-2195","1":"product","2":"type-product","3":"status-publish","4":"has-post-thumbnail","6":"product_cat-dish-and-plate","7":"product_cat-dinnerware","9":"first","10":"instock","11":"shipping-taxable","12":"product-type-simple"},"acf":[],"_links":{"self":[{"href":"https:\/\/www.purecook.com\/pt\/wp-json\/wp\/v2\/product\/2195","targetHints":{"allow":["GET"]}}],"collection":[{"href":"https:\/\/www.purecook.com\/pt\/wp-json\/wp\/v2\/product"}],"about":[{"href":"https:\/\/www.purecook.com\/pt\/wp-json\/wp\/v2\/types\/product"}],"replies":[{"embeddable":true,"href":"https:\/\/www.purecook.com\/pt\/wp-json\/wp\/v2\/comments?post=2195"}],"wp:featuredmedia":[{"embeddable":true,"href":"https:\/\/www.purecook.com\/pt\/wp-json\/wp\/v2\/media\/2199"}],"wp:attachment":[{"href":"https:\/\/www.purecook.com\/pt\/wp-json\/wp\/v2\/media?parent=2195"}],"wp:term":[{"taxonomy":"product_brand","embeddable":true,"href":"https:\/\/www.purecook.com\/pt\/wp-json\/wp\/v2\/product_brand?post=2195"},{"taxonomy":"product_cat","embeddable":true,"href":"https:\/\/www.purecook.com\/pt\/wp-json\/wp\/v2\/product_cat?post=2195"},{"taxonomy":"product_tag","embeddable":true,"href":"https:\/\/www.purecook.com\/pt\/wp-json\/wp\/v2\/product_tag?post=2195"}],"curies":[{"name":"wp","href":"https:\/\/api.w.org\/{rel}","templated":true}]}}