{"id":2215,"date":"2024-05-23T11:08:02","date_gmt":"2024-05-23T03:08:02","guid":{"rendered":"https:\/\/purecook.com\/?post_type=product&#038;p=2215"},"modified":"2024-06-03T17:41:40","modified_gmt":"2024-06-03T09:41:40","slug":"durable-stainless-steel-dinner-plates-wholesale","status":"publish","type":"product","link":"https:\/\/www.purecook.com\/pt\/product\/durable-stainless-steel-dinner-plates-wholesale\/","title":{"rendered":"Pratos de jantar em a\u00e7o inoxid\u00e1vel dur\u00e1vel por atacado"},"content":{"rendered":"<div class=\"wp-block-columns is-layout-flex wp-container-core-columns-is-layout-9d6595d7 wp-block-columns-is-layout-flex\">\n<div class=\"wp-block-column is-layout-flow wp-block-column-is-layout-flow\">\n<h3 class=\"wp-block-heading\">Par\u00e2metros dos pratos de jantar em a\u00e7o inoxid\u00e1vel<\/h3>\n\n\n\n<p><strong>N\u00famero do modelo:bowl-007<\/strong><br>Nome: prato quadrado<br>Material: a\u00e7o inoxid\u00e1vel 201<br>Cor: prata vintage<br>Tamanho: 21\u00d712,5 cm\/23\u00d723 cm<br>Log\u00f3tipo: log\u00f3tipo personaliz\u00e1vel<br>Estilo: estilo retro vintage<br>Quantidade de encomenda 160 pcs<br>Peso bruto:15kg\/caixa<\/p>\n<\/div>\n\n\n\n<div class=\"wp-block-column is-layout-flow wp-block-column-is-layout-flow\">\n<h3 class=\"wp-block-heading\">Pratos de jantar personalizados em a\u00e7o inoxid\u00e1vel<\/h3>\n\n\n\n<p>Log\u00f3tipo: personalizar o log\u00f3tipo da sua marca<br>Embalagem: caixa de cor\/caixa de cart\u00e3o, etc.<br>Padr\u00e3o: Personalizar o padr\u00e3o pretendido<br>Quantidade de encomenda 1000 pcs<br><strong><a href=\"https:\/\/www.purecook.com\/pt\/custom-solution\/\" target=\"_blank\" rel=\"noreferrer noopener\">Solu\u00e7\u00f5es personalizadas OEM e ODM<\/a><\/strong><\/p>\n<\/div>\n<\/div>\n\n\n\n<div class=\"wp-block-columns is-layout-flex wp-container-core-columns-is-layout-9d6595d7 wp-block-columns-is-layout-flex\">\n<div class=\"wp-block-column is-layout-flow wp-block-column-is-layout-flow\">\n<figure class=\"wp-block-image size-full\"><img decoding=\"async\" width=\"750\" height=\"1122\" src=\"https:\/\/purecook.com\/wp-content\/uploads\/2024\/05\/stainless-steel-dinner-plates-wholesale-4.webp\" alt=\"pratos de jantar em a\u00e7o inoxid\u00e1vel por atacado\" class=\"wp-image-2226\" srcset=\"https:\/\/www.purecook.com\/wp-content\/uploads\/2024\/05\/stainless-steel-dinner-plates-wholesale-4.webp 750w, https:\/\/www.purecook.com\/wp-content\/uploads\/2024\/05\/stainless-steel-dinner-plates-wholesale-4-201x300.webp 201w, https:\/\/www.purecook.com\/wp-content\/uploads\/2024\/05\/stainless-steel-dinner-plates-wholesale-4-600x898.webp 600w\" sizes=\"(max-width: 750px) 100vw, 750px\" \/><\/figure>\n<\/div>\n\n\n\n<div class=\"wp-block-column is-layout-flow wp-block-column-is-layout-flow\">\n<figure class=\"wp-block-image size-full\"><img decoding=\"async\" width=\"750\" height=\"1113\" src=\"https:\/\/purecook.com\/wp-content\/uploads\/2024\/05\/stainless-steel-dinner-plates-wholesale-2.webp\" alt=\"pratos de jantar em a\u00e7o inoxid\u00e1vel por atacado\" class=\"wp-image-2224\" srcset=\"https:\/\/www.purecook.com\/wp-content\/uploads\/2024\/05\/stainless-steel-dinner-plates-wholesale-2.webp 750w, https:\/\/www.purecook.com\/wp-content\/uploads\/2024\/05\/stainless-steel-dinner-plates-wholesale-2-202x300.webp 202w, https:\/\/www.purecook.com\/wp-content\/uploads\/2024\/05\/stainless-steel-dinner-plates-wholesale-2-600x890.webp 600w\" sizes=\"(max-width: 750px) 100vw, 750px\" \/><\/figure>\n<\/div>\n<\/div>","protected":false},"excerpt":{"rendered":"<p>N\u00f3s somos um dos melhores fabricantes de pratos de a\u00e7o inoxid\u00e1vel na China, fornecendo servi\u00e7o de atacado de pratos de a\u00e7o inoxid\u00e1vel dur\u00e1veis de alta qualidade. As placas s\u00e3o feitas de material de a\u00e7o inoxid\u00e1vel de qualidade alimentar de alta qualidade, com tratamento de superf\u00edcie especial, que \u00e9 f\u00e1cil de limpar e n\u00e3o \u00e9 f\u00e1cil de reter alimentos e bact\u00e9rias. Eles s\u00e3o adequados como bandejas de festa e bandejas de servi\u00e7o de restaurante. Tamb\u00e9m fornecemos servi\u00e7os de personaliza\u00e7\u00e3o personalizados e podemos imprimir logotipos de marcas e personalizar embalagens de acordo com suas necessidades.<\/p>\n<h2>Carater\u00edsticas e vantagens dos pratos de jantar<\/h2>\n<p>Design quadrado e retangular: Os pratos de jantar quadrados t\u00eam formas quadradas e rectangulares para tornar a comida no prato mais atraente, tabuleiro de ch\u00e1 tabuleiro de prata tabuleiro de metal decorativo.<\/p>\n<p>Tabuleiros de jantar prateados: Os tabuleiros de jantar em a\u00e7o inoxid\u00e1vel s\u00e3o fabricados com material de a\u00e7o inoxid\u00e1vel de alta qualidade e com um tratamento de superf\u00edcie especial, pelo que os nossos tabuleiros de jantar s\u00e3o duradouros e t\u00eam uma longa vida \u00fatil.<\/p>\n<p>Tabuleiros para festas: Tabuleiros rectangulares para frutas, aperitivos, bolos. Este prato de servir \u00e9 muito utilizado em festas, anivers\u00e1rios, celebra\u00e7\u00f5es, banquetes, casamentos, formaturas, etc.<\/p>\n<p>Tabuleiro de servir quadrado: Tabuleiro utilizado para servir alimentos, este tabuleiro n\u00e3o \u00e9 f\u00e1cil de acumular sujidade e \u00e9 f\u00e1cil de limpar, e este tabuleiro prateado \u00e9 utilizado para servir alimentos com boa capacidade de carga e n\u00e3o \u00e9 f\u00e1cil de deformar.<\/p>\n<p>Tabuleiro de servir quadrado: Tabuleiro de servir decorativo, este tabuleiro em a\u00e7o inoxid\u00e1vel garante que n\u00e3o enferruja e que o tabuleiro para alimentos \u00e9 muito seguro para entrar em contacto com os alimentos, tornando o seu jantar mais agrad\u00e1vel.<\/p>\n<p>O log\u00f3tipo, a embalagem e os padr\u00f5es podem ser personalizados.<\/p>\n<p>Oferta de pratos de jantar a granel por atacado.<\/p>","protected":false},"featured_media":2228,"comment_status":"closed","ping_status":"closed","template":"","meta":{"_acf_changed":false},"product_brand":[],"product_cat":[55,51],"product_tag":[],"class_list":{"0":"post-2215","1":"product","2":"type-product","3":"status-publish","4":"has-post-thumbnail","6":"product_cat-dish-and-plate","7":"product_cat-dinnerware","9":"first","10":"instock","11":"shipping-taxable","12":"product-type-simple"},"acf":[],"_links":{"self":[{"href":"https:\/\/www.purecook.com\/pt\/wp-json\/wp\/v2\/product\/2215","targetHints":{"allow":["GET"]}}],"collection":[{"href":"https:\/\/www.purecook.com\/pt\/wp-json\/wp\/v2\/product"}],"about":[{"href":"https:\/\/www.purecook.com\/pt\/wp-json\/wp\/v2\/types\/product"}],"replies":[{"embeddable":true,"href":"https:\/\/www.purecook.com\/pt\/wp-json\/wp\/v2\/comments?post=2215"}],"wp:featuredmedia":[{"embeddable":true,"href":"https:\/\/www.purecook.com\/pt\/wp-json\/wp\/v2\/media\/2228"}],"wp:attachment":[{"href":"https:\/\/www.purecook.com\/pt\/wp-json\/wp\/v2\/media?parent=2215"}],"wp:term":[{"taxonomy":"product_brand","embeddable":true,"href":"https:\/\/www.purecook.com\/pt\/wp-json\/wp\/v2\/product_brand?post=2215"},{"taxonomy":"product_cat","embeddable":true,"href":"https:\/\/www.purecook.com\/pt\/wp-json\/wp\/v2\/product_cat?post=2215"},{"taxonomy":"product_tag","embeddable":true,"href":"https:\/\/www.purecook.com\/pt\/wp-json\/wp\/v2\/product_tag?post=2215"}],"curies":[{"name":"wp","href":"https:\/\/api.w.org\/{rel}","templated":true}]}}