{"id":2236,"date":"2024-05-23T16:42:24","date_gmt":"2024-05-23T08:42:24","guid":{"rendered":"https:\/\/purecook.com\/?post_type=product&#038;p=2236"},"modified":"2024-06-03T17:39:28","modified_gmt":"2024-06-03T09:39:28","slug":"custom-dinner-plate-wholesale-made-of-high-quality-stainless-steel","status":"publish","type":"product","link":"https:\/\/www.purecook.com\/pt\/product\/custom-dinner-plate-wholesale-made-of-high-quality-stainless-steel\/","title":{"rendered":"Prato de jantar personalizado por atacado feito de a\u00e7o inoxid\u00e1vel de alta qualidade"},"content":{"rendered":"<div class=\"wp-block-columns is-layout-flex wp-container-core-columns-is-layout-9d6595d7 wp-block-columns-is-layout-flex\">\n<div class=\"wp-block-column is-layout-flow wp-block-column-is-layout-flow\">\n<h3 class=\"wp-block-heading\">Par\u00e2metros do prato de jantar<\/h3>\n\n\n\n<p><strong>N\u00famero do modelo:bowl-008<\/strong><br>Tipo de placa: Ret\u00e2ngulo com rebordo curvo<br>Nome do produto: Prato de jantar quadrado vintage<br>Material: A\u00e7o inoxid\u00e1vel 304<br>Espessura: 0,8 mm<br>Tamanho:40\u00d740\u00d730cm<br>Peso l\u00edquido: 258g<br>Encomenda m\u00ednima: 60 pe\u00e7as<br>Marca registada Aceita log\u00f3tipos personalizados<br>Carater\u00edsticas: Port\u00e1til<br>Estilo: Vintage<\/p>\n<\/div>\n\n\n\n<div class=\"wp-block-column is-layout-flow wp-block-column-is-layout-flow\">\n<h3 class=\"wp-block-heading\">Prato de jantar personalizado<\/h3>\n\n\n\n<p>Log\u00f3tipo: personalizar o log\u00f3tipo da sua marca<br>Embalagem: caixa de cor\/caixa de cart\u00e3o, etc.<br>Padr\u00e3o: Personalizar o padr\u00e3o pretendido<br>Quantidade de encomenda 1000 pcs<br><strong><a href=\"https:\/\/www.purecook.com\/pt\/custom-solution\/\" target=\"_blank\" rel=\"noreferrer noopener\">Solu\u00e7\u00f5es personalizadas OEM e ODM<\/a><\/strong><\/p>\n<\/div>\n<\/div>\n\n\n\n<div class=\"wp-block-columns is-layout-flex wp-container-core-columns-is-layout-9d6595d7 wp-block-columns-is-layout-flex\">\n<div class=\"wp-block-column is-layout-flow wp-block-column-is-layout-flow\">\n<figure class=\"wp-block-image size-full\"><img decoding=\"async\" width=\"800\" height=\"800\" src=\"https:\/\/purecook.com\/wp-content\/uploads\/2024\/05\/stainless-steel-dinner-plates-wholesale-3-1.webp\" alt=\"pratos de jantar em a\u00e7o inoxid\u00e1vel por atacado\" class=\"wp-image-2241\" srcset=\"https:\/\/www.purecook.com\/wp-content\/uploads\/2024\/05\/stainless-steel-dinner-plates-wholesale-3-1.webp 800w, https:\/\/www.purecook.com\/wp-content\/uploads\/2024\/05\/stainless-steel-dinner-plates-wholesale-3-1-300x300.webp 300w, https:\/\/www.purecook.com\/wp-content\/uploads\/2024\/05\/stainless-steel-dinner-plates-wholesale-3-1-150x150.webp 150w, https:\/\/www.purecook.com\/wp-content\/uploads\/2024\/05\/stainless-steel-dinner-plates-wholesale-3-1-768x768.webp 768w, https:\/\/www.purecook.com\/wp-content\/uploads\/2024\/05\/stainless-steel-dinner-plates-wholesale-3-1-600x600.webp 600w, https:\/\/www.purecook.com\/wp-content\/uploads\/2024\/05\/stainless-steel-dinner-plates-wholesale-3-1-100x100.webp 100w\" sizes=\"(max-width: 800px) 100vw, 800px\" \/><\/figure>\n<\/div>\n\n\n\n<div class=\"wp-block-column is-layout-flow wp-block-column-is-layout-flow\">\n<figure class=\"wp-block-image size-full\"><img decoding=\"async\" width=\"800\" height=\"800\" src=\"https:\/\/purecook.com\/wp-content\/uploads\/2024\/05\/stainless-steel-dinner-plates-wholesale-5-1.webp\" alt=\"pratos de jantar em a\u00e7o inoxid\u00e1vel por atacado\" class=\"wp-image-2242\" srcset=\"https:\/\/www.purecook.com\/wp-content\/uploads\/2024\/05\/stainless-steel-dinner-plates-wholesale-5-1.webp 800w, https:\/\/www.purecook.com\/wp-content\/uploads\/2024\/05\/stainless-steel-dinner-plates-wholesale-5-1-300x300.webp 300w, https:\/\/www.purecook.com\/wp-content\/uploads\/2024\/05\/stainless-steel-dinner-plates-wholesale-5-1-150x150.webp 150w, https:\/\/www.purecook.com\/wp-content\/uploads\/2024\/05\/stainless-steel-dinner-plates-wholesale-5-1-768x768.webp 768w, https:\/\/www.purecook.com\/wp-content\/uploads\/2024\/05\/stainless-steel-dinner-plates-wholesale-5-1-600x600.webp 600w, https:\/\/www.purecook.com\/wp-content\/uploads\/2024\/05\/stainless-steel-dinner-plates-wholesale-5-1-100x100.webp 100w\" sizes=\"(max-width: 800px) 100vw, 800px\" \/><\/figure>\n<\/div>\n<\/div>","protected":false},"excerpt":{"rendered":"<p>Cada prato de jantar \u00e9 feito de material de a\u00e7o inoxid\u00e1vel de qualidade alimentar de alta qualidade, f\u00e1cil de limpar, garantindo que o prato \u00e9 sempre higi\u00e9nico, com excelente resist\u00eancia \u00e0 corros\u00e3o e durabilidade, design de estilo retro \u00fanico, adequado para v\u00e1rias ocasi\u00f5es, de acordo com a sua necessidade de imprimir o log\u00f3tipo da marca e o padr\u00e3o de embalagem.<\/p>\n<h2>Carater\u00edsticas e vantagens do prato de jantar<\/h2>\n<p><strong>A\u00e7o inoxid\u00e1vel<\/strong>: As placas quadradas com rebordo curvo s\u00e3o feitas de a\u00e7o inoxid\u00e1vel para garantir que s\u00e3o resistentes \u00e0 corros\u00e3o e podem suportar os rigores da utiliza\u00e7\u00e3o di\u00e1ria.<\/p>\n<p><strong>F\u00e1cil de manter<\/strong>: Com a sua constru\u00e7\u00e3o robusta e superf\u00edcie lisa, estes pratos n\u00e3o s\u00e3o apenas visualmente apelativos, mas tamb\u00e9m f\u00e1ceis de limpar para utiliza\u00e7\u00e3o em ambientes movimentados.<\/p>\n<p><strong>Estilo industrial<\/strong>: Com o seu impressionante design retro, estes pratos s\u00e3o uma adi\u00e7\u00e3o elegante \u00e0 sua cole\u00e7\u00e3o de lou\u00e7a.<\/p>\n<p><strong>Funciona em cozinhas e salas de jantar<\/strong>: Quer esteja a servir pratos em casa ou numa cozinha profissional, estes pratos satisfazem uma variedade de necessidades culin\u00e1rias.<\/p>\n<p><strong>Ret\u00e2ngulo arredondado moderno:<\/strong> O design retangular arredondado destes pratos de jantar tem um aspeto moderno e \u00fanico, ideal para exibir as suas cria\u00e7\u00f5es culin\u00e1rias e faz\u00ea-las sobressair.<\/p>","protected":false},"featured_media":2240,"comment_status":"closed","ping_status":"closed","template":"","meta":{"_acf_changed":false},"product_brand":[],"product_cat":[51,55],"product_tag":[],"class_list":{"0":"post-2236","1":"product","2":"type-product","3":"status-publish","4":"has-post-thumbnail","6":"product_cat-dinnerware","7":"product_cat-dish-and-plate","9":"first","10":"instock","11":"shipping-taxable","12":"product-type-simple"},"acf":[],"_links":{"self":[{"href":"https:\/\/www.purecook.com\/pt\/wp-json\/wp\/v2\/product\/2236","targetHints":{"allow":["GET"]}}],"collection":[{"href":"https:\/\/www.purecook.com\/pt\/wp-json\/wp\/v2\/product"}],"about":[{"href":"https:\/\/www.purecook.com\/pt\/wp-json\/wp\/v2\/types\/product"}],"replies":[{"embeddable":true,"href":"https:\/\/www.purecook.com\/pt\/wp-json\/wp\/v2\/comments?post=2236"}],"wp:featuredmedia":[{"embeddable":true,"href":"https:\/\/www.purecook.com\/pt\/wp-json\/wp\/v2\/media\/2240"}],"wp:attachment":[{"href":"https:\/\/www.purecook.com\/pt\/wp-json\/wp\/v2\/media?parent=2236"}],"wp:term":[{"taxonomy":"product_brand","embeddable":true,"href":"https:\/\/www.purecook.com\/pt\/wp-json\/wp\/v2\/product_brand?post=2236"},{"taxonomy":"product_cat","embeddable":true,"href":"https:\/\/www.purecook.com\/pt\/wp-json\/wp\/v2\/product_cat?post=2236"},{"taxonomy":"product_tag","embeddable":true,"href":"https:\/\/www.purecook.com\/pt\/wp-json\/wp\/v2\/product_tag?post=2236"}],"curies":[{"name":"wp","href":"https:\/\/api.w.org\/{rel}","templated":true}]}}