{"id":2252,"date":"2024-05-23T17:19:16","date_gmt":"2024-05-23T09:19:16","guid":{"rendered":"https:\/\/purecook.com\/?post_type=product&#038;p=2252"},"modified":"2024-06-03T17:48:23","modified_gmt":"2024-06-03T09:48:23","slug":"wholesale-non-slip-stainless-steel-oil-strainer-pot","status":"publish","type":"product","link":"https:\/\/www.purecook.com\/pt\/product\/wholesale-non-slip-stainless-steel-oil-strainer-pot\/","title":{"rendered":"Pote coador de \u00f3leo de a\u00e7o inoxid\u00e1vel antiderrapante por atacado"},"content":{"rendered":"<div class=\"wp-block-columns is-layout-flex wp-container-core-columns-is-layout-9d6595d7 wp-block-columns-is-layout-flex\">\n<div class=\"wp-block-column is-layout-flow wp-block-column-is-layout-flow\">\n<h3 class=\"wp-block-heading\">Par\u00e2metros da panela de filtragem de \u00f3leo <\/h3>\n\n\n\n<p><strong>N\u00famero do modelo:pote de \u00f3leo-004<\/strong><br>Nome: Pote coador de \u00f3leo<br>Cor: azul\/roxo\/prata<br>Tamanho 13*12 cm-1,4 litros<br>Material do corpo 0,4 mm\/SS304<br>Filtro 0,02mm\/SS304<br>Cor: azul\/roxo\/prata<br>Tampa, prato e aro do coador 0,35 mm\/SS201<br>Punho 06mm\/SS 410<br>Peso: 1kg\/pcs<br>Pode ser personalizado caixa de cor embalagem 2000pcs.<br>Polimento interno de alto brilho espelhado, polimento externo espelhado.<\/p>\n<\/div>\n\n\n\n<div class=\"wp-block-column is-layout-flow wp-block-column-is-layout-flow\">\n<h3 class=\"wp-block-heading\">Pote coador de \u00f3leo personalizado <\/h3>\n\n\n\n<p>Embalagem: caixa de cor\/caixa de cart\u00e3o, etc.<br>Quantidade de encomenda 2000 pcs<br><strong><a href=\"https:\/\/www.purecook.com\/pt\/custom-solution\/\" target=\"_blank\" rel=\"noreferrer noopener\">Solu\u00e7\u00f5es personalizadas OEM e ODM<\/a><\/strong><\/p>\n<\/div>\n<\/div>\n\n\n\n<div class=\"wp-block-columns is-layout-flex wp-container-core-columns-is-layout-9d6595d7 wp-block-columns-is-layout-flex\">\n<div class=\"wp-block-column is-layout-flow wp-block-column-is-layout-flow\">\n<figure class=\"wp-block-image size-full\"><img decoding=\"async\" width=\"1000\" height=\"1000\" src=\"https:\/\/purecook.com\/wp-content\/uploads\/2024\/05\/oil-strainer-pot-1.webp\" alt=\"pote coador de \u00f3leo por atacado\" class=\"wp-image-2256\" srcset=\"https:\/\/www.purecook.com\/wp-content\/uploads\/2024\/05\/oil-strainer-pot-1.webp 1000w, https:\/\/www.purecook.com\/wp-content\/uploads\/2024\/05\/oil-strainer-pot-1-300x300.webp 300w, https:\/\/www.purecook.com\/wp-content\/uploads\/2024\/05\/oil-strainer-pot-1-150x150.webp 150w, https:\/\/www.purecook.com\/wp-content\/uploads\/2024\/05\/oil-strainer-pot-1-768x768.webp 768w, https:\/\/www.purecook.com\/wp-content\/uploads\/2024\/05\/oil-strainer-pot-1-600x600.webp 600w, https:\/\/www.purecook.com\/wp-content\/uploads\/2024\/05\/oil-strainer-pot-1-100x100.webp 100w\" sizes=\"(max-width: 1000px) 100vw, 1000px\" \/><\/figure>\n<\/div>\n\n\n\n<div class=\"wp-block-column is-layout-flow wp-block-column-is-layout-flow\">\n<figure class=\"wp-block-image size-full\"><img decoding=\"async\" width=\"1000\" height=\"1000\" src=\"https:\/\/purecook.com\/wp-content\/uploads\/2024\/05\/oil-strainer-pot-2.webp\" alt=\"pote coador de \u00f3leo por atacado\" class=\"wp-image-2253\" srcset=\"https:\/\/www.purecook.com\/wp-content\/uploads\/2024\/05\/oil-strainer-pot-2.webp 1000w, https:\/\/www.purecook.com\/wp-content\/uploads\/2024\/05\/oil-strainer-pot-2-300x300.webp 300w, https:\/\/www.purecook.com\/wp-content\/uploads\/2024\/05\/oil-strainer-pot-2-150x150.webp 150w, https:\/\/www.purecook.com\/wp-content\/uploads\/2024\/05\/oil-strainer-pot-2-768x768.webp 768w, https:\/\/www.purecook.com\/wp-content\/uploads\/2024\/05\/oil-strainer-pot-2-600x600.webp 600w, https:\/\/www.purecook.com\/wp-content\/uploads\/2024\/05\/oil-strainer-pot-2-100x100.webp 100w\" sizes=\"(max-width: 1000px) 100vw, 1000px\" \/><\/figure>\n<\/div>\n<\/div>","protected":false},"excerpt":{"rendered":"<p>Potes coadores de \u00f3leo em a\u00e7o inoxid\u00e1vel antiderrapante, com um filtro no corpo do pote, que pode facilmente filtrar os res\u00edduos alimentares. Este pote coador de \u00f3leo n\u00e3o \u00e9 apenas adequado para cozinhas dom\u00e9sticas, mas tamb\u00e9m uma escolha ideal para restaurantes, hot\u00e9is e outros locais comerciais. A compra por atacado pode economizar custos e proporcionar satisfa\u00e7\u00e3o r\u00e1pida. alta demanda. E n\u00f3s fornecemos logotipo personalizado e solu\u00e7\u00f5es de embalagem.<\/p>\n<h2>Carater\u00edsticas e benef\u00edcios do pote coador de \u00f3leo<\/h2>\n<p><strong>Constru\u00e7\u00e3o de qualidade<\/strong>: Fabricado em a\u00e7o inoxid\u00e1vel duradouro, este recipiente inclui um bico de despejo, uma tampa e um coador de rede fina, perfeito para separar os pingos e a gordura do bacon.<\/p>\n<p><strong>Pr\u00e1tico<\/strong>: Reutilize os populares \u00f3leos de coco, canola e azeite com o nosso pr\u00e1tico guarda-gorduras de fog\u00e3o.<\/p>\n<p><strong>Pega<\/strong>: A pega \u00e9 f\u00e1cil de segurar.<\/p>\n<p>Pode ser personalizada com embalagens personalizadas.<\/p>\n<p>Acabamento superficial elevado, brilhante e lustroso.<\/p>\n<p>Um filtro amov\u00edvel de malha fina separa os mais pequenos peda\u00e7os de alimentos do \u00f3leo de cozinha.<\/p>\n<p>Pode ser lavado na m\u00e1quina de lavar lou\u00e7a, recomenda-se a lavagem \u00e0 m\u00e3o.<\/p>\n<p>Adequado para uso dom\u00e9stico, em restaurantes e hot\u00e9is.<\/p>","protected":false},"featured_media":2255,"comment_status":"closed","ping_status":"closed","template":"","meta":{"_acf_changed":false},"product_brand":[],"product_cat":[52,64],"product_tag":[],"class_list":{"0":"post-2252","1":"product","2":"type-product","3":"status-publish","4":"has-post-thumbnail","6":"product_cat-kitchen-utensils","7":"product_cat-oil-pot","9":"first","10":"instock","11":"shipping-taxable","12":"product-type-simple"},"acf":[],"_links":{"self":[{"href":"https:\/\/www.purecook.com\/pt\/wp-json\/wp\/v2\/product\/2252","targetHints":{"allow":["GET"]}}],"collection":[{"href":"https:\/\/www.purecook.com\/pt\/wp-json\/wp\/v2\/product"}],"about":[{"href":"https:\/\/www.purecook.com\/pt\/wp-json\/wp\/v2\/types\/product"}],"replies":[{"embeddable":true,"href":"https:\/\/www.purecook.com\/pt\/wp-json\/wp\/v2\/comments?post=2252"}],"wp:featuredmedia":[{"embeddable":true,"href":"https:\/\/www.purecook.com\/pt\/wp-json\/wp\/v2\/media\/2255"}],"wp:attachment":[{"href":"https:\/\/www.purecook.com\/pt\/wp-json\/wp\/v2\/media?parent=2252"}],"wp:term":[{"taxonomy":"product_brand","embeddable":true,"href":"https:\/\/www.purecook.com\/pt\/wp-json\/wp\/v2\/product_brand?post=2252"},{"taxonomy":"product_cat","embeddable":true,"href":"https:\/\/www.purecook.com\/pt\/wp-json\/wp\/v2\/product_cat?post=2252"},{"taxonomy":"product_tag","embeddable":true,"href":"https:\/\/www.purecook.com\/pt\/wp-json\/wp\/v2\/product_tag?post=2252"}],"curies":[{"name":"wp","href":"https:\/\/api.w.org\/{rel}","templated":true}]}}