{"id":2265,"date":"2024-05-24T08:52:43","date_gmt":"2024-05-24T00:52:43","guid":{"rendered":"https:\/\/purecook.com\/?post_type=product&#038;p=2265"},"modified":"2024-06-03T17:33:19","modified_gmt":"2024-06-03T09:33:19","slug":"colorful-custom-food-storage-containers-wholesale","status":"publish","type":"product","link":"https:\/\/www.purecook.com\/pt\/product\/colorful-custom-food-storage-containers-wholesale\/","title":{"rendered":"Recipientes coloridos personalizados para armazenamento de alimentos por atacado com resist\u00eancia a altas temperaturas"},"content":{"rendered":"<div class=\"wp-block-columns is-layout-flex wp-container-core-columns-is-layout-9d6595d7 wp-block-columns-is-layout-flex\">\n<div class=\"wp-block-column is-layout-flow wp-block-column-is-layout-flow\">\n<h3 class=\"wp-block-heading\">Par\u00e2metros dos recipientes de armazenagem de alimentos <\/h3>\n\n\n\n<p><strong>N\u00famero do modelo:ch5<\/strong><br>Nome:Caixa de fus\u00edveis<br>Estilo: escuro\/claro<br>Material: a\u00e7o inoxid\u00e1vel 201\/304<br>Tampa: vidro+silicone<br>Capacidade: 700ml-3000ml<br>Cor: branco leitoso\/prata<br>Superf\u00edcie: polida\/electrol\u00edtica<br>Log\u00f3tipo: personaliz\u00e1vel<br>MOQ\uff1a100pcs<\/p>\n<\/div>\n\n\n\n<div class=\"wp-block-column is-layout-flow wp-block-column-is-layout-flow\">\n<h3 class=\"wp-block-heading\">Recipientes de armazenamento de alimentos personalizados <\/h3>\n\n\n\n<p>Log\u00f3tipo: personalizar o log\u00f3tipo da sua marca<br>Embalagem: caixa de cor\/caixa de cart\u00e3o, etc.<br>Quantidade de encomenda 1000 pcs<br><strong><a href=\"https:\/\/www.purecook.com\/pt\/custom-solution\/\" target=\"_blank\" rel=\"noreferrer noopener\">Solu\u00e7\u00f5es personalizadas OEM e ODM<\/a><\/strong><\/p>\n<\/div>\n<\/div>\n\n\n\n<figure class=\"wp-block-table\"><table><tbody><tr><td>Tamanho<\/td><td>Capacidade (L)<\/td><td>Comprimento (mm)<\/td><td>Largura (mm)<\/td><td>Altura (mm)<\/td><\/tr><tr><td>Pequeno e pouco profundo<\/td><td>0.7<\/td><td>161<\/td><td>119<\/td><td>48<\/td><\/tr><tr><td>Pequena profundidade<\/td><td>1<\/td><td>161<\/td><td>119<\/td><td>72<\/td><\/tr><tr><td>M\u00e9dio raso<\/td><td>1.2<\/td><td>196<\/td><td>149<\/td><td>53<\/td><\/tr><tr><td>Profundidade m\u00e9dia<\/td><td>1.8<\/td><td>196<\/td><td>149<\/td><td>83<\/td><\/tr><tr><td>Grande e pouco profundo<\/td><td>1.9<\/td><td>237<\/td><td>182<\/td><td>58<\/td><\/tr><tr><td>Grande profundidade<\/td><td>3<\/td><td>237<\/td><td>182<\/td><td>93<\/td><\/tr><\/tbody><\/table><\/figure>\n\n\n\n<div class=\"wp-block-columns is-layout-flex wp-container-core-columns-is-layout-9d6595d7 wp-block-columns-is-layout-flex\">\n<div class=\"wp-block-column is-layout-flow wp-block-column-is-layout-flow\">\n<figure class=\"wp-block-image size-full\"><img decoding=\"async\" width=\"750\" height=\"978\" src=\"https:\/\/purecook.com\/wp-content\/uploads\/2024\/05\/custom-food-storage-containers-wholesale-7.webp\" alt=\"recipientes de armazenamento de alimentos personalizados por atacado\" class=\"wp-image-2272\" srcset=\"https:\/\/www.purecook.com\/wp-content\/uploads\/2024\/05\/custom-food-storage-containers-wholesale-7.webp 750w, https:\/\/www.purecook.com\/wp-content\/uploads\/2024\/05\/custom-food-storage-containers-wholesale-7-230x300.webp 230w, https:\/\/www.purecook.com\/wp-content\/uploads\/2024\/05\/custom-food-storage-containers-wholesale-7-600x782.webp 600w\" sizes=\"(max-width: 750px) 100vw, 750px\" \/><\/figure>\n<\/div>\n\n\n\n<div class=\"wp-block-column is-layout-flow wp-block-column-is-layout-flow\">\n<figure class=\"wp-block-image size-full\"><img decoding=\"async\" width=\"750\" height=\"1054\" src=\"https:\/\/purecook.com\/wp-content\/uploads\/2024\/05\/custom-food-storage-containers-wholesale-1.webp\" alt=\"recipientes de armazenamento de alimentos personalizados por atacado\" class=\"wp-image-2266\" srcset=\"https:\/\/www.purecook.com\/wp-content\/uploads\/2024\/05\/custom-food-storage-containers-wholesale-1.webp 750w, https:\/\/www.purecook.com\/wp-content\/uploads\/2024\/05\/custom-food-storage-containers-wholesale-1-213x300.webp 213w, https:\/\/www.purecook.com\/wp-content\/uploads\/2024\/05\/custom-food-storage-containers-wholesale-1-600x843.webp 600w\" sizes=\"(max-width: 750px) 100vw, 750px\" \/><\/figure>\n<\/div>\n<\/div>","protected":false},"excerpt":{"rendered":"<p>Somos um dos melhores fabricantes de recipientes de armazenamento de alimentos na China, vendemos por atacado recipientes de armazenamento de alimentos personalizados. O recipiente de armazenamento de alimentos \u00e9 feito de a\u00e7o inoxid\u00e1vel 304 de qualidade alimentar e a camada exterior \u00e9 coberta com tinta cer\u00e2mica de alta temperatura. Pode ser usado diretamente em frigor\u00edficos e congeladores, e tamb\u00e9m \u00e9 adequado para fornos de micro-ondas Aquecendo para atender a v\u00e1rias necessidades de armazenamento, contacte-nos para comprar por atacado para economizar custos, podemos rapidamente atender \u00e0s suas grandes necessidades.<\/p>\n<h2>Carater\u00edsticas e vantagens dos recipientes de armazenagem de alimentos<\/h2>\n<p><strong>Recipiente de armazenamento de alimentos<\/strong> - O recipiente de armazenamento de alimentos \u00e9 f\u00e1cil de utilizar, f\u00e1cil de limpar e adequado para armazenar todos os tipos de vegetais.<\/p>\n<p><strong>Estufa exterior<\/strong> - A gaveta \u00e9 robusta e f\u00e1cil de deformar, tem uma boa veda\u00e7\u00e3o e pode conservar os alimentos durante muito tempo.<\/p>\n<p><strong>Mala de transporte para almo\u00e7os<\/strong> - a tampa impede que os odores fortes se infiltrem noutros alimentos ou se espalhem pelo espa\u00e7o.<\/p>\n<p><strong>Tampo de vidro transparente<\/strong> - feito de vidro \u00e0 prova de explos\u00e3o de alta qualidade, pode ver os alimentos aquecidos num relance.<\/p>\n<p><strong>Processo de pintura exterior<\/strong>: Tratamento resistente ao calor, n\u00e3o \u00e9 f\u00e1cil de descolar, pode ser aquecido.<\/p>\n<p><strong>Suporte de filtro opcional<\/strong>: Elimina a gordura e a humidade.<\/p>\n<p><strong>Lancheira para adultos<\/strong>: Adequada para armazenar diferentes tipos de alimentos, esta lancheira com tampa \u00e9 f\u00e1cil de utilizar.<\/p>\n<p>Oferecer recipientes de armazenamento de alimentos personalizados por atacado.<\/p>","protected":false},"featured_media":2269,"comment_status":"closed","ping_status":"closed","template":"","meta":{"_acf_changed":false},"product_brand":[],"product_cat":[25,51],"product_tag":[],"class_list":{"0":"post-2265","1":"product","2":"type-product","3":"status-publish","4":"has-post-thumbnail","6":"product_cat-food-storage","7":"product_cat-dinnerware","9":"first","10":"instock","11":"shipping-taxable","12":"product-type-simple"},"acf":[],"_links":{"self":[{"href":"https:\/\/www.purecook.com\/pt\/wp-json\/wp\/v2\/product\/2265","targetHints":{"allow":["GET"]}}],"collection":[{"href":"https:\/\/www.purecook.com\/pt\/wp-json\/wp\/v2\/product"}],"about":[{"href":"https:\/\/www.purecook.com\/pt\/wp-json\/wp\/v2\/types\/product"}],"replies":[{"embeddable":true,"href":"https:\/\/www.purecook.com\/pt\/wp-json\/wp\/v2\/comments?post=2265"}],"wp:featuredmedia":[{"embeddable":true,"href":"https:\/\/www.purecook.com\/pt\/wp-json\/wp\/v2\/media\/2269"}],"wp:attachment":[{"href":"https:\/\/www.purecook.com\/pt\/wp-json\/wp\/v2\/media?parent=2265"}],"wp:term":[{"taxonomy":"product_brand","embeddable":true,"href":"https:\/\/www.purecook.com\/pt\/wp-json\/wp\/v2\/product_brand?post=2265"},{"taxonomy":"product_cat","embeddable":true,"href":"https:\/\/www.purecook.com\/pt\/wp-json\/wp\/v2\/product_cat?post=2265"},{"taxonomy":"product_tag","embeddable":true,"href":"https:\/\/www.purecook.com\/pt\/wp-json\/wp\/v2\/product_tag?post=2265"}],"curies":[{"name":"wp","href":"https:\/\/api.w.org\/{rel}","templated":true}]}}