{"id":2273,"date":"2024-05-24T09:27:22","date_gmt":"2024-05-24T01:27:22","guid":{"rendered":"https:\/\/purecook.com\/?post_type=product&#038;p=2273"},"modified":"2024-06-03T17:26:45","modified_gmt":"2024-06-03T09:26:45","slug":"colorful-ceramic-coating-custom-baking-pans-wholesale","status":"publish","type":"product","link":"https:\/\/www.purecook.com\/pt\/product\/colorful-ceramic-coating-custom-baking-pans-wholesale\/","title":{"rendered":"Formas de cozedura personalizadas com revestimento cer\u00e2mico colorido por atacado"},"content":{"rendered":"<div class=\"wp-block-columns is-layout-flex wp-container-core-columns-is-layout-9d6595d7 wp-block-columns-is-layout-flex\">\n<div class=\"wp-block-column is-layout-flow wp-block-column-is-layout-flow\">\n<h3 class=\"wp-block-heading\">Par\u00e2metros dos tabuleiros<\/h3>\n\n\n\n<p><strong>N\u00famero do modelo:nbt -2<\/strong><br>Material: alum\u00ednio fundido sob press\u00e3o<br>Dimens\u00f5es: 36cm\u00d736cm<br>Revestimento: Revestimento cer\u00e2mico<br>Cor: verde\/amarelo\/roxo<br>Tamanho: 36 cm<br>Peso l\u00edquido: 745g<br>Espessura: 7 mm<br>Base Base encapsulada<br>Tipo de placa: G\u00e1s\/Indu\u00e7\u00e3o<br>Log\u00f3tipo personaliz\u00e1vel<br>Embalagem: saco + caixa<br>Utiliza\u00e7\u00e3o e conserva\u00e7\u00e3o: lav\u00e1vel na m\u00e1quina de lavar lou\u00e7a\/m\u00e3o<br>MOQ\uff1a100pcs<\/p>\n<\/div>\n\n\n\n<div class=\"wp-block-column is-layout-flow wp-block-column-is-layout-flow\">\n<h3 class=\"wp-block-heading\">Formas personalizadas<\/h3>\n\n\n\n<p>Log\u00f3tipo: personalizar o log\u00f3tipo da sua marca<br>Quantidade de encomenda 1000 pcs<br><strong><a href=\"https:\/\/www.purecook.com\/pt\/custom-solution\/\" target=\"_blank\" rel=\"noreferrer noopener\">Solu\u00e7\u00f5es personalizadas OEM e ODM<\/a><\/strong><\/p>\n<\/div>\n<\/div>\n\n\n\n<figure class=\"wp-block-table\"><table><tbody><tr><td>Tamanho<\/td><td>Capacidade (L)<\/td><td>Comprimento (mm)<\/td><td>Largura (mm)<\/td><td>Altura (mm)<\/td><\/tr><tr><td>Pequeno e pouco profundo<\/td><td>0.7<\/td><td>161<\/td><td>119<\/td><td>48<\/td><\/tr><tr><td>Pequena profundidade<\/td><td>1<\/td><td>161<\/td><td>119<\/td><td>72<\/td><\/tr><tr><td>M\u00e9dio raso<\/td><td>1.2<\/td><td>196<\/td><td>149<\/td><td>53<\/td><\/tr><tr><td>Profundidade m\u00e9dia<\/td><td>1.8<\/td><td>196<\/td><td>149<\/td><td>83<\/td><\/tr><tr><td>Grande e pouco profundo<\/td><td>1.9<\/td><td>237<\/td><td>182<\/td><td>58<\/td><\/tr><tr><td>Grande profundidade<\/td><td>3<\/td><td>237<\/td><td>182<\/td><td>93<\/td><\/tr><\/tbody><\/table><\/figure>\n\n\n\n<div class=\"wp-block-columns is-layout-flex wp-container-core-columns-is-layout-9d6595d7 wp-block-columns-is-layout-flex\">\n<div class=\"wp-block-column is-layout-flow wp-block-column-is-layout-flow\">\n<figure class=\"wp-block-image size-full\"><img decoding=\"async\" width=\"800\" height=\"800\" src=\"https:\/\/purecook.com\/wp-content\/uploads\/2024\/05\/custom-baking-pans-4.webp\" alt=\"formas personalizadas por atacado\" class=\"wp-image-2277\" srcset=\"https:\/\/www.purecook.com\/wp-content\/uploads\/2024\/05\/custom-baking-pans-4.webp 800w, https:\/\/www.purecook.com\/wp-content\/uploads\/2024\/05\/custom-baking-pans-4-300x300.webp 300w, https:\/\/www.purecook.com\/wp-content\/uploads\/2024\/05\/custom-baking-pans-4-150x150.webp 150w, https:\/\/www.purecook.com\/wp-content\/uploads\/2024\/05\/custom-baking-pans-4-768x768.webp 768w, https:\/\/www.purecook.com\/wp-content\/uploads\/2024\/05\/custom-baking-pans-4-600x600.webp 600w, https:\/\/www.purecook.com\/wp-content\/uploads\/2024\/05\/custom-baking-pans-4-100x100.webp 100w\" sizes=\"(max-width: 800px) 100vw, 800px\" \/><\/figure>\n<\/div>\n\n\n\n<div class=\"wp-block-column is-layout-flow wp-block-column-is-layout-flow\">\n<figure class=\"wp-block-image size-full\"><img decoding=\"async\" width=\"800\" height=\"800\" src=\"https:\/\/purecook.com\/wp-content\/uploads\/2024\/05\/custom-baking-pans-6.webp\" alt=\"formas personalizadas por atacado\" class=\"wp-image-2279\" srcset=\"https:\/\/www.purecook.com\/wp-content\/uploads\/2024\/05\/custom-baking-pans-6.webp 800w, https:\/\/www.purecook.com\/wp-content\/uploads\/2024\/05\/custom-baking-pans-6-300x300.webp 300w, https:\/\/www.purecook.com\/wp-content\/uploads\/2024\/05\/custom-baking-pans-6-150x150.webp 150w, https:\/\/www.purecook.com\/wp-content\/uploads\/2024\/05\/custom-baking-pans-6-768x768.webp 768w, https:\/\/www.purecook.com\/wp-content\/uploads\/2024\/05\/custom-baking-pans-6-600x600.webp 600w, https:\/\/www.purecook.com\/wp-content\/uploads\/2024\/05\/custom-baking-pans-6-100x100.webp 100w\" sizes=\"(max-width: 800px) 100vw, 800px\" \/><\/figure>\n<\/div>\n<\/div>","protected":false},"excerpt":{"rendered":"<p>A assadeira personalizada \u00e9 feita de alum\u00ednio fundido de alta qualidade, que conduz o calor de forma r\u00e1pida e uniforme, facilitando a prepara\u00e7\u00e3o de alimentos deliciosos. Tem um excelente desempenho antiaderente e \u00e9 mais f\u00e1cil de limpar. O design sem fumo garante um ambiente de cozinha fresco e saud\u00e1vel. Somos um fabricante de assadeiras personalizadas, podemos personalizar cores e padr\u00f5es de acordo com as suas necessidades. Contacte-nos para obter um or\u00e7amento gratuito.<\/p>\n<h2>Carater\u00edsticas e vantagens das formas para bolos<\/h2>\n<p>Excelentes resultados de grelhagem: a constru\u00e7\u00e3o do grelhador ajuda a panela a proporcionar uma efici\u00eancia de calor uniforme, resultando em excelentes resultados de grelhagem.<\/p>\n<p>Desfrute de produtos de churrasco coreanos aut\u00eanticos e fi\u00e1veis com os seus convidados. A excelente qualidade vai surpreend\u00ea-lo. Pode utilizar esta fant\u00e1stica grelha na cozinha ou ao ar livre (por exemplo, em acampamentos, caminhadas, piqueniques, etc.).<\/p>\n<p>Especializada para grelhar pratos com um luxuoso acabamento chapeado e pode ser colocada diretamente na mesa depois de cozinhada.<\/p>\n<p>Trata-se de pe\u00e7as fundidas em alum\u00ednio n\u00e3o ferroso. O m\u00e9todo de fundi\u00e7\u00e3o monol\u00edtica n\u00e3o s\u00f3 cozinha rapidamente devido \u00e0 sua elevada condutividade t\u00e9rmica, como tamb\u00e9m cozinha os alimentos uniformemente e mant\u00e9m o sabor original dos ingredientes.<\/p>\n<p>Fun\u00e7\u00e3o antiaderente: o tratamento de revestimento antiaderente refor\u00e7a o revestimento existente, proporciona uma excelente capacidade de limpeza e cozinha sem colar.<\/p>\n<p>Oferta de assadeiras personalizadas por atacado.<\/p>","protected":false},"featured_media":2278,"comment_status":"closed","ping_status":"closed","template":"","meta":{"_acf_changed":false},"product_brand":[],"product_cat":[27],"product_tag":[],"class_list":{"0":"post-2273","1":"product","2":"type-product","3":"status-publish","4":"has-post-thumbnail","6":"product_cat-bakeware","8":"first","9":"instock","10":"shipping-taxable","11":"product-type-simple"},"acf":[],"_links":{"self":[{"href":"https:\/\/www.purecook.com\/pt\/wp-json\/wp\/v2\/product\/2273","targetHints":{"allow":["GET"]}}],"collection":[{"href":"https:\/\/www.purecook.com\/pt\/wp-json\/wp\/v2\/product"}],"about":[{"href":"https:\/\/www.purecook.com\/pt\/wp-json\/wp\/v2\/types\/product"}],"replies":[{"embeddable":true,"href":"https:\/\/www.purecook.com\/pt\/wp-json\/wp\/v2\/comments?post=2273"}],"wp:featuredmedia":[{"embeddable":true,"href":"https:\/\/www.purecook.com\/pt\/wp-json\/wp\/v2\/media\/2278"}],"wp:attachment":[{"href":"https:\/\/www.purecook.com\/pt\/wp-json\/wp\/v2\/media?parent=2273"}],"wp:term":[{"taxonomy":"product_brand","embeddable":true,"href":"https:\/\/www.purecook.com\/pt\/wp-json\/wp\/v2\/product_brand?post=2273"},{"taxonomy":"product_cat","embeddable":true,"href":"https:\/\/www.purecook.com\/pt\/wp-json\/wp\/v2\/product_cat?post=2273"},{"taxonomy":"product_tag","embeddable":true,"href":"https:\/\/www.purecook.com\/pt\/wp-json\/wp\/v2\/product_tag?post=2273"}],"curies":[{"name":"wp","href":"https:\/\/api.w.org\/{rel}","templated":true}]}}