{"id":2308,"date":"2024-05-24T14:34:35","date_gmt":"2024-05-24T06:34:35","guid":{"rendered":"https:\/\/purecook.com\/?post_type=product&#038;p=2308"},"modified":"2024-11-04T10:26:04","modified_gmt":"2024-11-04T02:26:04","slug":"stackable-colorful-custom-salad-bowl-wholesale","status":"publish","type":"product","link":"https:\/\/www.purecook.com\/pt\/product\/stackable-colorful-custom-salad-bowl-wholesale\/","title":{"rendered":"Saladeira empilh\u00e1vel colorida personalizada por atacado"},"content":{"rendered":"<div class=\"wp-block-columns is-layout-flex wp-container-core-columns-is-layout-9d6595d7 wp-block-columns-is-layout-flex\">\n<div class=\"wp-block-column is-layout-flow wp-block-column-is-layout-flow\">\n<h3 class=\"wp-block-heading\">Par\u00e2metros da saladeira<\/h3>\n\n\n\n<p><strong>N\u00famero do modelo:Ta\u00e7a de mistura-03<\/strong><br>Material: a\u00e7o inoxid\u00e1vel 201\/304<br>Tamanho da ta\u00e7a: 16\/19\/22\/25\/28 cm<br>Tamanho do cesto 18\/22\/24\/28 c<br>Capacidade: 800-5500ml<br>Peso: 130-430g\/pcs<br>Cor da ta\u00e7a: cinzento\/azul\/verde\/rosa\/amarelo<br>Cor do cesto: prateado<br>Log\u00f3tipo: Personaliz\u00e1vel<br>MOQ 160 pcs<\/p>\n<\/div>\n\n\n\n<div class=\"wp-block-column is-layout-flow wp-block-column-is-layout-flow\">\n<h3 class=\"wp-block-heading\">Saladeira personalizada<\/h3>\n\n\n\n<p>Log\u00f3tipo: personalizar o log\u00f3tipo da sua marca<br>Embalagem: caixa de cor\/caixa de cart\u00e3o, etc.<br>Quantidade de encomenda 1000 pcs<br><strong><a href=\"https:\/\/www.purecook.com\/pt\/custom-solution\/\" target=\"_blank\" rel=\"noreferrer noopener\">Solu\u00e7\u00f5es personalizadas OEM e ODM<\/a><\/strong><\/p>\n<\/div>\n<\/div>\n\n\n\n<div class=\"wp-block-columns is-layout-flex wp-container-core-columns-is-layout-9d6595d7 wp-block-columns-is-layout-flex\">\n<div class=\"wp-block-column is-layout-flow wp-block-column-is-layout-flow\">\n<figure class=\"wp-block-image size-full\"><img decoding=\"async\" width=\"624\" height=\"748\" src=\"https:\/\/purecook.com\/wp-content\/uploads\/2024\/05\/salad-bowl-szie-2.webp\" alt=\"saladeira szie\" class=\"wp-image-2315\" srcset=\"https:\/\/www.purecook.com\/wp-content\/uploads\/2024\/05\/salad-bowl-szie-2.webp 624w, https:\/\/www.purecook.com\/wp-content\/uploads\/2024\/05\/salad-bowl-szie-2-250x300.webp 250w, https:\/\/www.purecook.com\/wp-content\/uploads\/2024\/05\/salad-bowl-szie-2-600x719.webp 600w\" sizes=\"(max-width: 624px) 100vw, 624px\" \/><\/figure>\n<\/div>\n\n\n\n<div class=\"wp-block-column is-layout-flow wp-block-column-is-layout-flow\">\n<figure class=\"wp-block-image size-full\"><img decoding=\"async\" width=\"638\" height=\"520\" src=\"https:\/\/purecook.com\/wp-content\/uploads\/2024\/05\/salad-bowl-szie.webp\" alt=\"saladeira szie\" class=\"wp-image-2316\" srcset=\"https:\/\/www.purecook.com\/wp-content\/uploads\/2024\/05\/salad-bowl-szie.webp 638w, https:\/\/www.purecook.com\/wp-content\/uploads\/2024\/05\/salad-bowl-szie-300x245.webp 300w, https:\/\/www.purecook.com\/wp-content\/uploads\/2024\/05\/salad-bowl-szie-600x489.webp 600w\" sizes=\"(max-width: 638px) 100vw, 638px\" \/><\/figure>\n<\/div>\n<\/div>","protected":false},"excerpt":{"rendered":"<p>Ta\u00e7as de salada personalizadas por grosso. As ta\u00e7as de salada s\u00e3o leves, duradouras e podem ser facilmente empilhadas. As op\u00e7\u00f5es de cores ricas adicionam cores vivas \u00e0 sua cozinha ou restaurante. T\u00eam muitas utiliza\u00e7\u00f5es. Podem ser usadas para misturar saladas ou colocar frutas. Os nossos servi\u00e7os de personaliza\u00e7\u00e3o permitem-lhe ajustar as cores, tamanhos e padr\u00f5es de impress\u00e3o de acordo com as suas necessidades.\u00a0<\/p>\n<h2>Carater\u00edsticas e vantagens da saladeira<\/h2>\n<p><strong>Ta\u00e7a para alimentos em a\u00e7o inoxid\u00e1vel<\/strong>: A tigela de a\u00e7o inoxid\u00e1vel pode ser usada para servir alimentos como cereais, saladas, frutas, arroz e macarr\u00e3o, \u00e9 um presente de inaugura\u00e7\u00e3o perfeito para seus amigos e colegas de trabalho, eles v\u00e3o adorar.<\/p>\n<p><strong>Cozinh\u00e1vel<\/strong>: Pode ser adequado para fog\u00e3o de indu\u00e7\u00e3o e forno micro-ondas, com m\u00faltiplos cen\u00e1rios de utiliza\u00e7\u00e3o.<\/p>\n<p><strong>Fruteira dom\u00e9stica<\/strong>: A ta\u00e7a \u00e9 elegante e moderna, adequada para jantares, reuni\u00f5es e encontros casuais di\u00e1rios.<\/p>\n<p><strong>Aspeto colorido<\/strong>: O processo de pintura da superf\u00edcie \u00e9 saud\u00e1vel e amigo do ambiente, e o seu aspeto requintado confere uma atmosfera elegante e \u00fanica \u00e0 sua cozinha.<\/p>\n<p><strong>Ta\u00e7as para servir em casa<\/strong>: Tigelas de jantar, tigelas de ramen, tigelas de massa instant\u00e2nea - forma simples, perfeita para partilhar frutas, saladas, sobremesas ou snacks.<\/p>\n<p><strong>Fruteira multifun\u00e7\u00f5es<\/strong>: Forma elegante, muito pr\u00e1tica de utilizar, proporcionar-lhe-\u00e1 uma experi\u00eancia de utiliza\u00e7\u00e3o maravilhosa.<\/p>\n<p>Este produto \u00e9 uma saladeira, tamb\u00e9m pode ser utilizado como fruteira, lavat\u00f3rio, etc., para guardar uma variedade de artigos e iguarias.<\/p>\n<p>Oferta de saladeiras personalizadas por atacado.<\/p>\n<p><\/p>","protected":false},"featured_media":2309,"comment_status":"closed","ping_status":"closed","template":"","meta":{"_acf_changed":false},"product_brand":[],"product_cat":[52,90],"product_tag":[],"class_list":{"0":"post-2308","1":"product","2":"type-product","3":"status-publish","4":"has-post-thumbnail","6":"product_cat-kitchen-utensils","7":"product_cat-mixing-bowl","9":"first","10":"instock","11":"shipping-taxable","12":"product-type-simple"},"acf":[],"_links":{"self":[{"href":"https:\/\/www.purecook.com\/pt\/wp-json\/wp\/v2\/product\/2308","targetHints":{"allow":["GET"]}}],"collection":[{"href":"https:\/\/www.purecook.com\/pt\/wp-json\/wp\/v2\/product"}],"about":[{"href":"https:\/\/www.purecook.com\/pt\/wp-json\/wp\/v2\/types\/product"}],"replies":[{"embeddable":true,"href":"https:\/\/www.purecook.com\/pt\/wp-json\/wp\/v2\/comments?post=2308"}],"wp:featuredmedia":[{"embeddable":true,"href":"https:\/\/www.purecook.com\/pt\/wp-json\/wp\/v2\/media\/2309"}],"wp:attachment":[{"href":"https:\/\/www.purecook.com\/pt\/wp-json\/wp\/v2\/media?parent=2308"}],"wp:term":[{"taxonomy":"product_brand","embeddable":true,"href":"https:\/\/www.purecook.com\/pt\/wp-json\/wp\/v2\/product_brand?post=2308"},{"taxonomy":"product_cat","embeddable":true,"href":"https:\/\/www.purecook.com\/pt\/wp-json\/wp\/v2\/product_cat?post=2308"},{"taxonomy":"product_tag","embeddable":true,"href":"https:\/\/www.purecook.com\/pt\/wp-json\/wp\/v2\/product_tag?post=2308"}],"curies":[{"name":"wp","href":"https:\/\/api.w.org\/{rel}","templated":true}]}}