{"id":2314,"date":"2024-05-24T14:54:56","date_gmt":"2024-05-24T06:54:56","guid":{"rendered":"https:\/\/purecook.com\/?post_type=product&#038;p=2314"},"modified":"2025-08-14T16:55:32","modified_gmt":"2025-08-14T08:55:32","slug":"leak-proof-bulk-food-storage-containers-wholesale","status":"publish","type":"product","link":"https:\/\/www.purecook.com\/pt\/product\/leak-proof-bulk-food-storage-containers-wholesale\/","title":{"rendered":"Recipientes de armazenamento de alimentos a granel \u00e0 prova de fugas por atacado"},"content":{"rendered":"<div class=\"wp-block-columns is-layout-flex wp-container-core-columns-is-layout-9d6595d7 wp-block-columns-is-layout-flex\">\n<div class=\"wp-block-column is-layout-flow wp-block-column-is-layout-flow\">\n<h3 class=\"wp-block-heading\">Par\u00e2metros do recipiente de armazenagem de alimentos<\/h3>\n\n\n\n<p><strong>N\u00famero do modelo: ch2<\/strong><br>Material: A\u00e7o inoxid\u00e1vel (SUS#304)<br>Tampa: Tampa de pl\u00e1stico ou tampa de pl\u00e1stico com anel de silicone<br>Especifica\u00e7\u00e3o: 350\/550\/850\/1800\/2800ml<br>Acabamento: Electrodepositado mate<br>Tamanho: 350ml-5\u00d711,5\u00d715cm;<br>        550ml-6\u00d713\u00d717cm;<br>        850ml-6.5\u00d714.5\u00d719.5cm; <br>        1800ml-8\u00d718\u00d723cm; <br>        2800ml-11,5\u00d718\u00d723cm;<br>MOQ 500 pcs<\/p>\n<\/div>\n\n\n\n<div class=\"wp-block-column is-layout-flow wp-block-column-is-layout-flow\">\n<h3 class=\"wp-block-heading\">Recipiente de armazenamento de alimentos personalizado<\/h3>\n\n\n\n<p>Log\u00f3tipo: personalizar o log\u00f3tipo da sua marca<br>Quantidade de encomenda 500 pcs<br><strong><a href=\"https:\/\/www.purecook.com\/pt\/custom-solution\/\" target=\"_blank\" rel=\"noreferrer noopener\">Solu\u00e7\u00f5es personalizadas OEM e ODM<\/a><\/strong><\/p>\n<\/div>\n<\/div>\n\n\n\n<div class=\"wp-block-columns is-layout-flex wp-container-core-columns-is-layout-9d6595d7 wp-block-columns-is-layout-flex\">\n<div class=\"wp-block-column is-layout-flow wp-block-column-is-layout-flow\">\n<figure class=\"wp-block-image size-full\"><img decoding=\"async\" width=\"800\" height=\"800\" src=\"https:\/\/purecook.com\/wp-content\/uploads\/2024\/05\/bulk-food-storage-containers-wholesale-3.webp\" alt=\"recipientes de armazenamento de alimentos a granel por atacado\" class=\"wp-image-2320\" srcset=\"https:\/\/www.purecook.com\/wp-content\/uploads\/2024\/05\/bulk-food-storage-containers-wholesale-3.webp 800w, https:\/\/www.purecook.com\/wp-content\/uploads\/2024\/05\/bulk-food-storage-containers-wholesale-3-300x300.webp 300w, https:\/\/www.purecook.com\/wp-content\/uploads\/2024\/05\/bulk-food-storage-containers-wholesale-3-150x150.webp 150w, https:\/\/www.purecook.com\/wp-content\/uploads\/2024\/05\/bulk-food-storage-containers-wholesale-3-768x768.webp 768w, https:\/\/www.purecook.com\/wp-content\/uploads\/2024\/05\/bulk-food-storage-containers-wholesale-3-600x600.webp 600w, https:\/\/www.purecook.com\/wp-content\/uploads\/2024\/05\/bulk-food-storage-containers-wholesale-3-100x100.webp 100w\" sizes=\"(max-width: 800px) 100vw, 800px\" \/><\/figure>\n<\/div>\n\n\n\n<div class=\"wp-block-column is-layout-flow wp-block-column-is-layout-flow\">\n<figure class=\"wp-block-image size-full\"><img decoding=\"async\" width=\"800\" height=\"800\" src=\"https:\/\/purecook.com\/wp-content\/uploads\/2024\/05\/bulk-food-storage-containers-wholesale-2.webp\" alt=\"recipientes de armazenamento de alimentos a granel por atacado\" class=\"wp-image-2319\" srcset=\"https:\/\/www.purecook.com\/wp-content\/uploads\/2024\/05\/bulk-food-storage-containers-wholesale-2.webp 800w, https:\/\/www.purecook.com\/wp-content\/uploads\/2024\/05\/bulk-food-storage-containers-wholesale-2-300x300.webp 300w, https:\/\/www.purecook.com\/wp-content\/uploads\/2024\/05\/bulk-food-storage-containers-wholesale-2-150x150.webp 150w, https:\/\/www.purecook.com\/wp-content\/uploads\/2024\/05\/bulk-food-storage-containers-wholesale-2-768x768.webp 768w, https:\/\/www.purecook.com\/wp-content\/uploads\/2024\/05\/bulk-food-storage-containers-wholesale-2-600x600.webp 600w, https:\/\/www.purecook.com\/wp-content\/uploads\/2024\/05\/bulk-food-storage-containers-wholesale-2-100x100.webp 100w\" sizes=\"(max-width: 800px) 100vw, 800px\" \/><\/figure>\n<\/div>\n<\/div>","protected":false},"excerpt":{"rendered":"<p>Os recipientes de armazenamento de alimentos est\u00e3o dispon\u00edveis numa variedade de tamanhos para satisfazer diferentes necessidades de armazenamento de alimentos. Os fechos e selos fortes garantem que o contentor evita eficazmente as fugas. Pode armazenar cereais, frutos secos, snacks ou alimentos l\u00edquidos. Somos fabricantes de recipientes de armazenamento de alimentos que prestam servi\u00e7os personalizados e oferecem recipientes de armazenamento de alimentos a granel por atacado.<strong>Cor<\/strong>, <strong>tamanho<\/strong> e <strong>padr\u00e3o de impress\u00e3o<\/strong> pode ser ajustado de acordo com as suas necessidades.<\/p>\n<h2>Carater\u00edsticas e vantagens do recipiente de armazenagem de alimentos<\/h2>\n<p>Estanque ao ar - sem qu\u00edmicos - sem bpa - reduza o tempo de limpeza da cozinha e mantenha o seu estilo de vida cetog\u00e9nico preparando refei\u00e7\u00f5es saud\u00e1veis com anteced\u00eancia!<\/p>\n<p>Empilh\u00e1veis e inteligentes: Poupe dinheiro - poupe espa\u00e7o - poupe a sua sanidade - as lancheiras de a\u00e7o inoxid\u00e1vel poupam-lhe dinheiro e espa\u00e7o, facilitando o acesso das crian\u00e7as a lanches, almo\u00e7os e refei\u00e7\u00f5es em viagem. As caixas bento mais pequenas s\u00e3o \u00f3ptimas como recipientes para lancheiras ou numa geleira ou num piquenique!<\/p>\n<p>F\u00e1cil de limpar - lav\u00e1veis na m\u00e1quina de lavar lou\u00e7a - repelentes de odores e sabores porque s\u00e3o fabricados em a\u00e7o inoxid\u00e1vel \u00e0 prova de ferrugem, os recipientes s\u00e3o facilmente colocados no cesto superior da m\u00e1quina de lavar lou\u00e7a. A tecnologia de repel\u00eancia de odores e sabores significa que os seus recipientes de armazenamento de alimentos saem com um cheiro t\u00e3o fresco e limpo como no dia em que abriu a caixa.<\/p>\n<p>Perfeito para reuni\u00f5es de fam\u00edlia e de amigos. Para um piquenique, restos de comida e tamb\u00e9m como recipientes de viagem. Porque podem ser colocados em qualquer lado! Mochila, saco de almo\u00e7o!<\/p>\n<p>Oferta de recipientes de armazenamento de alimentos a granel por atacado.<\/p>\n<p>&nbsp;<\/p>","protected":false},"featured_media":2319,"comment_status":"closed","ping_status":"closed","template":"","meta":{"_acf_changed":false},"product_brand":[],"product_cat":[25,51],"product_tag":[],"class_list":{"0":"post-2314","1":"product","2":"type-product","3":"status-publish","4":"has-post-thumbnail","6":"product_cat-food-storage","7":"product_cat-dinnerware","9":"first","10":"instock","11":"shipping-taxable","12":"product-type-simple"},"acf":[],"_links":{"self":[{"href":"https:\/\/www.purecook.com\/pt\/wp-json\/wp\/v2\/product\/2314","targetHints":{"allow":["GET"]}}],"collection":[{"href":"https:\/\/www.purecook.com\/pt\/wp-json\/wp\/v2\/product"}],"about":[{"href":"https:\/\/www.purecook.com\/pt\/wp-json\/wp\/v2\/types\/product"}],"replies":[{"embeddable":true,"href":"https:\/\/www.purecook.com\/pt\/wp-json\/wp\/v2\/comments?post=2314"}],"wp:featuredmedia":[{"embeddable":true,"href":"https:\/\/www.purecook.com\/pt\/wp-json\/wp\/v2\/media\/2319"}],"wp:attachment":[{"href":"https:\/\/www.purecook.com\/pt\/wp-json\/wp\/v2\/media?parent=2314"}],"wp:term":[{"taxonomy":"product_brand","embeddable":true,"href":"https:\/\/www.purecook.com\/pt\/wp-json\/wp\/v2\/product_brand?post=2314"},{"taxonomy":"product_cat","embeddable":true,"href":"https:\/\/www.purecook.com\/pt\/wp-json\/wp\/v2\/product_cat?post=2314"},{"taxonomy":"product_tag","embeddable":true,"href":"https:\/\/www.purecook.com\/pt\/wp-json\/wp\/v2\/product_tag?post=2314"}],"curies":[{"name":"wp","href":"https:\/\/api.w.org\/{rel}","templated":true}]}}