{"id":2323,"date":"2024-05-24T15:24:07","date_gmt":"2024-05-24T07:24:07","guid":{"rendered":"https:\/\/purecook.com\/?post_type=product&#038;p=2323"},"modified":"2025-08-14T16:55:19","modified_gmt":"2025-08-14T08:55:19","slug":"bulk-lunch-boxes-wholesale-with-visible-glass-lid","status":"publish","type":"product","link":"https:\/\/www.purecook.com\/pt\/product\/bulk-lunch-boxes-wholesale-with-visible-glass-lid\/","title":{"rendered":"Seguran\u00e7a para micro-ondas Lancheiras a granel \u00e0 prova de fugas por atacado com tampa de vidro vis\u00edvel"},"content":{"rendered":"<div class=\"wp-block-columns is-layout-flex wp-container-core-columns-is-layout-9d6595d7 wp-block-columns-is-layout-flex\">\n<div class=\"wp-block-column is-layout-flow wp-block-column-is-layout-flow\">\n<h3 class=\"wp-block-heading\">Par\u00e2metros das lancheiras<\/h3>\n\n\n\n<p>N\u00famero do modelo:XZ -01<br>Material: A\u00e7o inoxid\u00e1vel 304 + vidro + PP<br>Tampa: vidro \u00e0 prova de explos\u00e3o + PP<br>Cor: prata + silicone castanho<br>Tratamento de superf\u00edcie: eletrol\u00edtico<br>Especifica\u00e7\u00e3o: 450-3000ml<br>Espessura: 0,5 mm<br>MOQ 500 pcs<\/p>\n<\/div>\n\n\n\n<div class=\"wp-block-column is-layout-flow wp-block-column-is-layout-flow\">\n<h3 class=\"wp-block-heading\">Lancheiras personalizadas<\/h3>\n\n\n\n<p>Log\u00f3tipos: Personalizar o log\u00f3tipo da sua marca<br>Gr\u00e1ficos: Personalizar os gr\u00e1ficos pretendidos<br>Quantidade de encomenda 2000 pe\u00e7as<br><strong><a href=\"https:\/\/www.purecook.com\/pt\/custom-solution\/\" target=\"_blank\" rel=\"noreferrer noopener\">Solu\u00e7\u00f5es personalizadas OEM e ODM<\/a><\/strong><\/p>\n<\/div>\n<\/div>\n\n\n\n<figure class=\"wp-block-image size-full\"><img decoding=\"async\" width=\"2608\" height=\"1456\" src=\"https:\/\/purecook.com\/wp-content\/uploads\/2024\/05\/bulk-lunch-boxes-wholesale-1.webp\" alt=\"lancheiras a granel por atacado\" class=\"wp-image-2327\" srcset=\"https:\/\/www.purecook.com\/wp-content\/uploads\/2024\/05\/bulk-lunch-boxes-wholesale-1.webp 2608w, https:\/\/www.purecook.com\/wp-content\/uploads\/2024\/05\/bulk-lunch-boxes-wholesale-1-300x167.webp 300w, https:\/\/www.purecook.com\/wp-content\/uploads\/2024\/05\/bulk-lunch-boxes-wholesale-1-768x429.webp 768w, https:\/\/www.purecook.com\/wp-content\/uploads\/2024\/05\/bulk-lunch-boxes-wholesale-1-600x335.webp 600w\" sizes=\"(max-width: 2608px) 100vw, 2608px\" \/><\/figure>\n\n\n\n<div class=\"wp-block-columns is-layout-flex wp-container-core-columns-is-layout-9d6595d7 wp-block-columns-is-layout-flex\">\n<div class=\"wp-block-column is-layout-flow wp-block-column-is-layout-flow\"><\/div>\n\n\n\n<div class=\"wp-block-column is-layout-flow wp-block-column-is-layout-flow\"><\/div>\n<\/div>","protected":false},"excerpt":{"rendered":"<p>\u00a0Fabricado em a\u00e7o inoxid\u00e1vel de alta qualidade, dur\u00e1vel e resistente \u00e0 corros\u00e3o, com uma tampa de vidro para facilitar a visualiza\u00e7\u00e3o dos alimentos. O anel de veda\u00e7\u00e3o e o anel de bloqueio trabalham em estreita colabora\u00e7\u00e3o para evitar fugas de alimentos. N\u00e3o s\u00f3 as compras por grosso beneficiam de melhores pre\u00e7os, como tamb\u00e9m podemos fornecer servi\u00e7os personalizados. A nossa equipa de vendas pode ajustar a cor, o padr\u00e3o de impress\u00e3o, etc., de acordo com as suas necessidades.<\/p>\n<h2>Carater\u00edsticas e vantagens das lancheiras<\/h2>\n<p>Selados, n\u00e3o t\u00f3xicos e sem BPA - reduzem o tempo de limpeza da cozinha, preparam refei\u00e7\u00f5es saud\u00e1veis com anteced\u00eancia e aderem a um estilo de vida cetog\u00e9nico!<\/p>\n<p>Empilh\u00e1veis e inteligentes: Poupe dinheiro - poupe espa\u00e7o - poupe tempo - poupe energia - As lancheiras em a\u00e7o inoxid\u00e1vel poupam dinheiro e espa\u00e7o, mantendo os lanches, almo\u00e7os e refei\u00e7\u00f5es completas convenientemente acess\u00edveis para as crian\u00e7as em movimento. As caixas bento mais pequenas s\u00e3o \u00f3ptimas para lancheiras, frigor\u00edficos ou piqueniques!<\/p>\n<p>F\u00e1cil de limpar - lav\u00e1vel na m\u00e1quina de lavar loi\u00e7a - resistente aos odores Uma vez que a caixa bento \u00e9 feita de a\u00e7o inoxid\u00e1vel resistente \u00e0 ferrugem, cabe facilmente na parte superior da m\u00e1quina de lavar loi\u00e7a. A tecnologia anti-odor e resistente aos odores significa que quando abrir a caixa de armazenamento de alimentos, esta ter\u00e1 um cheiro t\u00e3o fresco como no dia em que foi aberta.<\/p>\n<p>A tampa superior de vidro possui uma fun\u00e7\u00e3o de temporizador que permite controlar r\u00e1pida e facilmente a informa\u00e7\u00e3o sobre os alimentos, dando-lhe uma ideia clara do tempo de armazenamento e evitando que os alimentos sejam armazenados durante demasiado tempo.<\/p>\n<p>Perfeito para reuni\u00f5es de fam\u00edlia e amigos. Tamb\u00e9m pode utiliz\u00e1-los para piqueniques, sobras de comida e em viagens. Porque pode coloc\u00e1-los em qualquer lado! Mochilas, sacos de almo\u00e7o!<\/p>\n<p>&nbsp;<\/p>","protected":false},"featured_media":2325,"comment_status":"closed","ping_status":"closed","template":"","meta":{"_acf_changed":false},"product_brand":[],"product_cat":[51,102],"product_tag":[],"class_list":{"0":"post-2323","1":"product","2":"type-product","3":"status-publish","4":"has-post-thumbnail","6":"product_cat-dinnerware","7":"product_cat-lunch-boxes","9":"first","10":"instock","11":"shipping-taxable","12":"product-type-simple"},"acf":[],"_links":{"self":[{"href":"https:\/\/www.purecook.com\/pt\/wp-json\/wp\/v2\/product\/2323","targetHints":{"allow":["GET"]}}],"collection":[{"href":"https:\/\/www.purecook.com\/pt\/wp-json\/wp\/v2\/product"}],"about":[{"href":"https:\/\/www.purecook.com\/pt\/wp-json\/wp\/v2\/types\/product"}],"replies":[{"embeddable":true,"href":"https:\/\/www.purecook.com\/pt\/wp-json\/wp\/v2\/comments?post=2323"}],"wp:featuredmedia":[{"embeddable":true,"href":"https:\/\/www.purecook.com\/pt\/wp-json\/wp\/v2\/media\/2325"}],"wp:attachment":[{"href":"https:\/\/www.purecook.com\/pt\/wp-json\/wp\/v2\/media?parent=2323"}],"wp:term":[{"taxonomy":"product_brand","embeddable":true,"href":"https:\/\/www.purecook.com\/pt\/wp-json\/wp\/v2\/product_brand?post=2323"},{"taxonomy":"product_cat","embeddable":true,"href":"https:\/\/www.purecook.com\/pt\/wp-json\/wp\/v2\/product_cat?post=2323"},{"taxonomy":"product_tag","embeddable":true,"href":"https:\/\/www.purecook.com\/pt\/wp-json\/wp\/v2\/product_tag?post=2323"}],"curies":[{"name":"wp","href":"https:\/\/api.w.org\/{rel}","templated":true}]}}