{"id":2328,"date":"2024-05-24T15:48:18","date_gmt":"2024-05-24T07:48:18","guid":{"rendered":"https:\/\/purecook.com\/?post_type=product&#038;p=2328"},"modified":"2024-06-03T11:22:57","modified_gmt":"2024-06-03T03:22:57","slug":"bulk-dessert-plates-wholesale","status":"publish","type":"product","link":"https:\/\/www.purecook.com\/pt\/product\/bulk-dessert-plates-wholesale\/","title":{"rendered":"Pratos de sobremesa a granel por atacado feitos de a\u00e7o inoxid\u00e1vel de alta qualidade"},"content":{"rendered":"<div class=\"wp-block-columns is-layout-flex wp-container-core-columns-is-layout-9d6595d7 wp-block-columns-is-layout-flex\">\n<div class=\"wp-block-column is-layout-flow wp-block-column-is-layout-flow\">\n<h3 class=\"wp-block-heading\">Par\u00e2metros dos pratos de sobremesa<\/h3>\n\n\n\n<p><strong>N\u00famero do modelo: RSD<\/strong><br>Material do produto A\u00e7o inoxid\u00e1vel de alta qualidade<br>Mat\u00e9ria-prima: a\u00e7o inoxid\u00e1vel de alta qualidade, a\u00e7o inoxid\u00e1vel 304<br>Cor: prateado\/dourado<br>Tamanho: 13\/15\/17 cm<br>Detalhes da embalagem Embalagem: Saco PP + caixa de cart\u00e3o exterior<br>MOQ 2400 pcs<\/p>\n<\/div>\n\n\n\n<div class=\"wp-block-column is-layout-flow wp-block-column-is-layout-flow\">\n<h3 class=\"wp-block-heading\">Pratos de sobremesa personalizados<\/h3>\n\n\n\n<p>Log\u00f3tipo: personalizar o log\u00f3tipo da sua marca<br>Quantidade de encomenda 1000 pcs<br><a href=\"https:\/\/www.purecook.com\/pt\/custom-solution\/\" target=\"_blank\" rel=\"noreferrer noopener\">Solu\u00e7\u00e3o personalizada OEM e ODM<\/a><\/p>\n<\/div>\n<\/div>\n\n\n\n<figure class=\"wp-block-table\"><table><tbody><tr><td>N\u00ba do produto<\/td><td>Descri\u00e7\u00e3o<\/td><td>Tamanho<\/td><td>Peso (g)<\/td><td>Caixa de cart\u00e3o (cm)<\/td><td>Embalagem (pcs)<\/td><td>MOQ<\/td><\/tr><tr><td>Prato redondo para refei\u00e7\u00f5es ligeiras<\/td><td>Material:SS304<br>Cor:Prateado<\/td><td>13 cm<\/td><td>130<\/td><td>46\u00d730\u00d731<\/td><td>180 unidades<\/td><td>180 unidades<\/td><\/tr><tr><td><\/td><td><\/td><td>15 cm<\/td><td>155<\/td><td>33\u00d733\u00d742<\/td><td>160 unidades<\/td><td>160 unidades<\/td><\/tr><tr><td><\/td><td><\/td><td>17 cm<\/td><td>180<\/td><td>38\u00d734\u00d732<\/td><td>120 unidades<\/td><td>120 unidades<\/td><\/tr><tr><td>Prato redondo para refei\u00e7\u00f5es ligeiras<\/td><td>Material:SS304<br>Cor:Dourado<\/td><td>13 cm<\/td><td>130<\/td><td>46\u00d730\u00d731<\/td><td>180 unidades<\/td><td>180 unidades<\/td><\/tr><tr><td><\/td><td><\/td><td>15 cm<\/td><td>155<\/td><td>33\u00d733\u00d742<\/td><td>160 unidades<\/td><td>160 unidades<\/td><\/tr><tr><td><\/td><td><\/td><td>17 cm<\/td><td>180<\/td><td>38\u00d734\u00d732<\/td><td>120 unidades<\/td><td>120 unidades<\/td><\/tr><\/tbody><\/table><\/figure>\n\n\n\n<div class=\"wp-block-columns is-layout-flex wp-container-core-columns-is-layout-9d6595d7 wp-block-columns-is-layout-flex\">\n<div class=\"wp-block-column is-layout-flow wp-block-column-is-layout-flow\">\n<figure class=\"wp-block-image size-full\"><img decoding=\"async\" width=\"800\" height=\"800\" src=\"https:\/\/purecook.com\/wp-content\/uploads\/2024\/05\/Cutsom-Dessert-Plates-Wholesale-1.webp\" alt=\"Pratos de sobremesa Cutsom por atacado\" class=\"wp-image-2338\" srcset=\"https:\/\/www.purecook.com\/wp-content\/uploads\/2024\/05\/Cutsom-Dessert-Plates-Wholesale-1.webp 800w, https:\/\/www.purecook.com\/wp-content\/uploads\/2024\/05\/Cutsom-Dessert-Plates-Wholesale-1-300x300.webp 300w, https:\/\/www.purecook.com\/wp-content\/uploads\/2024\/05\/Cutsom-Dessert-Plates-Wholesale-1-150x150.webp 150w, https:\/\/www.purecook.com\/wp-content\/uploads\/2024\/05\/Cutsom-Dessert-Plates-Wholesale-1-768x768.webp 768w, https:\/\/www.purecook.com\/wp-content\/uploads\/2024\/05\/Cutsom-Dessert-Plates-Wholesale-1-600x600.webp 600w, https:\/\/www.purecook.com\/wp-content\/uploads\/2024\/05\/Cutsom-Dessert-Plates-Wholesale-1-100x100.webp 100w\" sizes=\"(max-width: 800px) 100vw, 800px\" \/><\/figure>\n<\/div>\n\n\n\n<div class=\"wp-block-column is-layout-flow wp-block-column-is-layout-flow\">\n<figure class=\"wp-block-image size-full\"><img decoding=\"async\" width=\"800\" height=\"800\" src=\"https:\/\/purecook.com\/wp-content\/uploads\/2024\/05\/Cutsom-Dessert-Plates-Wholesale-3.webp\" alt=\"Pratos de sobremesa Cutsom por atacado\" class=\"wp-image-2340\" srcset=\"https:\/\/www.purecook.com\/wp-content\/uploads\/2024\/05\/Cutsom-Dessert-Plates-Wholesale-3.webp 800w, https:\/\/www.purecook.com\/wp-content\/uploads\/2024\/05\/Cutsom-Dessert-Plates-Wholesale-3-300x300.webp 300w, https:\/\/www.purecook.com\/wp-content\/uploads\/2024\/05\/Cutsom-Dessert-Plates-Wholesale-3-150x150.webp 150w, https:\/\/www.purecook.com\/wp-content\/uploads\/2024\/05\/Cutsom-Dessert-Plates-Wholesale-3-768x768.webp 768w, https:\/\/www.purecook.com\/wp-content\/uploads\/2024\/05\/Cutsom-Dessert-Plates-Wholesale-3-600x600.webp 600w, https:\/\/www.purecook.com\/wp-content\/uploads\/2024\/05\/Cutsom-Dessert-Plates-Wholesale-3-100x100.webp 100w\" sizes=\"(max-width: 800px) 100vw, 800px\" \/><\/figure>\n<\/div>\n<\/div>","protected":false},"excerpt":{"rendered":"<p>Pratos de sobremesa a granel por atacado. Os pratos de sobremesa s\u00e3o feitos de a\u00e7o inoxid\u00e1vel de alta qualidade, que n\u00e3o \u00e9 f\u00e1cil de deformar a longo prazo. S\u00e3o polidos com um espelho liso e f\u00e1ceis de limpar. Adequados para uso em hot\u00e9is, restaurantes, caf\u00e9s e outros locais, fornecemos servi\u00e7o de pratos de sobremesa personalizados para criar os pratos de sobremesa personalizados mais adequados para si.<\/p>\n<h2>Carater\u00edsticas e vantagens dos pratos de sobremesa<\/h2>\n<p>Perfeito para reuni\u00f5es familiares, festas, casamentos, bares e restaurantes, lojas de sobremesas e outras ocasi\u00f5es.<\/p>\n<p>Esta placa \u00e9 feita de material de alta qualidade e de um artesanato fino, que pode ser utilizado durante muito tempo.<\/p>\n<p>Pode ser utilizada para servir pratos, frutas, bifes, pequenos-almo\u00e7os, lanches, sandu\u00edches e outras sobremesas.<\/p>\n<p>O design elegante proporciona-lhe uma boa disposi\u00e7\u00e3o e desfruta de uma comida deliciosa. Adequado para muitas ocasi\u00f5es.<\/p>\n<p>Excelente acabamento, superf\u00edcie lisa e brilhante, n\u00e3o magoa as m\u00e3os.<\/p>\n<p>Oferta de pratos de sobremesa a granel por atacado.<\/p>","protected":false},"featured_media":2341,"comment_status":"closed","ping_status":"closed","template":"","meta":{"_acf_changed":false},"product_brand":[],"product_cat":[55,51],"product_tag":[],"class_list":{"0":"post-2328","1":"product","2":"type-product","3":"status-publish","4":"has-post-thumbnail","6":"product_cat-dish-and-plate","7":"product_cat-dinnerware","9":"first","10":"instock","11":"shipping-taxable","12":"product-type-simple"},"acf":[],"_links":{"self":[{"href":"https:\/\/www.purecook.com\/pt\/wp-json\/wp\/v2\/product\/2328","targetHints":{"allow":["GET"]}}],"collection":[{"href":"https:\/\/www.purecook.com\/pt\/wp-json\/wp\/v2\/product"}],"about":[{"href":"https:\/\/www.purecook.com\/pt\/wp-json\/wp\/v2\/types\/product"}],"replies":[{"embeddable":true,"href":"https:\/\/www.purecook.com\/pt\/wp-json\/wp\/v2\/comments?post=2328"}],"wp:featuredmedia":[{"embeddable":true,"href":"https:\/\/www.purecook.com\/pt\/wp-json\/wp\/v2\/media\/2341"}],"wp:attachment":[{"href":"https:\/\/www.purecook.com\/pt\/wp-json\/wp\/v2\/media?parent=2328"}],"wp:term":[{"taxonomy":"product_brand","embeddable":true,"href":"https:\/\/www.purecook.com\/pt\/wp-json\/wp\/v2\/product_brand?post=2328"},{"taxonomy":"product_cat","embeddable":true,"href":"https:\/\/www.purecook.com\/pt\/wp-json\/wp\/v2\/product_cat?post=2328"},{"taxonomy":"product_tag","embeddable":true,"href":"https:\/\/www.purecook.com\/pt\/wp-json\/wp\/v2\/product_tag?post=2328"}],"curies":[{"name":"wp","href":"https:\/\/api.w.org\/{rel}","templated":true}]}}