{"id":2345,"date":"2024-05-24T16:57:44","date_gmt":"2024-05-24T08:57:44","guid":{"rendered":"https:\/\/purecook.com\/?post_type=product&#038;p=2345"},"modified":"2024-06-03T11:22:23","modified_gmt":"2024-06-03T03:22:23","slug":"stainless-steel-bowl-wholesale","status":"publish","type":"product","link":"https:\/\/www.purecook.com\/pt\/product\/stainless-steel-bowl-wholesale\/","title":{"rendered":"Tigela de a\u00e7o inoxid\u00e1vel de camada dupla de v\u00e1rios tamanhos por atacado"},"content":{"rendered":"<div class=\"wp-block-columns is-layout-flex wp-container-core-columns-is-layout-9d6595d7 wp-block-columns-is-layout-flex\">\n<div class=\"wp-block-column is-layout-flow wp-block-column-is-layout-flow\">\n<h3 class=\"wp-block-heading\">Par\u00e2metros da ta\u00e7a de a\u00e7o inoxid\u00e1vel<\/h3>\n\n\n\n<p><strong>N\u00famero do modelo: <\/strong>ta\u00e7a-D-01<br>Nome: Ta\u00e7a de a\u00e7o inoxid\u00e1vel<br>Material: SUS 201\/SUS 304<br>Carater\u00edsticas: duplo isolamento<br>Size 16cm\/18cm\/20cm\/22cm\/24cm\/26cm<br>Processo: brilhante \/ mate<br>Utiliza\u00e7\u00e3o noodle\/salada\/fruta\/sopa\/arroz<br>MOQ 2000 pcs<\/p>\n<\/div>\n\n\n\n<div class=\"wp-block-column is-layout-flow wp-block-column-is-layout-flow\">\n<h3 class=\"wp-block-heading\">Ta\u00e7a de a\u00e7o inoxid\u00e1vel personalizada<\/h3>\n\n\n\n<p>Log\u00f3tipo: personalizar o log\u00f3tipo da sua marca<br>Embalagem: caixa de cor\/caixa de cart\u00e3o, etc.<br>Quantidade de encomenda 3000 pcs<br><a href=\"https:\/\/www.purecook.com\/pt\/custom-solution\/\" target=\"_blank\" rel=\"noreferrer noopener\">Solu\u00e7\u00e3o personalizada OEM e ODM<\/a><\/p>\n<\/div>\n<\/div>\n\n\n\n<figure class=\"wp-block-table\"><table><thead><tr><th>TAMANHO<\/th><th>DI\u00c2METRO<\/th><th>ALTURA<\/th><\/tr><\/thead><tbody><tr><td>16 cm<\/td><td>16 cm<\/td><td>6cm<\/td><\/tr><tr><td>18 cm<\/td><td>18 cm<\/td><td>6,3 cm<\/td><\/tr><tr><td>20 cm<\/td><td>20 cm<\/td><td>7,2 cm<\/td><\/tr><tr><td>22 cm<\/td><td>22 cm<\/td><td>7,6 cm<\/td><\/tr><tr><td>24 cm<\/td><td>24 cm<\/td><td>8 cm<\/td><\/tr><tr><td>26 cm<\/td><td>26 cm<\/td><td>8,1 cm<\/td><\/tr><\/tbody><\/table><\/figure>\n\n\n\n<div class=\"wp-block-columns is-layout-flex wp-container-core-columns-is-layout-9d6595d7 wp-block-columns-is-layout-flex\">\n<div class=\"wp-block-column is-layout-flow wp-block-column-is-layout-flow\">\n<figure class=\"wp-block-image size-full\"><img decoding=\"async\" width=\"800\" height=\"800\" src=\"https:\/\/purecook.com\/wp-content\/uploads\/2024\/05\/stainless-steel-bowl-wholesale-5.webp\" alt=\"ta\u00e7a de a\u00e7o inoxid\u00e1vel por atacado\" class=\"wp-image-2350\" srcset=\"https:\/\/www.purecook.com\/wp-content\/uploads\/2024\/05\/stainless-steel-bowl-wholesale-5.webp 800w, https:\/\/www.purecook.com\/wp-content\/uploads\/2024\/05\/stainless-steel-bowl-wholesale-5-300x300.webp 300w, https:\/\/www.purecook.com\/wp-content\/uploads\/2024\/05\/stainless-steel-bowl-wholesale-5-150x150.webp 150w, https:\/\/www.purecook.com\/wp-content\/uploads\/2024\/05\/stainless-steel-bowl-wholesale-5-768x768.webp 768w, https:\/\/www.purecook.com\/wp-content\/uploads\/2024\/05\/stainless-steel-bowl-wholesale-5-600x600.webp 600w, https:\/\/www.purecook.com\/wp-content\/uploads\/2024\/05\/stainless-steel-bowl-wholesale-5-100x100.webp 100w\" sizes=\"(max-width: 800px) 100vw, 800px\" \/><\/figure>\n<\/div>\n\n\n\n<div class=\"wp-block-column is-layout-flow wp-block-column-is-layout-flow\">\n<figure class=\"wp-block-image size-full\"><img decoding=\"async\" width=\"800\" height=\"800\" src=\"https:\/\/purecook.com\/wp-content\/uploads\/2024\/05\/stainless-steel-bowl-wholesale-4.webp\" alt=\"ta\u00e7a de a\u00e7o inoxid\u00e1vel por atacado\" class=\"wp-image-2349\" srcset=\"https:\/\/www.purecook.com\/wp-content\/uploads\/2024\/05\/stainless-steel-bowl-wholesale-4.webp 800w, https:\/\/www.purecook.com\/wp-content\/uploads\/2024\/05\/stainless-steel-bowl-wholesale-4-300x300.webp 300w, https:\/\/www.purecook.com\/wp-content\/uploads\/2024\/05\/stainless-steel-bowl-wholesale-4-150x150.webp 150w, https:\/\/www.purecook.com\/wp-content\/uploads\/2024\/05\/stainless-steel-bowl-wholesale-4-768x768.webp 768w, https:\/\/www.purecook.com\/wp-content\/uploads\/2024\/05\/stainless-steel-bowl-wholesale-4-600x600.webp 600w, https:\/\/www.purecook.com\/wp-content\/uploads\/2024\/05\/stainless-steel-bowl-wholesale-4-100x100.webp 100w\" sizes=\"(max-width: 800px) 100vw, 800px\" \/><\/figure>\n<\/div>\n<\/div>\n\n\n\n<p><\/p>","protected":false},"excerpt":{"rendered":"<p>Somos fabricantes de ta\u00e7as de a\u00e7o inoxid\u00e1vel na China. A ta\u00e7a \u00e9 feita de a\u00e7o inoxid\u00e1vel de alta qualidade, dur\u00e1vel e f\u00e1cil de limpar. O design de camada dupla confere-lhe um desempenho de isolamento t\u00e9rmico mais forte e pode efetivamente preservar a temperatura dos alimentos. Oferecemos uma variedade de op\u00e7\u00f5es de tamanho para satisfazer as suas v\u00e1rias necessidades para servir sopas, atirar saladas, misturar ingredientes, etc. Prestamos servi\u00e7os personalizados e podemos acrescentar log\u00f3tipos, modificar m\u00e9todos de embalagem, tamanhos, etc., de acordo com as suas necessidades.<\/p>\n<h2>Carater\u00edsticas e vantagens da ta\u00e7a de a\u00e7o inoxid\u00e1vel<\/h2>\n<p>Esta \u00e9 uma saladeira de qualidade superior e com \u00f3timo aspeto, feita de material de qualidade alimentar que n\u00e3o enferruja verdadeiramente.<\/p>\n<p>Pode ser lavado na m\u00e1quina de lavar loi\u00e7a para uma limpeza f\u00e1cil. Super dur\u00e1vel e pode ser utilizado durante muito tempo.<\/p>\n<p>Pr\u00e1tica: Esta ta\u00e7a pode ser utilizada para v\u00e1rios fins, tem um aspeto bonito e pode ser colocada diretamente sobre a mesa. O centro isolado ajuda a manter os alimentos \u00e0 temperatura correta.<\/p>\n<p>Com um design muito moderno, nunca ter\u00e1 de se preocupar com quebras!<\/p>\n<p>Alta qualidade: Ideal para refei\u00e7\u00f5es frias ou quentes, com o tamanho perfeito para sopas\/saladas\/noodles\/cereais\/pasta\/frutas, etc. Pode ser utilizado em diferentes ocasi\u00f5es.<\/p>","protected":false},"featured_media":2347,"comment_status":"closed","ping_status":"closed","template":"","meta":{"_acf_changed":false},"product_brand":[],"product_cat":[51,54],"product_tag":[],"class_list":{"0":"post-2345","1":"product","2":"type-product","3":"status-publish","4":"has-post-thumbnail","6":"product_cat-dinnerware","7":"product_cat-stainless-steel-bowl","9":"first","10":"instock","11":"shipping-taxable","12":"product-type-simple"},"acf":[],"_links":{"self":[{"href":"https:\/\/www.purecook.com\/pt\/wp-json\/wp\/v2\/product\/2345","targetHints":{"allow":["GET"]}}],"collection":[{"href":"https:\/\/www.purecook.com\/pt\/wp-json\/wp\/v2\/product"}],"about":[{"href":"https:\/\/www.purecook.com\/pt\/wp-json\/wp\/v2\/types\/product"}],"replies":[{"embeddable":true,"href":"https:\/\/www.purecook.com\/pt\/wp-json\/wp\/v2\/comments?post=2345"}],"wp:featuredmedia":[{"embeddable":true,"href":"https:\/\/www.purecook.com\/pt\/wp-json\/wp\/v2\/media\/2347"}],"wp:attachment":[{"href":"https:\/\/www.purecook.com\/pt\/wp-json\/wp\/v2\/media?parent=2345"}],"wp:term":[{"taxonomy":"product_brand","embeddable":true,"href":"https:\/\/www.purecook.com\/pt\/wp-json\/wp\/v2\/product_brand?post=2345"},{"taxonomy":"product_cat","embeddable":true,"href":"https:\/\/www.purecook.com\/pt\/wp-json\/wp\/v2\/product_cat?post=2345"},{"taxonomy":"product_tag","embeddable":true,"href":"https:\/\/www.purecook.com\/pt\/wp-json\/wp\/v2\/product_tag?post=2345"}],"curies":[{"name":"wp","href":"https:\/\/api.w.org\/{rel}","templated":true}]}}