{"id":2352,"date":"2024-05-24T17:27:44","date_gmt":"2024-05-24T09:27:44","guid":{"rendered":"https:\/\/purecook.com\/?post_type=product&#038;p=2352"},"modified":"2025-08-14T16:54:56","modified_gmt":"2025-08-14T08:54:56","slug":"custom-kids-bento-box-wholesale","status":"publish","type":"product","link":"https:\/\/www.purecook.com\/pt\/product\/custom-kids-bento-box-wholesale\/","title":{"rendered":"Caixa Bento para crian\u00e7as, leve e personalizada, por atacado"},"content":{"rendered":"<div class=\"wp-block-columns is-layout-flex wp-container-core-columns-is-layout-9d6595d7 wp-block-columns-is-layout-flex\">\n<div class=\"wp-block-column is-layout-flow wp-block-column-is-layout-flow\">\n<h3 class=\"wp-block-heading\">Par\u00e2metros da caixa Bento<\/h3>\n\n\n\n<p>N\u00famero do modelo:ch5<br>Nome do produto: Lancheira de a\u00e7o inoxid\u00e1vel 304 \u00e0 prova de fugas<br>Capacidade: 1-3 litros<br>Material: a\u00e7o inoxid\u00e1vel<br>Tamanho: 26,5\u00d719\u00d76 cm\/30\u00d724\u00d76 cm<br>Camada: Camada \u00fanica<br>Material: SS304+pp pl\u00e1stico<br>Cor: rosa, verde, azul<br>MOQ 3000 pcs<\/p>\n<\/div>\n\n\n\n<div class=\"wp-block-column is-layout-flow wp-block-column-is-layout-flow\">\n<h3 class=\"wp-block-heading\">Caixa Bento personalizada<\/h3>\n\n\n\n<p>Embalagem: caixa de cor\/caixa de cart\u00e3o, etc.<br>Quantidade de encomenda 3000 pcs<br><strong><a href=\"https:\/\/www.purecook.com\/pt\/custom-solution\/\" target=\"_blank\" rel=\"noreferrer noopener\">Solu\u00e7\u00f5es personalizadas OEM e ODM<\/a><\/strong><\/p>\n<\/div>\n<\/div>\n\n\n\n<div class=\"wp-block-columns is-layout-flex wp-container-core-columns-is-layout-9d6595d7 wp-block-columns-is-layout-flex\">\n<div class=\"wp-block-column is-layout-flow wp-block-column-is-layout-flow\">\n<figure class=\"wp-block-image size-full\"><img decoding=\"async\" width=\"800\" height=\"800\" src=\"https:\/\/purecook.com\/wp-content\/uploads\/2024\/05\/custom-bento-box-wholesale-4.webp\" alt=\"caixa bento personalizada por atacado\" class=\"wp-image-2356\" srcset=\"https:\/\/www.purecook.com\/wp-content\/uploads\/2024\/05\/custom-bento-box-wholesale-4.webp 800w, https:\/\/www.purecook.com\/wp-content\/uploads\/2024\/05\/custom-bento-box-wholesale-4-300x300.webp 300w, https:\/\/www.purecook.com\/wp-content\/uploads\/2024\/05\/custom-bento-box-wholesale-4-150x150.webp 150w, https:\/\/www.purecook.com\/wp-content\/uploads\/2024\/05\/custom-bento-box-wholesale-4-768x768.webp 768w, https:\/\/www.purecook.com\/wp-content\/uploads\/2024\/05\/custom-bento-box-wholesale-4-600x600.webp 600w, https:\/\/www.purecook.com\/wp-content\/uploads\/2024\/05\/custom-bento-box-wholesale-4-100x100.webp 100w\" sizes=\"(max-width: 800px) 100vw, 800px\" \/><\/figure>\n<\/div>\n\n\n\n<div class=\"wp-block-column is-layout-flow wp-block-column-is-layout-flow\">\n<figure class=\"wp-block-image size-full\"><img decoding=\"async\" width=\"779\" height=\"714\" src=\"https:\/\/purecook.com\/wp-content\/uploads\/2024\/05\/custom-bento-box-size.webp\" alt=\"tamanho da caixa bento personalizada\" class=\"wp-image-2358\" srcset=\"https:\/\/www.purecook.com\/wp-content\/uploads\/2024\/05\/custom-bento-box-size.webp 779w, https:\/\/www.purecook.com\/wp-content\/uploads\/2024\/05\/custom-bento-box-size-300x275.webp 300w, https:\/\/www.purecook.com\/wp-content\/uploads\/2024\/05\/custom-bento-box-size-768x704.webp 768w, https:\/\/www.purecook.com\/wp-content\/uploads\/2024\/05\/custom-bento-box-size-600x550.webp 600w\" sizes=\"(max-width: 779px) 100vw, 779px\" \/><\/figure>\n<\/div>\n<\/div>","protected":false},"excerpt":{"rendered":"<p>A caixa bento \u00e9 feita de materiais de qualidade alimentar, seguros e fi\u00e1veis, e adopta um design leve, tornando-a f\u00e1cil de transportar pelos utilizadores. O design de m\u00faltiplos compartimentos permite-lhe separar diferentes tipos de alimentos, e pode desfrutar de melhores pre\u00e7os ao comprar por atacado. Fornecemos servi\u00e7os de caixas bento personalizadas. Podemos personalizar a sua caixa bento e a embalagem de acordo com as suas necessidades.<\/p>\n<h2>Carater\u00edsticas e vantagens da Bento Box<\/h2>\n<p>N\u00e3o cont\u00e9m bisfenol (bpa), n\u00e3o cont\u00e9m chumbo, n\u00e3o \u00e9 t\u00f3xico, \u00e9 resistente \u00e0 ferrugem e pode ser lavado na m\u00e1quina de lavar lou\u00e7a na prateleira superior, pelo que a limpeza \u00e9 muito f\u00e1cil!<\/p>\n<p>Compartimento \u00e0 prova de fugas - mantenha os alimentos separados: Obtenha as vantagens de uma lancheira e tampa em a\u00e7o inoxid\u00e1vel sem comprometer a higiene dos alimentos.<\/p>\n<p>A tampa possui um design exclusivo de borracha de silicone que bloqueia cada sec\u00e7\u00e3o no lugar para garantir que os alimentos n\u00e3o se misturam, derramam ou vazam uns nos outros. Agora pode saborear as suas sandu\u00edches sem as misturar com o seu iogurte.<\/p>\n<p>Perfeitas para uma alimenta\u00e7\u00e3o saud\u00e1vel - controlo das por\u00e7\u00f5es - as nossas caixas bento permitem-lhe guardar toda a sua refei\u00e7\u00e3o num recipiente f\u00e1cil de transportar.<\/p>\n<p>Perfeito para almo\u00e7os de trabalho, lanches, escola, piqueniques ou em viagem! O design de 3 sec\u00e7\u00f5es facilita o cumprimento dos seus objectivos de sa\u00fade e a manuten\u00e7\u00e3o de alimentos saud\u00e1veis \u00e0 m\u00e3o.<\/p>\n<p>Cabe facilmente em malas de m\u00e3o, sacos de trabalho, mochilas e sacos de gin\u00e1stica!<\/p>\n<p>F\u00e1cil de transportar e segura para alimentos quentes e frios - desfrute de um almo\u00e7o quente saud\u00e1vel em qualquer altura e em qualquer lugar, sem qualquer inconveniente. A nossa lancheira tem uma camada exterior de pl\u00e1stico no fundo que impede que o recipiente fique demasiado quente ou demasiado frio para ser transportado.<\/p>\n<p><a href=\"https:\/\/www.purecook.com\/pt\/custom-solution\/\" target=\"_blank\" rel=\"noopener\">Suporte para caixa bento personalizada OEM&amp;ODM.<\/a><\/p>\n<p>&nbsp;<\/p>","protected":false},"featured_media":2357,"comment_status":"closed","ping_status":"closed","template":"","meta":{"_acf_changed":false},"product_brand":[],"product_cat":[51,102],"product_tag":[],"class_list":{"0":"post-2352","1":"product","2":"type-product","3":"status-publish","4":"has-post-thumbnail","6":"product_cat-dinnerware","7":"product_cat-lunch-boxes","9":"first","10":"instock","11":"shipping-taxable","12":"product-type-simple"},"acf":[],"_links":{"self":[{"href":"https:\/\/www.purecook.com\/pt\/wp-json\/wp\/v2\/product\/2352","targetHints":{"allow":["GET"]}}],"collection":[{"href":"https:\/\/www.purecook.com\/pt\/wp-json\/wp\/v2\/product"}],"about":[{"href":"https:\/\/www.purecook.com\/pt\/wp-json\/wp\/v2\/types\/product"}],"replies":[{"embeddable":true,"href":"https:\/\/www.purecook.com\/pt\/wp-json\/wp\/v2\/comments?post=2352"}],"wp:featuredmedia":[{"embeddable":true,"href":"https:\/\/www.purecook.com\/pt\/wp-json\/wp\/v2\/media\/2357"}],"wp:attachment":[{"href":"https:\/\/www.purecook.com\/pt\/wp-json\/wp\/v2\/media?parent=2352"}],"wp:term":[{"taxonomy":"product_brand","embeddable":true,"href":"https:\/\/www.purecook.com\/pt\/wp-json\/wp\/v2\/product_brand?post=2352"},{"taxonomy":"product_cat","embeddable":true,"href":"https:\/\/www.purecook.com\/pt\/wp-json\/wp\/v2\/product_cat?post=2352"},{"taxonomy":"product_tag","embeddable":true,"href":"https:\/\/www.purecook.com\/pt\/wp-json\/wp\/v2\/product_tag?post=2352"}],"curies":[{"name":"wp","href":"https:\/\/api.w.org\/{rel}","templated":true}]}}