{"id":2431,"date":"2024-06-04T08:53:13","date_gmt":"2024-06-04T00:53:13","guid":{"rendered":"https:\/\/www.purecook.com\/?post_type=product&#038;p=2431"},"modified":"2025-08-14T16:54:45","modified_gmt":"2025-08-14T08:54:45","slug":"stainless-steel-customized-bento-box-wholesale","status":"publish","type":"product","link":"https:\/\/www.purecook.com\/pt\/product\/stainless-steel-customized-bento-box-wholesale\/","title":{"rendered":"Caixa Bento de a\u00e7o inoxid\u00e1vel colorida personalizada por atacado"},"content":{"rendered":"<div class=\"wp-block-columns is-layout-flex wp-container-core-columns-is-layout-9d6595d7 wp-block-columns-is-layout-flex\">\n<div class=\"wp-block-column is-layout-flow wp-block-column-is-layout-flow\">\n<h3 class=\"wp-block-heading\">Par\u00e2metros da caixa Bento<\/h3>\n\n\n\n<p>Nome: Caixa bento com 5 compartimentos <br>Capacidade 1-3 litros<br>Tamanho 27\u00d720\u00d77,5 cm\/ 23\u00d716,5\u00d77,5 cm<br>Material SS304+pp pl\u00e1stico<br>Cor: azul\/rosa\/verde<br>Embalagem Lancheira + pauzinhos SUS201 + colher SUS201<br>Quantidade 1000pcs<\/p>\n<\/div>\n\n\n\n<div class=\"wp-block-column is-layout-flow wp-block-column-is-layout-flow\">\n<h3 class=\"wp-block-heading\">Caixa Bento personalizada<\/h3>\n\n\n\n<p>Embalagem: caixa de cor\/caixa de cart\u00e3o, etc.<br>MOQ: 1000 pe\u00e7as<br><strong><a href=\"https:\/\/www.purecook.com\/pt\/custom-solution\/\" target=\"_blank\" rel=\"noreferrer noopener\">Solu\u00e7\u00f5es personalizadas para caixas Bento Box OEM e ODM<\/a><\/strong><\/p>\n<\/div>\n<\/div>\n\n\n\n<div class=\"wp-block-columns is-layout-flex wp-container-core-columns-is-layout-9d6595d7 wp-block-columns-is-layout-flex\">\n<div class=\"wp-block-column is-layout-flow wp-block-column-is-layout-flow\">\n<figure class=\"wp-block-image size-full\"><img decoding=\"async\" width=\"800\" height=\"800\" src=\"https:\/\/www.purecook.com\/wp-content\/uploads\/2024\/06\/customized-bento-box-wholesale-2.webp\" alt=\"caixa bento personalizada por atacado\" class=\"wp-image-2435\" srcset=\"https:\/\/www.purecook.com\/wp-content\/uploads\/2024\/06\/customized-bento-box-wholesale-2.webp 800w, https:\/\/www.purecook.com\/wp-content\/uploads\/2024\/06\/customized-bento-box-wholesale-2-300x300.webp 300w, https:\/\/www.purecook.com\/wp-content\/uploads\/2024\/06\/customized-bento-box-wholesale-2-150x150.webp 150w, https:\/\/www.purecook.com\/wp-content\/uploads\/2024\/06\/customized-bento-box-wholesale-2-768x768.webp 768w, https:\/\/www.purecook.com\/wp-content\/uploads\/2024\/06\/customized-bento-box-wholesale-2-600x600.webp 600w, https:\/\/www.purecook.com\/wp-content\/uploads\/2024\/06\/customized-bento-box-wholesale-2-100x100.webp 100w\" sizes=\"(max-width: 800px) 100vw, 800px\" \/><\/figure>\n<\/div>\n\n\n\n<div class=\"wp-block-column is-layout-flow wp-block-column-is-layout-flow\">\n<figure class=\"wp-block-image size-full\"><img decoding=\"async\" width=\"800\" height=\"800\" src=\"https:\/\/www.purecook.com\/wp-content\/uploads\/2024\/06\/customized-bento-box-wholesale-1.webp\" alt=\"caixa bento personalizada por atacado\" class=\"wp-image-2434\" srcset=\"https:\/\/www.purecook.com\/wp-content\/uploads\/2024\/06\/customized-bento-box-wholesale-1.webp 800w, https:\/\/www.purecook.com\/wp-content\/uploads\/2024\/06\/customized-bento-box-wholesale-1-300x300.webp 300w, https:\/\/www.purecook.com\/wp-content\/uploads\/2024\/06\/customized-bento-box-wholesale-1-150x150.webp 150w, https:\/\/www.purecook.com\/wp-content\/uploads\/2024\/06\/customized-bento-box-wholesale-1-768x768.webp 768w, https:\/\/www.purecook.com\/wp-content\/uploads\/2024\/06\/customized-bento-box-wholesale-1-600x600.webp 600w, https:\/\/www.purecook.com\/wp-content\/uploads\/2024\/06\/customized-bento-box-wholesale-1-100x100.webp 100w\" sizes=\"(max-width: 800px) 100vw, 800px\" \/><\/figure>\n<\/div>\n<\/div>","protected":false},"excerpt":{"rendered":"<p>N\u00f3s fornecemos servi\u00e7o personalizado de atacado de caixa bento, feito de a\u00e7o inoxid\u00e1vel de alta qualidade de grau alimentar, design de v\u00e1rios tamanhos, adequado para adultos e crian\u00e7as. Podemos personalizar a caixa bento de acordo com as suas necessidades, bem-vindo a contactar-nos para obter solu\u00e7\u00f5es personalizadas de caixa bento e pre\u00e7os por atacado.<\/p>\n<h2>Carater\u00edsticas e vantagens da Bento Box<\/h2>\n<p><strong>Materiais de alta qualidade<\/strong>: A utiliza\u00e7\u00e3o de materiais pl\u00e1sticos e met\u00e1licos de alta qualidade para garantir a durabilidade e a seguran\u00e7a do produto, isentos de bpa e de outras subst\u00e2ncias nocivas, adequados para o contacto direto com os alimentos, para proteger a sa\u00fade do seu filho.<\/p>\n<p><strong>Design com cinco compartimentos<\/strong>: Cinco compartimentos independentes, f\u00e1ceis de classificar e armazenar diferentes tipos de alimentos, evitam a cascata de alimentos, mant\u00eam o sabor original dos alimentos, satisfazem as diversas necessidades alimentares das crian\u00e7as.<\/p>\n<p><strong>Colorido<\/strong>: Uma variedade de cores concebidas para atrair a aten\u00e7\u00e3o das crian\u00e7as, aumentar a divers\u00e3o das refei\u00e7\u00f5es, estimular o apetite das crian\u00e7as, para que estas adorem comer.<\/p>\n<p><strong>Pr\u00e1tico para transportar<\/strong>: Leve e f\u00e1cil de transportar, adequado para a escola, viagens de campo, piqueniques e outras ocasi\u00f5es, com uma tampa hermeticamente fechada para evitar fugas de alimentos e manter os alimentos frescos e higi\u00e9nicos.<\/p>\n<p><strong>F\u00e1cil de limpar<\/strong>: Design destac\u00e1vel, f\u00e1cil de limpar, lav\u00e1vel \u00e0 m\u00e3o ou na m\u00e1quina de lavar lou\u00e7a, poupa tempo e esfor\u00e7o, mant\u00e9m o recipiente limpo e higi\u00e9nico.<\/p>\n<p><strong>Amigo do ambiente e reutiliz\u00e1vel<\/strong>: Os utens\u00edlios de mesa aut\u00f3nomos, feitos de materiais ecol\u00f3gicos, dur\u00e1veis e reutiliz\u00e1veis, reduzem a utiliza\u00e7\u00e3o de utens\u00edlios de mesa descart\u00e1veis, protegem o ambiente e cultivam a consci\u00eancia ambiental das crian\u00e7as.<\/p>\n<p><strong>Saud\u00e1vel e seguro<\/strong>: Design sem revestimento, isento de subst\u00e2ncias nocivas, garante a pureza e a seguran\u00e7a dos alimentos, adequado para utiliza\u00e7\u00e3o a longo prazo.<\/p>\n<p><strong>Polivalente<\/strong>: N\u00e3o s\u00f3 adequado para o almo\u00e7o, mas tamb\u00e9m pode ser utilizado para servir lanches, frutas, saladas, etc., para satisfazer as necessidades alimentares do seu filho ao longo do dia.<\/p>\n<p><strong>Oferecer uma solu\u00e7\u00e3o personalizada de caixas bento<\/strong><\/p>\n<p><strong><a href=\"https:\/\/www.purecook.com\/pt\/custom-solution\/\" target=\"_blank\" rel=\"noopener\">Suporte para caixa bento personalizada OEM&amp;ODM<\/a><\/strong><\/p>\n<p>&nbsp;<\/p>","protected":false},"featured_media":2436,"comment_status":"closed","ping_status":"closed","template":"","meta":{"_acf_changed":false},"product_brand":[],"product_cat":[51,102],"product_tag":[],"class_list":{"0":"post-2431","1":"product","2":"type-product","3":"status-publish","4":"has-post-thumbnail","6":"product_cat-dinnerware","7":"product_cat-lunch-boxes","9":"first","10":"instock","11":"shipping-taxable","12":"product-type-simple"},"acf":[],"_links":{"self":[{"href":"https:\/\/www.purecook.com\/pt\/wp-json\/wp\/v2\/product\/2431","targetHints":{"allow":["GET"]}}],"collection":[{"href":"https:\/\/www.purecook.com\/pt\/wp-json\/wp\/v2\/product"}],"about":[{"href":"https:\/\/www.purecook.com\/pt\/wp-json\/wp\/v2\/types\/product"}],"replies":[{"embeddable":true,"href":"https:\/\/www.purecook.com\/pt\/wp-json\/wp\/v2\/comments?post=2431"}],"wp:featuredmedia":[{"embeddable":true,"href":"https:\/\/www.purecook.com\/pt\/wp-json\/wp\/v2\/media\/2436"}],"wp:attachment":[{"href":"https:\/\/www.purecook.com\/pt\/wp-json\/wp\/v2\/media?parent=2431"}],"wp:term":[{"taxonomy":"product_brand","embeddable":true,"href":"https:\/\/www.purecook.com\/pt\/wp-json\/wp\/v2\/product_brand?post=2431"},{"taxonomy":"product_cat","embeddable":true,"href":"https:\/\/www.purecook.com\/pt\/wp-json\/wp\/v2\/product_cat?post=2431"},{"taxonomy":"product_tag","embeddable":true,"href":"https:\/\/www.purecook.com\/pt\/wp-json\/wp\/v2\/product_tag?post=2431"}],"curies":[{"name":"wp","href":"https:\/\/api.w.org\/{rel}","templated":true}]}}