{"id":2458,"date":"2024-06-04T11:40:12","date_gmt":"2024-06-04T03:40:12","guid":{"rendered":"https:\/\/www.purecook.com\/?post_type=product&#038;p=2458"},"modified":"2024-06-12T09:23:11","modified_gmt":"2024-06-12T01:23:11","slug":"wholesale-custom-dessert-plates","status":"publish","type":"product","link":"https:\/\/www.purecook.com\/pt\/product\/wholesale-custom-dessert-plates\/","title":{"rendered":"Pratos de sobremesa personalizados por atacado: Perfeito para catering e restaurantes"},"content":{"rendered":"<div class=\"wp-block-columns is-layout-flex wp-container-core-columns-is-layout-9d6595d7 wp-block-columns-is-layout-flex\">\n<div class=\"wp-block-column is-layout-flow wp-block-column-is-layout-flow\">\n<h3 class=\"wp-block-heading\">Par\u00e2metros dos pratos de sobremesa <\/h3>\n\n\n\n<p>Nome do produto: Prato Oval<br>Tipo de utens\u00edlios de mesa: Pratos e pires<br>Tamanho: 18\/23\/30 cm<br>Material: Sus 201<br>Recipiente para molhos<br>Cor: prateado<br>MOQ: 200 pcs<br>Log\u00f3tipo: Aceita-se log\u00f3tipo personalizado<br>Unidade de venda: Individual<br>Tamanho da embalagem de uma \u00fanica pe\u00e7a: 40X30X15 cent\u00edmetros<br>Peso bruto por pe\u00e7a:15.000 kg<\/p>\n<\/div>\n\n\n\n<div class=\"wp-block-column is-layout-flow wp-block-column-is-layout-flow\">\n<h3 class=\"wp-block-heading\">Pratos de sobremesa personalizados<\/h3>\n\n\n\n<p>Log\u00f3tipo: personalizar o log\u00f3tipo da sua marca<br>Embalagem: caixa de cor\/caixa de cart\u00e3o, etc.<br>Padr\u00e3o: personalizar o padr\u00e3o pretendido.<br>MOQ: 1000 pe\u00e7as<br><strong><a href=\"https:\/\/www.purecook.com\/pt\/custom-solution\/\" target=\"_blank\" rel=\"noreferrer noopener\">Solu\u00e7\u00f5es de pratos de sobremesa personalizados OEM e ODM<\/a><\/strong><\/p>\n<\/div>\n<\/div>\n\n\n\n<div class=\"wp-block-columns is-layout-flex wp-container-core-columns-is-layout-9d6595d7 wp-block-columns-is-layout-flex\">\n<div class=\"wp-block-column is-layout-flow wp-block-column-is-layout-flow\">\n<figure class=\"wp-block-image size-full\"><img decoding=\"async\" width=\"800\" height=\"800\" src=\"https:\/\/www.purecook.com\/wp-content\/uploads\/2024\/06\/custom-dessert-plates-2.webp\" alt=\"pratos de sobremesa personalizados\" class=\"wp-image-2460\" srcset=\"https:\/\/www.purecook.com\/wp-content\/uploads\/2024\/06\/custom-dessert-plates-2.webp 800w, https:\/\/www.purecook.com\/wp-content\/uploads\/2024\/06\/custom-dessert-plates-2-300x300.webp 300w, https:\/\/www.purecook.com\/wp-content\/uploads\/2024\/06\/custom-dessert-plates-2-150x150.webp 150w, https:\/\/www.purecook.com\/wp-content\/uploads\/2024\/06\/custom-dessert-plates-2-768x768.webp 768w, https:\/\/www.purecook.com\/wp-content\/uploads\/2024\/06\/custom-dessert-plates-2-600x600.webp 600w, https:\/\/www.purecook.com\/wp-content\/uploads\/2024\/06\/custom-dessert-plates-2-100x100.webp 100w\" sizes=\"(max-width: 800px) 100vw, 800px\" \/><\/figure>\n<\/div>\n\n\n\n<div class=\"wp-block-column is-layout-flow wp-block-column-is-layout-flow\">\n<figure class=\"wp-block-image size-full\"><img decoding=\"async\" width=\"800\" height=\"800\" src=\"https:\/\/www.purecook.com\/wp-content\/uploads\/2024\/06\/custom-dessert-plates-4.webp\" alt=\"pratos de sobremesa personalizados\" class=\"wp-image-2462\" srcset=\"https:\/\/www.purecook.com\/wp-content\/uploads\/2024\/06\/custom-dessert-plates-4.webp 800w, https:\/\/www.purecook.com\/wp-content\/uploads\/2024\/06\/custom-dessert-plates-4-300x300.webp 300w, https:\/\/www.purecook.com\/wp-content\/uploads\/2024\/06\/custom-dessert-plates-4-150x150.webp 150w, https:\/\/www.purecook.com\/wp-content\/uploads\/2024\/06\/custom-dessert-plates-4-768x768.webp 768w, https:\/\/www.purecook.com\/wp-content\/uploads\/2024\/06\/custom-dessert-plates-4-600x600.webp 600w, https:\/\/www.purecook.com\/wp-content\/uploads\/2024\/06\/custom-dessert-plates-4-100x100.webp 100w\" sizes=\"(max-width: 800px) 100vw, 800px\" \/><\/figure>\n<\/div>\n<\/div>","protected":false},"excerpt":{"rendered":"<p>Pratos de sobremesa retangulares personaliz\u00e1veis por atacado. Uma variedade de tamanhos est\u00e1 dispon\u00edvel, o que \u00e9 conveniente para os usu\u00e1rios combinarem e colocarem v\u00e1rios alimentos. Feito de a\u00e7o inoxid\u00e1vel de alta qualidade, \u00e9 f\u00e1cil de limpar e pode ser lavado \u00e0 m\u00e3o ou na m\u00e1quina de lavar lou\u00e7a. N\u00e3o s\u00f3 fornecemos servi\u00e7os de atacado de pratos de sobremesa a granel, mas tamb\u00e9m solu\u00e7\u00f5es personalizadas de pratos de sobremesa.<\/p>\n<h2>Carater\u00edsticas e vantagens dos pratos de sobremesa<\/h2>\n<p><strong>A\u00e7o inoxid\u00e1vel de alta qualidade<\/strong>: feito de material de a\u00e7o inoxid\u00e1vel 201 de alta qualidade, robusto e dur\u00e1vel, resistente \u00e0 ferrugem e \u00e0 corros\u00e3o para garantir uma utiliza\u00e7\u00e3o a longo prazo, adequado para uma utiliza\u00e7\u00e3o frequente em ambientes de hotelaria e restaura\u00e7\u00e3o.<br \/><strong>Design japon\u00eas<\/strong>O design simples e elegante de estilo japon\u00eas real\u00e7a a est\u00e9tica da mesa, adequada para uma variedade de locais de refei\u00e7\u00f5es de alta qualidade, mostrando gosto e estilo.<br \/><strong>Tamanho personalizado<\/strong>: Fornecer uma variedade de op\u00e7\u00f5es de tamanho para satisfazer diferentes necessidades de refei\u00e7\u00f5es, quer se trate de sobremesas delicadas ou de diversos snacks, pode encontrar o tamanho certo.<br \/><strong>Desenho oval<\/strong>: O design oval do prato de jantar aumenta a flexibilidade e a beleza do revestimento, adequado para exibir todos os tipos de sobremesas, lanches e pequenos pratos antes do jantar, melhorando o efeito visual dos alimentos.<br \/><strong>Saud\u00e1vel e seguro<\/strong>: feito de material de a\u00e7o inoxid\u00e1vel de qualidade alimentar, sem subst\u00e2ncias nocivas, garante a seguran\u00e7a alimentar, utiliza\u00e7\u00e3o segura, adequado para contacto direto com os alimentos.<br \/><strong>F\u00e1cil de limpar<\/strong>: o design da superf\u00edcie lisa evita res\u00edduos de alimentos, \u00e9 f\u00e1cil de limpar, pode ser lavado \u00e0 m\u00e3o ou na m\u00e1quina de lavar lou\u00e7a, poupa tempo e trabalho, adequado para um servi\u00e7o alimentar eficiente.<br \/><strong>Grande durabilidade:<\/strong> O material de a\u00e7o inoxid\u00e1vel \u00e9 resistente a altas temperaturas e a impactos, n\u00e3o \u00e9 f\u00e1cil de deformar ou danificar e \u00e9 adequado para uma utiliza\u00e7\u00e3o de alta intensidade em cozinhas comerciais.<br \/><strong>Utiliza\u00e7\u00e3o multifuncional<\/strong>: n\u00e3o s\u00f3 para sobremesas e lanches, mas tamb\u00e9m para expor sushi, sashimi, aperitivos e muitas outras cozinhas, vers\u00e1til e pr\u00e1tico.<br \/><strong>Aspeto moderno<\/strong>O design simples e generoso, adequado a uma variedade de estilos de restaura\u00e7\u00e3o, \u00e9 um utens\u00edlio pr\u00e1tico e bonito para expor na mesa.<br \/><strong>Personaliza\u00e7\u00e3o profissional<\/strong>: apoiar a personaliza\u00e7\u00e3o para satisfazer as necessidades espec\u00edficas dos hot\u00e9is e restaurantes e melhorar a imagem da marca e a satisfa\u00e7\u00e3o do cliente.<br \/>Oferecer uma solu\u00e7\u00e3o personalizada de pratos de sobremesa.<br \/><strong><a href=\"https:\/\/www.purecook.com\/pt\/custom-solution\/\" target=\"_blank\" rel=\"noopener\">Suporte para pratos de sobremesa personalizados OEM&amp;ODM<\/a><\/strong><\/p>\n<p>&nbsp;<\/p>","protected":false},"featured_media":2459,"comment_status":"closed","ping_status":"closed","template":"","meta":{"_acf_changed":false},"product_brand":[],"product_cat":[51,55],"product_tag":[],"class_list":{"0":"post-2458","1":"product","2":"type-product","3":"status-publish","4":"has-post-thumbnail","6":"product_cat-dinnerware","7":"product_cat-dish-and-plate","9":"first","10":"instock","11":"shipping-taxable","12":"product-type-simple"},"acf":[],"_links":{"self":[{"href":"https:\/\/www.purecook.com\/pt\/wp-json\/wp\/v2\/product\/2458","targetHints":{"allow":["GET"]}}],"collection":[{"href":"https:\/\/www.purecook.com\/pt\/wp-json\/wp\/v2\/product"}],"about":[{"href":"https:\/\/www.purecook.com\/pt\/wp-json\/wp\/v2\/types\/product"}],"replies":[{"embeddable":true,"href":"https:\/\/www.purecook.com\/pt\/wp-json\/wp\/v2\/comments?post=2458"}],"wp:featuredmedia":[{"embeddable":true,"href":"https:\/\/www.purecook.com\/pt\/wp-json\/wp\/v2\/media\/2459"}],"wp:attachment":[{"href":"https:\/\/www.purecook.com\/pt\/wp-json\/wp\/v2\/media?parent=2458"}],"wp:term":[{"taxonomy":"product_brand","embeddable":true,"href":"https:\/\/www.purecook.com\/pt\/wp-json\/wp\/v2\/product_brand?post=2458"},{"taxonomy":"product_cat","embeddable":true,"href":"https:\/\/www.purecook.com\/pt\/wp-json\/wp\/v2\/product_cat?post=2458"},{"taxonomy":"product_tag","embeddable":true,"href":"https:\/\/www.purecook.com\/pt\/wp-json\/wp\/v2\/product_tag?post=2458"}],"curies":[{"name":"wp","href":"https:\/\/api.w.org\/{rel}","templated":true}]}}