{"id":2463,"date":"2024-06-04T14:40:39","date_gmt":"2024-06-04T06:40:39","guid":{"rendered":"https:\/\/www.purecook.com\/?post_type=product&#038;p=2463"},"modified":"2024-06-04T15:49:51","modified_gmt":"2024-06-04T07:49:51","slug":"bulk-rectangular-deep-hotel-pan-wholesale","status":"publish","type":"product","link":"https:\/\/www.purecook.com\/pt\/product\/bulk-rectangular-deep-hotel-pan-wholesale\/","title":{"rendered":"Panela retangular profunda para hotel por atacado"},"content":{"rendered":"<div class=\"wp-block-columns is-layout-flex wp-container-core-columns-is-layout-9d6595d7 wp-block-columns-is-layout-flex\">\n<div class=\"wp-block-column is-layout-flow wp-block-column-is-layout-flow\">\n<h3 class=\"wp-block-heading\">Par\u00e2metros do Hotel Pan<\/h3>\n\n\n\n<p>Tamanho 15 cm<br>Material: SuS 304<br>Pega Com\/sem pega<br>Cor: prateado<br>MOQ 160 pcs<br>Log\u00f3tipo Aceita log\u00f3tipos personalizados<\/p>\n<\/div>\n\n\n\n<div class=\"wp-block-column is-layout-flow wp-block-column-is-layout-flow\">\n<h3 class=\"wp-block-heading\">Panela de hotel personalizada<\/h3>\n\n\n\n<p>Log\u00f3tipo: personalizar o log\u00f3tipo da sua marca<br>Embalagem: caixa de cor\/caixa de cart\u00e3o, etc.<br>Padr\u00e3o: personalizar o padr\u00e3o pretendido<br>MOQ: 1000 pe\u00e7as<br><strong><a href=\"https:\/\/www.purecook.com\/pt\/custom-solution\/\" target=\"_blank\" rel=\"noreferrer noopener\">Solu\u00e7\u00f5es personalizadas para hot\u00e9is profundos OEM e ODM<\/a><\/strong><\/p>\n<\/div>\n<\/div>\n\n\n\n<div class=\"wp-block-columns is-layout-flex wp-container-core-columns-is-layout-9d6595d7 wp-block-columns-is-layout-flex\">\n<div class=\"wp-block-column is-layout-flow wp-block-column-is-layout-flow\">\n<figure class=\"wp-block-image size-full\"><img decoding=\"async\" width=\"800\" height=\"800\" src=\"https:\/\/www.purecook.com\/wp-content\/uploads\/2024\/06\/hotel-pan-wholesale-4.webp\" alt=\"panela de hotel por atacado\" class=\"wp-image-2473\" srcset=\"https:\/\/www.purecook.com\/wp-content\/uploads\/2024\/06\/hotel-pan-wholesale-4.webp 800w, https:\/\/www.purecook.com\/wp-content\/uploads\/2024\/06\/hotel-pan-wholesale-4-300x300.webp 300w, https:\/\/www.purecook.com\/wp-content\/uploads\/2024\/06\/hotel-pan-wholesale-4-150x150.webp 150w, https:\/\/www.purecook.com\/wp-content\/uploads\/2024\/06\/hotel-pan-wholesale-4-768x768.webp 768w, https:\/\/www.purecook.com\/wp-content\/uploads\/2024\/06\/hotel-pan-wholesale-4-600x600.webp 600w, https:\/\/www.purecook.com\/wp-content\/uploads\/2024\/06\/hotel-pan-wholesale-4-100x100.webp 100w\" sizes=\"(max-width: 800px) 100vw, 800px\" \/><\/figure>\n<\/div>\n\n\n\n<div class=\"wp-block-column is-layout-flow wp-block-column-is-layout-flow\">\n<figure class=\"wp-block-image size-full\"><img decoding=\"async\" width=\"800\" height=\"800\" src=\"https:\/\/www.purecook.com\/wp-content\/uploads\/2024\/06\/hotel-pan-wholesale-1.webp\" alt=\"panela de hotel por atacado\" class=\"wp-image-2470\" srcset=\"https:\/\/www.purecook.com\/wp-content\/uploads\/2024\/06\/hotel-pan-wholesale-1.webp 800w, https:\/\/www.purecook.com\/wp-content\/uploads\/2024\/06\/hotel-pan-wholesale-1-300x300.webp 300w, https:\/\/www.purecook.com\/wp-content\/uploads\/2024\/06\/hotel-pan-wholesale-1-150x150.webp 150w, https:\/\/www.purecook.com\/wp-content\/uploads\/2024\/06\/hotel-pan-wholesale-1-768x768.webp 768w, https:\/\/www.purecook.com\/wp-content\/uploads\/2024\/06\/hotel-pan-wholesale-1-600x600.webp 600w, https:\/\/www.purecook.com\/wp-content\/uploads\/2024\/06\/hotel-pan-wholesale-1-100x100.webp 100w\" sizes=\"(max-width: 800px) 100vw, 800px\" \/><\/figure>\n<\/div>\n<\/div>","protected":false},"excerpt":{"rendered":"<p>Panela de hotel retangular profunda por atacado. A bandeja de hotel tem um design simples e generoso, adequado para uma variedade de estilos de catering. Fornecemos solu\u00e7\u00f5es personalizadas para bandejas de hotel e oferecemos servi\u00e7o de atacado de bandeja de hotel a granel.<\/p>\n<h2>Carater\u00edsticas e vantagens do Hotel Pan<\/h2>\n<p><strong>A\u00e7o inoxid\u00e1vel 304 de alta qualidade<\/strong>: Feito de material de a\u00e7o inoxid\u00e1vel 304 de qualidade alimentar, robusto e dur\u00e1vel, resistente \u00e0 ferrugem e \u00e0 corros\u00e3o para garantir uma utiliza\u00e7\u00e3o a longo prazo, adequado para contacto direto com alimentos, para proteger a sa\u00fade.<br \/><strong>Design de estilo retro<\/strong>: O design retangular de estilo retro, \u00fanico e moderno, acrescenta beleza \u00e0 mesa, adequado para todos os tipos de festas, reuni\u00f5es e locais de refei\u00e7\u00f5es sofisticados.<br \/><strong>Pega pr\u00e1tica<\/strong>: Concebida com uma pega pr\u00e1tica, f\u00e1cil de pegar e mover, melhora a experi\u00eancia de utiliza\u00e7\u00e3o, especialmente adequada para cenas de buffet e festas.<br \/><strong>Utiliza\u00e7\u00e3o multifuncional<\/strong>: O design do prato fundo \u00e9 adequado para servir uma variedade de alimentos, como refrescos, batatas fritas, p\u00e3o, salada, etc., satisfazendo as necessidades de restaura\u00e7\u00e3o de diferentes ocasi\u00f5es.<br \/><strong>Tamanho 15cm<\/strong>: Design de tamanho moderado, n\u00e3o s\u00f3 pode conter comida suficiente, mas tamb\u00e9m n\u00e3o ocupa muito espa\u00e7o na mesa, adequado para v\u00e1rias ocasi\u00f5es.<br \/><strong>Resist\u00eancia a altas temperaturas<\/strong>: Excelente resist\u00eancia a altas temperaturas, adequado para forno, micro-ondas e outros ambientes de alta temperatura, n\u00e3o \u00e9 f\u00e1cil de deformar ou danificar.<br \/><strong>F\u00e1cil de limpar:<\/strong> Design de superf\u00edcie lisa, evita res\u00edduos de alimentos, f\u00e1cil de limpar, pode ser lavado \u00e0 m\u00e3o ou na m\u00e1quina de lavar loi\u00e7a, poupa tempo e trabalho.<br \/><strong>Sa\u00fade e seguran\u00e7a<\/strong>: Design sem revestimento, n\u00e3o cont\u00e9m subst\u00e2ncias nocivas, para garantir a pureza e a seguran\u00e7a dos alimentos, adequado para utiliza\u00e7\u00e3o a longo prazo.<br \/><strong>Aspeto moderno<\/strong>: Design simples e generoso, adequado para uma variedade de estilos de restaura\u00e7\u00e3o, uma ferramenta de exposi\u00e7\u00e3o pr\u00e1tica e bonita para festas e reuni\u00f5es.<br \/>Oferecer solu\u00e7\u00f5es personalizadas de panelas para hot\u00e9is.<br \/><strong><a href=\"https:\/\/www.purecook.com\/pt\/custom-solution\/\" target=\"_blank\" rel=\"noopener\">Suporte a bandejas de hotel personalizadas OEM&amp;ODM.<\/a><\/strong><\/p>\n<p>&nbsp;<\/p>","protected":false},"featured_media":2471,"comment_status":"closed","ping_status":"closed","template":"","meta":{"_acf_changed":false},"product_brand":[],"product_cat":[51,55],"product_tag":[],"class_list":{"0":"post-2463","1":"product","2":"type-product","3":"status-publish","4":"has-post-thumbnail","6":"product_cat-dinnerware","7":"product_cat-dish-and-plate","9":"first","10":"instock","11":"shipping-taxable","12":"product-type-simple"},"acf":[],"_links":{"self":[{"href":"https:\/\/www.purecook.com\/pt\/wp-json\/wp\/v2\/product\/2463","targetHints":{"allow":["GET"]}}],"collection":[{"href":"https:\/\/www.purecook.com\/pt\/wp-json\/wp\/v2\/product"}],"about":[{"href":"https:\/\/www.purecook.com\/pt\/wp-json\/wp\/v2\/types\/product"}],"replies":[{"embeddable":true,"href":"https:\/\/www.purecook.com\/pt\/wp-json\/wp\/v2\/comments?post=2463"}],"wp:featuredmedia":[{"embeddable":true,"href":"https:\/\/www.purecook.com\/pt\/wp-json\/wp\/v2\/media\/2471"}],"wp:attachment":[{"href":"https:\/\/www.purecook.com\/pt\/wp-json\/wp\/v2\/media?parent=2463"}],"wp:term":[{"taxonomy":"product_brand","embeddable":true,"href":"https:\/\/www.purecook.com\/pt\/wp-json\/wp\/v2\/product_brand?post=2463"},{"taxonomy":"product_cat","embeddable":true,"href":"https:\/\/www.purecook.com\/pt\/wp-json\/wp\/v2\/product_cat?post=2463"},{"taxonomy":"product_tag","embeddable":true,"href":"https:\/\/www.purecook.com\/pt\/wp-json\/wp\/v2\/product_tag?post=2463"}],"curies":[{"name":"wp","href":"https:\/\/api.w.org\/{rel}","templated":true}]}}