{"id":2474,"date":"2024-06-04T15:52:51","date_gmt":"2024-06-04T07:52:51","guid":{"rendered":"https:\/\/www.purecook.com\/?post_type=product&#038;p=2474"},"modified":"2024-11-04T10:31:54","modified_gmt":"2024-11-04T02:31:54","slug":"vintage-stainless-steel-bowls-wholesale","status":"publish","type":"product","link":"https:\/\/www.purecook.com\/pt\/product\/vintage-stainless-steel-bowls-wholesale\/","title":{"rendered":"Ta\u00e7as de a\u00e7o inoxid\u00e1vel vintage por atacado"},"content":{"rendered":"<div class=\"wp-block-columns is-layout-flex wp-container-core-columns-is-layout-9d6595d7 wp-block-columns-is-layout-flex\">\n<div class=\"wp-block-column is-layout-flow wp-block-column-is-layout-flow\">\n<h3 class=\"wp-block-heading\">Par\u00e2metros das ta\u00e7as de a\u00e7o inoxid\u00e1vel<\/h3>\n\n\n\n<p>Tipo de loi\u00e7a Ta\u00e7a<br>Material A\u00e7o inoxid\u00e1vel SUS 304<br>N\u00famero de camadas Camada \u00fanica<br>Cor Floco de neve \/ cinzento<br>T\u00e9cnica Denim Wash (T\u00e9cnica exclusiva)<br>Espessura 1mm<br>Forma O\/U<br>Peso l\u00edquido: 168g\/172g<br>MOQ: 100pcs<\/p>\n<\/div>\n\n\n\n<div class=\"wp-block-column is-layout-flow wp-block-column-is-layout-flow\">\n<h3 class=\"wp-block-heading\">Ta\u00e7as de a\u00e7o inoxid\u00e1vel personalizadas<\/h3>\n\n\n\n<p>Embalagem: caixa de cor\/caixa de cart\u00e3o, etc.<br>MOQ: 1000 pe\u00e7as<br><strong><a href=\"https:\/\/www.purecook.com\/pt\/custom-solution\/\" target=\"_blank\" rel=\"noreferrer noopener\">Solu\u00e7\u00f5es de ta\u00e7as de a\u00e7o inoxid\u00e1vel personalizadas OEM e ODM<\/a><\/strong><\/p>\n<\/div>\n<\/div>\n\n\n\n<div class=\"wp-block-columns is-layout-flex wp-container-core-columns-is-layout-9d6595d7 wp-block-columns-is-layout-flex\">\n<div class=\"wp-block-column is-layout-flow wp-block-column-is-layout-flow\">\n<figure class=\"wp-block-image size-full\"><img decoding=\"async\" width=\"800\" height=\"800\" src=\"https:\/\/www.purecook.com\/wp-content\/uploads\/2024\/06\/Vintage-stainless-steel-bowl-wholesale-3.webp\" alt=\"Ta\u00e7a de a\u00e7o inoxid\u00e1vel vintage por atacado\" class=\"wp-image-2477\" srcset=\"https:\/\/www.purecook.com\/wp-content\/uploads\/2024\/06\/Vintage-stainless-steel-bowl-wholesale-3.webp 800w, https:\/\/www.purecook.com\/wp-content\/uploads\/2024\/06\/Vintage-stainless-steel-bowl-wholesale-3-300x300.webp 300w, https:\/\/www.purecook.com\/wp-content\/uploads\/2024\/06\/Vintage-stainless-steel-bowl-wholesale-3-150x150.webp 150w, https:\/\/www.purecook.com\/wp-content\/uploads\/2024\/06\/Vintage-stainless-steel-bowl-wholesale-3-768x768.webp 768w, https:\/\/www.purecook.com\/wp-content\/uploads\/2024\/06\/Vintage-stainless-steel-bowl-wholesale-3-600x600.webp 600w, https:\/\/www.purecook.com\/wp-content\/uploads\/2024\/06\/Vintage-stainless-steel-bowl-wholesale-3-100x100.webp 100w\" sizes=\"(max-width: 800px) 100vw, 800px\" \/><\/figure>\n<\/div>\n\n\n\n<div class=\"wp-block-column is-layout-flow wp-block-column-is-layout-flow\">\n<figure class=\"wp-block-image size-full\"><img decoding=\"async\" width=\"800\" height=\"800\" src=\"https:\/\/www.purecook.com\/wp-content\/uploads\/2024\/06\/Vintage-stainless-steel-bowl-wholesale-2.webp\" alt=\"Ta\u00e7a de a\u00e7o inoxid\u00e1vel vintage por atacado\" class=\"wp-image-2476\" srcset=\"https:\/\/www.purecook.com\/wp-content\/uploads\/2024\/06\/Vintage-stainless-steel-bowl-wholesale-2.webp 800w, https:\/\/www.purecook.com\/wp-content\/uploads\/2024\/06\/Vintage-stainless-steel-bowl-wholesale-2-300x300.webp 300w, https:\/\/www.purecook.com\/wp-content\/uploads\/2024\/06\/Vintage-stainless-steel-bowl-wholesale-2-150x150.webp 150w, https:\/\/www.purecook.com\/wp-content\/uploads\/2024\/06\/Vintage-stainless-steel-bowl-wholesale-2-768x768.webp 768w, https:\/\/www.purecook.com\/wp-content\/uploads\/2024\/06\/Vintage-stainless-steel-bowl-wholesale-2-600x600.webp 600w, https:\/\/www.purecook.com\/wp-content\/uploads\/2024\/06\/Vintage-stainless-steel-bowl-wholesale-2-100x100.webp 100w\" sizes=\"(max-width: 800px) 100vw, 800px\" \/><\/figure>\n<\/div>\n<\/div>","protected":false},"excerpt":{"rendered":"<p>As ta\u00e7as de a\u00e7o inoxid\u00e1vel vintage por atacado, as ta\u00e7as de a\u00e7o inoxid\u00e1vel s\u00e3o feitas de a\u00e7o inoxid\u00e1vel de alta qualidade, resistentes e dur\u00e1veis, adequadas para casa e restaurante, n\u00e3o s\u00f3 fornecemos servi\u00e7os de ta\u00e7as de a\u00e7o inoxid\u00e1vel por atacado, mas tamb\u00e9m solu\u00e7\u00f5es personalizadas de ta\u00e7as de a\u00e7o inoxid\u00e1vel.<\/p>\n<h2>Carater\u00edsticas e vantagens das ta\u00e7as de a\u00e7o inoxid\u00e1vel<\/h2>\n<p><strong>A\u00e7o inoxid\u00e1vel 304 de alta qualidade<\/strong>: O material de a\u00e7o inoxid\u00e1vel 304 de qualidade alimentar \u00e9 utilizado para garantir a durabilidade, a resist\u00eancia \u00e0 ferrugem e a seguran\u00e7a do produto, que \u00e9 adequado para o contacto direto com os alimentos e protege a sua sa\u00fade.<br \/><strong>Design de estilo retro<\/strong>O design retro exclusivo em forma de O e U confere um encanto \u00fanico \u00e0 mesa de jantar, adequada para restaurantes de luxo, banquetes e jantares de fam\u00edlia, melhorando a experi\u00eancia de jantar.<br \/><strong>Estrutura de camada \u00fanica<\/strong>Design de camada \u00fanica, leve e f\u00e1cil de transportar, adequado para uso di\u00e1rio e v\u00e1rias ocasi\u00f5es de jantar, c\u00f3modo e pr\u00e1tico.<br \/><strong>1mm de espessura<\/strong>: O design com 1 mm de espessura garante que a ta\u00e7a \u00e9 robusta sem ser volumosa e pesada, sendo conveniente para utiliza\u00e7\u00e3o di\u00e1ria e transporte.<br \/><strong>Utiliza\u00e7\u00e3o multifuncional<\/strong>: adequado para servir saladas, sopas, sobremesas, snacks e muitos outros alimentos para satisfazer v\u00e1rias necessidades de restaura\u00e7\u00e3o.<br \/><strong>Decorativo<\/strong>: A forma \u00fanica e o estilo retro fazem com que n\u00e3o seja apenas um utens\u00edlio de mesa pr\u00e1tico, mas tamb\u00e9m um cen\u00e1rio brilhante na mesa, real\u00e7ando a beleza do ambiente de jantar.<br \/><strong>F\u00e1cil de limpar<\/strong>: o design da superf\u00edcie lisa evita res\u00edduos de alimentos, \u00e9 f\u00e1cil de limpar, pode ser lavado \u00e0 m\u00e3o ou na m\u00e1quina de lavar lou\u00e7a, poupa tempo e trabalho.<br \/><strong>Saud\u00e1vel e seguro<\/strong>: design sem revestimento, n\u00e3o cont\u00e9m subst\u00e2ncias nocivas, para garantir a pureza e a seguran\u00e7a dos alimentos, adequado para utiliza\u00e7\u00e3o a longo prazo.<br \/>Oferecer uma solu\u00e7\u00e3o personalizada de ta\u00e7as em a\u00e7o inoxid\u00e1vel.<br \/><strong><a href=\"https:\/\/www.purecook.com\/pt\/custom-solution\/\" target=\"_blank\" rel=\"noopener\">Suporte a ta\u00e7as de a\u00e7o inoxid\u00e1vel personalizadas OEM&amp;ODM.<\/a><\/strong><\/p>\n<p>&nbsp;<\/p>","protected":false},"featured_media":2475,"comment_status":"closed","ping_status":"closed","template":"","meta":{"_acf_changed":false},"product_brand":[],"product_cat":[51,54],"product_tag":[],"class_list":{"0":"post-2474","1":"product","2":"type-product","3":"status-publish","4":"has-post-thumbnail","6":"product_cat-dinnerware","7":"product_cat-stainless-steel-bowl","9":"first","10":"instock","11":"shipping-taxable","12":"product-type-simple"},"acf":[],"_links":{"self":[{"href":"https:\/\/www.purecook.com\/pt\/wp-json\/wp\/v2\/product\/2474","targetHints":{"allow":["GET"]}}],"collection":[{"href":"https:\/\/www.purecook.com\/pt\/wp-json\/wp\/v2\/product"}],"about":[{"href":"https:\/\/www.purecook.com\/pt\/wp-json\/wp\/v2\/types\/product"}],"replies":[{"embeddable":true,"href":"https:\/\/www.purecook.com\/pt\/wp-json\/wp\/v2\/comments?post=2474"}],"wp:featuredmedia":[{"embeddable":true,"href":"https:\/\/www.purecook.com\/pt\/wp-json\/wp\/v2\/media\/2475"}],"wp:attachment":[{"href":"https:\/\/www.purecook.com\/pt\/wp-json\/wp\/v2\/media?parent=2474"}],"wp:term":[{"taxonomy":"product_brand","embeddable":true,"href":"https:\/\/www.purecook.com\/pt\/wp-json\/wp\/v2\/product_brand?post=2474"},{"taxonomy":"product_cat","embeddable":true,"href":"https:\/\/www.purecook.com\/pt\/wp-json\/wp\/v2\/product_cat?post=2474"},{"taxonomy":"product_tag","embeddable":true,"href":"https:\/\/www.purecook.com\/pt\/wp-json\/wp\/v2\/product_tag?post=2474"}],"curies":[{"name":"wp","href":"https:\/\/api.w.org\/{rel}","templated":true}]}}