{"id":2485,"date":"2024-06-04T16:41:25","date_gmt":"2024-06-04T08:41:25","guid":{"rendered":"https:\/\/www.purecook.com\/?post_type=product&#038;p=2485"},"modified":"2024-06-04T17:33:44","modified_gmt":"2024-06-04T09:33:44","slug":"wholesale-vintage-roasting-pans","status":"publish","type":"product","link":"https:\/\/www.purecook.com\/pt\/product\/wholesale-vintage-roasting-pans\/","title":{"rendered":"Panelas de assar vintage por atacado: Perfeito para hot\u00e9is e restaurantes"},"content":{"rendered":"<div class=\"wp-block-columns is-layout-flex wp-container-core-columns-is-layout-9d6595d7 wp-block-columns-is-layout-flex\">\n<div class=\"wp-block-column is-layout-flow wp-block-column-is-layout-flow\">\n<h3 class=\"wp-block-heading\">Par\u00e2metros da assadeira<\/h3>\n\n\n\n<p>Nome do produto Prato de frango vintage<br>Forma oval<br>Espessura 0,8 mm<br>Material: A\u00e7o inoxid\u00e1vel 304<br>Tamanho 27,5*4,3 cm<br>Peso l\u00edquido 300 gramas<br>Cor: prateado<br>Quantidade de encomenda 60 unidades<br>Log\u00f3tipo Aceitar log\u00f3tipo personalizado<\/p>\n<\/div>\n\n\n\n<div class=\"wp-block-column is-layout-flow wp-block-column-is-layout-flow\">\n<h3 class=\"wp-block-heading\">Assadeira personalizada<\/h3>\n\n\n\n<p>Log\u00f3tipo: personalizar o log\u00f3tipo da sua marca<br>Embalagem: caixa de cor\/caixa de cart\u00e3o, etc.<br>Padr\u00e3o: personalizar o padr\u00e3o pretendido<br>MOQ: 1000 pe\u00e7as<br><strong><a href=\"https:\/\/www.purecook.com\/pt\/custom-solution\/\" target=\"_blank\" rel=\"noreferrer noopener\">Solu\u00e7\u00f5es de assadeiras personalizadas OEM e ODM<\/a><\/strong><\/p>\n<\/div>\n<\/div>\n\n\n\n<div class=\"wp-block-columns is-layout-flex wp-container-core-columns-is-layout-9d6595d7 wp-block-columns-is-layout-flex\">\n<div class=\"wp-block-column is-layout-flow wp-block-column-is-layout-flow\">\n<figure class=\"wp-block-image size-full\"><img decoding=\"async\" width=\"800\" height=\"800\" src=\"https:\/\/www.purecook.com\/wp-content\/uploads\/2024\/06\/roasting-pan-2-1.webp\" alt=\"assadeira por atacado\" class=\"wp-image-2487\" srcset=\"https:\/\/www.purecook.com\/wp-content\/uploads\/2024\/06\/roasting-pan-2-1.webp 800w, https:\/\/www.purecook.com\/wp-content\/uploads\/2024\/06\/roasting-pan-2-1-300x300.webp 300w, https:\/\/www.purecook.com\/wp-content\/uploads\/2024\/06\/roasting-pan-2-1-150x150.webp 150w, https:\/\/www.purecook.com\/wp-content\/uploads\/2024\/06\/roasting-pan-2-1-768x768.webp 768w, https:\/\/www.purecook.com\/wp-content\/uploads\/2024\/06\/roasting-pan-2-1-600x600.webp 600w, https:\/\/www.purecook.com\/wp-content\/uploads\/2024\/06\/roasting-pan-2-1-100x100.webp 100w\" sizes=\"(max-width: 800px) 100vw, 800px\" \/><\/figure>\n<\/div>\n\n\n\n<div class=\"wp-block-column is-layout-flow wp-block-column-is-layout-flow\">\n<figure class=\"wp-block-image size-full\"><img decoding=\"async\" width=\"800\" height=\"800\" src=\"https:\/\/www.purecook.com\/wp-content\/uploads\/2024\/06\/roasting-pan-1-1.webp\" alt=\"assadeira por atacado\" class=\"wp-image-2486\" srcset=\"https:\/\/www.purecook.com\/wp-content\/uploads\/2024\/06\/roasting-pan-1-1.webp 800w, https:\/\/www.purecook.com\/wp-content\/uploads\/2024\/06\/roasting-pan-1-1-300x300.webp 300w, https:\/\/www.purecook.com\/wp-content\/uploads\/2024\/06\/roasting-pan-1-1-150x150.webp 150w, https:\/\/www.purecook.com\/wp-content\/uploads\/2024\/06\/roasting-pan-1-1-768x768.webp 768w, https:\/\/www.purecook.com\/wp-content\/uploads\/2024\/06\/roasting-pan-1-1-600x600.webp 600w, https:\/\/www.purecook.com\/wp-content\/uploads\/2024\/06\/roasting-pan-1-1-100x100.webp 100w\" sizes=\"(max-width: 800px) 100vw, 800px\" \/><\/figure>\n<\/div>\n<\/div>","protected":false},"excerpt":{"rendered":"<p>\u00c9 adequado para restaurantes, hot\u00e9is e uso dom\u00e9stico. Design n\u00e3o revestido, n\u00e3o cont\u00e9m subst\u00e2ncias nocivas, para garantir a pureza e seguran\u00e7a dos alimentos, adequado para uso a longo prazo.<\/p>\n<h2>Carater\u00edsticas e vantagens da assadeira<\/h2>\n<p><strong>A\u00e7o inoxid\u00e1vel 304 de alta qualidade<\/strong>: O material de a\u00e7o inoxid\u00e1vel 304 de qualidade alimentar \u00e9 utilizado para garantir a durabilidade, a resist\u00eancia \u00e0 ferrugem e a seguran\u00e7a do produto, que \u00e9 adequado para o contacto direto com os alimentos e protege a sua sa\u00fade.<br \/><strong>Design retro<\/strong>: O design de estilo retro acrescenta um charme \u00fanico \u00e0 mesa de jantar, adequado para restaurantes de luxo, banquetes e jantares de fam\u00edlia para melhorar a experi\u00eancia de jantar.<br \/><strong>0,8 mm de espessura<\/strong>: A espessura moderada de 0,8 mm garante que a placa \u00e9 robusta sem ser volumosa, conveniente para utiliza\u00e7\u00e3o di\u00e1ria e transporte.<br \/><strong>Utiliza\u00e7\u00e3o multifuncional<\/strong>: Adequado para expor e servir uma variedade de cozinhas, como sushi, frango grelhado, churrasco, marisco, etc. Para satisfazer v\u00e1rias necessidades gastron\u00f3micas.<br \/><strong>Design de grande capacidade<\/strong>: O design do prato largo \u00e9 adequado para expor grandes por\u00e7\u00f5es de comida durante banquetes e reuni\u00f5es, melhorando a efici\u00eancia e a est\u00e9tica do servi\u00e7o alimentar.<br \/><strong>Resistente a altas temperaturas<\/strong>: Excelente resist\u00eancia a altas temperaturas, adequado para forno, micro-ondas e outros ambientes de alta temperatura, n\u00e3o \u00e9 f\u00e1cil de ser deformado ou danificado.<br \/><strong>F\u00e1cil de limpar<\/strong>: O design da superf\u00edcie lisa evita a forma\u00e7\u00e3o de res\u00edduos alimentares, \u00e9 f\u00e1cil de limpar, pode ser lavado \u00e0 m\u00e3o ou na m\u00e1quina de lavar loi\u00e7a, poupa tempo e trabalho.<br \/><strong>Sa\u00fade e seguran\u00e7a<\/strong>: Design sem revestimento, n\u00e3o cont\u00e9m subst\u00e2ncias nocivas, para garantir a pureza e a seguran\u00e7a dos alimentos, adequado para utiliza\u00e7\u00e3o a longo prazo.<br \/><strong>Aspeto moderno<\/strong>: Design simples e generoso, adequado para uma variedade de estilos de refei\u00e7\u00f5es, \u00e9 uma ferramenta pr\u00e1tica e bonita para expor na mesa.<br \/><strong>Qualidade profissional<\/strong>: Adequado para restaurantes, hot\u00e9is e uso dom\u00e9stico, melhora a qualidade e a classe do ambiente de refei\u00e7\u00f5es.<br \/>Oferecer uma solu\u00e7\u00e3o personalizada para assadeiras.<br \/><strong><a href=\"https:\/\/www.purecook.com\/pt\/custom-solution\/\" target=\"_blank\" rel=\"noopener\">Suporte para assadeiras personalizadas OEM&amp;ODM.<\/a><\/strong><\/p>\n<p>&nbsp;<\/p>","protected":false},"featured_media":2487,"comment_status":"closed","ping_status":"closed","template":"","meta":{"_acf_changed":false},"product_brand":[],"product_cat":[51,55],"product_tag":[],"class_list":{"0":"post-2485","1":"product","2":"type-product","3":"status-publish","4":"has-post-thumbnail","6":"product_cat-dinnerware","7":"product_cat-dish-and-plate","9":"first","10":"instock","11":"shipping-taxable","12":"product-type-simple"},"acf":[],"_links":{"self":[{"href":"https:\/\/www.purecook.com\/pt\/wp-json\/wp\/v2\/product\/2485","targetHints":{"allow":["GET"]}}],"collection":[{"href":"https:\/\/www.purecook.com\/pt\/wp-json\/wp\/v2\/product"}],"about":[{"href":"https:\/\/www.purecook.com\/pt\/wp-json\/wp\/v2\/types\/product"}],"replies":[{"embeddable":true,"href":"https:\/\/www.purecook.com\/pt\/wp-json\/wp\/v2\/comments?post=2485"}],"wp:featuredmedia":[{"embeddable":true,"href":"https:\/\/www.purecook.com\/pt\/wp-json\/wp\/v2\/media\/2487"}],"wp:attachment":[{"href":"https:\/\/www.purecook.com\/pt\/wp-json\/wp\/v2\/media?parent=2485"}],"wp:term":[{"taxonomy":"product_brand","embeddable":true,"href":"https:\/\/www.purecook.com\/pt\/wp-json\/wp\/v2\/product_brand?post=2485"},{"taxonomy":"product_cat","embeddable":true,"href":"https:\/\/www.purecook.com\/pt\/wp-json\/wp\/v2\/product_cat?post=2485"},{"taxonomy":"product_tag","embeddable":true,"href":"https:\/\/www.purecook.com\/pt\/wp-json\/wp\/v2\/product_tag?post=2485"}],"curies":[{"name":"wp","href":"https:\/\/api.w.org\/{rel}","templated":true}]}}