{"id":2490,"date":"2024-06-04T17:34:06","date_gmt":"2024-06-04T09:34:06","guid":{"rendered":"https:\/\/www.purecook.com\/?post_type=product&#038;p=2490"},"modified":"2025-04-27T17:08:34","modified_gmt":"2025-04-27T09:08:34","slug":"outdoor-camping-stainless-steel-cooking-utensils-wholesale","status":"publish","type":"product","link":"https:\/\/www.purecook.com\/pt\/product\/outdoor-camping-stainless-steel-cooking-utensils-wholesale\/","title":{"rendered":"Utens\u00edlios de cozinha de a\u00e7o inoxid\u00e1vel para campismo ao ar livre por atacado"},"content":{"rendered":"<div class=\"wp-block-columns is-layout-flex wp-container-core-columns-is-layout-9d6595d7 wp-block-columns-is-layout-flex\">\n<div class=\"wp-block-column is-layout-flow wp-block-column-is-layout-flow\">\n<h3 class=\"wp-block-heading\">Par\u00e2metros dos utens\u00edlios de cozinha em a\u00e7o inoxid\u00e1vel<\/h3>\n\n\n\n<p>Tipo Conjunto de panelas<br>Modelo n.\u00ba NI001-YYTG-8PCS-304<br>N\u00famero de pe\u00e7as: Conjunto de 8 pe\u00e7as<br>Material A\u00e7o inoxid\u00e1vel 304<br>Quantidade 1 conjunto\/caixa<br>Peso 8,6 kg<br>Tamanho da caixa 56\u00d734\u00d727cm<br>Aplica\u00e7\u00e3o Campismo Cozinhar<\/p>\n<\/div>\n\n\n\n<div class=\"wp-block-column is-layout-flow wp-block-column-is-layout-flow\">\n<h3 class=\"wp-block-heading\">Utens\u00edlios de cozinha personalizados em a\u00e7o inoxid\u00e1vel<\/h3>\n\n\n\n<p>Embalagem: caixa de cor\/caixa de cart\u00e3o, etc.<br><strong><a href=\"https:\/\/www.purecook.com\/pt\/custom-solution\/\" target=\"_blank\" rel=\"noreferrer noopener\">Solu\u00e7\u00f5es de assadeiras personalizadas OEM e ODM<\/a><\/strong><\/p>\n<\/div>\n<\/div>\n\n\n\n<div class=\"wp-block-columns is-layout-flex wp-container-core-columns-is-layout-9d6595d7 wp-block-columns-is-layout-flex\">\n<div class=\"wp-block-column is-layout-flow wp-block-column-is-layout-flow\">\n<figure class=\"wp-block-image size-full\"><img decoding=\"async\" width=\"800\" height=\"800\" src=\"https:\/\/www.purecook.com\/wp-content\/uploads\/2024\/06\/wholesale-cooking-utensil-set-3.webp\" alt=\"conjunto de utens\u00edlios de cozinha por atacado\" class=\"wp-image-2493\" srcset=\"https:\/\/www.purecook.com\/wp-content\/uploads\/2024\/06\/wholesale-cooking-utensil-set-3.webp 800w, https:\/\/www.purecook.com\/wp-content\/uploads\/2024\/06\/wholesale-cooking-utensil-set-3-300x300.webp 300w, https:\/\/www.purecook.com\/wp-content\/uploads\/2024\/06\/wholesale-cooking-utensil-set-3-150x150.webp 150w, https:\/\/www.purecook.com\/wp-content\/uploads\/2024\/06\/wholesale-cooking-utensil-set-3-768x768.webp 768w, https:\/\/www.purecook.com\/wp-content\/uploads\/2024\/06\/wholesale-cooking-utensil-set-3-600x600.webp 600w, https:\/\/www.purecook.com\/wp-content\/uploads\/2024\/06\/wholesale-cooking-utensil-set-3-100x100.webp 100w\" sizes=\"(max-width: 800px) 100vw, 800px\" \/><\/figure>\n<\/div>\n\n\n\n<div class=\"wp-block-column is-layout-flow wp-block-column-is-layout-flow\">\n<figure class=\"wp-block-image size-full\"><img decoding=\"async\" width=\"800\" height=\"800\" src=\"https:\/\/www.purecook.com\/wp-content\/uploads\/2024\/06\/wholesale-cooking-utensil-set-4.webp\" alt=\"conjunto de utens\u00edlios de cozinha por atacado\" class=\"wp-image-2494\" srcset=\"https:\/\/www.purecook.com\/wp-content\/uploads\/2024\/06\/wholesale-cooking-utensil-set-4.webp 800w, https:\/\/www.purecook.com\/wp-content\/uploads\/2024\/06\/wholesale-cooking-utensil-set-4-300x300.webp 300w, https:\/\/www.purecook.com\/wp-content\/uploads\/2024\/06\/wholesale-cooking-utensil-set-4-150x150.webp 150w, https:\/\/www.purecook.com\/wp-content\/uploads\/2024\/06\/wholesale-cooking-utensil-set-4-768x768.webp 768w, https:\/\/www.purecook.com\/wp-content\/uploads\/2024\/06\/wholesale-cooking-utensil-set-4-600x600.webp 600w, https:\/\/www.purecook.com\/wp-content\/uploads\/2024\/06\/wholesale-cooking-utensil-set-4-100x100.webp 100w\" sizes=\"(max-width: 800px) 100vw, 800px\" \/><\/figure>\n<\/div>\n<\/div>","protected":false},"excerpt":{"rendered":"<p>Utens\u00edlio de cozinha de a\u00e7o inoxid\u00e1vel para campismo por atacado. Feito de a\u00e7o inoxid\u00e1vel de alta qualidade, adequado para uma variedade de cen\u00e1rios. Design de superf\u00edcie lisa para evitar res\u00edduos de alimentos, f\u00e1cil de limpar, lavar \u00e0 m\u00e3o ou na m\u00e1quina de lavar lou\u00e7a, economiza tempo e trabalho.<\/p>\n<h2>Carater\u00edsticas e vantagens dos utens\u00edlios de cozinha em a\u00e7o inoxid\u00e1vel<\/h2>\n<p><strong>A\u00e7o inoxid\u00e1vel 304 de alta qualidade<\/strong>: Feito de material de a\u00e7o inoxid\u00e1vel 304 de qualidade alimentar, robusto e dur\u00e1vel, resistente \u00e0 ferrugem e \u00e0 corros\u00e3o para garantir uma utiliza\u00e7\u00e3o a longo prazo, adequado para uma variedade de ambientes exteriores.<br \/><strong>Conjunto completo de cozinha<\/strong>: Inclui 8 pe\u00e7as de utens\u00edlios pr\u00e1ticos, incluindo panelas, frigideiras, colheres, esp\u00e1tulas, etc., para satisfazer as suas v\u00e1rias necessidades de cozinha ao ar livre, tornando a sua cozinha no campo mais conveniente.<br \/><strong>Design port\u00e1til<\/strong>: Cada ferramenta foi concebida para ser leve e f\u00e1cil de transportar com um saco de arruma\u00e7\u00e3o port\u00e1til para facilitar a organiza\u00e7\u00e3o e a arruma\u00e7\u00e3o, adequado para campismo, piqueniques, caminhadas e outras actividades ao ar livre.<br \/><strong>Saud\u00e1vel e seguro<\/strong>: Fabricado com materiais de qualidade alimentar, sem subst\u00e2ncias nocivas, garante a seguran\u00e7a alimentar, utilize-o com confian\u00e7a.<br \/><strong>F\u00e1cil de limpar<\/strong>: Design de superf\u00edcie lisa para evitar res\u00edduos de alimentos, f\u00e1cil de limpar, lav\u00e1vel \u00e0 m\u00e3o ou na m\u00e1quina de lavar lou\u00e7a, poupa tempo e trabalho.<br \/><strong>Utiliza\u00e7\u00e3o multifuncional<\/strong>: N\u00e3o s\u00f3 para cozinhar no campo, mas tamb\u00e9m na cozinha familiar, uma vasta gama de aplica\u00e7\u00f5es, praticidade.<br \/><strong>Resist\u00eancia a altas temperaturas<\/strong>: O material em a\u00e7o inoxid\u00e1vel 304 \u00e9 resistente a altas temperaturas e n\u00e3o \u00e9 f\u00e1cil de deformar, garantindo que se mant\u00e9m est\u00e1vel e fi\u00e1vel em ambientes de alta temperatura.<br \/><strong>Armazenamento compacto<\/strong>: Todas as ferramentas podem ser guardadas juntas de forma compacta, poupam espa\u00e7o, s\u00e3o f\u00e1ceis de transportar e s\u00e3o ideais para actividades ao ar livre.<br \/><strong>Um must-have para o exterior<\/strong>: Quer esteja a acampar, a fazer piqueniques ou caminhadas, este conjunto de ferramentas de cozinha em a\u00e7o inoxid\u00e1vel de 8 pe\u00e7as \u00e9 indispens\u00e1vel para as suas actividades ao ar livre.<br \/>Oferecer solu\u00e7\u00f5es personalizadas de utens\u00edlios de cozinha em a\u00e7o inoxid\u00e1vel.<br \/><strong><a href=\"https:\/\/www.purecook.com\/pt\/custom-solution\/\" target=\"_blank\" rel=\"noopener\">Suporte para utens\u00edlios de cozinha em a\u00e7o inoxid\u00e1vel personalizados OEM&amp;ODM.<\/a><\/strong><\/p>\n<p>&nbsp;<\/p>","protected":false},"featured_media":2491,"comment_status":"closed","ping_status":"closed","template":"","meta":{"_acf_changed":false},"product_brand":[],"product_cat":[24],"product_tag":[96],"class_list":{"0":"post-2490","1":"product","2":"type-product","3":"status-publish","4":"has-post-thumbnail","6":"product_cat-cookware","7":"product_tag-wholesale-outdoor-cookware","9":"first","10":"instock","11":"shipping-taxable","12":"product-type-simple"},"acf":[],"_links":{"self":[{"href":"https:\/\/www.purecook.com\/pt\/wp-json\/wp\/v2\/product\/2490","targetHints":{"allow":["GET"]}}],"collection":[{"href":"https:\/\/www.purecook.com\/pt\/wp-json\/wp\/v2\/product"}],"about":[{"href":"https:\/\/www.purecook.com\/pt\/wp-json\/wp\/v2\/types\/product"}],"replies":[{"embeddable":true,"href":"https:\/\/www.purecook.com\/pt\/wp-json\/wp\/v2\/comments?post=2490"}],"wp:featuredmedia":[{"embeddable":true,"href":"https:\/\/www.purecook.com\/pt\/wp-json\/wp\/v2\/media\/2491"}],"wp:attachment":[{"href":"https:\/\/www.purecook.com\/pt\/wp-json\/wp\/v2\/media?parent=2490"}],"wp:term":[{"taxonomy":"product_brand","embeddable":true,"href":"https:\/\/www.purecook.com\/pt\/wp-json\/wp\/v2\/product_brand?post=2490"},{"taxonomy":"product_cat","embeddable":true,"href":"https:\/\/www.purecook.com\/pt\/wp-json\/wp\/v2\/product_cat?post=2490"},{"taxonomy":"product_tag","embeddable":true,"href":"https:\/\/www.purecook.com\/pt\/wp-json\/wp\/v2\/product_tag?post=2490"}],"curies":[{"name":"wp","href":"https:\/\/api.w.org\/{rel}","templated":true}]}}