{"id":2496,"date":"2024-06-04T22:45:14","date_gmt":"2024-06-04T14:45:14","guid":{"rendered":"https:\/\/www.purecook.com\/?post_type=product&#038;p=2496"},"modified":"2024-06-04T23:17:48","modified_gmt":"2024-06-04T15:17:48","slug":"stainless-steel-sierra-cup-with-colander-wholesale","status":"publish","type":"product","link":"https:\/\/www.purecook.com\/pt\/product\/stainless-steel-sierra-cup-with-colander-wholesale\/","title":{"rendered":"Ta\u00e7a Sierra em a\u00e7o inoxid\u00e1vel com coador por atacado"},"content":{"rendered":"<div class=\"wp-block-columns is-layout-flex wp-container-core-columns-is-layout-9d6595d7 wp-block-columns-is-layout-flex\">\n<div class=\"wp-block-column is-layout-flow wp-block-column-is-layout-flow\">\n<h3 class=\"wp-block-heading\">Par\u00e2metros da Sierra Cup<\/h3>\n\n\n\n<p>Tipo de talheres: Conjunto de talheres para exterior<br>Inclui conjunto de colher\/garfo\/faca\/palitos<br>Tipo de material: A\u00e7o inoxid\u00e1vel 304<br>Tamanho: 12 cm<br>Peso: 0,500 kg<br>MOQ:100pcs<\/p>\n<\/div>\n\n\n\n<div class=\"wp-block-column is-layout-flow wp-block-column-is-layout-flow\">\n<h3 class=\"wp-block-heading\">Ta\u00e7a Sierra personalizada<\/h3>\n\n\n\n<p>Log\u00f3tipo: personalizar o log\u00f3tipo da sua marca<br>embalagem:caixa de cor\/caixa de cart\u00e3o, etc<br>MOQ : 500pcs<br><strong><a href=\"https:\/\/www.purecook.com\/pt\/custom-solution\/\" target=\"_blank\" rel=\"noreferrer noopener\">Solu\u00e7\u00f5es personalizadas para copos Sierra OEM e ODM<\/a><\/strong><\/p>\n<\/div>\n<\/div>\n\n\n\n<div class=\"wp-block-columns is-layout-flex wp-container-core-columns-is-layout-9d6595d7 wp-block-columns-is-layout-flex\">\n<div class=\"wp-block-column is-layout-flow wp-block-column-is-layout-flow\">\n<figure class=\"wp-block-image size-full\"><img decoding=\"async\" width=\"1600\" height=\"1600\" src=\"https:\/\/www.purecook.com\/wp-content\/uploads\/2024\/06\/sierra-cup-3.webp\" alt=\"copo sierra por atacado\" class=\"wp-image-2499\" srcset=\"https:\/\/www.purecook.com\/wp-content\/uploads\/2024\/06\/sierra-cup-3.webp 1600w, https:\/\/www.purecook.com\/wp-content\/uploads\/2024\/06\/sierra-cup-3-300x300.webp 300w, https:\/\/www.purecook.com\/wp-content\/uploads\/2024\/06\/sierra-cup-3-150x150.webp 150w, https:\/\/www.purecook.com\/wp-content\/uploads\/2024\/06\/sierra-cup-3-768x768.webp 768w, https:\/\/www.purecook.com\/wp-content\/uploads\/2024\/06\/sierra-cup-3-600x600.webp 600w, https:\/\/www.purecook.com\/wp-content\/uploads\/2024\/06\/sierra-cup-3-100x100.webp 100w\" sizes=\"(max-width: 1600px) 100vw, 1600px\" \/><\/figure>\n<\/div>\n\n\n\n<div class=\"wp-block-column is-layout-flow wp-block-column-is-layout-flow\">\n<figure class=\"wp-block-image size-full\"><img decoding=\"async\" width=\"1600\" height=\"1600\" src=\"https:\/\/www.purecook.com\/wp-content\/uploads\/2024\/06\/sierra-cup-1.webp\" alt=\"ta\u00e7a sierra\" class=\"wp-image-2497\" srcset=\"https:\/\/www.purecook.com\/wp-content\/uploads\/2024\/06\/sierra-cup-1.webp 1600w, https:\/\/www.purecook.com\/wp-content\/uploads\/2024\/06\/sierra-cup-1-300x300.webp 300w, https:\/\/www.purecook.com\/wp-content\/uploads\/2024\/06\/sierra-cup-1-150x150.webp 150w, https:\/\/www.purecook.com\/wp-content\/uploads\/2024\/06\/sierra-cup-1-768x768.webp 768w, https:\/\/www.purecook.com\/wp-content\/uploads\/2024\/06\/sierra-cup-1-600x600.webp 600w, https:\/\/www.purecook.com\/wp-content\/uploads\/2024\/06\/sierra-cup-1-100x100.webp 100w\" sizes=\"(max-width: 1600px) 100vw, 1600px\" \/><\/figure>\n<\/div>\n<\/div>","protected":false},"excerpt":{"rendered":"<p>Feito de material de a\u00e7o inoxid\u00e1vel de qualidade alimentar, sem subst\u00e2ncias nocivas, garante a seguran\u00e7a alimentar, use com confian\u00e7a.<\/p>\n<h2>Carater\u00edsticas e benef\u00edcios da Sierra Cup<\/h2>\n<p><strong>A\u00e7o inoxid\u00e1vel de alta qualidade<\/strong>: Feito de material de a\u00e7o inoxid\u00e1vel 304 de alta qualidade, robusto e dur\u00e1vel, resistente \u00e0 ferrugem e \u00e0 corros\u00e3o, garantindo que n\u00e3o h\u00e1 deforma\u00e7\u00e3o durante uma utiliza\u00e7\u00e3o prolongada, adequado para v\u00e1rios ambientes exteriores.<br \/><strong>Design multifuncional<\/strong>: Equipado com uma tampa e um coador, \u00e9 pr\u00e1tico para cozinhar, guardar alimentos, filtrar \u00e1gua, etc. No exterior, para responder a uma variedade de necessidades.<br \/><strong>Pega dobr\u00e1vel<\/strong>: Inclui uma pega dobr\u00e1vel, f\u00e1cil de transportar e guardar, economizando espa\u00e7o, ideal para as suas actividades ao ar livre.<br \/><strong>Armazenamento port\u00e1til<\/strong>: Vem com um saco de armazenamento port\u00e1til, f\u00e1cil de transportar e organizar, mant\u00e9m o seu equipamento limpo e organizado, adequado para acampar, fazer piqueniques, caminhadas e outras actividades ao ar livre.<br \/><strong>Saud\u00e1vel e seguro<\/strong>: Feito de material de a\u00e7o inoxid\u00e1vel de qualidade alimentar, sem subst\u00e2ncias nocivas, garante a seguran\u00e7a alimentar, utilize com confian\u00e7a.<br \/><strong>F\u00e1cil de limpar<\/strong>: O design da superf\u00edcie lisa evita a forma\u00e7\u00e3o de res\u00edduos alimentares, \u00e9 f\u00e1cil de limpar, pode ser lavado \u00e0 m\u00e3o ou na m\u00e1quina de lavar loi\u00e7a, poupa tempo e trabalho.<br \/><strong>Polivalente<\/strong>: N\u00e3o s\u00f3 adequado para servir comida, mas tamb\u00e9m pode ser utilizado como utens\u00edlios de cozinha, utens\u00edlios para beber, para satisfazer as suas v\u00e1rias necessidades ao ar livre.<br \/><strong>Design cl\u00e1ssico<\/strong>: Ta\u00e7a Sierra design cl\u00e1ssico, capacidade moderada, adequada para guardar sopa, arroz, noodles e outros alimentos, pr\u00e1tica.<br \/><strong>O exterior deve ter<\/strong>: Quer esteja a acampar, a fazer piqueniques ou caminhadas, esta ta\u00e7a multifuncional em a\u00e7o inoxid\u00e1vel \u00e9 um utens\u00edlio indispens\u00e1vel para as suas actividades ao ar livre.<br \/>Oferecer solu\u00e7\u00f5es personalizadas para copos de serra.<br \/><strong><a href=\"https:\/\/www.purecook.com\/pt\/custom-solution\/\" target=\"_blank\" rel=\"noopener\">Suporte a copos de serra personalizados OEM&amp;ODM.<\/a><\/strong><\/p>\n<p>&nbsp;<\/p>","protected":false},"featured_media":2499,"comment_status":"closed","ping_status":"closed","template":"","meta":{"_acf_changed":false},"product_brand":[],"product_cat":[51,55],"product_tag":[],"class_list":{"0":"post-2496","1":"product","2":"type-product","3":"status-publish","4":"has-post-thumbnail","6":"product_cat-dinnerware","7":"product_cat-dish-and-plate","9":"first","10":"instock","11":"shipping-taxable","12":"product-type-simple"},"acf":[],"_links":{"self":[{"href":"https:\/\/www.purecook.com\/pt\/wp-json\/wp\/v2\/product\/2496","targetHints":{"allow":["GET"]}}],"collection":[{"href":"https:\/\/www.purecook.com\/pt\/wp-json\/wp\/v2\/product"}],"about":[{"href":"https:\/\/www.purecook.com\/pt\/wp-json\/wp\/v2\/types\/product"}],"replies":[{"embeddable":true,"href":"https:\/\/www.purecook.com\/pt\/wp-json\/wp\/v2\/comments?post=2496"}],"wp:featuredmedia":[{"embeddable":true,"href":"https:\/\/www.purecook.com\/pt\/wp-json\/wp\/v2\/media\/2499"}],"wp:attachment":[{"href":"https:\/\/www.purecook.com\/pt\/wp-json\/wp\/v2\/media?parent=2496"}],"wp:term":[{"taxonomy":"product_brand","embeddable":true,"href":"https:\/\/www.purecook.com\/pt\/wp-json\/wp\/v2\/product_brand?post=2496"},{"taxonomy":"product_cat","embeddable":true,"href":"https:\/\/www.purecook.com\/pt\/wp-json\/wp\/v2\/product_cat?post=2496"},{"taxonomy":"product_tag","embeddable":true,"href":"https:\/\/www.purecook.com\/pt\/wp-json\/wp\/v2\/product_tag?post=2496"}],"curies":[{"name":"wp","href":"https:\/\/api.w.org\/{rel}","templated":true}]}}