{"id":2501,"date":"2024-06-05T08:52:28","date_gmt":"2024-06-05T00:52:28","guid":{"rendered":"https:\/\/www.purecook.com\/?post_type=product&#038;p=2501"},"modified":"2025-08-14T16:54:33","modified_gmt":"2025-08-14T08:54:33","slug":"wholesale-bento-box-for-kids-with-soup-bowl-and-spoon","status":"publish","type":"product","link":"https:\/\/www.purecook.com\/pt\/product\/wholesale-bento-box-for-kids-with-soup-bowl-and-spoon\/","title":{"rendered":"Caixa Bento para crian\u00e7as por atacado com ta\u00e7a e colher de sopa"},"content":{"rendered":"<div class=\"wp-block-columns is-layout-flex wp-container-core-columns-is-layout-9d6595d7 wp-block-columns-is-layout-flex\">\n<div class=\"wp-block-column is-layout-flow wp-block-column-is-layout-flow\">\n<h3 class=\"wp-block-heading\">Par\u00e2metros da caixa Bento<\/h3>\n\n\n\n<p>Tipo de talheres: Conjunto de talheres para exterior<br>Inclui conjunto de colher\/garfo\/faca\/palitos<br>Tipo de material: A\u00e7o inoxid\u00e1vel 304<br>Tamanho: 12 cm<br>Peso: 0,500 kg<br>MOQ:100pcs<\/p>\n<\/div>\n\n\n\n<div class=\"wp-block-column is-layout-flow wp-block-column-is-layout-flow\">\n<h3 class=\"wp-block-heading\">Op\u00e7\u00e3o de caixa Bento personalizada<\/h3>\n\n\n\n<p>embalagem: caixa de cor\/caixa de cart\u00e3o, etc<br>MOQ: 1000pcs<br><strong><a href=\"https:\/\/www.purecook.com\/pt\/custom-solution\/\" target=\"_blank\" rel=\"noreferrer noopener\">Solu\u00e7\u00f5es personalizadas para copos Sierra OEM e ODM<\/a><\/strong><\/p>\n<\/div>\n<\/div>\n\n\n\n<div class=\"wp-block-columns is-layout-flex wp-container-core-columns-is-layout-9d6595d7 wp-block-columns-is-layout-flex\">\n<div class=\"wp-block-column is-layout-flow wp-block-column-is-layout-flow\">\n<figure class=\"wp-block-image size-full\"><img decoding=\"async\" width=\"800\" height=\"800\" src=\"https:\/\/www.purecook.com\/wp-content\/uploads\/2024\/06\/Wholesale-Bento-Box-for-Kids-4.webp\" alt=\"Caixa Bento para crian\u00e7as por atacado \" class=\"wp-image-2635\" srcset=\"https:\/\/www.purecook.com\/wp-content\/uploads\/2024\/06\/Wholesale-Bento-Box-for-Kids-4.webp 800w, https:\/\/www.purecook.com\/wp-content\/uploads\/2024\/06\/Wholesale-Bento-Box-for-Kids-4-300x300.webp 300w, https:\/\/www.purecook.com\/wp-content\/uploads\/2024\/06\/Wholesale-Bento-Box-for-Kids-4-150x150.webp 150w, https:\/\/www.purecook.com\/wp-content\/uploads\/2024\/06\/Wholesale-Bento-Box-for-Kids-4-768x768.webp 768w, https:\/\/www.purecook.com\/wp-content\/uploads\/2024\/06\/Wholesale-Bento-Box-for-Kids-4-600x600.webp 600w, https:\/\/www.purecook.com\/wp-content\/uploads\/2024\/06\/Wholesale-Bento-Box-for-Kids-4-100x100.webp 100w\" sizes=\"(max-width: 800px) 100vw, 800px\" \/><\/figure>\n<\/div>\n\n\n\n<div class=\"wp-block-column is-layout-flow wp-block-column-is-layout-flow\">\n<figure class=\"wp-block-image size-full\"><img decoding=\"async\" width=\"800\" height=\"800\" src=\"https:\/\/www.purecook.com\/wp-content\/uploads\/2024\/06\/Wholesale-Bento-Box-for-Kids-2.webp\" alt=\"Caixa Bento para crian\u00e7as por atacado\" class=\"wp-image-2633\" srcset=\"https:\/\/www.purecook.com\/wp-content\/uploads\/2024\/06\/Wholesale-Bento-Box-for-Kids-2.webp 800w, https:\/\/www.purecook.com\/wp-content\/uploads\/2024\/06\/Wholesale-Bento-Box-for-Kids-2-300x300.webp 300w, https:\/\/www.purecook.com\/wp-content\/uploads\/2024\/06\/Wholesale-Bento-Box-for-Kids-2-150x150.webp 150w, https:\/\/www.purecook.com\/wp-content\/uploads\/2024\/06\/Wholesale-Bento-Box-for-Kids-2-768x768.webp 768w, https:\/\/www.purecook.com\/wp-content\/uploads\/2024\/06\/Wholesale-Bento-Box-for-Kids-2-600x600.webp 600w, https:\/\/www.purecook.com\/wp-content\/uploads\/2024\/06\/Wholesale-Bento-Box-for-Kids-2-100x100.webp 100w\" sizes=\"(max-width: 800px) 100vw, 800px\" \/><\/figure>\n<\/div>\n<\/div>","protected":false},"excerpt":{"rendered":"<p>Somos um fornecedor profissional de caixas bento, caixas bento de estilo oce\u00e2nico requintado por atacado com apar\u00eancias bonitas concebidas especificamente para crian\u00e7as. Feito de a\u00e7o inoxid\u00e1vel de qualidade alimentar e material PP, cada produto \u00e9 submetido a uma inspe\u00e7\u00e3o rigorosa para garantir a seguran\u00e7a absoluta. Oferecemos servi\u00e7o de caixas bento por atacado e solu\u00e7\u00e3o de caixa bento personalizada, bem-vindo a contactar-nos para desenvolver um plano detalhado para si.<\/p>\n<h2>Carater\u00edsticas e vantagens da caixa bento<\/h2>\n<p><strong>Pequenos recipientes para refei\u00e7\u00f5es ligeiras concebidos especificamente para crian\u00e7as<\/strong>Cada pequeno recipiente vem com uma tampa de anel herm\u00e9tico, al\u00e9m de oferecermos um tabuleiro com 4 fechos simp\u00e1ticos para manter os snacks e as refei\u00e7\u00f5es frescas e sem confus\u00e3o durante o transporte. Ideal para as crian\u00e7as irem para a escola.<\/p>\n<p><strong>Material de alta qualidade<\/strong>: a\u00e7o inoxid\u00e1vel 304 de qualidade alimentar e material pl\u00e1stico pp dur\u00e1vel, o material alimentar saud\u00e1vel \u00e9 seguro de utilizar, f\u00e1cil de limpar, n\u00e3o enferruja, \u00e9 resistente \u00e0 corros\u00e3o, resistente a \u00e1cidos e \u00e1lcalis e n\u00e3o cont\u00e9m metais nocivos, para uma dieta saud\u00e1vel.<\/p>\n<p><strong>Inclui<\/strong>: Lancheira + colher + tigela de sopa, 3 compartimentos pr\u00e1ticos que se adaptam perfeitamente ao apetite do seu filho. A lancheira \u00e9 adequada para alimentos nutritivos, como alimentos b\u00e1sicos, sandes, carnes, saladas, legumes e frutos grandes, e os compartimentos pequenos s\u00e3o adequados para petiscos saborosos, como frutos secos, pequenos frutos e legumes, doces, etc.<\/p>\n<p><strong>Inclui uma lancheira com isolamento t\u00e9rmico<\/strong>, <strong>ta\u00e7a de sopa e colher<\/strong>O conjunto de caixas de controlo de por\u00e7\u00f5es \u00e9 ideal para crian\u00e7as em idade escolar, viagens em fam\u00edlia e acampamentos. Um conjunto de caixas de controlo de por\u00e7\u00f5es \u00e9 ideal para a escola das crian\u00e7as, viagens em fam\u00edlia e campismo.<\/p>\n<p>Oferecer solu\u00e7\u00f5es personalizadas de caixas bento.<\/p>\n<p><strong><a href=\"https:\/\/www.purecook.com\/pt\/custom-solution\/\" target=\"_blank\" rel=\"noopener\">Suporte a caixa bento personalizada OEM&amp;ODM.<\/a><\/strong><\/p>\n<p>&nbsp;<\/p>","protected":false},"featured_media":2637,"comment_status":"closed","ping_status":"closed","template":"","meta":{"_acf_changed":false},"product_brand":[],"product_cat":[51,102],"product_tag":[],"class_list":{"0":"post-2501","1":"product","2":"type-product","3":"status-publish","4":"has-post-thumbnail","6":"product_cat-dinnerware","7":"product_cat-lunch-boxes","9":"first","10":"instock","11":"shipping-taxable","12":"product-type-simple"},"acf":[],"_links":{"self":[{"href":"https:\/\/www.purecook.com\/pt\/wp-json\/wp\/v2\/product\/2501","targetHints":{"allow":["GET"]}}],"collection":[{"href":"https:\/\/www.purecook.com\/pt\/wp-json\/wp\/v2\/product"}],"about":[{"href":"https:\/\/www.purecook.com\/pt\/wp-json\/wp\/v2\/types\/product"}],"replies":[{"embeddable":true,"href":"https:\/\/www.purecook.com\/pt\/wp-json\/wp\/v2\/comments?post=2501"}],"wp:featuredmedia":[{"embeddable":true,"href":"https:\/\/www.purecook.com\/pt\/wp-json\/wp\/v2\/media\/2637"}],"wp:attachment":[{"href":"https:\/\/www.purecook.com\/pt\/wp-json\/wp\/v2\/media?parent=2501"}],"wp:term":[{"taxonomy":"product_brand","embeddable":true,"href":"https:\/\/www.purecook.com\/pt\/wp-json\/wp\/v2\/product_brand?post=2501"},{"taxonomy":"product_cat","embeddable":true,"href":"https:\/\/www.purecook.com\/pt\/wp-json\/wp\/v2\/product_cat?post=2501"},{"taxonomy":"product_tag","embeddable":true,"href":"https:\/\/www.purecook.com\/pt\/wp-json\/wp\/v2\/product_tag?post=2501"}],"curies":[{"name":"wp","href":"https:\/\/api.w.org\/{rel}","templated":true}]}}