{"id":2638,"date":"2024-06-22T18:53:52","date_gmt":"2024-06-22T10:53:52","guid":{"rendered":"https:\/\/www.purecook.com\/?post_type=product&#038;p=2638"},"modified":"2024-06-22T19:08:24","modified_gmt":"2024-06-22T11:08:24","slug":"wholesale-children-cartoon-stainless-steel-bowl","status":"publish","type":"product","link":"https:\/\/www.purecook.com\/pt\/product\/wholesale-children-cartoon-stainless-steel-bowl\/","title":{"rendered":"Tigela de a\u00e7o inoxid\u00e1vel com tampa para crian\u00e7as por atacado - Certifica\u00e7\u00e3o de seguran\u00e7a alimentar"},"content":{"rendered":"<div class=\"wp-block-columns is-layout-flex wp-container-core-columns-is-layout-9d6595d7 wp-block-columns-is-layout-flex\">\n<div class=\"wp-block-column is-layout-flow wp-block-column-is-layout-flow\">\n<h3 class=\"wp-block-heading\">Par\u00e2metros da ta\u00e7a de a\u00e7o inoxid\u00e1vel<\/h3>\n\n\n\n<p>Nome: Ta\u00e7a de desenhos animados para crian\u00e7as<br>Modelo: 8860<br>Material: A\u00e7o inoxid\u00e1vel 201\/304<br>Tamanho: 12cm<br>Peso: 115g<br>Embalagem: caixa de cor<br>Tamanho da caixa (cm) 13,7\u00d76,1\u00d712,4<br>Tamanho da caixa de cart\u00e3o (cm) 63\u00d743\u00d751<br>CBM: 0,139<br>Quantidade\/Caixa: 120<br>MOQ: 120pcs<\/p>\n<\/div>\n\n\n\n<div class=\"wp-block-column is-layout-flow wp-block-column-is-layout-flow\">\n<h3 class=\"wp-block-heading\">Op\u00e7\u00e3o de ta\u00e7a em a\u00e7o inoxid\u00e1vel personalizada<\/h3>\n\n\n\n<p>embalagem: caixa de cor\/caixa de cart\u00e3o, etc<br>MOQ: 1000pcs<br><strong><a href=\"https:\/\/www.purecook.com\/pt\/custom-solution\/\" target=\"_blank\" rel=\"noreferrer noopener\">Solu\u00e7\u00f5es personalizadas para copos Sierra OEM e ODM<\/a><\/strong><\/p>\n<\/div>\n<\/div>\n\n\n\n<div class=\"wp-block-columns is-layout-flex wp-container-core-columns-is-layout-9d6595d7 wp-block-columns-is-layout-flex\">\n<div class=\"wp-block-column is-layout-flow wp-block-column-is-layout-flow\">\n<figure class=\"wp-block-image size-full\"><img decoding=\"async\" width=\"680\" height=\"947\" src=\"https:\/\/www.purecook.com\/wp-content\/uploads\/2024\/06\/Wholesale-Children-Cartoon-Stainless-Steel-Bowl-with-Lid-1.webp\" alt=\"Tigela de a\u00e7o inoxid\u00e1vel com tampa para crian\u00e7as por atacado\" class=\"wp-image-2643\" srcset=\"https:\/\/www.purecook.com\/wp-content\/uploads\/2024\/06\/Wholesale-Children-Cartoon-Stainless-Steel-Bowl-with-Lid-1.webp 680w, https:\/\/www.purecook.com\/wp-content\/uploads\/2024\/06\/Wholesale-Children-Cartoon-Stainless-Steel-Bowl-with-Lid-1-215x300.webp 215w, https:\/\/www.purecook.com\/wp-content\/uploads\/2024\/06\/Wholesale-Children-Cartoon-Stainless-Steel-Bowl-with-Lid-1-600x836.webp 600w\" sizes=\"(max-width: 680px) 100vw, 680px\" \/><\/figure>\n<\/div>\n\n\n\n<div class=\"wp-block-column is-layout-flow wp-block-column-is-layout-flow\">\n<figure class=\"wp-block-image size-full\"><img decoding=\"async\" width=\"800\" height=\"800\" src=\"https:\/\/www.purecook.com\/wp-content\/uploads\/2024\/06\/Wholesale-Children-Cartoon-Stainless-Steel-Bowl-with-Lid-5.webp\" alt=\"Tigela de a\u00e7o inoxid\u00e1vel com tampa para crian\u00e7as por atacado\" class=\"wp-image-2642\" srcset=\"https:\/\/www.purecook.com\/wp-content\/uploads\/2024\/06\/Wholesale-Children-Cartoon-Stainless-Steel-Bowl-with-Lid-5.webp 800w, https:\/\/www.purecook.com\/wp-content\/uploads\/2024\/06\/Wholesale-Children-Cartoon-Stainless-Steel-Bowl-with-Lid-5-300x300.webp 300w, https:\/\/www.purecook.com\/wp-content\/uploads\/2024\/06\/Wholesale-Children-Cartoon-Stainless-Steel-Bowl-with-Lid-5-150x150.webp 150w, https:\/\/www.purecook.com\/wp-content\/uploads\/2024\/06\/Wholesale-Children-Cartoon-Stainless-Steel-Bowl-with-Lid-5-768x768.webp 768w, https:\/\/www.purecook.com\/wp-content\/uploads\/2024\/06\/Wholesale-Children-Cartoon-Stainless-Steel-Bowl-with-Lid-5-600x600.webp 600w, https:\/\/www.purecook.com\/wp-content\/uploads\/2024\/06\/Wholesale-Children-Cartoon-Stainless-Steel-Bowl-with-Lid-5-100x100.webp 100w\" sizes=\"(max-width: 800px) 100vw, 800px\" \/><\/figure>\n<\/div>\n<\/div>","protected":false},"excerpt":{"rendered":"<p>As ta\u00e7as de a\u00e7o inoxid\u00e1vel de alta qualidade para crian\u00e7as da Purecook s\u00e3o o presente perfeito para o seu beb\u00e9, as cores vivas e os padr\u00f5es de desenhos animados v\u00e3o manter as crian\u00e7as interessadas e tornar a hora das refei\u00e7\u00f5es divertida. A satisfa\u00e7\u00e3o do cliente \u00e9 o nosso principal objetivo, todos os produtos s\u00e3o verificados quanto \u00e0 qualidade antes do envio. Se tiver alguma insatisfa\u00e7\u00e3o ou problema com os nossos produtos, por favor contacte-nos imediatamente e responderemos dentro de 24 horas.<\/p>\n<h2>Carater\u00edsticas e vantagens da ta\u00e7a de a\u00e7o inoxid\u00e1vel<\/h2>\n<p>1.<strong>As nossas ta\u00e7as de suc\u00e7\u00e3o para beb\u00e9s s\u00e3o fabricadas com materiais de qualidade alimentar 100% e s\u00e3o totalmente seguras para o seu beb\u00e9<\/strong>. O corpo da ta\u00e7a \u00e9 feito de a\u00e7o inoxid\u00e1vel 304 \/201 de alta qualidade, que \u00e9 resistente \u00e0 ferrugem e n\u00e3o deixa odores nem manchas. A superf\u00edcie da ta\u00e7a \u00e9 feita de polipropileno (PP), que \u00e9 resistente a impress\u00f5es digitais, n\u00e3o se risca facilmente e n\u00e3o cont\u00e9m bisfenol A (BPA), cloreto de polivinilo (PVC), ftalatos e chumbo. O nosso conjunto de alimenta\u00e7\u00e3o para beb\u00e9 est\u00e1 certificado como produto para crian\u00e7as, pelo que pode ter a certeza de que o seu filho o pode utilizar.<\/p>\n<p>2.<strong>Esta tigela isolada para beb\u00e9s \u00e9 feita de a\u00e7o inoxid\u00e1vel com uma superf\u00edcie PP que evita a transfer\u00eancia de calor e protege as m\u00e3os do seu beb\u00e9 de queimaduras, mantendo-as quentes<\/strong>. Inclui uma tampa herm\u00e9tica feita de material pl\u00e1stico de qualidade alimentar e silicone para manter as sobras frescas, permitindo-lhe alimentar o seu beb\u00e9 quando e onde quiser. As nossas tigelas de silicone para alimenta\u00e7\u00e3o de beb\u00e9s podem ser lavadas na m\u00e1quina de lavar lou\u00e7a e no congelador, basta colocar a tigela de suc\u00e7\u00e3o de silicone na m\u00e1quina de lavar lou\u00e7a ap\u00f3s uma refei\u00e7\u00e3o.<\/p>\n<p>Oferecer solu\u00e7\u00f5es personalizadas para ta\u00e7as de a\u00e7o inoxid\u00e1vel.<\/p>\n<p><strong><a href=\"https:\/\/www.purecook.com\/pt\/custom-solution\/\" target=\"_blank\" rel=\"noopener\">Suporte a ta\u00e7as de a\u00e7o inoxid\u00e1vel personalizadas OEM&amp;ODM.<\/a><\/strong><\/p>\n<p>&nbsp;<\/p>","protected":false},"featured_media":2640,"comment_status":"closed","ping_status":"closed","template":"","meta":{"_acf_changed":false},"product_brand":[],"product_cat":[51,54],"product_tag":[],"class_list":{"0":"post-2638","1":"product","2":"type-product","3":"status-publish","4":"has-post-thumbnail","6":"product_cat-dinnerware","7":"product_cat-stainless-steel-bowl","9":"first","10":"instock","11":"shipping-taxable","12":"product-type-simple"},"acf":[],"_links":{"self":[{"href":"https:\/\/www.purecook.com\/pt\/wp-json\/wp\/v2\/product\/2638","targetHints":{"allow":["GET"]}}],"collection":[{"href":"https:\/\/www.purecook.com\/pt\/wp-json\/wp\/v2\/product"}],"about":[{"href":"https:\/\/www.purecook.com\/pt\/wp-json\/wp\/v2\/types\/product"}],"replies":[{"embeddable":true,"href":"https:\/\/www.purecook.com\/pt\/wp-json\/wp\/v2\/comments?post=2638"}],"wp:featuredmedia":[{"embeddable":true,"href":"https:\/\/www.purecook.com\/pt\/wp-json\/wp\/v2\/media\/2640"}],"wp:attachment":[{"href":"https:\/\/www.purecook.com\/pt\/wp-json\/wp\/v2\/media?parent=2638"}],"wp:term":[{"taxonomy":"product_brand","embeddable":true,"href":"https:\/\/www.purecook.com\/pt\/wp-json\/wp\/v2\/product_brand?post=2638"},{"taxonomy":"product_cat","embeddable":true,"href":"https:\/\/www.purecook.com\/pt\/wp-json\/wp\/v2\/product_cat?post=2638"},{"taxonomy":"product_tag","embeddable":true,"href":"https:\/\/www.purecook.com\/pt\/wp-json\/wp\/v2\/product_tag?post=2638"}],"curies":[{"name":"wp","href":"https:\/\/api.w.org\/{rel}","templated":true}]}}