{"id":2651,"date":"2024-06-24T06:22:24","date_gmt":"2024-06-23T22:22:24","guid":{"rendered":"https:\/\/www.purecook.com\/?post_type=product&#038;p=2651"},"modified":"2025-08-14T16:54:19","modified_gmt":"2025-08-14T08:54:19","slug":"safe-and-portable-best-electric-lunch-box-wholesale","status":"publish","type":"product","link":"https:\/\/www.purecook.com\/pt\/product\/safe-and-portable-best-electric-lunch-box-wholesale\/","title":{"rendered":"Caixa de almo\u00e7o el\u00e9ctrica segura e port\u00e1til 220v 50w"},"content":{"rendered":"<div class=\"wp-block-columns is-layout-flex wp-container-core-columns-is-layout-9d6595d7 wp-block-columns-is-layout-flex\">\n<div class=\"wp-block-column is-layout-flow wp-block-column-is-layout-flow\">\n<h3 class=\"wp-block-heading\">Par\u00e2metros da Lancheira El\u00e9ctrica<\/h3>\n\n\n\n<p>Lancheira reaquec\u00edvel<br>Capacidade 1-3 litros<br>Material A\u00e7o inoxid\u00e1vel+PP<br>Material: A\u00e7o inoxid\u00e1vel 304 + PP Colher: 410 Pauzinhos: 201<br>Cor Azul\/branco\/castanho<br>Tamanho da mala 27,5<em>20<\/em>10 cm<br>Tamanho interior 25,5<em>18<\/em>3,8 cm<br>Peso 755g\/pcs<br>M\u00e9todo de aquecimento Aquecimento el\u00e9trico<br>Tens\u00e3o 220V<br>Detalhes da embalagem Caixa de cor<br>Unidade de venda: pe\u00e7a \u00fanica<br>Peso bruto por pe\u00e7a: 1.200 kg<br>MOQ 1000 pcs<\/p>\n<\/div>\n\n\n\n<div class=\"wp-block-column is-layout-flow wp-block-column-is-layout-flow\">\n<h3 class=\"wp-block-heading\">Op\u00e7\u00f5es de lancheiras el\u00e9ctricas personalizadas<\/h3>\n\n\n\n<p>Log\u00f3tipo: personalizar o log\u00f3tipo da sua marca<br>embalagem: caixa de cor\/caixa de cart\u00e3o, etc<br>MOQ: 1000pcs<br><strong><a href=\"https:\/\/www.purecook.com\/pt\/custom-solution\/\" target=\"_blank\" rel=\"noreferrer noopener\">Solu\u00e7\u00f5es de lancheiras el\u00e9ctricas personalizadas OEM e ODM<\/a><\/strong><\/p>\n<\/div>\n<\/div>\n\n\n\n<div class=\"wp-block-columns is-layout-flex wp-container-core-columns-is-layout-9d6595d7 wp-block-columns-is-layout-flex\">\n<div class=\"wp-block-column is-layout-flow wp-block-column-is-layout-flow\">\n<figure class=\"wp-block-image size-full\"><img decoding=\"async\" width=\"790\" height=\"790\" src=\"https:\/\/www.purecook.com\/wp-content\/uploads\/2024\/06\/Best-Electric-Lunch-Box-Wholesale-5.webp\" alt=\"A melhor lancheira el\u00e9ctrica por atacado \" class=\"wp-image-2656\" srcset=\"https:\/\/www.purecook.com\/wp-content\/uploads\/2024\/06\/Best-Electric-Lunch-Box-Wholesale-5.webp 790w, https:\/\/www.purecook.com\/wp-content\/uploads\/2024\/06\/Best-Electric-Lunch-Box-Wholesale-5-300x300.webp 300w, https:\/\/www.purecook.com\/wp-content\/uploads\/2024\/06\/Best-Electric-Lunch-Box-Wholesale-5-150x150.webp 150w, https:\/\/www.purecook.com\/wp-content\/uploads\/2024\/06\/Best-Electric-Lunch-Box-Wholesale-5-768x768.webp 768w, https:\/\/www.purecook.com\/wp-content\/uploads\/2024\/06\/Best-Electric-Lunch-Box-Wholesale-5-600x600.webp 600w, https:\/\/www.purecook.com\/wp-content\/uploads\/2024\/06\/Best-Electric-Lunch-Box-Wholesale-5-100x100.webp 100w\" sizes=\"(max-width: 790px) 100vw, 790px\" \/><\/figure>\n<\/div>\n\n\n\n<div class=\"wp-block-column is-layout-flow wp-block-column-is-layout-flow\">\n<figure class=\"wp-block-image size-full\"><img decoding=\"async\" width=\"740\" height=\"740\" src=\"https:\/\/www.purecook.com\/wp-content\/uploads\/2024\/06\/Best-Electric-Lunch-Box-Wholesale-4.webp\" alt=\"A melhor lancheira el\u00e9ctrica por atacado\" class=\"wp-image-2655\" srcset=\"https:\/\/www.purecook.com\/wp-content\/uploads\/2024\/06\/Best-Electric-Lunch-Box-Wholesale-4.webp 740w, https:\/\/www.purecook.com\/wp-content\/uploads\/2024\/06\/Best-Electric-Lunch-Box-Wholesale-4-300x300.webp 300w, https:\/\/www.purecook.com\/wp-content\/uploads\/2024\/06\/Best-Electric-Lunch-Box-Wholesale-4-150x150.webp 150w, https:\/\/www.purecook.com\/wp-content\/uploads\/2024\/06\/Best-Electric-Lunch-Box-Wholesale-4-600x600.webp 600w, https:\/\/www.purecook.com\/wp-content\/uploads\/2024\/06\/Best-Electric-Lunch-Box-Wholesale-4-100x100.webp 100w\" sizes=\"(max-width: 740px) 100vw, 740px\" \/><\/figure>\n<\/div>\n<\/div>","protected":false},"excerpt":{"rendered":"<p>Purecook \u00e9 um fabricante profissional de lancheiras el\u00e9ctricas. Bem-vindo \u00e0 compra a granel de lancheiras el\u00e9ctricas, esta lancheira el\u00e9ctrica mais vendida aquece rapidamente e tamb\u00e9m pode ser utilizada para se manter quente. O design port\u00e1til facilita o seu transporte. Pode lev\u00e1-la para o escrit\u00f3rio ou us\u00e1-la no carro, para que possa desfrutar de refei\u00e7\u00f5es quentes a qualquer hora e em qualquer lugar.<\/p>\n<h2>Carater\u00edsticas e vantagens da Lancheira El\u00e9ctrica<\/h2>\n<p>1. <strong>Selado e seguro<\/strong>: O design avan\u00e7ado de veda\u00e7\u00e3o garante que os alimentos n\u00e3o vazam e n\u00e3o misturam odores, mantendo os alimentos frescos e tornando-os mais seguros para transportar em viagem.<\/p>\n<p>2.<strong>Design port\u00e1til<\/strong>: Leve e f\u00e1cil de transportar, adequado para utiliza\u00e7\u00e3o em casa e no carro, desfrute de comida quente em qualquer altura e em qualquer lugar, seja em casa ou em viagem.<\/p>\n<p>3. <strong>Aquecimento sem \u00e1gua<\/strong>: Tecnologia inovadora de aquecimento sem \u00e1gua, aquecendo os alimentos diretamente atrav\u00e9s do elemento de aquecimento el\u00e9trico, sem necessidade de adicionar \u00e1gua, f\u00e1cil de operar, aquecimento r\u00e1pido, para que possa desfrutar de refei\u00e7\u00f5es quentes a qualquer momento.<\/p>\n<p>4.<strong>Design de grande capacidade<\/strong>: Design de grande capacidade para satisfazer as necessidades de uma refei\u00e7\u00e3o, adequado para pessoas com refei\u00e7\u00f5es, estudantes e trabalhadores de escrit\u00f3rio, armazenar mais alimentos para satisfazer as necessidades di\u00e1rias.<\/p>\n<p>5. <strong>Efici\u00eancia energ\u00e9tica<\/strong>Design de baixo consumo de energia 220v 50w, poupan\u00e7a de energia e prote\u00e7\u00e3o ambiental, aquecimento r\u00e1pido, poupan\u00e7a de tempo e energia, adequado para uso di\u00e1rio.<\/p>\n<p>6. <strong>Utiliza\u00e7\u00e3o multifuncional<\/strong>: N\u00e3o s\u00f3 adequado para aquecer refei\u00e7\u00f5es, mas tamb\u00e9m pode ser utilizado para manter o calor, manter a temperatura dos alimentos e desfrutar de deliciosas refei\u00e7\u00f5es quentes em qualquer altura.<\/p>\n<p>7. <strong>F\u00e1cil de limpar<\/strong>: Design de superf\u00edcie interna lisa para evitar a ader\u00eancia de alimentos, f\u00e1cil de limpar, lavar \u00e0 m\u00e3o ou limpar pode ser, economizar tempo e trabalho.<\/p>\n<p>8.<strong>Saud\u00e1vel e seguro<\/strong>: Fabricado com materiais de qualidade alimentar, sem subst\u00e2ncias nocivas, para garantir que os alimentos no processo de aquecimento mant\u00eam a sa\u00fade e a seguran\u00e7a, tenha a certeza de que a utiliza\u00e7\u00e3o.<\/p>\n<p><strong><a href=\"https:\/\/www.purecook.com\/pt\/custom-solution\/\" target=\"_blank\" rel=\"noopener\">Oferta de lancheiras el\u00e9ctricas personalizadas OEM e ODM.<\/a><\/strong><\/p>\n<p>&nbsp;<\/p>","protected":false},"featured_media":2657,"comment_status":"closed","ping_status":"closed","template":"","meta":{"_acf_changed":false},"product_brand":[],"product_cat":[51,102],"product_tag":[],"class_list":{"0":"post-2651","1":"product","2":"type-product","3":"status-publish","4":"has-post-thumbnail","6":"product_cat-dinnerware","7":"product_cat-lunch-boxes","9":"first","10":"instock","11":"shipping-taxable","12":"product-type-simple"},"acf":[],"_links":{"self":[{"href":"https:\/\/www.purecook.com\/pt\/wp-json\/wp\/v2\/product\/2651","targetHints":{"allow":["GET"]}}],"collection":[{"href":"https:\/\/www.purecook.com\/pt\/wp-json\/wp\/v2\/product"}],"about":[{"href":"https:\/\/www.purecook.com\/pt\/wp-json\/wp\/v2\/types\/product"}],"replies":[{"embeddable":true,"href":"https:\/\/www.purecook.com\/pt\/wp-json\/wp\/v2\/comments?post=2651"}],"wp:featuredmedia":[{"embeddable":true,"href":"https:\/\/www.purecook.com\/pt\/wp-json\/wp\/v2\/media\/2657"}],"wp:attachment":[{"href":"https:\/\/www.purecook.com\/pt\/wp-json\/wp\/v2\/media?parent=2651"}],"wp:term":[{"taxonomy":"product_brand","embeddable":true,"href":"https:\/\/www.purecook.com\/pt\/wp-json\/wp\/v2\/product_brand?post=2651"},{"taxonomy":"product_cat","embeddable":true,"href":"https:\/\/www.purecook.com\/pt\/wp-json\/wp\/v2\/product_cat?post=2651"},{"taxonomy":"product_tag","embeddable":true,"href":"https:\/\/www.purecook.com\/pt\/wp-json\/wp\/v2\/product_tag?post=2651"}],"curies":[{"name":"wp","href":"https:\/\/api.w.org\/{rel}","templated":true}]}}