{"id":2658,"date":"2024-06-24T06:48:50","date_gmt":"2024-06-23T22:48:50","guid":{"rendered":"https:\/\/www.purecook.com\/?post_type=product&#038;p=2658"},"modified":"2024-06-24T07:22:46","modified_gmt":"2024-06-23T23:22:46","slug":"wholesale-multi-purpose-stainless-steel-mixing-bowls-with-colander","status":"publish","type":"product","link":"https:\/\/www.purecook.com\/pt\/product\/wholesale-multi-purpose-stainless-steel-mixing-bowls-with-colander\/","title":{"rendered":"Tigelas de mistura de a\u00e7o inoxid\u00e1vel multiusos por atacado com coador"},"content":{"rendered":"<div class=\"wp-block-columns is-layout-flex wp-container-core-columns-is-layout-9d6595d7 wp-block-columns-is-layout-flex\">\n<div class=\"wp-block-column is-layout-flow wp-block-column-is-layout-flow\">\n<h3 class=\"wp-block-heading\">Par\u00e2metros das ta\u00e7as de mistura de a\u00e7o inoxid\u00e1vel <\/h3>\n\n\n\n<p>Nome do produto: Coador de a\u00e7o inoxid\u00e1vel<br>Material A\u00e7o inoxid\u00e1vel 304<br>N\u00famero do modelo: U-MS<br>Log\u00f3tipo Aceitar log\u00f3tipo personalizado<br>Aplica\u00e7\u00e3o Cozinha\/Casa\/Restaurante<br>Fun\u00e7\u00e3o\uff1aDrenar alimentos<br>Embalagem: Caixa de cor<br>Tamanho do conjunto: 22\/24\/26\/28\/30\/32cm<br>Tamanho da embalagem: 34\u00d734\u00d720cm<br>GW: 2kg\/pcs<br>MOQ: 120pcs<\/p>\n<\/div>\n\n\n\n<div class=\"wp-block-column is-layout-flow wp-block-column-is-layout-flow\">\n<h3 class=\"wp-block-heading\">Op\u00e7\u00f5es de ta\u00e7as de mistura personalizadas<\/h3>\n\n\n\n<p>Log\u00f3tipo: personalizar o log\u00f3tipo da sua marca<br>embalagem: caixa de cor\/caixa de cart\u00e3o, etc<br>MOQ: 1000pcs<br><strong><a href=\"https:\/\/www.purecook.com\/pt\/custom-solution\/\" target=\"_blank\" rel=\"noreferrer noopener\">Solu\u00e7\u00f5es de ta\u00e7as de mistura personalizadas OEM e ODM<\/a><\/strong><\/p>\n<\/div>\n<\/div>\n\n\n\n<div class=\"wp-block-columns is-layout-flex wp-container-core-columns-is-layout-9d6595d7 wp-block-columns-is-layout-flex\">\n<div class=\"wp-block-column is-layout-flow wp-block-column-is-layout-flow\">\n<figure class=\"wp-block-image size-full\"><img decoding=\"async\" width=\"800\" height=\"800\" src=\"https:\/\/www.purecook.com\/wp-content\/uploads\/2024\/06\/wholesale-mixing-bowls-3.webp\" alt=\"ta\u00e7as misturadoras por atacado \" class=\"wp-image-2661\" srcset=\"https:\/\/www.purecook.com\/wp-content\/uploads\/2024\/06\/wholesale-mixing-bowls-3.webp 800w, https:\/\/www.purecook.com\/wp-content\/uploads\/2024\/06\/wholesale-mixing-bowls-3-300x300.webp 300w, https:\/\/www.purecook.com\/wp-content\/uploads\/2024\/06\/wholesale-mixing-bowls-3-150x150.webp 150w, https:\/\/www.purecook.com\/wp-content\/uploads\/2024\/06\/wholesale-mixing-bowls-3-768x768.webp 768w, https:\/\/www.purecook.com\/wp-content\/uploads\/2024\/06\/wholesale-mixing-bowls-3-600x600.webp 600w, https:\/\/www.purecook.com\/wp-content\/uploads\/2024\/06\/wholesale-mixing-bowls-3-100x100.webp 100w\" sizes=\"(max-width: 800px) 100vw, 800px\" \/><\/figure>\n<\/div>\n\n\n\n<div class=\"wp-block-column is-layout-flow wp-block-column-is-layout-flow\">\n<figure class=\"wp-block-image size-full\"><img decoding=\"async\" width=\"800\" height=\"800\" src=\"https:\/\/www.purecook.com\/wp-content\/uploads\/2024\/06\/wholesale-mixing-bowls-1.webp\" alt=\"ta\u00e7as misturadoras por atacado\" class=\"wp-image-2659\" srcset=\"https:\/\/www.purecook.com\/wp-content\/uploads\/2024\/06\/wholesale-mixing-bowls-1.webp 800w, https:\/\/www.purecook.com\/wp-content\/uploads\/2024\/06\/wholesale-mixing-bowls-1-300x300.webp 300w, https:\/\/www.purecook.com\/wp-content\/uploads\/2024\/06\/wholesale-mixing-bowls-1-150x150.webp 150w, https:\/\/www.purecook.com\/wp-content\/uploads\/2024\/06\/wholesale-mixing-bowls-1-768x768.webp 768w, https:\/\/www.purecook.com\/wp-content\/uploads\/2024\/06\/wholesale-mixing-bowls-1-600x600.webp 600w, https:\/\/www.purecook.com\/wp-content\/uploads\/2024\/06\/wholesale-mixing-bowls-1-100x100.webp 100w\" sizes=\"(max-width: 800px) 100vw, 800px\" \/><\/figure>\n<\/div>\n<\/div>","protected":false},"excerpt":{"rendered":"<p>Purecook \u00e9 um fabricante de tigelas de mistura, n\u00f3s fornecemos servi\u00e7o de tigelas de mistura multiuso por atacado. As tigelas de mistura t\u00eam um coador que facilita a lavagem e filtragem de legumes e frutas, arroz.<\/p>\n<h2>Carater\u00edsticas e vantagens das ta\u00e7as misturadoras em a\u00e7o inoxid\u00e1vel<\/h2>\n<p>O artesanato requintado faz com que n\u00e3o seja f\u00e1cil enferrujar e deformar, f\u00e1cil de transportar, pode ser utilizado na cozinha interior e no campismo exterior.<\/p>\n<p>Feito de material de a\u00e7o inoxid\u00e1vel 304, superf\u00edcie lisa, f\u00e1cil de limpar, dur\u00e1vel e com forte capacidade de carga.<\/p>\n<p>\u00d3timo para limpar utens\u00edlios de cozinha e recipientes para alimentos, como frutas, legumes ou outros alimentos secos de grande dimens\u00e3o.<\/p>\n<p>A limpeza dos alimentos \u00e9 segura e pr\u00e1tica, e o design com v\u00e1rios orif\u00edcios permite um escoamento mais suave e eficiente.<\/p>\n<p><strong><a href=\"https:\/\/www.purecook.com\/pt\/custom-solution\/\" target=\"_blank\" rel=\"noopener\">Oferta de ta\u00e7as de mistura personalizadas OEM e ODM.<\/a><\/strong><\/p>\n<p>&nbsp;<\/p>","protected":false},"featured_media":2660,"comment_status":"closed","ping_status":"closed","template":"","meta":{"_acf_changed":false},"product_brand":[],"product_cat":[52,65],"product_tag":[],"class_list":{"0":"post-2658","1":"product","2":"type-product","3":"status-publish","4":"has-post-thumbnail","6":"product_cat-kitchen-utensils","7":"product_cat-kitchen-strainer-and-colander","9":"first","10":"instock","11":"shipping-taxable","12":"product-type-simple"},"acf":[],"_links":{"self":[{"href":"https:\/\/www.purecook.com\/pt\/wp-json\/wp\/v2\/product\/2658","targetHints":{"allow":["GET"]}}],"collection":[{"href":"https:\/\/www.purecook.com\/pt\/wp-json\/wp\/v2\/product"}],"about":[{"href":"https:\/\/www.purecook.com\/pt\/wp-json\/wp\/v2\/types\/product"}],"replies":[{"embeddable":true,"href":"https:\/\/www.purecook.com\/pt\/wp-json\/wp\/v2\/comments?post=2658"}],"wp:featuredmedia":[{"embeddable":true,"href":"https:\/\/www.purecook.com\/pt\/wp-json\/wp\/v2\/media\/2660"}],"wp:attachment":[{"href":"https:\/\/www.purecook.com\/pt\/wp-json\/wp\/v2\/media?parent=2658"}],"wp:term":[{"taxonomy":"product_brand","embeddable":true,"href":"https:\/\/www.purecook.com\/pt\/wp-json\/wp\/v2\/product_brand?post=2658"},{"taxonomy":"product_cat","embeddable":true,"href":"https:\/\/www.purecook.com\/pt\/wp-json\/wp\/v2\/product_cat?post=2658"},{"taxonomy":"product_tag","embeddable":true,"href":"https:\/\/www.purecook.com\/pt\/wp-json\/wp\/v2\/product_tag?post=2658"}],"curies":[{"name":"wp","href":"https:\/\/api.w.org\/{rel}","templated":true}]}}