{"id":2669,"date":"2024-06-24T07:14:10","date_gmt":"2024-06-23T23:14:10","guid":{"rendered":"https:\/\/www.purecook.com\/?post_type=product&#038;p=2669"},"modified":"2024-11-04T09:55:20","modified_gmt":"2024-11-04T01:55:20","slug":"tacas-de-salada-de-aco-inoxidavel-personalizadas-por-atacado-ouro-ou-prata-2","status":"publish","type":"product","link":"https:\/\/www.purecook.com\/pt\/product\/wholesale-custom-stainless-steel-salad-bowls-gold-or-silver\/","title":{"rendered":"Saladeiras de a\u00e7o inoxid\u00e1vel personalizadas por atacado: Ouro\/Prata"},"content":{"rendered":"<div class=\"wp-block-columns is-layout-flex wp-container-core-columns-is-layout-9d6595d7 wp-block-columns-is-layout-flex\">\n<div class=\"wp-block-column is-layout-flow wp-block-column-is-layout-flow\">\n<h3 class=\"wp-block-heading\">Par\u00e2metros das ta\u00e7as de salada em a\u00e7o inoxid\u00e1vel<\/h3>\n\n\n\n<p>Tipo de utens\u00edlios de mesa: Saladeira<br>N\u00famero do modelo: MVB<br>Cor prata\/ouro<br>Tamanho: 3<br>Embalagem Saco PP + caixa exterior<br>Superf\u00edcie mate<br>Tipo de material A\u00e7o inoxid\u00e1vel<br>Unidade de venda: M\u00faltiplo de 60 unidades<br>EmbalagemTamanho: 49X45X46cm \/ caixas<br>GW: 31kg\/60\/pcs<br>MOQ 60pcs<\/p>\n<\/div>\n\n\n\n<div class=\"wp-block-column is-layout-flow wp-block-column-is-layout-flow\">\n<h3 class=\"wp-block-heading\">Op\u00e7\u00f5es de saladeiras personalizadas<\/h3>\n\n\n\n<p>Log\u00f3tipo: personalizar o log\u00f3tipo da sua marca<br>embalagem: caixa de cor\/caixa de cart\u00e3o, etc<br>MOQ: 300pcs<br><strong><a href=\"https:\/\/www.purecook.com\/pt\/custom-solution\/\" target=\"_blank\" rel=\"noreferrer noopener\">Solu\u00e7\u00f5es de saladeiras personalizadas OEM e ODM<\/a><\/strong><\/p>\n<\/div>\n<\/div>\n\n\n\n<div class=\"wp-block-columns is-layout-flex wp-container-core-columns-is-layout-9d6595d7 wp-block-columns-is-layout-flex\">\n<div class=\"wp-block-column is-layout-flow wp-block-column-is-layout-flow\">\n<figure class=\"wp-block-image size-full\"><img decoding=\"async\" width=\"800\" height=\"800\" src=\"https:\/\/www.purecook.com\/wp-content\/uploads\/2024\/06\/custom-salad-bowl-wholesale-4.webp\" alt=\"saladeira personalizada por atacado \" class=\"wp-image-2675\" srcset=\"https:\/\/www.purecook.com\/wp-content\/uploads\/2024\/06\/custom-salad-bowl-wholesale-4.webp 800w, https:\/\/www.purecook.com\/wp-content\/uploads\/2024\/06\/custom-salad-bowl-wholesale-4-300x300.webp 300w, https:\/\/www.purecook.com\/wp-content\/uploads\/2024\/06\/custom-salad-bowl-wholesale-4-150x150.webp 150w, https:\/\/www.purecook.com\/wp-content\/uploads\/2024\/06\/custom-salad-bowl-wholesale-4-768x768.webp 768w, https:\/\/www.purecook.com\/wp-content\/uploads\/2024\/06\/custom-salad-bowl-wholesale-4-600x600.webp 600w, https:\/\/www.purecook.com\/wp-content\/uploads\/2024\/06\/custom-salad-bowl-wholesale-4-100x100.webp 100w\" sizes=\"(max-width: 800px) 100vw, 800px\" \/><\/figure>\n<\/div>\n\n\n\n<div class=\"wp-block-column is-layout-flow wp-block-column-is-layout-flow\">\n<figure class=\"wp-block-image size-full\"><img decoding=\"async\" width=\"800\" height=\"800\" src=\"https:\/\/www.purecook.com\/wp-content\/uploads\/2024\/06\/custom-salad-bowl-wholesale-2.webp\" alt=\"saladeira personalizada por atacado\" class=\"wp-image-2673\" srcset=\"https:\/\/www.purecook.com\/wp-content\/uploads\/2024\/06\/custom-salad-bowl-wholesale-2.webp 800w, https:\/\/www.purecook.com\/wp-content\/uploads\/2024\/06\/custom-salad-bowl-wholesale-2-300x300.webp 300w, https:\/\/www.purecook.com\/wp-content\/uploads\/2024\/06\/custom-salad-bowl-wholesale-2-150x150.webp 150w, https:\/\/www.purecook.com\/wp-content\/uploads\/2024\/06\/custom-salad-bowl-wholesale-2-768x768.webp 768w, https:\/\/www.purecook.com\/wp-content\/uploads\/2024\/06\/custom-salad-bowl-wholesale-2-600x600.webp 600w, https:\/\/www.purecook.com\/wp-content\/uploads\/2024\/06\/custom-salad-bowl-wholesale-2-100x100.webp 100w\" sizes=\"(max-width: 800px) 100vw, 800px\" \/><\/figure>\n<\/div>\n<\/div>","protected":false},"excerpt":{"rendered":"<p>As ta\u00e7as de salada t\u00eam uma pega port\u00e1til, f\u00e1cil de transportar, adequada para festas, piqueniques, campismo, feita de a\u00e7o inoxid\u00e1vel de alta qualidade, muito dur\u00e1vel. Se precisar, fornecemos-lhe uma solu\u00e7\u00e3o personalizada para as ta\u00e7as de salada. N\u00e3o hesite em contactar-nos.<\/p>\n<h2>Caracter\u00edsticas e vantagens da saladeira de a\u00e7o inoxid\u00e1vel<\/h2>\n<p><strong>A\u00e7o inoxid\u00e1vel de alta qualidade:<\/strong> Feito de material de a\u00e7o inoxid\u00e1vel de alta qualidade, robusto e dur\u00e1vel, resistente \u00e0 ferrugem e \u00e0 corros\u00e3o para garantir uma utiliza\u00e7\u00e3o a longo prazo sem deforma\u00e7\u00e3o, f\u00e1cil de limpar, adequado para uma variedade de ocasi\u00f5es.<\/p>\n<p><strong>Utiliza\u00e7\u00e3o multifuncional:<\/strong> Adequado para guardar vinho, alimentos, arroz, frutas, ramen, sopa, salada, etc. Para satisfazer as suas diferentes necessidades de refei\u00e7\u00f5es, ideal para actividades familiares e ao ar livre.<\/p>\n<p><strong>Design elegante:<\/strong> Duas op\u00e7\u00f5es de cores cl\u00e1ssicas de ouro e prata, apar\u00eancia elegante e generosa, melhoram a experi\u00eancia de jantar, adequada para v\u00e1rias ocasi\u00f5es.<\/p>\n<p><strong>Pega port\u00e1til:<\/strong> Equipado com um design de pega confort\u00e1vel, f\u00e1cil de transportar e utilizar, especialmente adequado para actividades ao ar livre, campismo e viagens, desfrute da sua refei\u00e7\u00e3o com facilidade.<\/p>\n<p><strong>Leve e port\u00e1til:<\/strong> Design leve, f\u00e1cil de transportar, adequado para viagens, piqueniques, campismo e outras actividades ao ar livre, ideal para as suas viagens.<\/p>\n<p><strong>Saud\u00e1vel e seguro:<\/strong> Feito de material de a\u00e7o inoxid\u00e1vel de qualidade alimentar, sem subst\u00e2ncias nocivas, garante a seguran\u00e7a alimentar e uma utiliza\u00e7\u00e3o tranquila.<\/p>\n<p><strong>F\u00e1cil de limpar:<\/strong> Superf\u00edcie lisa para evitar res\u00edduos de alimentos, f\u00e1cil de limpar, lav\u00e1vel \u00e0 m\u00e3o ou na m\u00e1quina de lavar lou\u00e7a, poupa tempo e trabalho.<\/p>\n<p>Design polivalente: N\u00e3o s\u00f3 para uso di\u00e1rio em casa, mas tamb\u00e9m adequado para actividades ao ar livre, piqueniques, campismo e outras ocasi\u00f5es, praticidade.<\/p>\n<p><strong><a href=\"https:\/\/www.purecook.com\/pt\/custom-solution\/\" target=\"_blank\" rel=\"noopener\">Oferta de saladeiras personalizadas OEM e ODM.<\/a><\/strong><\/p>\n<p>&nbsp;<\/p>","protected":false},"featured_media":2674,"comment_status":"closed","ping_status":"closed","template":"","meta":{"_acf_changed":false},"product_brand":[],"product_cat":[51,54],"product_tag":[],"class_list":{"0":"post-2669","1":"product","2":"type-product","3":"status-publish","4":"has-post-thumbnail","6":"product_cat-dinnerware","7":"product_cat-stainless-steel-bowl","9":"first","10":"instock","11":"shipping-taxable","12":"product-type-simple"},"acf":[],"_links":{"self":[{"href":"https:\/\/www.purecook.com\/pt\/wp-json\/wp\/v2\/product\/2669","targetHints":{"allow":["GET"]}}],"collection":[{"href":"https:\/\/www.purecook.com\/pt\/wp-json\/wp\/v2\/product"}],"about":[{"href":"https:\/\/www.purecook.com\/pt\/wp-json\/wp\/v2\/types\/product"}],"replies":[{"embeddable":true,"href":"https:\/\/www.purecook.com\/pt\/wp-json\/wp\/v2\/comments?post=2669"}],"wp:featuredmedia":[{"embeddable":true,"href":"https:\/\/www.purecook.com\/pt\/wp-json\/wp\/v2\/media\/2674"}],"wp:attachment":[{"href":"https:\/\/www.purecook.com\/pt\/wp-json\/wp\/v2\/media?parent=2669"}],"wp:term":[{"taxonomy":"product_brand","embeddable":true,"href":"https:\/\/www.purecook.com\/pt\/wp-json\/wp\/v2\/product_brand?post=2669"},{"taxonomy":"product_cat","embeddable":true,"href":"https:\/\/www.purecook.com\/pt\/wp-json\/wp\/v2\/product_cat?post=2669"},{"taxonomy":"product_tag","embeddable":true,"href":"https:\/\/www.purecook.com\/pt\/wp-json\/wp\/v2\/product_tag?post=2669"}],"curies":[{"name":"wp","href":"https:\/\/api.w.org\/{rel}","templated":true}]}}