{"id":3133,"date":"2024-10-12T16:29:59","date_gmt":"2024-10-12T05:31:08","guid":{"rendered":"https:\/\/www.purecook.com\/?post_type=product&#038;p=3133"},"modified":"2024-11-04T10:30:52","modified_gmt":"2024-11-04T02:30:52","slug":"wholesale-anti-scald-stainless-steel-bowls","status":"publish","type":"product","link":"https:\/\/www.purecook.com\/pt\/product\/wholesale-anti-scald-stainless-steel-bowls\/","title":{"rendered":"Ta\u00e7as de a\u00e7o inoxid\u00e1vel por atacado, design anti-escaldante de camada dupla em v\u00e1cuo: M\u00faltiplas op\u00e7\u00f5es de acabamento para personaliza\u00e7\u00e3o"},"content":{"rendered":"<div class=\"wp-block-columns is-layout-flex wp-container-core-columns-is-layout-9d6595d7 wp-block-columns-is-layout-flex\">\n<div class=\"wp-block-column is-layout-flow wp-block-column-is-layout-flow\">\n<h3 class=\"wp-block-heading\"><strong>Par\u00e2metros da ta\u00e7a de a\u00e7o inoxid\u00e1vel<\/strong><\/h3>\n\n\n\n<p><strong>N\u00famero do modelo<\/strong>:YX-003<br><strong>Material<\/strong>: A\u00e7o inoxid\u00e1vel 304<br><strong>Tamanho<\/strong>:16-26cm<br><strong>Log\u00f3tipo<\/strong>: Grava\u00e7\u00e3o a laser\/carimbo em relevo<br><strong>MOQ<\/strong>\uff1a1000 pcs<\/p>\n<\/div>\n\n\n\n<div class=\"wp-block-column is-layout-flow wp-block-column-is-layout-flow\">\n<h3 class=\"wp-block-heading\"><strong>Ta\u00e7a de a\u00e7o inoxid\u00e1vel personalizada<\/strong><strong style=\"color: revert; font-size: revert;\"> Op\u00e7\u00f5es<\/strong><\/h3>\n\n\n\n<p><strong>Log\u00f3tipo<\/strong>: personalizar o log\u00f3tipo da sua marca<br><strong>Material<\/strong>: A\u00e7o inoxid\u00e1vel SUS304\/SUS201<br><strong>Embalagem<\/strong>: caixa\/caixa de cor, etc<br><a href=\"https:\/\/www.purecook.com\/pt\/custom-solution\/\" target=\"_blank\" rel=\"noopener\"><u>Solu\u00e7\u00f5es de ta\u00e7as personalizadas OEM e ODM<\/u><\/a><\/p>\n<\/div>\n<\/div>\n\n\n\n<div class=\"wp-block-columns is-layout-flex wp-container-core-columns-is-layout-9d6595d7 wp-block-columns-is-layout-flex\">\n<div class=\"wp-block-column is-layout-flow wp-block-column-is-layout-flow\">\n<figure class=\"wp-block-image size-full\"><img decoding=\"async\" width=\"800\" height=\"800\" src=\"https:\/\/www.purecook.com\/wp-content\/uploads\/2024\/10\/Vacuum-Double-Layer-Anti-Scald-Bowl-5.webp\" alt=\"Ta\u00e7a anti-escaldante de camada dupla com v\u00e1cuo\" class=\"wp-image-3138\" srcset=\"https:\/\/www.purecook.com\/wp-content\/uploads\/2024\/10\/Vacuum-Double-Layer-Anti-Scald-Bowl-5.webp 800w, https:\/\/www.purecook.com\/wp-content\/uploads\/2024\/10\/Vacuum-Double-Layer-Anti-Scald-Bowl-5-300x300.webp 300w, https:\/\/www.purecook.com\/wp-content\/uploads\/2024\/10\/Vacuum-Double-Layer-Anti-Scald-Bowl-5-150x150.webp 150w, https:\/\/www.purecook.com\/wp-content\/uploads\/2024\/10\/Vacuum-Double-Layer-Anti-Scald-Bowl-5-768x768.webp 768w, https:\/\/www.purecook.com\/wp-content\/uploads\/2024\/10\/Vacuum-Double-Layer-Anti-Scald-Bowl-5-12x12.webp 12w, https:\/\/www.purecook.com\/wp-content\/uploads\/2024\/10\/Vacuum-Double-Layer-Anti-Scald-Bowl-5-600x600.webp 600w, https:\/\/www.purecook.com\/wp-content\/uploads\/2024\/10\/Vacuum-Double-Layer-Anti-Scald-Bowl-5-100x100.webp 100w\" sizes=\"(max-width: 800px) 100vw, 800px\" \/><figcaption class=\"wp-element-caption\">Ta\u00e7a em a\u00e7o inoxid\u00e1vel anti-queimadura<\/figcaption><\/figure>\n<\/div>\n\n\n\n<div class=\"wp-block-column is-layout-flow wp-block-column-is-layout-flow\">\n<figure class=\"wp-block-image size-full\"><img decoding=\"async\" width=\"800\" height=\"800\" src=\"https:\/\/www.purecook.com\/wp-content\/uploads\/2024\/10\/Vacuum-Double-Layer-Anti-Scald-Bowl-4.webp\" alt=\"Ta\u00e7a anti-escaldante de camada dupla com v\u00e1cuo\" class=\"wp-image-3137\" srcset=\"https:\/\/www.purecook.com\/wp-content\/uploads\/2024\/10\/Vacuum-Double-Layer-Anti-Scald-Bowl-4.webp 800w, https:\/\/www.purecook.com\/wp-content\/uploads\/2024\/10\/Vacuum-Double-Layer-Anti-Scald-Bowl-4-300x300.webp 300w, https:\/\/www.purecook.com\/wp-content\/uploads\/2024\/10\/Vacuum-Double-Layer-Anti-Scald-Bowl-4-150x150.webp 150w, https:\/\/www.purecook.com\/wp-content\/uploads\/2024\/10\/Vacuum-Double-Layer-Anti-Scald-Bowl-4-768x768.webp 768w, https:\/\/www.purecook.com\/wp-content\/uploads\/2024\/10\/Vacuum-Double-Layer-Anti-Scald-Bowl-4-12x12.webp 12w, https:\/\/www.purecook.com\/wp-content\/uploads\/2024\/10\/Vacuum-Double-Layer-Anti-Scald-Bowl-4-600x600.webp 600w, https:\/\/www.purecook.com\/wp-content\/uploads\/2024\/10\/Vacuum-Double-Layer-Anti-Scald-Bowl-4-100x100.webp 100w\" sizes=\"(max-width: 800px) 100vw, 800px\" \/><figcaption class=\"wp-element-caption\">Ta\u00e7a em a\u00e7o inoxid\u00e1vel anti-queimadura<\/figcaption><\/figure>\n<\/div>\n<\/div>","protected":false},"excerpt":{"rendered":"<p>Ta\u00e7as de a\u00e7o inoxid\u00e1vel por atacado, a ta\u00e7a anti-queimadura de dupla camada de v\u00e1cuo de alta qualidade feita de a\u00e7o inoxid\u00e1vel 304, dispon\u00edvel em ouro e prata. Est\u00e3o dispon\u00edveis v\u00e1rios acabamentos de superf\u00edcie, tais como polimento escovado, polimento espelhado e polimento fino, para satisfazer as diversas necessidades dos clientes. Como um fornecedor profissional de utens\u00edlios de mesa, n\u00f3s fornecemos servi\u00e7os eficientes por atacado para distribuidores, restaurantes e empresas. Contacte-nos para obter solu\u00e7\u00f5es por grosso ou personalizadas.<\/p>\n<h2><strong><b>Carater\u00edsticas e vantagens da ta\u00e7a de a\u00e7o inoxid\u00e1vel<\/b><\/strong><\/h2>\n<p><strong>Material seguro<\/strong>: A ta\u00e7a de a\u00e7o inoxid\u00e1vel \u00e0 prova de escald\u00f5es \u00e9 feita de a\u00e7o inoxid\u00e1vel 304 de qualidade alimentar para garantir a seguran\u00e7a no contacto com os alimentos. O design de v\u00e1cuo de camada dupla impede eficazmente o escaldamento.<\/p>\n<p><strong>Design de moda<\/strong>: Design em forma de V, dispon\u00edvel em dourado e prateado, adequado para v\u00e1rios estilos de mesa.<\/p>\n<p><strong>Diversos tratamentos de superf\u00edcie<\/strong>: Para esta ta\u00e7a de a\u00e7o inoxid\u00e1vel, fornecemos uma variedade de tratamentos de superf\u00edcie, tais como polimento escovado, polimento espelhado e polimento fino para satisfazer necessidades personalizadas.<\/p>\n<p><strong>Cen\u00e1rios de aplica\u00e7\u00e3o<\/strong>: Adequado para uma variedade de ocasi\u00f5es, como mesas de jantar familiares, buffets de hotel, banquetes de restaurante, etc., pode ser utilizado para guardar saladas e massas, e tamb\u00e9m \u00e9 adequado para pratos frios, como charcutaria e frutas.<\/p>\n<p><strong>Servi\u00e7o de personaliza\u00e7\u00e3o flex\u00edvel<\/strong>: Como fabricante profissional de utens\u00edlios de mesa em a\u00e7o inoxid\u00e1vel, fornecemos servi\u00e7os de personaliza\u00e7\u00e3o OEM e ODM, e podemos personalizar o tipo de ta\u00e7a, o tratamento de superf\u00edcie, o log\u00f3tipo externo e o estilo de embalagem.<\/p>\n<p><a href=\"https:\/\/www.purecook.com\/pt\/custom-solution\/\"><u>Saiba mais sobre o pormenor da ta\u00e7a em a\u00e7o inoxid\u00e1vel personalizada<\/u><u>.<\/u><\/a><\/p>","protected":false},"featured_media":3135,"comment_status":"closed","ping_status":"closed","template":"","meta":{"_acf_changed":false},"product_brand":[],"product_cat":[51,54],"product_tag":[],"class_list":{"0":"post-3133","1":"product","2":"type-product","3":"status-publish","4":"has-post-thumbnail","6":"product_cat-dinnerware","7":"product_cat-stainless-steel-bowl","9":"first","10":"instock","11":"shipping-taxable","12":"product-type-simple"},"acf":[],"_links":{"self":[{"href":"https:\/\/www.purecook.com\/pt\/wp-json\/wp\/v2\/product\/3133","targetHints":{"allow":["GET"]}}],"collection":[{"href":"https:\/\/www.purecook.com\/pt\/wp-json\/wp\/v2\/product"}],"about":[{"href":"https:\/\/www.purecook.com\/pt\/wp-json\/wp\/v2\/types\/product"}],"replies":[{"embeddable":true,"href":"https:\/\/www.purecook.com\/pt\/wp-json\/wp\/v2\/comments?post=3133"}],"wp:featuredmedia":[{"embeddable":true,"href":"https:\/\/www.purecook.com\/pt\/wp-json\/wp\/v2\/media\/3135"}],"wp:attachment":[{"href":"https:\/\/www.purecook.com\/pt\/wp-json\/wp\/v2\/media?parent=3133"}],"wp:term":[{"taxonomy":"product_brand","embeddable":true,"href":"https:\/\/www.purecook.com\/pt\/wp-json\/wp\/v2\/product_brand?post=3133"},{"taxonomy":"product_cat","embeddable":true,"href":"https:\/\/www.purecook.com\/pt\/wp-json\/wp\/v2\/product_cat?post=3133"},{"taxonomy":"product_tag","embeddable":true,"href":"https:\/\/www.purecook.com\/pt\/wp-json\/wp\/v2\/product_tag?post=3133"}],"curies":[{"name":"wp","href":"https:\/\/api.w.org\/{rel}","templated":true}]}}