{"id":3174,"date":"2024-10-26T14:17:18","date_gmt":"2024-10-26T05:46:35","guid":{"rendered":"https:\/\/www.purecook.com\/?post_type=product&#038;p=3174"},"modified":"2025-04-27T17:18:13","modified_gmt":"2025-04-27T09:18:13","slug":"wholesale-customizable-milk-pans-with-steamer","status":"publish","type":"product","link":"https:\/\/www.purecook.com\/pt\/product\/wholesale-customizable-milk-pans-with-steamer\/","title":{"rendered":"Panelas de leite personaliz\u00e1veis por atacado com vaporizador, material de a\u00e7o inoxid\u00e1vel Tri Ply: Uma variedade de acess\u00f3rios para escolher"},"content":{"rendered":"<div class=\"wp-block-columns is-layout-flex wp-container-core-columns-is-layout-9d6595d7 wp-block-columns-is-layout-flex\">\n<div class=\"wp-block-column is-layout-flow wp-block-column-is-layout-flow\">\n<h3 class=\"wp-block-heading\"><strong>Par\u00e2metros de <\/strong><strong>Leite<\/strong><strong>&nbsp;Panela<\/strong><strong><\/strong><\/h3>\n\n\n\n<p><strong>N\u00famero do modelo:<\/strong> ML-006<br><strong>Material: <\/strong>Tripla camada de a\u00e7o inoxid\u00e1vel 304<br><strong>Espessura normal: <\/strong>2,0 mm<br><strong>Tamanho:<\/strong>16 cm<br><strong>Vaporizador Materiais:<\/strong> A\u00e7o inoxid\u00e1vel<br><strong>Capacidade:<\/strong>1.5L<br><strong>Log\u00f3tipo:<\/strong> Grava\u00e7\u00e3o a laser\/carimbo em relevo<br><strong>MOQ:<\/strong> 400 unidades<\/p>\n<\/div>\n\n\n\n<div class=\"wp-block-column is-layout-flow wp-block-column-is-layout-flow\">\n<h3 class=\"wp-block-heading\"><strong>Personalizado <\/strong><strong>Leite<\/strong><strong>&nbsp;Op\u00e7\u00f5es de panelas<\/strong><strong><\/strong><\/h3>\n\n\n\n<p><strong>Log\u00f3tipo: <\/strong>personalizar o log\u00f3tipo da sua marca<br><strong>Material:<\/strong> A\u00e7o inoxid\u00e1vel de camada tripla\uff08SUS304\/SUS316\uff09\uff1a<br><strong>Material da tampa:<\/strong> Estilo\/Material<br><strong>Material do cabo:<\/strong> Estilo\/Material<br><strong>Embalagem:<\/strong> caixa\/cart\u00e3o de cor, etc<br><a href=\"https:\/\/www.purecook.com\/pt\/custom-solution\/\" target=\"_blank\" rel=\"noopener\"><u>Solu\u00e7\u00f5es de leiteiras personalizadas OEM e ODM<\/u><\/a><\/p>\n<\/div>\n<\/div>\n\n\n\n<div class=\"wp-block-columns is-layout-flex wp-container-core-columns-is-layout-9d6595d7 wp-block-columns-is-layout-flex\">\n<div class=\"wp-block-column is-layout-flow wp-block-column-is-layout-flow\">\n<figure class=\"wp-block-image size-full\"><img decoding=\"async\" width=\"800\" height=\"800\" src=\"https:\/\/www.purecook.com\/wp-content\/uploads\/2024\/10\/Customized-Triple-Layer-Steel-Milk-Pan-with-Steam-1.webp\" alt=\"Frigideira para leite em a\u00e7o de camada tripla personalizada com vaporizador\" class=\"wp-image-3175\" srcset=\"https:\/\/www.purecook.com\/wp-content\/uploads\/2024\/10\/Customized-Triple-Layer-Steel-Milk-Pan-with-Steam-1.webp 800w, https:\/\/www.purecook.com\/wp-content\/uploads\/2024\/10\/Customized-Triple-Layer-Steel-Milk-Pan-with-Steam-1-300x300.webp 300w, https:\/\/www.purecook.com\/wp-content\/uploads\/2024\/10\/Customized-Triple-Layer-Steel-Milk-Pan-with-Steam-1-150x150.webp 150w, https:\/\/www.purecook.com\/wp-content\/uploads\/2024\/10\/Customized-Triple-Layer-Steel-Milk-Pan-with-Steam-1-768x768.webp 768w, https:\/\/www.purecook.com\/wp-content\/uploads\/2024\/10\/Customized-Triple-Layer-Steel-Milk-Pan-with-Steam-1-12x12.webp 12w, https:\/\/www.purecook.com\/wp-content\/uploads\/2024\/10\/Customized-Triple-Layer-Steel-Milk-Pan-with-Steam-1-600x600.webp 600w, https:\/\/www.purecook.com\/wp-content\/uploads\/2024\/10\/Customized-Triple-Layer-Steel-Milk-Pan-with-Steam-1-100x100.webp 100w\" sizes=\"(max-width: 800px) 100vw, 800px\" \/><figcaption class=\"wp-element-caption\">Leiteira personaliz\u00e1vel com vaporizador<\/figcaption><\/figure>\n<\/div>\n\n\n\n<div class=\"wp-block-column is-layout-flow wp-block-column-is-layout-flow\">\n<figure class=\"wp-block-image size-full\"><img decoding=\"async\" width=\"800\" height=\"800\" src=\"https:\/\/www.purecook.com\/wp-content\/uploads\/2024\/10\/Customized-Triple-Layer-Steel-Milk-Pan-with-Steam-2.webp\" alt=\"Frigideira para leite em a\u00e7o de camada tripla personalizada com vaporizador\" class=\"wp-image-3176\" srcset=\"https:\/\/www.purecook.com\/wp-content\/uploads\/2024\/10\/Customized-Triple-Layer-Steel-Milk-Pan-with-Steam-2.webp 800w, https:\/\/www.purecook.com\/wp-content\/uploads\/2024\/10\/Customized-Triple-Layer-Steel-Milk-Pan-with-Steam-2-300x300.webp 300w, https:\/\/www.purecook.com\/wp-content\/uploads\/2024\/10\/Customized-Triple-Layer-Steel-Milk-Pan-with-Steam-2-150x150.webp 150w, https:\/\/www.purecook.com\/wp-content\/uploads\/2024\/10\/Customized-Triple-Layer-Steel-Milk-Pan-with-Steam-2-768x768.webp 768w, https:\/\/www.purecook.com\/wp-content\/uploads\/2024\/10\/Customized-Triple-Layer-Steel-Milk-Pan-with-Steam-2-12x12.webp 12w, https:\/\/www.purecook.com\/wp-content\/uploads\/2024\/10\/Customized-Triple-Layer-Steel-Milk-Pan-with-Steam-2-600x600.webp 600w, https:\/\/www.purecook.com\/wp-content\/uploads\/2024\/10\/Customized-Triple-Layer-Steel-Milk-Pan-with-Steam-2-100x100.webp 100w\" sizes=\"(max-width: 800px) 100vw, 800px\" \/><figcaption class=\"wp-element-caption\">Leiteira personaliz\u00e1vel com vaporizador<\/figcaption><\/figure>\n<\/div>\n<\/div>\n\n\n\n<p><\/p>","protected":false},"excerpt":{"rendered":"<p>Panelas de leite espessado personaliz\u00e1veis por atacado, feitas de a\u00e7o inoxid\u00e1vel de tr\u00eas camadas de alta qualidade, a camada de contato com alimentos pode escolher a\u00e7o inoxid\u00e1vel sus304 \/ sus316, prote\u00e7\u00e3o ambiental e sem revestimento, a al\u00e7a \u00e9 feita de calor irritante oco especial, ader\u00eancia confort\u00e1vel, isolamento t\u00e9rmico eficaz, pode ser combinado com compartimentos de vapor especiais. Como um fabricante profissional de utens\u00edlios de cozinha em a\u00e7o inoxid\u00e1vel, a purecook fornece um servi\u00e7o eficiente de utens\u00edlios de cozinha personalizados por atacado para revendedores, escolas e empresas. Se precisar de solu\u00e7\u00f5es por atacado ou personalizadas, entre em contacto connosco.<\/p>\n<h2><strong><b>Carater\u00edsticas e vantagens de <\/b><\/strong><strong><b>Leite<\/b><\/strong><strong><b>\u00a0Panela<\/b><\/strong><\/h2>\n<p><strong>Materiais de qualidade:<\/strong> A camada interior da leiteira espessada \u00e9 feita de a\u00e7o inoxid\u00e1vel 304 de qualidade alimentar com uma superf\u00edcie polida sem revestimento para garantir a seguran\u00e7a do contacto com os alimentos. As pegas ocas rebitadas garantem a durabilidade e a estabilidade gerais da leiteira.<\/p>\n<p><strong>Desenho alongado:<\/strong> A abertura da leiteira mede 160 mm, adequada para aquecer leite, fazer molhos e outras necessidades de utens\u00edlios de cozinha de pequena capacidade.<\/p>\n<p><strong>Aplic\u00e1vel a todos os tipos de fog\u00f5es:<\/strong> O material principal da leiteira \u00e9 feito de a\u00e7o de camada tripla (material composto de tr\u00eas camadas: Camada condutora magn\u00e9tica Sus410 + camada condutora de calor de alum\u00ednio + camada de contacto alimentar Sus304), que \u00e9 capaz de se adaptar a diferentes m\u00e9todos de aquecimento, como chama aberta, placa de indu\u00e7\u00e3o, placa el\u00e9ctrica de cer\u00e2mica, etc.<\/p>\n<p><strong>Muitas op\u00e7\u00f5es de personaliza\u00e7\u00e3o:<\/strong>N\u00f3s fornecemos servi\u00e7o personalizado de pote de leite, estilo de corpo de pote de leite, material de corpo, material de al\u00e7a, logotipo externo, estilo de embalagem pode ser personalizado.<\/p>\n<p><a href=\"https:\/\/www.purecook.com\/pt\/custom-solution\/\"><u>A Purecook oferece OEM e ODM personalizados <\/u><u>leite<\/u><u>\u00a0solu\u00e7\u00e3o de panela.<\/u><\/a><\/p>","protected":false},"featured_media":3178,"comment_status":"closed","ping_status":"closed","template":"","meta":{"_acf_changed":false},"product_brand":[],"product_cat":[70,24,80],"product_tag":[98],"class_list":{"0":"post-3174","1":"product","2":"type-product","3":"status-publish","4":"has-post-thumbnail","6":"product_cat-soup-and-stock-pots","7":"product_cat-cookware","8":"product_cat-milk-pot","9":"product_tag-wholesale-home-cookware","11":"first","12":"instock","13":"shipping-taxable","14":"product-type-simple"},"acf":[],"_links":{"self":[{"href":"https:\/\/www.purecook.com\/pt\/wp-json\/wp\/v2\/product\/3174","targetHints":{"allow":["GET"]}}],"collection":[{"href":"https:\/\/www.purecook.com\/pt\/wp-json\/wp\/v2\/product"}],"about":[{"href":"https:\/\/www.purecook.com\/pt\/wp-json\/wp\/v2\/types\/product"}],"replies":[{"embeddable":true,"href":"https:\/\/www.purecook.com\/pt\/wp-json\/wp\/v2\/comments?post=3174"}],"wp:featuredmedia":[{"embeddable":true,"href":"https:\/\/www.purecook.com\/pt\/wp-json\/wp\/v2\/media\/3178"}],"wp:attachment":[{"href":"https:\/\/www.purecook.com\/pt\/wp-json\/wp\/v2\/media?parent=3174"}],"wp:term":[{"taxonomy":"product_brand","embeddable":true,"href":"https:\/\/www.purecook.com\/pt\/wp-json\/wp\/v2\/product_brand?post=3174"},{"taxonomy":"product_cat","embeddable":true,"href":"https:\/\/www.purecook.com\/pt\/wp-json\/wp\/v2\/product_cat?post=3174"},{"taxonomy":"product_tag","embeddable":true,"href":"https:\/\/www.purecook.com\/pt\/wp-json\/wp\/v2\/product_tag?post=3174"}],"curies":[{"name":"wp","href":"https:\/\/api.w.org\/{rel}","templated":true}]}}