{"id":3183,"date":"2025-07-03T14:54:00","date_gmt":"2025-07-03T06:54:00","guid":{"rendered":"https:\/\/www.purecook.com\/?post_type=product&#038;p=3183"},"modified":"2025-07-23T17:41:58","modified_gmt":"2025-07-23T09:41:58","slug":"wholesale-stainless-steel-small-woks","status":"publish","type":"product","link":"https:\/\/www.purecook.com\/pt\/product\/wholesale-stainless-steel-small-woks\/","title":{"rendered":"Panelas Woks pequenas com cabo em a\u00e7o inoxid\u00e1vel por atacado: Panela Wok chinesa artesanal polida fina"},"content":{"rendered":"<div class=\"wp-block-columns is-layout-flex wp-container-core-columns-is-layout-9d6595d7 wp-block-columns-is-layout-flex\">\n<div class=\"wp-block-column is-layout-flow wp-block-column-is-layout-flow\">\n<h3 class=\"wp-block-heading\"><strong>Par\u00e2metros da frigideira wok em a\u00e7o inoxid\u00e1vel<\/strong><\/h3>\n\n\n\n<p><strong>N\u00famero do modelo:<\/strong> MC-014<br><strong>Material:<\/strong> Triplo a\u00e7o inoxid\u00e1vel<br><strong>Espessura normal: <\/strong>2,0 mm<br><strong>Tamanho:<\/strong>20\/24\/26\/28 cm<br><strong>Pega:<\/strong>Pega anti-queimaduras (fosca\/brilhante)<br><strong>Log\u00f3tipo: <\/strong>Grava\u00e7\u00e3o a laser\/carimbo em relevo<br><strong>MOQ<\/strong>: 500 unidades<\/p>\n<\/div>\n\n\n\n<div class=\"wp-block-column is-layout-flow wp-block-column-is-layout-flow\">\n<h3 class=\"wp-block-heading\"><strong>Personalizado <\/strong><strong>Wok<\/strong><strong>&nbsp;Op\u00e7\u00f5es de panelas<\/strong><strong><\/strong><\/h3>\n\n\n\n<p><strong>Log\u00f3tipo: <\/strong>Personalize o log\u00f3tipo da sua marca<br><strong>Material:<\/strong> A\u00e7o inoxid\u00e1vel de tr\u00eas camadas (SUS304 \/ SUS316)<br><strong>Espessura do material:<\/strong> 2,0\/2,3 mm<br><strong>Material da tampa: <\/strong>Estilo\/Material<br><strong> <\/strong>Estilo\/Material<br><strong>Tratamento da superf\u00edcie de contacto: <\/strong>Revestimento n\u00e3o revestido\/n\u00e3o aderente<br><strong>Embalagem:<\/strong> caixa\/caixa de cor, etc<br><a href=\"https:\/\/www.purecook.com\/pt\/custom-solution\/\" target=\"_blank\" rel=\"noopener\"><u>Solu\u00e7\u00f5es personalizadas para frigideiras wok OEM e ODM<\/u><\/a><\/p>\n<\/div>\n<\/div>\n\n\n\n<div class=\"wp-block-columns is-layout-flex wp-container-core-columns-is-layout-9d6595d7 wp-block-columns-is-layout-flex\">\n<div class=\"wp-block-column is-layout-flow wp-block-column-is-layout-flow\"><div class=\"wp-block-image\">\n<figure class=\"aligncenter size-full\"><img decoding=\"async\" width=\"800\" height=\"800\" src=\"https:\/\/www.purecook.com\/wp-content\/uploads\/2024\/10\/Triple-Stainless-Steel-Single-Handle-Wok-Pan-5.webp\" alt=\"Panela Wok Tripla de A\u00e7o Inoxid\u00e1vel de Pega \u00danica\" class=\"wp-image-3188\" srcset=\"https:\/\/www.purecook.com\/wp-content\/uploads\/2024\/10\/Triple-Stainless-Steel-Single-Handle-Wok-Pan-5.webp 800w, https:\/\/www.purecook.com\/wp-content\/uploads\/2024\/10\/Triple-Stainless-Steel-Single-Handle-Wok-Pan-5-300x300.webp 300w, https:\/\/www.purecook.com\/wp-content\/uploads\/2024\/10\/Triple-Stainless-Steel-Single-Handle-Wok-Pan-5-150x150.webp 150w, https:\/\/www.purecook.com\/wp-content\/uploads\/2024\/10\/Triple-Stainless-Steel-Single-Handle-Wok-Pan-5-768x768.webp 768w, https:\/\/www.purecook.com\/wp-content\/uploads\/2024\/10\/Triple-Stainless-Steel-Single-Handle-Wok-Pan-5-12x12.webp 12w, https:\/\/www.purecook.com\/wp-content\/uploads\/2024\/10\/Triple-Stainless-Steel-Single-Handle-Wok-Pan-5-600x600.webp 600w, https:\/\/www.purecook.com\/wp-content\/uploads\/2024\/10\/Triple-Stainless-Steel-Single-Handle-Wok-Pan-5-100x100.webp 100w\" sizes=\"(max-width: 800px) 100vw, 800px\" \/><figcaption class=\"wp-element-caption\">Panela Wok Tri Ply em a\u00e7o inoxid\u00e1vel<\/figcaption><\/figure>\n<\/div><\/div>\n\n\n\n<div class=\"wp-block-column is-layout-flow wp-block-column-is-layout-flow\"><div class=\"wp-block-image\">\n<figure class=\"aligncenter size-full\"><img decoding=\"async\" width=\"800\" height=\"800\" src=\"https:\/\/www.purecook.com\/wp-content\/uploads\/2024\/10\/Triple-Stainless-Steel-Single-Handle-Wok-Pan-3.webp\" alt=\"Panela Wok Tripla de A\u00e7o Inoxid\u00e1vel de Pega \u00danica\" class=\"wp-image-3186\" srcset=\"https:\/\/www.purecook.com\/wp-content\/uploads\/2024\/10\/Triple-Stainless-Steel-Single-Handle-Wok-Pan-3.webp 800w, https:\/\/www.purecook.com\/wp-content\/uploads\/2024\/10\/Triple-Stainless-Steel-Single-Handle-Wok-Pan-3-300x300.webp 300w, https:\/\/www.purecook.com\/wp-content\/uploads\/2024\/10\/Triple-Stainless-Steel-Single-Handle-Wok-Pan-3-150x150.webp 150w, https:\/\/www.purecook.com\/wp-content\/uploads\/2024\/10\/Triple-Stainless-Steel-Single-Handle-Wok-Pan-3-768x768.webp 768w, https:\/\/www.purecook.com\/wp-content\/uploads\/2024\/10\/Triple-Stainless-Steel-Single-Handle-Wok-Pan-3-12x12.webp 12w, https:\/\/www.purecook.com\/wp-content\/uploads\/2024\/10\/Triple-Stainless-Steel-Single-Handle-Wok-Pan-3-600x600.webp 600w, https:\/\/www.purecook.com\/wp-content\/uploads\/2024\/10\/Triple-Stainless-Steel-Single-Handle-Wok-Pan-3-100x100.webp 100w\" sizes=\"(max-width: 800px) 100vw, 800px\" \/><figcaption class=\"wp-element-caption\">Panela Wok Tri Ply em a\u00e7o inoxid\u00e1vel<\/figcaption><\/figure>\n<\/div><\/div>\n<\/div>","protected":false},"excerpt":{"rendered":"<p>Panela wok chinesa por grosso, fabricada em a\u00e7o inoxid\u00e1vel de alta qualidade com tr\u00eas camadas, ecol\u00f3gica e sem revestimento, com pegas grossas em a\u00e7o inoxid\u00e1vel anti-queimaduras com liga\u00e7\u00f5es soldadas para uma pega confort\u00e1vel e firme, prevenindo eficazmente queimaduras. Esta panela wok chinesa \u00e9 adequada para utiliza\u00e7\u00e3o em restaurantes chineses, hot\u00e9is e cantinas escolares. Entre em contacto connosco. Os fabricantes de utens\u00edlios de cozinha Purecook oferecem servi\u00e7os completos de venda por grosso e personaliza\u00e7\u00e3o.<\/p>\n<h2><strong><b>Caracter\u00edsticas e vantagens da frigideira wok<\/b><\/strong><\/h2>\n<p><strong>Material de alta qualidade:<\/strong> Feito de a\u00e7o inoxid\u00e1vel de alta qualidade, n\u00e3o \u00e9 f\u00e1cil de riscar ou desgastar, pode suportar o uso di\u00e1rio frequente, n\u00e3o tem revestimento, \u00e9 resistente a altas temperaturas e \u00e9 seguro e saud\u00e1vel de usar.<\/p>\n<p><strong>Boa resist\u00eancia ao calor:<\/strong> O a\u00e7o inoxid\u00e1vel triplo tem boa condutividade t\u00e9rmica, o que permite aquecer os ingredientes de forma r\u00e1pida e uniforme, tornando os alimentos mais saborosos.<\/p>\n<p><strong>F\u00e1cil de limpar:<\/strong> A frigideira wok em a\u00e7o inoxid\u00e1vel \u00e9 muito f\u00e1cil de limpar e pode ser facilmente limpa com um pano macio. A forte resist\u00eancia \u00e0 corros\u00e3o e a capacidade anti-deforma\u00e7\u00e3o fazem com que as panelas em a\u00e7o inoxid\u00e1vel permane\u00e7am como novas ap\u00f3s um uso prolongado.<\/p>\n<p><strong>Servi\u00e7o grossista:<\/strong> Como um a\u00e7o inoxid\u00e1vel <a href=\"https:\/\/www.purecook.com\/pt\/\" target=\"_blank\" rel=\"noopener\"><strong>fabricante de utens\u00edlios de cozinha<\/strong><\/a>, A Purecook fornece panelas wok por grosso a revendedores e retalhistas, al\u00e9m de oferecer servi\u00e7os profissionais de personaliza\u00e7\u00e3o.<\/p>\n<p><a href=\"https:\/\/www.purecook.com\/pt\/custom-solution\/\"><u>A Purecook oferece utens\u00edlios de cozinha personalizados OEM e ODM<\/u><u>\u00a0solu\u00e7\u00f5es.<\/u><\/a><\/p>","protected":false},"featured_media":3184,"comment_status":"closed","ping_status":"closed","template":"","meta":{"_acf_changed":false},"product_brand":[],"product_cat":[24,75],"product_tag":[97,98],"class_list":{"0":"post-3183","1":"product","2":"type-product","3":"status-publish","4":"has-post-thumbnail","6":"product_cat-cookware","7":"product_cat-wok","8":"product_tag-wholesale-commercial-cookware","9":"product_tag-wholesale-home-cookware","11":"first","12":"instock","13":"shipping-taxable","14":"product-type-simple"},"acf":[],"_links":{"self":[{"href":"https:\/\/www.purecook.com\/pt\/wp-json\/wp\/v2\/product\/3183","targetHints":{"allow":["GET"]}}],"collection":[{"href":"https:\/\/www.purecook.com\/pt\/wp-json\/wp\/v2\/product"}],"about":[{"href":"https:\/\/www.purecook.com\/pt\/wp-json\/wp\/v2\/types\/product"}],"replies":[{"embeddable":true,"href":"https:\/\/www.purecook.com\/pt\/wp-json\/wp\/v2\/comments?post=3183"}],"wp:featuredmedia":[{"embeddable":true,"href":"https:\/\/www.purecook.com\/pt\/wp-json\/wp\/v2\/media\/3184"}],"wp:attachment":[{"href":"https:\/\/www.purecook.com\/pt\/wp-json\/wp\/v2\/media?parent=3183"}],"wp:term":[{"taxonomy":"product_brand","embeddable":true,"href":"https:\/\/www.purecook.com\/pt\/wp-json\/wp\/v2\/product_brand?post=3183"},{"taxonomy":"product_cat","embeddable":true,"href":"https:\/\/www.purecook.com\/pt\/wp-json\/wp\/v2\/product_cat?post=3183"},{"taxonomy":"product_tag","embeddable":true,"href":"https:\/\/www.purecook.com\/pt\/wp-json\/wp\/v2\/product_tag?post=3183"}],"curies":[{"name":"wp","href":"https:\/\/api.w.org\/{rel}","templated":true}]}}