{"id":3338,"date":"2025-07-26T18:39:05","date_gmt":"2024-12-11T07:25:45","guid":{"rendered":"https:\/\/www.purecook.com\/?post_type=product&#038;p=3338"},"modified":"2025-07-26T18:49:52","modified_gmt":"2025-07-26T10:49:52","slug":"wholesale-stainless-steel-kitchen-oil-filter-kettle","status":"publish","type":"product","link":"https:\/\/www.purecook.com\/pt\/product\/wholesale-stainless-steel-kitchen-oil-filter-kettle\/","title":{"rendered":"Pote de filtro de \u00f3leo de cozinha de a\u00e7o inoxid\u00e1vel por atacado: Apar\u00eancia colorida: S\u00e9rie quente exclusiva"},"content":{"rendered":"<div class=\"wp-block-columns is-layout-flex wp-container-core-columns-is-layout-9d6595d7 wp-block-columns-is-layout-flex\">\n<div class=\"wp-block-column is-layout-flow wp-block-column-is-layout-flow\">\n<h3 class=\"wp-block-heading\"><strong>Par\u00e2metros do filtro de \u00f3leo de cozinha<\/strong> <strong>Panela<\/strong><\/h3>\n\n\n\n<p>N\u00famero do modelo: HH-028<br>Material: A\u00e7o inoxid\u00e1vel 304<br>Espessura normal: 0,5 mm<br>capacidade: 1,5L\/2,0L<br>Peso: 800g<br>Log\u00f3tipo: Grava\u00e7\u00e3o a laser\/carimbo em relevo<br>MOQ: 1000 pcs<\/p>\n<\/div>\n\n\n\n<div class=\"wp-block-column is-layout-flow wp-block-column-is-layout-flow\">\n<h3 class=\"wp-block-heading\"><strong>Op\u00e7\u00f5es de utens\u00edlios de cozinha personalizados<\/strong><\/h3>\n\n\n\n<p><strong>Log\u00f3tipo:<\/strong> Personaliz\u00e1vel com o log\u00f3tipo da sua marca<br><strong>Material:<\/strong> SUS304<br><strong>Cor:<\/strong> Personaliz\u00e1vel<br><strong>Desenho do fundo:<\/strong> Fundo de camada \u00fanica\/composto<br><strong>Tampa: <\/strong>Estilo\/Material<br><strong>Pega:<\/strong> Estilo \/ Material<br><strong>Tratamento da superf\u00edcie de contacto:<\/strong> Revestimento n\u00e3o revestido\/n\u00e3o aderente<br><strong>Embalagem:<\/strong> caixa\/caixa de cor, etc<br><a href=\"https:\/\/www.purecook.com\/pt\/custom-solution\/\" target=\"_blank\" rel=\"noopener\"><u>Solu\u00e7\u00f5es de utens\u00edlios de cozinha personalizados OEM e ODM<\/u><\/a><\/p>\n<\/div>\n<\/div>\n\n\n\n<div class=\"wp-block-columns is-layout-flex wp-container-core-columns-is-layout-9d6595d7 wp-block-columns-is-layout-flex\">\n<div class=\"wp-block-column is-layout-flow wp-block-column-is-layout-flow\">\n<figure class=\"wp-block-image size-full\"><img decoding=\"async\" width=\"800\" height=\"800\" src=\"https:\/\/www.purecook.com\/wp-content\/uploads\/2025\/07\/wholesale-oil-filter-pots-2.webp\" alt=\"potes de filtro de \u00f3leo por atacado (2)\" class=\"wp-image-4221\" srcset=\"https:\/\/www.purecook.com\/wp-content\/uploads\/2025\/07\/wholesale-oil-filter-pots-2.webp 800w, https:\/\/www.purecook.com\/wp-content\/uploads\/2025\/07\/wholesale-oil-filter-pots-2-300x300.webp 300w, https:\/\/www.purecook.com\/wp-content\/uploads\/2025\/07\/wholesale-oil-filter-pots-2-150x150.webp 150w, https:\/\/www.purecook.com\/wp-content\/uploads\/2025\/07\/wholesale-oil-filter-pots-2-768x768.webp 768w, https:\/\/www.purecook.com\/wp-content\/uploads\/2025\/07\/wholesale-oil-filter-pots-2-12x12.webp 12w, https:\/\/www.purecook.com\/wp-content\/uploads\/2025\/07\/wholesale-oil-filter-pots-2-600x600.webp 600w, https:\/\/www.purecook.com\/wp-content\/uploads\/2025\/07\/wholesale-oil-filter-pots-2-100x100.webp 100w\" sizes=\"(max-width: 800px) 100vw, 800px\" \/><\/figure>\n<\/div>\n\n\n\n<div class=\"wp-block-column is-layout-flow wp-block-column-is-layout-flow\">\n<figure class=\"wp-block-image size-full\"><img decoding=\"async\" width=\"800\" height=\"800\" src=\"https:\/\/www.purecook.com\/wp-content\/uploads\/2025\/07\/wholesale-oil-filter-pots-5.webp\" alt=\"potes de filtro de \u00f3leo por atacado (5)\" class=\"wp-image-4224\" srcset=\"https:\/\/www.purecook.com\/wp-content\/uploads\/2025\/07\/wholesale-oil-filter-pots-5.webp 800w, https:\/\/www.purecook.com\/wp-content\/uploads\/2025\/07\/wholesale-oil-filter-pots-5-300x300.webp 300w, https:\/\/www.purecook.com\/wp-content\/uploads\/2025\/07\/wholesale-oil-filter-pots-5-150x150.webp 150w, https:\/\/www.purecook.com\/wp-content\/uploads\/2025\/07\/wholesale-oil-filter-pots-5-768x768.webp 768w, https:\/\/www.purecook.com\/wp-content\/uploads\/2025\/07\/wholesale-oil-filter-pots-5-12x12.webp 12w, https:\/\/www.purecook.com\/wp-content\/uploads\/2025\/07\/wholesale-oil-filter-pots-5-600x600.webp 600w, https:\/\/www.purecook.com\/wp-content\/uploads\/2025\/07\/wholesale-oil-filter-pots-5-100x100.webp 100w\" sizes=\"(max-width: 800px) 100vw, 800px\" \/><\/figure>\n<\/div>\n<\/div>","protected":false},"excerpt":{"rendered":"<p>Potes de filtro de \u00f3leo de cozinha de a\u00e7o inoxid\u00e1vel de alta qualidade por atacado. Este filtro de \u00f3leo de cozinha \u00e9 feito de a\u00e7o inoxid\u00e1vel 304 de alta qualidade, e o design de uma pe\u00e7a garante durabilidade e seguran\u00e7a. Pode ser usado para filtrar res\u00edduos de \u00f3leo, cozinhar deliciosos oden e alimentos fritos, etc. Tem m\u00faltiplas fun\u00e7\u00f5es e \u00e9 muito pr\u00e1tico. Os fabricantes de utens\u00edlios de cozinha Purecook fornecem solu\u00e7\u00f5es eficientes de venda por grosso e pre\u00e7os competitivos. Contacte-nos agora para explorar as suas op\u00e7\u00f5es.<\/p>\n<h2><strong><b>Carater\u00edsticas e vantagens de <\/b><\/strong><strong><b>Pote de filtro de \u00f3leo<\/b><\/strong><\/h2>\n<p><strong>Materiais de alta qualidade:<\/strong> Este pote de filtro de \u00f3leo de cozinha \u00e9 feito de a\u00e7o inoxid\u00e1vel 304 de qualidade alimentar com uma superf\u00edcie polida e n\u00e3o revestida para garantir a seguran\u00e7a do contacto com os alimentos.<\/p>\n<p><strong>Pega dur\u00e1vel e confort\u00e1vel:<\/strong> Este filtro de \u00f3leo de cozinha tem uma pega soldada a laser que \u00e9 confort\u00e1vel de segurar e garante a durabilidade geral do filtro de \u00f3leo.<\/p>\n<p><strong>V\u00e1rios tamanhos:<\/strong> O filtro de \u00f3leo de cozinha est\u00e1 dispon\u00edvel numa variedade de tamanhos, incluindo 1,0L\/1,5L\/2,0L, adequado para todos os tipos de cozinhas e pode ser utilizado para fritar, cozinhar e filtrar e armazenar \u00f3leo de v\u00e1rios alimentos.<\/p>\n<p><strong>Adequado para v\u00e1rios fog\u00f5es:<\/strong> O nosso filtro de \u00f3leo de cozinha tem em conta a diversidade das cozinhas modernas e pode adaptar-se a diferentes m\u00e9todos de aquecimento, como chamas abertas, fog\u00f5es de indu\u00e7\u00e3o, fog\u00f5es el\u00e9ctricos de cer\u00e2mica, etc.<\/p>\n<p><strong>Op\u00e7\u00f5es de personaliza\u00e7\u00e3o ricas:<\/strong> Fornecemos servi\u00e7os personalizados e o estilo, material, material de pega, log\u00f3tipo e estilo de embalagem podem ser personalizados. .<\/p>\n<p><a href=\"https:\/\/www.purecook.com\/pt\/categoria-produto\/cookware\/\" target=\"_blank\" rel=\"noopener\"><strong>Saiba mais sobre os produtos de cozinha por grosso, do fabricante profissional de utens\u00edlios de cozinha: Purecook<\/strong><\/a><\/p>","protected":false},"featured_media":4220,"comment_status":"closed","ping_status":"closed","template":"","meta":{"_acf_changed":false},"product_brand":[],"product_cat":[64,52],"product_tag":[],"class_list":{"0":"post-3338","1":"product","2":"type-product","3":"status-publish","4":"has-post-thumbnail","6":"product_cat-oil-pot","7":"product_cat-kitchen-utensils","9":"first","10":"instock","11":"shipping-taxable","12":"product-type-simple"},"acf":[],"_links":{"self":[{"href":"https:\/\/www.purecook.com\/pt\/wp-json\/wp\/v2\/product\/3338","targetHints":{"allow":["GET"]}}],"collection":[{"href":"https:\/\/www.purecook.com\/pt\/wp-json\/wp\/v2\/product"}],"about":[{"href":"https:\/\/www.purecook.com\/pt\/wp-json\/wp\/v2\/types\/product"}],"replies":[{"embeddable":true,"href":"https:\/\/www.purecook.com\/pt\/wp-json\/wp\/v2\/comments?post=3338"}],"wp:featuredmedia":[{"embeddable":true,"href":"https:\/\/www.purecook.com\/pt\/wp-json\/wp\/v2\/media\/4220"}],"wp:attachment":[{"href":"https:\/\/www.purecook.com\/pt\/wp-json\/wp\/v2\/media?parent=3338"}],"wp:term":[{"taxonomy":"product_brand","embeddable":true,"href":"https:\/\/www.purecook.com\/pt\/wp-json\/wp\/v2\/product_brand?post=3338"},{"taxonomy":"product_cat","embeddable":true,"href":"https:\/\/www.purecook.com\/pt\/wp-json\/wp\/v2\/product_cat?post=3338"},{"taxonomy":"product_tag","embeddable":true,"href":"https:\/\/www.purecook.com\/pt\/wp-json\/wp\/v2\/product_tag?post=3338"}],"curies":[{"name":"wp","href":"https:\/\/api.w.org\/{rel}","templated":true}]}}