{"id":3411,"date":"2024-12-28T15:16:47","date_gmt":"2024-12-27T09:14:19","guid":{"rendered":"https:\/\/www.purecook.com\/?post_type=product&#038;p=3411"},"modified":"2024-12-28T15:20:35","modified_gmt":"2024-12-28T07:20:35","slug":"wholesale-aluminum-cookware-grill-pan","status":"publish","type":"product","link":"https:\/\/www.purecook.com\/pt\/product\/wholesale-aluminum-cookware-grill-pan\/","title":{"rendered":"Panela de alum\u00ednio para grelhar por atacado, panela port\u00e1til para grelhar ao ar livre, personaliza\u00e7\u00e3o de suporte"},"content":{"rendered":"<div class=\"wp-block-columns is-layout-flex wp-container-core-columns-is-layout-9d6595d7 wp-block-columns-is-layout-flex\">\n<div class=\"wp-block-column is-layout-flow wp-block-column-is-layout-flow\">\n<h3 class=\"wp-block-heading\"><strong>Par\u00e2metros da frigideira para grelhar utens\u00edlios de cozinha<\/strong><\/h3>\n\n\n\n<p><strong>N\u00famero do modelo:<\/strong> YF-002<br><strong>Material:<\/strong> alum\u00ednio fundido<br><em>Espessura normal: <\/em>2,0 mm<br><strong>Tamanho:<\/strong> 30\/34\/38cm<br><strong>Peso:<\/strong> 550\/800\/950g<br><strong>Log\u00f3tipo:<\/strong> Grava\u00e7\u00e3o a laser\/carimbo em relevo<br><strong>MOQ:<\/strong> 500 unidades<\/p>\n<\/div>\n\n\n\n<div class=\"wp-block-column is-layout-flow wp-block-column-is-layout-flow\">\n<h3 class=\"wp-block-heading\"><strong>Op\u00e7\u00f5es de grelha personalizadas<\/strong><\/h3>\n\n\n\n<p><strong>Log\u00f3tipo<\/strong>: personalizar o log\u00f3tipo da sua marca<br><strong>Forma:<\/strong> personaliza\u00e7\u00e3o criativa<br><strong>Material da tampa:<\/strong> Estilo\/Material<br><strong>Material do cabo:<\/strong> Estilo\/Material<br><strong>Embalagem:<\/strong> Caixa de cor\/caixa de cart\u00e3o, etc<br><a href=\"https:\/\/www.purecook.com\/pt\/custom-solution\/\" target=\"_blank\" rel=\"noopener\"><u>Saiba mais sobre as solu\u00e7\u00f5es de utens\u00edlios de cozinha personalizados OEM e ODM<\/u><\/a><\/p>\n<\/div>\n<\/div>\n\n\n\n<div class=\"wp-block-columns is-layout-flex wp-container-core-columns-is-layout-9d6595d7 wp-block-columns-is-layout-flex\">\n<div class=\"wp-block-column is-layout-flow wp-block-column-is-layout-flow\">\n<figure class=\"wp-block-image size-full\"><img decoding=\"async\" width=\"800\" height=\"800\" src=\"https:\/\/www.purecook.com\/wp-content\/uploads\/2024\/12\/Wholesale-Aluminum-Cookware-Grill-Pan-4.webp\" alt=\"Panela de alum\u00ednio para grelhar por atacado (4)\" class=\"wp-image-3429\" srcset=\"https:\/\/www.purecook.com\/wp-content\/uploads\/2024\/12\/Wholesale-Aluminum-Cookware-Grill-Pan-4.webp 800w, https:\/\/www.purecook.com\/wp-content\/uploads\/2024\/12\/Wholesale-Aluminum-Cookware-Grill-Pan-4-300x300.webp 300w, https:\/\/www.purecook.com\/wp-content\/uploads\/2024\/12\/Wholesale-Aluminum-Cookware-Grill-Pan-4-150x150.webp 150w, https:\/\/www.purecook.com\/wp-content\/uploads\/2024\/12\/Wholesale-Aluminum-Cookware-Grill-Pan-4-768x768.webp 768w, https:\/\/www.purecook.com\/wp-content\/uploads\/2024\/12\/Wholesale-Aluminum-Cookware-Grill-Pan-4-12x12.webp 12w, https:\/\/www.purecook.com\/wp-content\/uploads\/2024\/12\/Wholesale-Aluminum-Cookware-Grill-Pan-4-600x600.webp 600w, https:\/\/www.purecook.com\/wp-content\/uploads\/2024\/12\/Wholesale-Aluminum-Cookware-Grill-Pan-4-100x100.webp 100w\" sizes=\"(max-width: 800px) 100vw, 800px\" \/><\/figure>\n<\/div>\n\n\n\n<div class=\"wp-block-column is-layout-flow wp-block-column-is-layout-flow\">\n<figure class=\"wp-block-image size-full\"><img decoding=\"async\" width=\"600\" height=\"600\" src=\"https:\/\/www.purecook.com\/wp-content\/uploads\/2024\/12\/Wholesale-Aluminum-Cookware-Grill-Pan\uff085\uff09.webp\" alt=\"Panela de alum\u00ednio para grelhar por atacado\uff085\uff09\" class=\"wp-image-3430\" srcset=\"https:\/\/www.purecook.com\/wp-content\/uploads\/2024\/12\/Wholesale-Aluminum-Cookware-Grill-Pan\uff085\uff09.webp 600w, https:\/\/www.purecook.com\/wp-content\/uploads\/2024\/12\/Wholesale-Aluminum-Cookware-Grill-Pan\uff085\uff09-300x300.webp 300w, https:\/\/www.purecook.com\/wp-content\/uploads\/2024\/12\/Wholesale-Aluminum-Cookware-Grill-Pan\uff085\uff09-150x150.webp 150w, https:\/\/www.purecook.com\/wp-content\/uploads\/2024\/12\/Wholesale-Aluminum-Cookware-Grill-Pan\uff085\uff09-12x12.webp 12w, https:\/\/www.purecook.com\/wp-content\/uploads\/2024\/12\/Wholesale-Aluminum-Cookware-Grill-Pan\uff085\uff09-100x100.webp 100w\" sizes=\"(max-width: 600px) 100vw, 600px\" \/><\/figure>\n<\/div>\n<\/div>\n\n\n\n<p><\/p>","protected":false},"excerpt":{"rendered":"<p>Panela de alum\u00ednio para grelhar, A Panela para grelhar \u00e9 feita de alum\u00ednio de alta qualidade, que \u00e9 leve, dur\u00e1vel e de excelente qualidade. \u00c9 uma escolha ideal para churrascos em acampamentos ao ar livre. Pode ser combinada com um cabo de madeira \u00e0 prova de escaldadura para prevenir eficazmente as queimaduras. <strong>Os fabricantes de utens\u00edlios de cozinha Purecook fornecem solu\u00e7\u00f5es personalizadas completas, entre em contacto connosco para obter um or\u00e7amento.<\/strong><\/p>\n<h2><strong><b>Carater\u00edsticas da Panela de alum\u00ednio para grelhar<\/b><\/strong><\/h2>\n<p><strong>Materiais de alta qualidade:<\/strong> A frigideira de alum\u00ednio para grelhar \u00e9 fabricada em alum\u00ednio de alta pureza de elevada qualidade e \u00e9 fundida numa s\u00f3 pe\u00e7a com um trabalho artesanal requintado.<\/p>\n<p><strong>Tamanho grande:<\/strong> Esta panela de alum\u00ednio para grelhar tem um tamanho extra-grande e \u00e9 leve, adequada para v\u00e1rias pessoas e \u00e9 a escolha ideal para cozinhar em acampamentos ao ar livre.<\/p>\n<p><strong>Excelente condutividade t\u00e9rmica:<\/strong> Esta frigideira para grelhar ao ar livre tem uma excelente condutividade t\u00e9rmica, o que permite aquecer os alimentos de forma mais r\u00e1pida e uniforme e reduzir o consumo de combust\u00edvel, especialmente adequado para cozinhar rapidamente em condi\u00e7\u00f5es exteriores.<\/p>\n<p><strong>F\u00e1cil de limpar:<\/strong> Esta frigideira para grelhar ao ar livre tem um fundo plano e \u00e9 f\u00e1cil de limpar, mesmo em condi\u00e7\u00f5es exteriores, pode facilmente limpar o \u00f3leo e os res\u00edduos alimentares.<\/p>\n<p><strong>Servi\u00e7o personalizado OEM&amp;ODM:<\/strong> O fabricante Purecook fornece solu\u00e7\u00f5es personalizadas de Panela para Grelhar, abrangendo materiais personalizados, tamanhos, embalagens e muito mais<\/p>","protected":false},"featured_media":3426,"comment_status":"closed","ping_status":"closed","template":"","meta":{"_acf_changed":false},"product_brand":[],"product_cat":[27,93],"product_tag":[],"class_list":{"0":"post-3411","1":"product","2":"type-product","3":"status-publish","4":"has-post-thumbnail","6":"product_cat-bakeware","7":"product_cat-griddle-pan","9":"first","10":"instock","11":"shipping-taxable","12":"product-type-simple"},"acf":[],"_links":{"self":[{"href":"https:\/\/www.purecook.com\/pt\/wp-json\/wp\/v2\/product\/3411","targetHints":{"allow":["GET"]}}],"collection":[{"href":"https:\/\/www.purecook.com\/pt\/wp-json\/wp\/v2\/product"}],"about":[{"href":"https:\/\/www.purecook.com\/pt\/wp-json\/wp\/v2\/types\/product"}],"replies":[{"embeddable":true,"href":"https:\/\/www.purecook.com\/pt\/wp-json\/wp\/v2\/comments?post=3411"}],"wp:featuredmedia":[{"embeddable":true,"href":"https:\/\/www.purecook.com\/pt\/wp-json\/wp\/v2\/media\/3426"}],"wp:attachment":[{"href":"https:\/\/www.purecook.com\/pt\/wp-json\/wp\/v2\/media?parent=3411"}],"wp:term":[{"taxonomy":"product_brand","embeddable":true,"href":"https:\/\/www.purecook.com\/pt\/wp-json\/wp\/v2\/product_brand?post=3411"},{"taxonomy":"product_cat","embeddable":true,"href":"https:\/\/www.purecook.com\/pt\/wp-json\/wp\/v2\/product_cat?post=3411"},{"taxonomy":"product_tag","embeddable":true,"href":"https:\/\/www.purecook.com\/pt\/wp-json\/wp\/v2\/product_tag?post=3411"}],"curies":[{"name":"wp","href":"https:\/\/api.w.org\/{rel}","templated":true}]}}