{"id":3419,"date":"2024-12-28T15:21:03","date_gmt":"2024-12-27T09:18:25","guid":{"rendered":"https:\/\/www.purecook.com\/?post_type=product&#038;p=3419"},"modified":"2025-04-25T18:51:07","modified_gmt":"2025-04-25T10:51:07","slug":"wholesale-tri-ply-stainless-steel-pot-with-steamer","status":"publish","type":"product","link":"https:\/\/www.purecook.com\/pt\/product\/wholesale-tri-ply-stainless-steel-pot-with-steamer\/","title":{"rendered":"Pote de a\u00e7o inoxid\u00e1vel Tri Ply por atacado com vaporizador: Material de a\u00e7o inoxid\u00e1vel 316l espessado, personaliza\u00e7\u00e3o de suporte"},"content":{"rendered":"<div class=\"wp-block-columns is-layout-flex wp-container-core-columns-is-layout-9d6595d7 wp-block-columns-is-layout-flex\">\n<div class=\"wp-block-column is-layout-flow wp-block-column-is-layout-flow\">\n<h3 class=\"wp-block-heading\"><strong>Par\u00e2metros da panela de a\u00e7o inoxid\u00e1vel com vaporizador<\/strong><\/h3>\n\n\n\n<p><strong>N\u00famero do modelo:<\/strong> RJJ-029<br><strong>Material:<\/strong> 316\/304 A\u00e7o inoxid\u00e1vel de camada tripla<br><strong>Espessura normal:<\/strong> 2,0 mm<br><strong>Tamanho:<\/strong> 20\/22\/24\/26\/28 cm<br><strong>Log\u00f3tipo:<\/strong> Grava\u00e7\u00e3o a laser\/carimbo em relevo<br><strong>MOQ\uff1a<\/strong>500 unidades<\/p>\n<\/div>\n\n\n\n<div class=\"wp-block-column is-layout-flow wp-block-column-is-layout-flow\">\n<h3 class=\"wp-block-heading\"><strong>Personalizado <\/strong><strong>Vaporizador<\/strong><strong>&nbsp;P<\/strong><strong>n\u00e3o<\/strong><strong>&nbsp;Op\u00e7\u00f5es<\/strong><strong><\/strong><\/h3>\n\n\n\n<p><strong>Log\u00f3tipo:<\/strong> personalizar o log\u00f3tipo da sua marca<br><strong>Material:<\/strong> SUS304\/SUS316 A\u00e7o inoxid\u00e1vel de camada tripla<br><strong>Espessura do material: <\/strong>2,0 mm<br><strong>Material da tampa:<\/strong> Estilo\/Material<br><strong>Material do cabo:<\/strong> Estilo\/Material<br><strong>Embalagem:<\/strong> caixa\/cart\u00e3o de cor, etc<br><a href=\"https:\/\/www.purecook.com\/pt\/custom-solution\/\" target=\"_blank\" rel=\"noopener\"><u>Utens\u00edlios de cozinha personalizados OEM e ODM<\/u><\/a> <a href=\"https:\/\/www.purecook.com\/pt\/custom-solution\/\" target=\"_blank\" rel=\"noopener\"><u>Solu\u00e7\u00f5es<\/u><\/a><\/p>\n<\/div>\n<\/div>\n\n\n\n<div class=\"wp-block-columns is-layout-flex wp-container-core-columns-is-layout-9d6595d7 wp-block-columns-is-layout-flex\">\n<div class=\"wp-block-column is-layout-flow wp-block-column-is-layout-flow\">\n<figure class=\"wp-block-image size-full\"><img decoding=\"async\" width=\"800\" height=\"800\" src=\"https:\/\/www.purecook.com\/wp-content\/uploads\/2024\/12\/Wholesale-Tri-Ply-Stainless-Steel-Pot-With-Steamer-2.webp\" alt=\"Panela de a\u00e7o inoxid\u00e1vel tripla com vaporizador (2)\" class=\"wp-image-3433\" srcset=\"https:\/\/www.purecook.com\/wp-content\/uploads\/2024\/12\/Wholesale-Tri-Ply-Stainless-Steel-Pot-With-Steamer-2.webp 800w, https:\/\/www.purecook.com\/wp-content\/uploads\/2024\/12\/Wholesale-Tri-Ply-Stainless-Steel-Pot-With-Steamer-2-300x300.webp 300w, https:\/\/www.purecook.com\/wp-content\/uploads\/2024\/12\/Wholesale-Tri-Ply-Stainless-Steel-Pot-With-Steamer-2-150x150.webp 150w, https:\/\/www.purecook.com\/wp-content\/uploads\/2024\/12\/Wholesale-Tri-Ply-Stainless-Steel-Pot-With-Steamer-2-768x768.webp 768w, https:\/\/www.purecook.com\/wp-content\/uploads\/2024\/12\/Wholesale-Tri-Ply-Stainless-Steel-Pot-With-Steamer-2-12x12.webp 12w, https:\/\/www.purecook.com\/wp-content\/uploads\/2024\/12\/Wholesale-Tri-Ply-Stainless-Steel-Pot-With-Steamer-2-600x600.webp 600w, https:\/\/www.purecook.com\/wp-content\/uploads\/2024\/12\/Wholesale-Tri-Ply-Stainless-Steel-Pot-With-Steamer-2-100x100.webp 100w\" sizes=\"(max-width: 800px) 100vw, 800px\" \/><\/figure>\n<\/div>\n\n\n\n<div class=\"wp-block-column is-layout-flow wp-block-column-is-layout-flow\">\n<figure class=\"wp-block-image size-full\"><img decoding=\"async\" width=\"800\" height=\"800\" src=\"https:\/\/www.purecook.com\/wp-content\/uploads\/2024\/12\/Wholesale-Tri-Ply-Stainless-Steel-Pot-With-Steamer-3.webp\" alt=\"Panela de a\u00e7o inoxid\u00e1vel tripla por atacado com vaporizador (3)\" class=\"wp-image-3434\" srcset=\"https:\/\/www.purecook.com\/wp-content\/uploads\/2024\/12\/Wholesale-Tri-Ply-Stainless-Steel-Pot-With-Steamer-3.webp 800w, https:\/\/www.purecook.com\/wp-content\/uploads\/2024\/12\/Wholesale-Tri-Ply-Stainless-Steel-Pot-With-Steamer-3-300x300.webp 300w, https:\/\/www.purecook.com\/wp-content\/uploads\/2024\/12\/Wholesale-Tri-Ply-Stainless-Steel-Pot-With-Steamer-3-150x150.webp 150w, https:\/\/www.purecook.com\/wp-content\/uploads\/2024\/12\/Wholesale-Tri-Ply-Stainless-Steel-Pot-With-Steamer-3-768x768.webp 768w, https:\/\/www.purecook.com\/wp-content\/uploads\/2024\/12\/Wholesale-Tri-Ply-Stainless-Steel-Pot-With-Steamer-3-12x12.webp 12w, https:\/\/www.purecook.com\/wp-content\/uploads\/2024\/12\/Wholesale-Tri-Ply-Stainless-Steel-Pot-With-Steamer-3-600x600.webp 600w, https:\/\/www.purecook.com\/wp-content\/uploads\/2024\/12\/Wholesale-Tri-Ply-Stainless-Steel-Pot-With-Steamer-3-100x100.webp 100w\" sizes=\"(max-width: 800px) 100vw, 800px\" \/><\/figure>\n<\/div>\n<\/div>","protected":false},"excerpt":{"rendered":"<p>A panela grande de a\u00e7o inoxid\u00e1vel engrossada com vaporizador, feita de a\u00e7o inoxid\u00e1vel de camada tripla 316l, tem boa condutividade t\u00e9rmica e durabilidade, adequada para uso frequente e \u00e9 uma escolha ideal para cozinhas comerciais. A pega \u00e9 feita de material de baquelite para uma ader\u00eancia confort\u00e1vel. <strong>N\u00f3s fornecemos servi\u00e7os por atacado e personalizados, por favor contacte-nos.<\/strong><\/p>\n<h2><strong><b>Carater\u00edstica da panela de a\u00e7o inoxid\u00e1vel espessada com vaporizador<\/b><\/strong><\/h2>\n<p><strong>Materiais de alta qualidade:<\/strong> A camada de contacto com os alimentos desta panela de a\u00e7o inoxid\u00e1vel com vaporizador \u00e9 feita de a\u00e7o inoxid\u00e1vel 316L de qualidade m\u00e9dica com uma superf\u00edcie lisa e sem revestimento. N\u00e3o s\u00f3 \u00e9 seguro e amigo do ambiente, como tamb\u00e9m mant\u00e9m o sabor original dos alimentos.<\/p>\n<p><strong>Boa durabilidade:<\/strong> O corpo principal da panela de a\u00e7o inoxid\u00e1vel \u00e9 de a\u00e7o inoxid\u00e1vel de camada tripla espessada, e a pega rebitada garante que a panela de a\u00e7o inoxid\u00e1vel \u00e9 est\u00e1vel e fi\u00e1vel, adequada para utiliza\u00e7\u00e3o frequente em cozinhas comerciais.<\/p>\n<p><strong>V\u00e1rios tamanhos dispon\u00edveis:<\/strong> Esta panela de a\u00e7o inoxid\u00e1vel com vaporizador est\u00e1 dispon\u00edvel em v\u00e1rios tamanhos, tais como 20\/22\/24\/26\/28 cm, que podem ser combinados com grelhas de vaporiza\u00e7\u00e3o de v\u00e1rias camadas para satisfazer v\u00e1rias necessidades.<\/p>\n<p><strong>Adequado para v\u00e1rios fog\u00f5es:<\/strong> O material principal da panela de a\u00e7o inoxid\u00e1vel com vaporizador \u00e9 o a\u00e7o triplamente inoxid\u00e1vel, que pode suportar temperaturas elevadas e adaptar-se a diferentes m\u00e9todos de aquecimento, como chamas abertas, fog\u00f5es de indu\u00e7\u00e3o, fog\u00f5es el\u00e9ctricos de cer\u00e2mica, etc.<\/p>\n<p><strong>Op\u00e7\u00f5es de personaliza\u00e7\u00e3o ricas:<\/strong> Fornecemos servi\u00e7os de utens\u00edlios de cozinha personalizados, tais como o estilo do corpo do vaporizador, o material do corpo, o material da pega, o log\u00f3tipo externo e o estilo da embalagem podem ser personalizados.<\/p>\n<p><a href=\"https:\/\/www.purecook.com\/pt\/custom-solution\/\"><u>A Purecook fornece solu\u00e7\u00f5es de panelas de a\u00e7o inoxid\u00e1vel personalizadas OEM e ODM.<\/u><\/a><\/p>","protected":false},"featured_media":3432,"comment_status":"closed","ping_status":"closed","template":"","meta":{"_acf_changed":false},"product_brand":[],"product_cat":[79,24],"product_tag":[97],"class_list":{"0":"post-3419","1":"product","2":"type-product","3":"status-publish","4":"has-post-thumbnail","6":"product_cat-steamer-pot","7":"product_cat-cookware","8":"product_tag-wholesale-commercial-cookware","10":"first","11":"instock","12":"shipping-taxable","13":"product-type-simple"},"acf":[],"_links":{"self":[{"href":"https:\/\/www.purecook.com\/pt\/wp-json\/wp\/v2\/product\/3419","targetHints":{"allow":["GET"]}}],"collection":[{"href":"https:\/\/www.purecook.com\/pt\/wp-json\/wp\/v2\/product"}],"about":[{"href":"https:\/\/www.purecook.com\/pt\/wp-json\/wp\/v2\/types\/product"}],"replies":[{"embeddable":true,"href":"https:\/\/www.purecook.com\/pt\/wp-json\/wp\/v2\/comments?post=3419"}],"wp:featuredmedia":[{"embeddable":true,"href":"https:\/\/www.purecook.com\/pt\/wp-json\/wp\/v2\/media\/3432"}],"wp:attachment":[{"href":"https:\/\/www.purecook.com\/pt\/wp-json\/wp\/v2\/media?parent=3419"}],"wp:term":[{"taxonomy":"product_brand","embeddable":true,"href":"https:\/\/www.purecook.com\/pt\/wp-json\/wp\/v2\/product_brand?post=3419"},{"taxonomy":"product_cat","embeddable":true,"href":"https:\/\/www.purecook.com\/pt\/wp-json\/wp\/v2\/product_cat?post=3419"},{"taxonomy":"product_tag","embeddable":true,"href":"https:\/\/www.purecook.com\/pt\/wp-json\/wp\/v2\/product_tag?post=3419"}],"curies":[{"name":"wp","href":"https:\/\/api.w.org\/{rel}","templated":true}]}}