{"id":3438,"date":"2025-01-02T18:24:11","date_gmt":"2024-12-31T07:10:41","guid":{"rendered":"https:\/\/www.purecook.com\/?post_type=product&#038;p=3438"},"modified":"2025-04-27T17:07:15","modified_gmt":"2025-04-27T09:07:15","slug":"wholesale-cookware-sets-with-removable-handles","status":"publish","type":"product","link":"https:\/\/www.purecook.com\/pt\/product\/wholesale-cookware-sets-with-removable-handles\/","title":{"rendered":"Conjuntos de panelas de a\u00e7o Tri Ply por atacado com al\u00e7as remov\u00edveis: Pintura cer\u00e2mica de alta temperatura na superf\u00edcie, personaliza\u00e7\u00e3o de suporte"},"content":{"rendered":"<div class=\"wp-block-columns is-layout-flex wp-container-core-columns-is-layout-9d6595d7 wp-block-columns-is-layout-flex\">\n<div class=\"wp-block-column is-layout-flow wp-block-column-is-layout-flow\">\n<h3 class=\"wp-block-heading\"><strong>Par\u00e2metros dos conjuntos de utens\u00edlios de cozinha com pegas amov\u00edveis<\/strong><\/h3>\n\n\n\n<p><strong>N\u00famero do modelo: <\/strong>HH-065<br><strong>Material:<\/strong> A\u00e7o 304 Tri-Ply<br><strong>Espessura normal:<\/strong> 2,0 mm<br><strong>Tamanho:<\/strong> 20\/24\/28 cm<br><strong>Peso:<\/strong> 4,5 kg<br><strong>Log\u00f3tipo:<\/strong> Grava\u00e7\u00e3o a laser\/carimbo em relevo<br><strong>MOQ: <\/strong>1000 unidades<\/p>\n<\/div>\n\n\n\n<div class=\"wp-block-column is-layout-flow wp-block-column-is-layout-flow\">\n<h3 class=\"wp-block-heading\"><strong>Personalizado <\/strong><strong>Conjunto de panelas<\/strong><strong>&nbsp;Op\u00e7\u00f5es<\/strong><strong><\/strong><\/h3>\n\n\n\n<p><strong>Log\u00f3tipo:<\/strong> personalizar o log\u00f3tipo da sua marca<br><strong>Material<\/strong>: SUS304\/SUS316 A\u00e7o inoxid\u00e1vel de camada tripla<br><strong>Espessura do material:<\/strong> 2,0 mm\/2,3 mm<br><strong>Tampa:<\/strong> Estilo\/Material<br><strong>Pega:<\/strong> Estilo\/Material<br><strong>Tratamento da superf\u00edcie de contacto:<\/strong> Revestimento n\u00e3o revestido\/n\u00e3o aderente<br><strong>Embalagem<\/strong>: caixa\/caixa de cor, etc<br><a href=\"https:\/\/www.purecook.com\/pt\/custom-solution\/\" target=\"_blank\" rel=\"noopener\"><u>Solu\u00e7\u00f5es de conjuntos de utens\u00edlios de cozinha personalizados OEM e ODM<\/u><\/a><\/p>\n<\/div>\n<\/div>\n\n\n\n<div class=\"wp-block-columns is-layout-flex wp-container-core-columns-is-layout-9d6595d7 wp-block-columns-is-layout-flex\">\n<div class=\"wp-block-column is-layout-flow wp-block-column-is-layout-flow\">\n<figure class=\"wp-block-image size-full\"><img decoding=\"async\" src=\"https:\/\/www.purecook.com\/wp-content\/uploads\/2025\/01\/Stainless-Steel-Cookware-Sets-With-Removable-Handles-2.webp\" alt=\"Conjuntos de panelas de a\u00e7o inoxid\u00e1vel com pegas amov\u00edveis (2)\" class=\"wp-image-3460\"\/><\/figure>\n<\/div>\n\n\n\n<div class=\"wp-block-column is-layout-flow wp-block-column-is-layout-flow\">\n<figure class=\"wp-block-image size-full\"><img decoding=\"async\" width=\"800\" height=\"800\" src=\"https:\/\/www.purecook.com\/wp-content\/uploads\/2025\/01\/Stainless-Steel-Cookware-Sets-With-Removable-Handles-5.webp\" alt=\"Conjuntos de panelas de a\u00e7o inoxid\u00e1vel com pegas amov\u00edveis (5)\" class=\"wp-image-3463\" srcset=\"https:\/\/www.purecook.com\/wp-content\/uploads\/2025\/01\/Stainless-Steel-Cookware-Sets-With-Removable-Handles-5.webp 800w, https:\/\/www.purecook.com\/wp-content\/uploads\/2025\/01\/Stainless-Steel-Cookware-Sets-With-Removable-Handles-5-300x300.webp 300w, https:\/\/www.purecook.com\/wp-content\/uploads\/2025\/01\/Stainless-Steel-Cookware-Sets-With-Removable-Handles-5-150x150.webp 150w, https:\/\/www.purecook.com\/wp-content\/uploads\/2025\/01\/Stainless-Steel-Cookware-Sets-With-Removable-Handles-5-768x768.webp 768w, https:\/\/www.purecook.com\/wp-content\/uploads\/2025\/01\/Stainless-Steel-Cookware-Sets-With-Removable-Handles-5-12x12.webp 12w, https:\/\/www.purecook.com\/wp-content\/uploads\/2025\/01\/Stainless-Steel-Cookware-Sets-With-Removable-Handles-5-600x600.webp 600w, https:\/\/www.purecook.com\/wp-content\/uploads\/2025\/01\/Stainless-Steel-Cookware-Sets-With-Removable-Handles-5-100x100.webp 100w\" sizes=\"(max-width: 800px) 100vw, 800px\" \/><\/figure>\n<\/div>\n<\/div>\n\n\n\n<div class=\"wp-block-columns is-layout-flex wp-container-core-columns-is-layout-9d6595d7 wp-block-columns-is-layout-flex\">\n<div class=\"wp-block-column is-layout-flow wp-block-column-is-layout-flow\"><\/div>\n\n\n\n<div class=\"wp-block-column is-layout-flow wp-block-column-is-layout-flow\"><\/div>\n<\/div>","protected":false},"excerpt":{"rendered":"<p>Conjunto de utens\u00edlios de cozinha personaliz\u00e1veis por atacado com al\u00e7as remov\u00edveis, o conjunto de utens\u00edlios de cozinha \u00e9 feito de material de a\u00e7o inoxid\u00e1vel triplo de alta qualidade com revestimento de tinta cer\u00e2mica de alta temperatura. Os grossistas s\u00e3o bem-vindos a contactar-nos.<\/p>\n<h2><strong><b>Carater\u00edstica de <\/b><\/strong><strong><b>Conjunto de panelas<\/b><\/strong><\/h2>\n<p><strong>Materiais de alta qualidade:<\/strong> Este conjunto de utens\u00edlios de cozinha \u00e9 feito de a\u00e7o inoxid\u00e1vel 304 triplo espessado e revestido com tinta cer\u00e2mica de alta qualidade na superf\u00edcie exterior, que tem uma excelente condutividade t\u00e9rmica e durabilidade.<\/p>\n<p><strong>Pega amov\u00edvel:<\/strong> Este conjunto de utens\u00edlios de cozinha adopta um design de pega amov\u00edvel, que \u00e9 conveniente para a arruma\u00e7\u00e3o e limpeza, e a pega \u00e9 f\u00e1cil de remover e instalar.<\/p>\n<p><strong>Conjunto de 3 pe\u00e7as:<\/strong> Este conjunto de utens\u00edlios de cozinha de 3 pe\u00e7as inclui uma frigideira, uma panela de sopa e uma panela de leite, que satisfazem as necessidades da maioria das fam\u00edlias e podem ser livremente combinadas com outras panelas da Pureccok.<\/p>\n<p><strong>Adequado para v\u00e1rios fog\u00f5es:<\/strong> Devido \u00e0 utiliza\u00e7\u00e3o de a\u00e7o triplamente inoxid\u00e1vel, este conjunto de utens\u00edlios de cozinha pode adaptar-se a diferentes m\u00e9todos de aquecimento, como chamas abertas, fog\u00f5es de indu\u00e7\u00e3o, fog\u00f5es el\u00e9ctricos de cer\u00e2mica, etc.<\/p>\n<p><strong>Diversas op\u00e7\u00f5es de personaliza\u00e7\u00e3o:<\/strong> A Purecook fornece servi\u00e7os de utens\u00edlios de cozinha personalizados OEM e ODM, e o estilo, material do corpo, material da pega, log\u00f3tipo externo e estilo de embalagem dos utens\u00edlios de cozinha podem ser personalizados.<\/p>\n<p><a href=\"https:\/\/www.purecook.com\/pt\/custom-solution\/\"><u>Saiba mais sobre os nossos produtos personalizados OEM e ODM <\/u><u>utens\u00edlios de cozinha <\/u><u>solu\u00e7\u00e3o.<\/u><\/a><\/p>","protected":false},"featured_media":3471,"comment_status":"closed","ping_status":"closed","template":"","meta":{"_acf_changed":false},"product_brand":[],"product_cat":[24,69],"product_tag":[98],"class_list":{"0":"post-3438","1":"product","2":"type-product","3":"status-publish","4":"has-post-thumbnail","6":"product_cat-cookware","7":"product_cat-cookware-sets","8":"product_tag-wholesale-home-cookware","10":"first","11":"instock","12":"shipping-taxable","13":"product-type-simple"},"acf":[],"_links":{"self":[{"href":"https:\/\/www.purecook.com\/pt\/wp-json\/wp\/v2\/product\/3438","targetHints":{"allow":["GET"]}}],"collection":[{"href":"https:\/\/www.purecook.com\/pt\/wp-json\/wp\/v2\/product"}],"about":[{"href":"https:\/\/www.purecook.com\/pt\/wp-json\/wp\/v2\/types\/product"}],"replies":[{"embeddable":true,"href":"https:\/\/www.purecook.com\/pt\/wp-json\/wp\/v2\/comments?post=3438"}],"wp:featuredmedia":[{"embeddable":true,"href":"https:\/\/www.purecook.com\/pt\/wp-json\/wp\/v2\/media\/3471"}],"wp:attachment":[{"href":"https:\/\/www.purecook.com\/pt\/wp-json\/wp\/v2\/media?parent=3438"}],"wp:term":[{"taxonomy":"product_brand","embeddable":true,"href":"https:\/\/www.purecook.com\/pt\/wp-json\/wp\/v2\/product_brand?post=3438"},{"taxonomy":"product_cat","embeddable":true,"href":"https:\/\/www.purecook.com\/pt\/wp-json\/wp\/v2\/product_cat?post=3438"},{"taxonomy":"product_tag","embeddable":true,"href":"https:\/\/www.purecook.com\/pt\/wp-json\/wp\/v2\/product_tag?post=3438"}],"curies":[{"name":"wp","href":"https:\/\/api.w.org\/{rel}","templated":true}]}}