{"id":3505,"date":"2025-01-08T11:14:02","date_gmt":"2025-01-07T08:03:40","guid":{"rendered":"https:\/\/www.purecook.com\/?post_type=product&#038;p=3505"},"modified":"2025-04-25T18:50:15","modified_gmt":"2025-04-25T10:50:15","slug":"wholesale-deluxe-316-triple-stainless-steel-cookware-set","status":"publish","type":"product","link":"https:\/\/www.purecook.com\/pt\/product\/wholesale-deluxe-316-triple-stainless-steel-cookware-set\/","title":{"rendered":"Conjunto de panelas de a\u00e7o inoxid\u00e1vel triplo 316 Deluxe por atacado: S\u00e9rie de panelas naturais sem Pfoa"},"content":{"rendered":"<div class=\"wp-block-columns is-layout-flex wp-container-core-columns-is-layout-9d6595d7 wp-block-columns-is-layout-flex\">\n<div class=\"wp-block-column is-layout-flow wp-block-column-is-layout-flow\">\n<h3 class=\"wp-block-heading\"><strong>Par\u00e2metros do conjunto de panelas de a\u00e7o inoxid\u00e1vel<\/strong><\/h3>\n\n\n\n<p><strong>N\u00famero do modelo:<\/strong> HH-066<br><strong>Material: <\/strong>A\u00e7o inoxid\u00e1vel triplo 316<br><strong>Espessura normal:<\/strong> 2,3 mm<br><strong>Tamanho: <\/strong>pote para leite 18cm+pote para cozer a vapor 24cm+frigideira 26cm+pote para wok 32cm<br><strong>Peso: <\/strong>9,6 kg<br><strong>Log\u00f3tipo:<\/strong> Grava\u00e7\u00e3o a laser\/carimbo em relevo<br><strong>MOQ: <\/strong>500 conjuntos<\/p>\n<\/div>\n\n\n\n<div class=\"wp-block-column is-layout-flow wp-block-column-is-layout-flow\">\n<h3 class=\"wp-block-heading\"><strong>Personalizado <\/strong><strong>Conjunto de panelas<\/strong><strong>&nbsp;Op\u00e7\u00f5es<\/strong><strong><\/strong><\/h3>\n\n\n\n<p>L<strong>ogo:<\/strong> personalizar o log\u00f3tipo da sua marca<br><strong>Material: <\/strong>SUS304\/SUS316\/A\u00e7o inoxid\u00e1vel de camada tripla<br><strong>Tampa:<\/strong> Estilo\/Material<br><strong>Pega:<\/strong> Estilo\/Material<br><strong>Tratamento da superf\u00edcie de contacto:<\/strong> Revestimento n\u00e3o revestido\/n\u00e3o aderente<br><strong>Embalagem:<\/strong> caixa\/cart\u00e3o de cor, etc<br><a href=\"https:\/\/www.purecook.com\/pt\/custom-solution\/\" target=\"_blank\" rel=\"noopener\"><u>Solu\u00e7\u00f5es de conjuntos de utens\u00edlios de cozinha personalizados OEM e ODM<\/u><\/a><\/p>\n<\/div>\n<\/div>\n\n\n\n<div class=\"wp-block-columns is-layout-flex wp-container-core-columns-is-layout-9d6595d7 wp-block-columns-is-layout-flex\">\n<div class=\"wp-block-column is-layout-flow wp-block-column-is-layout-flow\">\n<figure class=\"wp-block-image size-full\"><img decoding=\"async\" width=\"1000\" height=\"1000\" src=\"https:\/\/www.purecook.com\/wp-content\/uploads\/2025\/01\/Deluxe-316-Triple-Stainless-Steel-Cookware-Set-3.webp\" alt=\"Conjunto de panelas em a\u00e7o inoxid\u00e1vel triplo 316 Deluxe\" class=\"wp-image-3508\" srcset=\"https:\/\/www.purecook.com\/wp-content\/uploads\/2025\/01\/Deluxe-316-Triple-Stainless-Steel-Cookware-Set-3.webp 1000w, https:\/\/www.purecook.com\/wp-content\/uploads\/2025\/01\/Deluxe-316-Triple-Stainless-Steel-Cookware-Set-3-300x300.webp 300w, https:\/\/www.purecook.com\/wp-content\/uploads\/2025\/01\/Deluxe-316-Triple-Stainless-Steel-Cookware-Set-3-150x150.webp 150w, https:\/\/www.purecook.com\/wp-content\/uploads\/2025\/01\/Deluxe-316-Triple-Stainless-Steel-Cookware-Set-3-768x768.webp 768w, https:\/\/www.purecook.com\/wp-content\/uploads\/2025\/01\/Deluxe-316-Triple-Stainless-Steel-Cookware-Set-3-12x12.webp 12w, https:\/\/www.purecook.com\/wp-content\/uploads\/2025\/01\/Deluxe-316-Triple-Stainless-Steel-Cookware-Set-3-600x600.webp 600w, https:\/\/www.purecook.com\/wp-content\/uploads\/2025\/01\/Deluxe-316-Triple-Stainless-Steel-Cookware-Set-3-100x100.webp 100w\" sizes=\"(max-width: 1000px) 100vw, 1000px\" \/><figcaption class=\"wp-element-caption\">Conjunto de panelas em a\u00e7o inoxid\u00e1vel triplo 316 Deluxe<\/figcaption><\/figure>\n<\/div>\n\n\n\n<div class=\"wp-block-column is-layout-flow wp-block-column-is-layout-flow\">\n<figure class=\"wp-block-image size-full\"><img decoding=\"async\" width=\"1000\" height=\"1000\" src=\"https:\/\/www.purecook.com\/wp-content\/uploads\/2025\/01\/Deluxe-316-Triple-Stainless-Steel-Cookware-Set-4.webp\" alt=\"Conjunto de panelas em a\u00e7o inoxid\u00e1vel triplo 316 Deluxe\" class=\"wp-image-3509\" srcset=\"https:\/\/www.purecook.com\/wp-content\/uploads\/2025\/01\/Deluxe-316-Triple-Stainless-Steel-Cookware-Set-4.webp 1000w, https:\/\/www.purecook.com\/wp-content\/uploads\/2025\/01\/Deluxe-316-Triple-Stainless-Steel-Cookware-Set-4-300x300.webp 300w, https:\/\/www.purecook.com\/wp-content\/uploads\/2025\/01\/Deluxe-316-Triple-Stainless-Steel-Cookware-Set-4-150x150.webp 150w, https:\/\/www.purecook.com\/wp-content\/uploads\/2025\/01\/Deluxe-316-Triple-Stainless-Steel-Cookware-Set-4-768x768.webp 768w, https:\/\/www.purecook.com\/wp-content\/uploads\/2025\/01\/Deluxe-316-Triple-Stainless-Steel-Cookware-Set-4-12x12.webp 12w, https:\/\/www.purecook.com\/wp-content\/uploads\/2025\/01\/Deluxe-316-Triple-Stainless-Steel-Cookware-Set-4-600x600.webp 600w, https:\/\/www.purecook.com\/wp-content\/uploads\/2025\/01\/Deluxe-316-Triple-Stainless-Steel-Cookware-Set-4-100x100.webp 100w\" sizes=\"(max-width: 1000px) 100vw, 1000px\" \/><figcaption class=\"wp-element-caption\">Conjunto de panelas em a\u00e7o inoxid\u00e1vel triplo 316 Deluxe<\/figcaption><\/figure>\n<\/div>\n<\/div>","protected":false},"excerpt":{"rendered":"<p>Conjuntos de panelas de tr\u00eas camadas de alta qualidade por atacado, pertencentes \u00e0 s\u00e9rie de a\u00e7o inoxid\u00e1vel de tr\u00eas camadas, sem revestimento, com excelente condutividade t\u00e9rmica, al\u00e7as polidas de precis\u00e3o de alto grau espessadas, ader\u00eancia confort\u00e1vel, sem PFOA e em conformidade com os novos regulamentos da UE. Fornecemos solu\u00e7\u00f5es de utens\u00edlios de cozinha personalizados OEM&amp;ODM e servi\u00e7os de utens\u00edlios de cozinha por atacado, bem-vindo a contactar-nos.<\/p>\n<h2><strong><b>Carater\u00edsticas e vantagens de <\/b><\/strong><strong><b>Conjunto de panelas<\/b><\/strong><\/h2>\n<p><strong>Materiais e artesanato de alta qualidade:<\/strong> A parede interior deste conjunto de panelas de a\u00e7o inoxid\u00e1vel triplo \u00e9 feita de a\u00e7o inoxid\u00e1vel de qualidade m\u00e9dica de alta qualidade, que \u00e9 polido com precis\u00e3o e tem uma superf\u00edcie lisa para uma melhor resist\u00eancia \u00e0 corros\u00e3o.<\/p>\n<p><strong>Sa\u00fade e seguran\u00e7a:<\/strong> Este conjunto de panelas em a\u00e7o inoxid\u00e1vel triplo n\u00e3o tem revestimento, n\u00e3o cont\u00e9m PFOA e \u00e9 seguro para o contacto com os alimentos.<\/p>\n<p><strong>Design de combina\u00e7\u00e3o de conjunto completo<\/strong>: Este conjunto de utens\u00edlios de cozinha inclui uma frigideira, uma panela a vapor e um pote de leite. Apenas um conjunto pode satisfazer todas as necessidades culin\u00e1rias de uma fam\u00edlia normal, o que vai ao encontro das necessidades de consumo do mercado. Adequado para compradores B-end para comprar<\/p>\n<p><strong>Adequado para v\u00e1rios utens\u00edlios de cozinha:<\/strong> O conjunto de utens\u00edlios de cozinha \u00e9 fabricado em a\u00e7o triplamente inoxid\u00e1vel e pode adaptar-se a diferentes m\u00e9todos de aquecimento, como chamas abertas, fog\u00f5es de indu\u00e7\u00e3o, fog\u00f5es el\u00e9ctricos de cer\u00e2mica, etc.<\/p>\n<p><strong>Solu\u00e7\u00f5es de utens\u00edlios de cozinha personalizados OEM&amp;ODM:<\/strong> Como fabricante profissional de utens\u00edlios de cozinha, a Purecook oferece uma grande variedade de op\u00e7\u00f5es de utens\u00edlios de cozinha personalizados, incluindo o estilo do corpo, o material do corpo, o material da pega, o log\u00f3tipo externo e o estilo de embalagem da panela podem ser personalizados.<\/p>\n<p><a href=\"https:\/\/www.purecook.com\/pt\/custom-solution\/\"><u>Purecook oferece OEM e ODM personalizados <\/u><u>conjunto de utens\u00edlios de cozinha<\/u><u>\u00a0solu\u00e7\u00e3o.<\/u><\/a><\/p>","protected":false},"featured_media":3506,"comment_status":"closed","ping_status":"closed","template":"","meta":{"_acf_changed":false},"product_brand":[],"product_cat":[69,24],"product_tag":[97],"class_list":{"0":"post-3505","1":"product","2":"type-product","3":"status-publish","4":"has-post-thumbnail","6":"product_cat-cookware-sets","7":"product_cat-cookware","8":"product_tag-wholesale-commercial-cookware","10":"first","11":"instock","12":"shipping-taxable","13":"product-type-simple"},"acf":[],"_links":{"self":[{"href":"https:\/\/www.purecook.com\/pt\/wp-json\/wp\/v2\/product\/3505","targetHints":{"allow":["GET"]}}],"collection":[{"href":"https:\/\/www.purecook.com\/pt\/wp-json\/wp\/v2\/product"}],"about":[{"href":"https:\/\/www.purecook.com\/pt\/wp-json\/wp\/v2\/types\/product"}],"replies":[{"embeddable":true,"href":"https:\/\/www.purecook.com\/pt\/wp-json\/wp\/v2\/comments?post=3505"}],"wp:featuredmedia":[{"embeddable":true,"href":"https:\/\/www.purecook.com\/pt\/wp-json\/wp\/v2\/media\/3506"}],"wp:attachment":[{"href":"https:\/\/www.purecook.com\/pt\/wp-json\/wp\/v2\/media?parent=3505"}],"wp:term":[{"taxonomy":"product_brand","embeddable":true,"href":"https:\/\/www.purecook.com\/pt\/wp-json\/wp\/v2\/product_brand?post=3505"},{"taxonomy":"product_cat","embeddable":true,"href":"https:\/\/www.purecook.com\/pt\/wp-json\/wp\/v2\/product_cat?post=3505"},{"taxonomy":"product_tag","embeddable":true,"href":"https:\/\/www.purecook.com\/pt\/wp-json\/wp\/v2\/product_tag?post=3505"}],"curies":[{"name":"wp","href":"https:\/\/api.w.org\/{rel}","templated":true}]}}