{"id":3511,"date":"2025-01-09T17:21:19","date_gmt":"2025-01-09T09:17:51","guid":{"rendered":"https:\/\/www.purecook.com\/?post_type=product&#038;p=3511"},"modified":"2025-04-27T17:05:13","modified_gmt":"2025-04-27T09:05:13","slug":"wholesale-custom-frying-pans","status":"publish","type":"product","link":"https:\/\/www.purecook.com\/pt\/product\/wholesale-custom-frying-pans\/","title":{"rendered":"Frigideiras personalizadas, Frigideiras de a\u00e7o inoxid\u00e1vel 304 Tri-Ply por atacado: V\u00e1rios estilos dispon\u00edveis para personaliza\u00e7\u00e3o OEM e ODM"},"content":{"rendered":"<div class=\"wp-block-columns is-layout-flex wp-container-core-columns-is-layout-9d6595d7 wp-block-columns-is-layout-flex\">\n<div class=\"wp-block-column is-layout-flow wp-block-column-is-layout-flow\">\n<h3 class=\"wp-block-heading\"><strong>Par\u00e2metros da frigideira personalizada<\/strong><\/h3>\n\n\n\n<p><strong>N\u00famero do modelo:<\/strong> MC-016<br><strong>Material:<\/strong> A\u00e7o inoxid\u00e1vel 304 Tri-Ply<br><strong>Espessura normal:<\/strong> 2,0 mm<br><strong>Tamanho:<\/strong> 20\/22\/24\/26 cm<br><strong>Peso: <\/strong>0,9-1,8 kg<br><strong>Log\u00f3tipo:<\/strong> Grava\u00e7\u00e3o a laser\/carimbo em relevo<br><strong>MOQ: <\/strong>500 unidades<\/p>\n<\/div>\n\n\n\n<div class=\"wp-block-column is-layout-flow wp-block-column-is-layout-flow\">\n<h3 class=\"wp-block-heading\"><strong>Op\u00e7\u00f5es de frigideiras personalizadas<\/strong><\/h3>\n\n\n\n<p><strong>Log\u00f3tipo:<\/strong> personalizar o log\u00f3tipo da sua marca<br><strong>Material:<\/strong> SUS304\/SUS316\/A\u00e7o inoxid\u00e1vel de camada tripla<br><strong>Tampa:<\/strong> Estilo\/Material<br><strong>Pega:<\/strong> Estilo\/Material<br><strong>Tratamento da superf\u00edcie de contacto<\/strong>: Revestimento n\u00e3o revestido\/n\u00e3o aderente<br><strong>Embalagem:<\/strong> caixa\/cart\u00e3o de cor, etc<br><a href=\"https:\/\/www.purecook.com\/pt\/custom-solution\/\" target=\"_blank\" rel=\"noopener\"><u>Solu\u00e7\u00f5es de frigideiras personalizadas OEM e ODM<\/u><\/a><\/p>\n<\/div>\n<\/div>\n\n\n\n<div class=\"wp-block-columns is-layout-flex wp-container-core-columns-is-layout-9d6595d7 wp-block-columns-is-layout-flex\">\n<div class=\"wp-block-column is-layout-flow wp-block-column-is-layout-flow\">\n<figure class=\"wp-block-image size-full\"><img decoding=\"async\" width=\"800\" height=\"800\" src=\"https:\/\/www.purecook.com\/wp-content\/uploads\/2025\/01\/304-Tri-Ply-Stainless-Steel-Single-Handle-Frying-Pan-2.webp\" alt=\"Frigideira de cabo \u00fanico em a\u00e7o inoxid\u00e1vel 304 Tri-Ply\" class=\"wp-image-3513\" srcset=\"https:\/\/www.purecook.com\/wp-content\/uploads\/2025\/01\/304-Tri-Ply-Stainless-Steel-Single-Handle-Frying-Pan-2.webp 800w, https:\/\/www.purecook.com\/wp-content\/uploads\/2025\/01\/304-Tri-Ply-Stainless-Steel-Single-Handle-Frying-Pan-2-300x300.webp 300w, https:\/\/www.purecook.com\/wp-content\/uploads\/2025\/01\/304-Tri-Ply-Stainless-Steel-Single-Handle-Frying-Pan-2-150x150.webp 150w, https:\/\/www.purecook.com\/wp-content\/uploads\/2025\/01\/304-Tri-Ply-Stainless-Steel-Single-Handle-Frying-Pan-2-768x768.webp 768w, https:\/\/www.purecook.com\/wp-content\/uploads\/2025\/01\/304-Tri-Ply-Stainless-Steel-Single-Handle-Frying-Pan-2-12x12.webp 12w, https:\/\/www.purecook.com\/wp-content\/uploads\/2025\/01\/304-Tri-Ply-Stainless-Steel-Single-Handle-Frying-Pan-2-600x600.webp 600w, https:\/\/www.purecook.com\/wp-content\/uploads\/2025\/01\/304-Tri-Ply-Stainless-Steel-Single-Handle-Frying-Pan-2-100x100.webp 100w\" sizes=\"(max-width: 800px) 100vw, 800px\" \/><figcaption class=\"wp-element-caption\">Frigideira de cabo \u00fanico em a\u00e7o inoxid\u00e1vel 304 Tri-Ply<\/figcaption><\/figure>\n<\/div>\n\n\n\n<div class=\"wp-block-column is-layout-flow wp-block-column-is-layout-flow\">\n<figure class=\"wp-block-image size-full\"><img decoding=\"async\" width=\"800\" height=\"800\" src=\"https:\/\/www.purecook.com\/wp-content\/uploads\/2025\/01\/304-Tri-Ply-Stainless-Steel-Single-Handle-Frying-Pan-4.webp\" alt=\"Frigideira de cabo \u00fanico em a\u00e7o inoxid\u00e1vel 304 Tri-Ply\" class=\"wp-image-3515\" srcset=\"https:\/\/www.purecook.com\/wp-content\/uploads\/2025\/01\/304-Tri-Ply-Stainless-Steel-Single-Handle-Frying-Pan-4.webp 800w, https:\/\/www.purecook.com\/wp-content\/uploads\/2025\/01\/304-Tri-Ply-Stainless-Steel-Single-Handle-Frying-Pan-4-300x300.webp 300w, https:\/\/www.purecook.com\/wp-content\/uploads\/2025\/01\/304-Tri-Ply-Stainless-Steel-Single-Handle-Frying-Pan-4-150x150.webp 150w, https:\/\/www.purecook.com\/wp-content\/uploads\/2025\/01\/304-Tri-Ply-Stainless-Steel-Single-Handle-Frying-Pan-4-768x768.webp 768w, https:\/\/www.purecook.com\/wp-content\/uploads\/2025\/01\/304-Tri-Ply-Stainless-Steel-Single-Handle-Frying-Pan-4-12x12.webp 12w, https:\/\/www.purecook.com\/wp-content\/uploads\/2025\/01\/304-Tri-Ply-Stainless-Steel-Single-Handle-Frying-Pan-4-600x600.webp 600w, https:\/\/www.purecook.com\/wp-content\/uploads\/2025\/01\/304-Tri-Ply-Stainless-Steel-Single-Handle-Frying-Pan-4-100x100.webp 100w\" sizes=\"(max-width: 800px) 100vw, 800px\" \/><figcaption class=\"wp-element-caption\">Frigideira de cabo \u00fanico em a\u00e7o inoxid\u00e1vel 304 Tri-Ply<\/figcaption><\/figure>\n<\/div>\n<\/div>","protected":false},"excerpt":{"rendered":"<p>Frigideira de a\u00e7o inoxid\u00e1vel personaliz\u00e1vel por atacado, design cl\u00e1ssico, sem revestimento, sem PFOA. Feita de a\u00e7o inoxid\u00e1vel triplo, tem melhor condutividade t\u00e9rmica e durabilidade, e a pega \u00e9 oca para facilitar a opera\u00e7\u00e3o. A Purecook fornece servi\u00e7os profissionais de frigideiras personalizadas, bem-vindo a contactar-nos.<\/p>\n<h2><strong><b>Carater\u00edsticas e vantagens da frigideira<\/b><\/strong><\/h2>\n<p><strong>Materiais de alta qualidade:<\/strong> Fabricada em a\u00e7o inoxid\u00e1vel 304 de tr\u00eas camadas espessadas, n\u00e3o tem revestimento e n\u00e3o cont\u00e9m PFOA para garantir a seguran\u00e7a do contacto com os alimentos. A pega \u00e9 soldada para garantir a durabilidade geral da frigideira.<\/p>\n<p><strong>Condutividade t\u00e9rmica uniforme:<\/strong> O fundo desta frigideira adopta um design composto de v\u00e1rias camadas, que pode transferir calor de forma r\u00e1pida e uniforme e evitar o sobreaquecimento local ou a ader\u00eancia dos ingredientes, adequado para v\u00e1rios m\u00e9todos de cozedura.<\/p>\n<p><strong>Especifica\u00e7\u00f5es m\u00faltiplas:<\/strong> Fornecemos uma variedade de tamanhos de 20cm a 30cm, e podemos satisfazer as necessidades de personaliza\u00e7\u00e3o de v\u00e1rias especifica\u00e7\u00f5es.<\/p>\n<p><strong>Adequado para v\u00e1rios fog\u00f5es:<\/strong> O material do corpo principal da frigideira \u00e9 resistente a temperaturas elevadas e \u00e9 adequado para uma variedade de fontes de calor, incluindo fog\u00f5es a g\u00e1s, fog\u00f5es de indu\u00e7\u00e3o, fog\u00f5es de cer\u00e2mica, etc., adequados para utiliza\u00e7\u00e3o familiar di\u00e1ria.<\/p>\n<p><strong>Servi\u00e7o OEM e ODM:<\/strong> Fornecemos solu\u00e7\u00f5es personalizadas para frigideiras, e o estilo do corpo da frigideira, o material do corpo, o material da pega, o log\u00f3tipo externo e o estilo da embalagem podem ser personalizados.<\/p>\n<p><a href=\"https:\/\/www.purecook.com\/pt\/custom-solution\/\"><u>Purecook Oferece solu\u00e7\u00f5es de frigideiras personalizadas OEM e ODM.<\/u><\/a><\/p>","protected":false},"featured_media":3516,"comment_status":"closed","ping_status":"closed","template":"","meta":{"_acf_changed":false},"product_brand":[],"product_cat":[71,24],"product_tag":[98],"class_list":{"0":"post-3511","1":"product","2":"type-product","3":"status-publish","4":"has-post-thumbnail","6":"product_cat-frying-pan","7":"product_cat-cookware","8":"product_tag-wholesale-home-cookware","10":"first","11":"instock","12":"shipping-taxable","13":"product-type-simple"},"acf":[],"_links":{"self":[{"href":"https:\/\/www.purecook.com\/pt\/wp-json\/wp\/v2\/product\/3511","targetHints":{"allow":["GET"]}}],"collection":[{"href":"https:\/\/www.purecook.com\/pt\/wp-json\/wp\/v2\/product"}],"about":[{"href":"https:\/\/www.purecook.com\/pt\/wp-json\/wp\/v2\/types\/product"}],"replies":[{"embeddable":true,"href":"https:\/\/www.purecook.com\/pt\/wp-json\/wp\/v2\/comments?post=3511"}],"wp:featuredmedia":[{"embeddable":true,"href":"https:\/\/www.purecook.com\/pt\/wp-json\/wp\/v2\/media\/3516"}],"wp:attachment":[{"href":"https:\/\/www.purecook.com\/pt\/wp-json\/wp\/v2\/media?parent=3511"}],"wp:term":[{"taxonomy":"product_brand","embeddable":true,"href":"https:\/\/www.purecook.com\/pt\/wp-json\/wp\/v2\/product_brand?post=3511"},{"taxonomy":"product_cat","embeddable":true,"href":"https:\/\/www.purecook.com\/pt\/wp-json\/wp\/v2\/product_cat?post=3511"},{"taxonomy":"product_tag","embeddable":true,"href":"https:\/\/www.purecook.com\/pt\/wp-json\/wp\/v2\/product_tag?post=3511"}],"curies":[{"name":"wp","href":"https:\/\/api.w.org\/{rel}","templated":true}]}}