{"id":3543,"date":"2025-07-05T16:18:14","date_gmt":"2025-07-05T08:18:14","guid":{"rendered":"https:\/\/www.purecook.com\/?post_type=product&#038;p=3543"},"modified":"2025-07-26T14:33:17","modified_gmt":"2025-07-26T06:33:17","slug":"wholesale-304-stainless-steel-oil-filter-kettle-set","status":"publish","type":"product","link":"https:\/\/www.purecook.com\/pt\/product\/wholesale-304-stainless-steel-oil-filter-kettle-set\/","title":{"rendered":"Conjunto de chaleira de filtro de \u00f3leo de a\u00e7o inoxid\u00e1vel 304 por atacado com fundo espessado composto, suporte OEM e ODM"},"content":{"rendered":"<div class=\"wp-block-columns is-layout-flex wp-container-core-columns-is-layout-9d6595d7 wp-block-columns-is-layout-flex\">\n<div class=\"wp-block-column is-layout-flow wp-block-column-is-layout-flow\">\n<h3 class=\"wp-block-heading\"><strong>Par\u00e2metros de <\/strong><strong>Conjunto de chaleira para filtro de \u00f3leo<\/strong><strong><\/strong><\/h3>\n\n\n\n<p><strong>N\u00famero do modelo: <\/strong>HH-028<br><strong>Material: <\/strong>A\u00e7o inoxid\u00e1vel 304<br><strong>Espessura normal:<\/strong> 0,5 mm<br><strong>Capacidade: <\/strong>1.0L\/1.5L\/2.0L<br><strong>Log\u00f3tipo:<\/strong> Grava\u00e7\u00e3o a laser\/carimbo em relevo<br><strong>MOQ: <\/strong>500 conjuntos<\/p>\n<\/div>\n\n\n\n<div class=\"wp-block-column is-layout-flow wp-block-column-is-layout-flow\">\n<h3 class=\"wp-block-heading\"><strong>Personalizado <\/strong><strong>Conjunto de chaleira para filtro de \u00f3leo<\/strong><strong>&nbsp;Op\u00e7\u00f5es<\/strong><strong><\/strong><\/h3>\n\n\n\n<p><strong>Log\u00f3tipo: <\/strong>personalizar o log\u00f3tipo da sua marca<br><strong>Material:<\/strong> SUS304<br><strong>Tampa: <\/strong>Estilo\/Material<br><strong>Pega: <\/strong>Estilo\/Material<br><strong>Tratamento da superf\u00edcie de contacto:<\/strong> Revestimento n\u00e3o revestido\/n\u00e3o aderente<br><strong>Embalagem:<\/strong> caixa\/cart\u00e3o de cor, etc<br><a href=\"https:\/\/www.purecook.com\/pt\/custom-solution\/\" target=\"_blank\" rel=\"noopener\"><u>Solu\u00e7\u00f5es de conjunto de chaleiras de filtro de \u00f3leo personalizadas OEM e ODM<\/u><\/a><\/p>\n<\/div>\n<\/div>\n\n\n\n<div class=\"wp-block-columns is-layout-flex wp-container-core-columns-is-layout-9d6595d7 wp-block-columns-is-layout-flex\">\n<div class=\"wp-block-column is-layout-flow wp-block-column-is-layout-flow\">\n<figure class=\"wp-block-image size-full\"><img decoding=\"async\" width=\"600\" height=\"600\" src=\"https:\/\/www.purecook.com\/wp-content\/uploads\/2025\/01\/wholesale-304-stainless-steel-oil-filter-pot-3.webp\" alt=\"pote de filtro de \u00f3leo de a\u00e7o inoxid\u00e1vel 304 por atacado (3)\" class=\"wp-image-3559\" srcset=\"https:\/\/www.purecook.com\/wp-content\/uploads\/2025\/01\/wholesale-304-stainless-steel-oil-filter-pot-3.webp 600w, https:\/\/www.purecook.com\/wp-content\/uploads\/2025\/01\/wholesale-304-stainless-steel-oil-filter-pot-3-300x300.webp 300w, https:\/\/www.purecook.com\/wp-content\/uploads\/2025\/01\/wholesale-304-stainless-steel-oil-filter-pot-3-150x150.webp 150w, https:\/\/www.purecook.com\/wp-content\/uploads\/2025\/01\/wholesale-304-stainless-steel-oil-filter-pot-3-12x12.webp 12w, https:\/\/www.purecook.com\/wp-content\/uploads\/2025\/01\/wholesale-304-stainless-steel-oil-filter-pot-3-100x100.webp 100w\" sizes=\"(max-width: 600px) 100vw, 600px\" \/><\/figure>\n<\/div>\n\n\n\n<div class=\"wp-block-column is-layout-flow wp-block-column-is-layout-flow\">\n<figure class=\"wp-block-image size-full\"><img decoding=\"async\" width=\"600\" height=\"600\" src=\"https:\/\/www.purecook.com\/wp-content\/uploads\/2025\/01\/wholesale-304-stainless-steel-oil-filter-pot-4.webp\" alt=\"pote de filtro de \u00f3leo de a\u00e7o inoxid\u00e1vel 304 por atacado (4)\" class=\"wp-image-3560\" srcset=\"https:\/\/www.purecook.com\/wp-content\/uploads\/2025\/01\/wholesale-304-stainless-steel-oil-filter-pot-4.webp 600w, https:\/\/www.purecook.com\/wp-content\/uploads\/2025\/01\/wholesale-304-stainless-steel-oil-filter-pot-4-300x300.webp 300w, https:\/\/www.purecook.com\/wp-content\/uploads\/2025\/01\/wholesale-304-stainless-steel-oil-filter-pot-4-150x150.webp 150w, https:\/\/www.purecook.com\/wp-content\/uploads\/2025\/01\/wholesale-304-stainless-steel-oil-filter-pot-4-12x12.webp 12w, https:\/\/www.purecook.com\/wp-content\/uploads\/2025\/01\/wholesale-304-stainless-steel-oil-filter-pot-4-100x100.webp 100w\" sizes=\"(max-width: 600px) 100vw, 600px\" \/><\/figure>\n<\/div>\n<\/div>","protected":false},"excerpt":{"rendered":"<p>Pote de filtro de \u00f3leo de a\u00e7o inoxid\u00e1vel 304 por atacado, que pode ser usado para filtrar a gordura e facilitar a utiliza\u00e7\u00e3o m\u00faltipla do \u00f3leo. Este pote de filtro de \u00f3leo pode ser utilizado como panela de cozinha. O fundo foi concebido com um fundo triplo de a\u00e7o inoxid\u00e1vel, que \u00e9 compat\u00edvel com uma variedade de fog\u00f5es. N\u00f3s fornecemos produtos de a\u00e7o inoxid\u00e1vel por atacado a pre\u00e7os de f\u00e1brica e apoiamos OEM e ODM. Bem-vindo a contactar-nos para um or\u00e7amento.<\/p>\n<h2><strong><b>Carater\u00edsticas e vantagens de <\/b><\/strong><strong><b>Conjunto de chaleira para filtro de \u00f3leo<\/b><\/strong><\/h2>\n<p><strong>Filtragem eficaz do \u00f3leo:<\/strong> Este pote de filtro de \u00f3leo tem um filtro de malha no interior que pode filtrar eficazmente o \u00f3leo de cozinha usado, remover part\u00edculas de alimentos e impurezas, garantir que o \u00f3leo est\u00e1 limpo e pode ser reutilizado.<\/p>\n<p><strong>Utiliza\u00e7\u00e3o multifuncional:<\/strong> Este pote de filtro de \u00f3leo em a\u00e7o inoxid\u00e1vel 304 n\u00e3o s\u00f3 \u00e9 adequado para filtrar gorduras, mas tamb\u00e9m para aquecer ou cozinhar l\u00edquidos, proporcionando mais fun\u00e7\u00f5es na cozinha.<\/p>\n<p><strong>Adequado para v\u00e1rios fog\u00f5es:<\/strong> O fundo do pote do filtro de \u00f3leo adopta um design composto de tr\u00eas camadas de a\u00e7o inoxid\u00e1vel, que se pode adaptar a diferentes m\u00e9todos de aquecimento, tais como chamas abertas, fog\u00f5es de indu\u00e7\u00e3o, fog\u00f5es el\u00e9ctricos de cer\u00e2mica, etc.<\/p>\n<p><strong>M\u00faltiplas op\u00e7\u00f5es de capacidade:<\/strong> Oferecemos 3 tamanhos de pote de filtro de \u00f3leo, incluindo 1.0L \/ 1.5L \/ 2.0L, que podem facilmente adaptar-se a v\u00e1rias necessidades de cozedura de alimentos.<\/p>\n<p><strong>Servi\u00e7o personalizado OEM e ODM:<\/strong> A Purecook fornece-lhe um servi\u00e7o \u00fanico de utens\u00edlios de cozinha personalizados, incluindo tamanho personalizado, material, forma e muito mais.<\/p>\n<p><a href=\"https:\/\/www.purecook.com\/pt\/custom-solution\/\"><u>Saiba mais sobre personaliza\u00e7\u00e3o<\/u><u>\u00a0<\/u><u>Conjunto de chaleira para filtro de \u00f3leo<\/u><u>\u00a0solu\u00e7\u00e3o<\/u><u>\u00e7\u00e3o.<\/u><\/a><\/p>","protected":false},"featured_media":3557,"comment_status":"closed","ping_status":"closed","template":"","meta":{"_acf_changed":false},"product_brand":[],"product_cat":[52],"product_tag":[98],"class_list":{"0":"post-3543","1":"product","2":"type-product","3":"status-publish","4":"has-post-thumbnail","6":"product_cat-kitchen-utensils","7":"product_tag-wholesale-home-cookware","9":"first","10":"instock","11":"shipping-taxable","12":"product-type-simple"},"acf":[],"_links":{"self":[{"href":"https:\/\/www.purecook.com\/pt\/wp-json\/wp\/v2\/product\/3543","targetHints":{"allow":["GET"]}}],"collection":[{"href":"https:\/\/www.purecook.com\/pt\/wp-json\/wp\/v2\/product"}],"about":[{"href":"https:\/\/www.purecook.com\/pt\/wp-json\/wp\/v2\/types\/product"}],"replies":[{"embeddable":true,"href":"https:\/\/www.purecook.com\/pt\/wp-json\/wp\/v2\/comments?post=3543"}],"wp:featuredmedia":[{"embeddable":true,"href":"https:\/\/www.purecook.com\/pt\/wp-json\/wp\/v2\/media\/3557"}],"wp:attachment":[{"href":"https:\/\/www.purecook.com\/pt\/wp-json\/wp\/v2\/media?parent=3543"}],"wp:term":[{"taxonomy":"product_brand","embeddable":true,"href":"https:\/\/www.purecook.com\/pt\/wp-json\/wp\/v2\/product_brand?post=3543"},{"taxonomy":"product_cat","embeddable":true,"href":"https:\/\/www.purecook.com\/pt\/wp-json\/wp\/v2\/product_cat?post=3543"},{"taxonomy":"product_tag","embeddable":true,"href":"https:\/\/www.purecook.com\/pt\/wp-json\/wp\/v2\/product_tag?post=3543"}],"curies":[{"name":"wp","href":"https:\/\/api.w.org\/{rel}","templated":true}]}}