{"id":3731,"date":"2025-03-07T16:08:54","date_gmt":"2025-03-07T07:18:13","guid":{"rendered":"https:\/\/www.purecook.com\/?post_type=product&#038;p=3731"},"modified":"2025-03-07T17:04:34","modified_gmt":"2025-03-07T09:04:34","slug":"wholesale-304-stainless-steel-chocolate-melting-pot","status":"publish","type":"product","link":"https:\/\/www.purecook.com\/pt\/product\/wholesale-304-stainless-steel-chocolate-melting-pot\/","title":{"rendered":"Pote de derretimento de chocolate de a\u00e7o inoxid\u00e1vel 304 por atacado | Aquecedor de molho de camada dupla certificado pela NSF com controle de temperatura, revestimento antiaderente para padarias e cadeias de caf\u00e9"},"content":{"rendered":"<div class=\"wp-block-columns is-layout-flex wp-container-core-columns-is-layout-9d6595d7 wp-block-columns-is-layout-flex\">\n<div class=\"wp-block-column is-layout-flow wp-block-column-is-layout-flow\">\n<h3 class=\"wp-block-heading\"><strong>Par\u00e2metros de <\/strong><strong>Pote de fus\u00e3o de chocolate<\/strong><strong><\/strong><\/h3>\n\n\n\n<p><strong>Material: <\/strong>A\u00e7o inoxid\u00e1vel 304\/201<br><strong>Espessura normal:<\/strong> 0,5 mm<br><strong>Capacidade: <\/strong>multi-especifica\u00e7\u00e3o<br><strong>Peso: <\/strong>0,6 kg<br><strong>Log\u00f3tipo: <\/strong>Grava\u00e7\u00e3o a laser\/carimbo em relevo<br><strong>MOQ: <\/strong>500 unidades<\/p>\n<\/div>\n\n\n\n<div class=\"wp-block-column is-layout-flow wp-block-column-is-layout-flow\">\n<h3 class=\"wp-block-heading\"><strong>Personalizado<\/strong><strong>&nbsp;Pote de fus\u00e3o de chocolate<\/strong><strong>&nbsp;Op\u00e7\u00f5es<\/strong><strong><\/strong><\/h3>\n\n\n\n<p><strong>Log\u00f3tipo:<\/strong> personalizar o log\u00f3tipo da sua marca<br><strong>Material: <\/strong>A\u00e7o inoxid\u00e1vel SUS304\/SUS201<br><strong>Espessura do material:<\/strong> 0,45\/0,55 mm<br><strong>Material do cabo:<\/strong> Estilo\/Material<br><strong>Tratamento da superf\u00edcie de contacto: <\/strong>Revestimento n\u00e3o revestido\/n\u00e3o aderente<br><strong>Embalagem:<\/strong> caixa\/cart\u00e3o de cor, etc<br><a href=\"https:\/\/www.purecook.com\/pt\/custom-solution\/\" target=\"_blank\" rel=\"noopener\"><u>Solu\u00e7\u00f5es OEM e ODM para tachos de fus\u00e3o de chocolate personalizados<\/u><\/a><\/p>\n<\/div>\n<\/div>\n\n\n\n<div class=\"wp-block-columns is-layout-flex wp-container-core-columns-is-layout-9d6595d7 wp-block-columns-is-layout-flex\">\n<div class=\"wp-block-column is-layout-flow wp-block-column-is-layout-flow\">\n<figure class=\"wp-block-image size-full\"><img decoding=\"async\" width=\"1600\" height=\"1600\" src=\"https:\/\/www.purecook.com\/wp-content\/uploads\/2025\/03\/Chocolate-Melting-Pot-6.webp\" alt=\"Pote de fus\u00e3o de chocolate\" class=\"wp-image-3737\" srcset=\"https:\/\/www.purecook.com\/wp-content\/uploads\/2025\/03\/Chocolate-Melting-Pot-6.webp 1600w, https:\/\/www.purecook.com\/wp-content\/uploads\/2025\/03\/Chocolate-Melting-Pot-6-300x300.webp 300w, https:\/\/www.purecook.com\/wp-content\/uploads\/2025\/03\/Chocolate-Melting-Pot-6-150x150.webp 150w, https:\/\/www.purecook.com\/wp-content\/uploads\/2025\/03\/Chocolate-Melting-Pot-6-768x768.webp 768w, https:\/\/www.purecook.com\/wp-content\/uploads\/2025\/03\/Chocolate-Melting-Pot-6-12x12.webp 12w, https:\/\/www.purecook.com\/wp-content\/uploads\/2025\/03\/Chocolate-Melting-Pot-6-600x600.webp 600w, https:\/\/www.purecook.com\/wp-content\/uploads\/2025\/03\/Chocolate-Melting-Pot-6-100x100.webp 100w\" sizes=\"(max-width: 1600px) 100vw, 1600px\" \/><figcaption class=\"wp-element-caption\">Pote de fus\u00e3o de chocolate<\/figcaption><\/figure>\n<\/div>\n\n\n\n<div class=\"wp-block-column is-layout-flow wp-block-column-is-layout-flow\">\n<figure class=\"wp-block-image size-full\"><img decoding=\"async\" width=\"2400\" height=\"2400\" src=\"https:\/\/www.purecook.com\/wp-content\/uploads\/2025\/03\/Chocolate-Melting-Pot-5.webp\" alt=\"Pote de fus\u00e3o de chocolate\" class=\"wp-image-3736\" srcset=\"https:\/\/www.purecook.com\/wp-content\/uploads\/2025\/03\/Chocolate-Melting-Pot-5.webp 2400w, https:\/\/www.purecook.com\/wp-content\/uploads\/2025\/03\/Chocolate-Melting-Pot-5-300x300.webp 300w, https:\/\/www.purecook.com\/wp-content\/uploads\/2025\/03\/Chocolate-Melting-Pot-5-150x150.webp 150w, https:\/\/www.purecook.com\/wp-content\/uploads\/2025\/03\/Chocolate-Melting-Pot-5-768x768.webp 768w, https:\/\/www.purecook.com\/wp-content\/uploads\/2025\/03\/Chocolate-Melting-Pot-5-12x12.webp 12w, https:\/\/www.purecook.com\/wp-content\/uploads\/2025\/03\/Chocolate-Melting-Pot-5-600x600.webp 600w, https:\/\/www.purecook.com\/wp-content\/uploads\/2025\/03\/Chocolate-Melting-Pot-5-100x100.webp 100w\" sizes=\"(max-width: 2400px) 100vw, 2400px\" \/><figcaption class=\"wp-element-caption\">Pote de fus\u00e3o de chocolate<\/figcaption><\/figure>\n<\/div>\n<\/div>","protected":false},"excerpt":{"rendered":"<p>A Purecook oferece um cadinho de chocolate comercial certificado pela NSF, feito de a\u00e7o inoxid\u00e1vel 304, concebido para empresas de panifica\u00e7\u00e3o. Est\u00e1 em conformidade com a FDA e \u00e9 adequado para f\u00e1bricas de chocolate, cadeias de padarias e processadores de alimentos. Contacte-nos para obter um or\u00e7amento.<\/p>\n<h2><strong><b>Carater\u00edsticas e vantagens de <\/b><\/strong><strong><b>Pote de fus\u00e3o de chocolate<\/b><\/strong><\/h2>\n<p><strong>Material seguro para alimentos:<\/strong> O cadinho de chocolate \u00e9 fabricado em a\u00e7o inoxid\u00e1vel 304 com 0,5 mm de espessura, certificado pela nsf e em conformidade com as normas de seguran\u00e7a alimentar da fda 21 cfr 175.300.<\/p>\n<p><strong>Controlo preciso:<\/strong> O pote de fus\u00e3o de chocolate tem um bico de verter ergon\u00f3mico que proporciona uma precis\u00e3o milim\u00e9trica, perfeita para uma cobertura de chocolate delicada.<\/p>\n<p><strong>Recipiente vers\u00e1til:<\/strong> O cadinho de chocolate pode ser utilizado para mais do que apenas derreter chocolate. \u00c9 tamb\u00e9m ideal para aquecer fondue de queijo, caramelo ou para preparar molhos, um elemento indispens\u00e1vel para linhas de produ\u00e7\u00e3o de pastelaria, esta\u00e7\u00f5es de sobremesas em banquetes de hotel e processos de revestimento de doces.<\/p>\n<p><strong>Servi\u00e7o de baixo custo:<\/strong> Oferecemos uma quantidade m\u00ednima de encomenda flex\u00edvel de apenas 300 unidades, permitindo-lhe personalizar a sua encomenda com grava\u00e7\u00f5es personalizadas (como o seu log\u00f3tipo).<\/p>\n<p><a href=\"https:\/\/www.purecook.com\/pt\/custom-solution\/\"><u>A Purecook oferece servi\u00e7os de OEM e ODM para clientes<\/u><u>mizado <\/u><u>Pote de fus\u00e3o de chocolate<\/u><u>\u00a0solu\u00e7\u00e3o<\/u><u>sobre.<\/u><\/a><\/p>","protected":false},"featured_media":3732,"comment_status":"closed","ping_status":"closed","template":"","meta":{"_acf_changed":false},"product_brand":[],"product_cat":[24,52,76],"product_tag":[],"class_list":{"0":"post-3731","1":"product","2":"type-product","3":"status-publish","4":"has-post-thumbnail","6":"product_cat-cookware","7":"product_cat-kitchen-utensils","8":"product_cat-sauce-pan","10":"first","11":"instock","12":"shipping-taxable","13":"product-type-simple"},"acf":[],"_links":{"self":[{"href":"https:\/\/www.purecook.com\/pt\/wp-json\/wp\/v2\/product\/3731","targetHints":{"allow":["GET"]}}],"collection":[{"href":"https:\/\/www.purecook.com\/pt\/wp-json\/wp\/v2\/product"}],"about":[{"href":"https:\/\/www.purecook.com\/pt\/wp-json\/wp\/v2\/types\/product"}],"replies":[{"embeddable":true,"href":"https:\/\/www.purecook.com\/pt\/wp-json\/wp\/v2\/comments?post=3731"}],"wp:featuredmedia":[{"embeddable":true,"href":"https:\/\/www.purecook.com\/pt\/wp-json\/wp\/v2\/media\/3732"}],"wp:attachment":[{"href":"https:\/\/www.purecook.com\/pt\/wp-json\/wp\/v2\/media?parent=3731"}],"wp:term":[{"taxonomy":"product_brand","embeddable":true,"href":"https:\/\/www.purecook.com\/pt\/wp-json\/wp\/v2\/product_brand?post=3731"},{"taxonomy":"product_cat","embeddable":true,"href":"https:\/\/www.purecook.com\/pt\/wp-json\/wp\/v2\/product_cat?post=3731"},{"taxonomy":"product_tag","embeddable":true,"href":"https:\/\/www.purecook.com\/pt\/wp-json\/wp\/v2\/product_tag?post=3731"}],"curies":[{"name":"wp","href":"https:\/\/api.w.org\/{rel}","templated":true}]}}